{"id":11543,"date":"2025-08-13T08:55:40","date_gmt":"2025-08-13T07:55:40","guid":{"rendered":"https:\/\/www.sugarfactory.hr\/?post_type=product&#038;p=11543"},"modified":"2026-03-14T10:26:23","modified_gmt":"2026-03-14T09:26:23","slug":"akademski-copic-680-fan","status":"publish","type":"product","link":"https:\/\/www.sugarfactory.hr\/sl\/izdelek\/umetniski-program\/akademski-copic-680-fan\/","title":{"rendered":"Akademija \u010dopi\u010da 680 ventilator"},"content":{"rendered":"<p data-start=\"0\" data-end=\"148\"><strong data-start=\"0\" data-end=\"27\">Akademski \u010dopi\u010d 680 Fan<\/strong> je <strong data-start=\"31\" data-end=\"60\" data-is-only-node=\"\">sinteti\u010dni ventilatorski \u010dopi\u010d<\/strong> z lasmi, ki omogo\u010dajo <strong data-start=\"85\" data-end=\"145\">\u0160iroka razpr\u0161itev barve in ustvarjanje posebnih u\u010dinkov<\/strong>.<\/p>\n<p data-start=\"150\" data-end=\"326\" data-is-last-node=\"\" data-is-only-node=\"\">Idealno je za <strong data-start=\"164\" data-end=\"225\">me\u0161anje, sen\u010denje, suho \u010dopi\u010danje in dekorativne tehnike<\/strong>. Primeren je za <strong data-start=\"243\" data-end=\"325\">umetniki, ki \u017eelijo natan\u010den nadzor nad potezami \u010dopi\u010da in izrazitimi vizualnimi u\u010dinki<\/strong>.<\/p>","protected":false},"excerpt":{"rendered":"<p>Academy Brush 680 Fan je sinteti\u010dni pahlja\u010dasti \u010dopi\u010d z dlakami, ki omogo\u010da \u0161iroko razporeditev barve in ustvarjanje posebnih u\u010dinkov. Je idealen za me\u0161anje, sen\u010denje, suho \u010dopi\u010danje in dekorativne tehnike. Primeren je za umetnike, ki \u017eelijo natan\u010den nadzor nad svojimi potezami in izrazitimi vizualnimi u\u010dinki.<\/p>","protected":false},"featured_media":12687,"template":"","meta":{"_acf_changed":false},"product_brand":[113],"product_cat":[45,68],"product_tag":[],"class_list":{"0":"post-11543","1":"product","2":"type-product","3":"status-publish","4":"has-post-thumbnail","6":"product_brand-academy","7":"product_cat-umjetnicki-program","8":"product_cat-kistovi","10":"first","11":"instock","12":"shipping-taxable","13":"purchasable","14":"product-type-variable"},"acf":[],"yoast_head":"<!-- This site is optimized with the Yoast SEO plugin v26.3 - https:\/\/yoast.com\/wordpress\/plugins\/seo\/ -->\n<title>Academy kist 680 lepeza - Sugar Factory<\/title>\n<meta name=\"robots\" content=\"index, follow, max-snippet:-1, max-image-preview:large, max-video-preview:-1\" \/>\n<link rel=\"canonical\" href=\"https:\/\/www.sugarfactory.hr\/sl\/izdelek\/umetniski-program\/akademski-copic-680-fan\/\" \/>\n<meta property=\"og:locale\" content=\"sl_SI\" \/>\n<meta property=\"og:type\" content=\"article\" \/>\n<meta property=\"og:title\" content=\"Academy kist 680 lepeza - Sugar Factory\" \/>\n<meta property=\"og:description\" content=\"Academy kist 680 Lepeza je sinteti\u010dki lepezasti kist s dlakom koja omogu\u0107uje \u0161iroko raspr\u0161ivanje boje i stvaranje specijalnih efekata. Idealna je za blending, sjen\u010danje, suho nano\u0161enje i dekorativne tehnike. Pogodan je za umjetnike koji \u017eele preciznu kontrolu nad potezima i izra\u017eajne vizualne efekte.\" \/>\n<meta property=\"og:url\" content=\"https:\/\/www.sugarfactory.hr\/sl\/izdelek\/umetniski-program\/akademski-copic-680-fan\/\" \/>\n<meta property=\"og:site_name\" content=\"Sugar Factory\" \/>\n<meta property=\"article:modified_time\" content=\"2026-03-14T09:26:23+00:00\" \/>\n<meta property=\"og:image\" content=\"https:\/\/www.sugarfactory.hr\/wp-content\/uploads\/2025\/08\/2fa78b8469a44e7c8ce7f996a9d65ad3.webp\" \/>\n\t<meta property=\"og:image:width\" content=\"896\" \/>\n\t<meta property=\"og:image:height\" content=\"1120\" \/>\n\t<meta property=\"og:image:type\" content=\"image\/webp\" \/>\n<meta name=\"twitter:card\" content=\"summary_large_image\" \/>\n<script type=\"application\/ld+json\" class=\"yoast-schema-graph\">{\"@context\":\"https:\/\/schema.org\",\"@graph\":[{\"@type\":\"WebPage\",\"@id\":\"https:\/\/www.sugarfactory.hr\/proizvod\/umjetnicki-program\/academy-kist-680-lepeza\/\",\"url\":\"https:\/\/www.sugarfactory.hr\/proizvod\/umjetnicki-program\/academy-kist-680-lepeza\/\",\"name\":\"Academy kist 680 lepeza - Sugar Factory\",\"isPartOf\":{\"@id\":\"https:\/\/www.sugarfactory.hr\/#website\"},\"primaryImageOfPage\":{\"@id\":\"https:\/\/www.sugarfactory.hr\/proizvod\/umjetnicki-program\/academy-kist-680-lepeza\/#primaryimage\"},\"image\":{\"@id\":\"https:\/\/www.sugarfactory.hr\/proizvod\/umjetnicki-program\/academy-kist-680-lepeza\/#primaryimage\"},\"thumbnailUrl\":\"https:\/\/www.sugarfactory.hr\/wp-content\/uploads\/2025\/08\/2fa78b8469a44e7c8ce7f996a9d65ad3.webp\",\"datePublished\":\"2025-08-13T07:55:40+00:00\",\"dateModified\":\"2026-03-14T09:26:23+00:00\",\"breadcrumb\":{\"@id\":\"https:\/\/www.sugarfactory.hr\/proizvod\/umjetnicki-program\/academy-kist-680-lepeza\/#breadcrumb\"},\"inLanguage\":\"sl-SI\",\"potentialAction\":[{\"@type\":\"ReadAction\",\"target\":[\"https:\/\/www.sugarfactory.hr\/proizvod\/umjetnicki-program\/academy-kist-680-lepeza\/\"]}]},{\"@type\":\"ImageObject\",\"inLanguage\":\"sl-SI\",\"@id\":\"https:\/\/www.sugarfactory.hr\/proizvod\/umjetnicki-program\/academy-kist-680-lepeza\/#primaryimage\",\"url\":\"https:\/\/www.sugarfactory.hr\/wp-content\/uploads\/2025\/08\/2fa78b8469a44e7c8ce7f996a9d65ad3.webp\",\"contentUrl\":\"https:\/\/www.sugarfactory.hr\/wp-content\/uploads\/2025\/08\/2fa78b8469a44e7c8ce7f996a9d65ad3.webp\",\"width\":896,\"height\":1120},{\"@type\":\"BreadcrumbList\",\"@id\":\"https:\/\/www.sugarfactory.hr\/proizvod\/umjetnicki-program\/academy-kist-680-lepeza\/#breadcrumb\",\"itemListElement\":[{\"@type\":\"ListItem\",\"position\":1,\"name\":\"Po\u010detna stranica\",\"item\":\"https:\/\/www.sugarfactory.hr\/\"},{\"@type\":\"ListItem\",\"position\":2,\"name\":\"Proizvodi\",\"item\":\"https:\/\/www.sugarfactory.hr\/shop\/\"},{\"@type\":\"ListItem\",\"position\":3,\"name\":\"Academy kist 680 lepeza\"}]},{\"@type\":\"WebSite\",\"@id\":\"https:\/\/www.sugarfactory.hr\/#website\",\"url\":\"https:\/\/www.sugarfactory.hr\/\",\"name\":\"Sugar Factory\",\"description\":\"Create your sweetest pieces!\",\"potentialAction\":[{\"@type\":\"SearchAction\",\"target\":{\"@type\":\"EntryPoint\",\"urlTemplate\":\"https:\/\/www.sugarfactory.hr\/?s={search_term_string}\"},\"query-input\":{\"@type\":\"PropertyValueSpecification\",\"valueRequired\":true,\"valueName\":\"search_term_string\"}}],\"inLanguage\":\"sl-SI\"}]}<\/script>\n<!-- \/ Yoast SEO plugin. -->","yoast_head_json":{"title":"Akademski \u010dopi\u010d 680 - Tovarna sladkorja","robots":{"index":"index","follow":"follow","max-snippet":"max-snippet:-1","max-image-preview":"max-image-preview:large","max-video-preview":"max-video-preview:-1"},"canonical":"https:\/\/www.sugarfactory.hr\/sl\/izdelek\/umetniski-program\/akademski-copic-680-fan\/","og_locale":"sl_SI","og_type":"article","og_title":"Academy kist 680 lepeza - Sugar Factory","og_description":"Academy kist 680 Lepeza je sinteti\u010dki lepezasti kist s dlakom koja omogu\u0107uje \u0161iroko raspr\u0161ivanje boje i stvaranje specijalnih efekata. Idealna je za blending, sjen\u010danje, suho nano\u0161enje i dekorativne tehnike. Pogodan je za umjetnike koji \u017eele preciznu kontrolu nad potezima i izra\u017eajne vizualne efekte.","og_url":"https:\/\/www.sugarfactory.hr\/sl\/izdelek\/umetniski-program\/akademski-copic-680-fan\/","og_site_name":"Sugar Factory","article_modified_time":"2026-03-14T09:26:23+00:00","og_image":[{"width":896,"height":1120,"url":"https:\/\/www.sugarfactory.hr\/wp-content\/uploads\/2025\/08\/2fa78b8469a44e7c8ce7f996a9d65ad3.webp","type":"image\/webp"}],"twitter_card":"summary_large_image","schema":{"@context":"https:\/\/schema.org","@graph":[{"@type":"WebPage","@id":"https:\/\/www.sugarfactory.hr\/proizvod\/umjetnicki-program\/academy-kist-680-lepeza\/","url":"https:\/\/www.sugarfactory.hr\/proizvod\/umjetnicki-program\/academy-kist-680-lepeza\/","name":"Akademski \u010dopi\u010d 680 - Tovarna sladkorja","isPartOf":{"@id":"https:\/\/www.sugarfactory.hr\/#website"},"primaryImageOfPage":{"@id":"https:\/\/www.sugarfactory.hr\/proizvod\/umjetnicki-program\/academy-kist-680-lepeza\/#primaryimage"},"image":{"@id":"https:\/\/www.sugarfactory.hr\/proizvod\/umjetnicki-program\/academy-kist-680-lepeza\/#primaryimage"},"thumbnailUrl":"https:\/\/www.sugarfactory.hr\/wp-content\/uploads\/2025\/08\/2fa78b8469a44e7c8ce7f996a9d65ad3.webp","datePublished":"2025-08-13T07:55:40+00:00","dateModified":"2026-03-14T09:26:23+00:00","breadcrumb":{"@id":"https:\/\/www.sugarfactory.hr\/proizvod\/umjetnicki-program\/academy-kist-680-lepeza\/#breadcrumb"},"inLanguage":"sl-SI","potentialAction":[{"@type":"ReadAction","target":["https:\/\/www.sugarfactory.hr\/proizvod\/umjetnicki-program\/academy-kist-680-lepeza\/"]}]},{"@type":"ImageObject","inLanguage":"sl-SI","@id":"https:\/\/www.sugarfactory.hr\/proizvod\/umjetnicki-program\/academy-kist-680-lepeza\/#primaryimage","url":"https:\/\/www.sugarfactory.hr\/wp-content\/uploads\/2025\/08\/2fa78b8469a44e7c8ce7f996a9d65ad3.webp","contentUrl":"https:\/\/www.sugarfactory.hr\/wp-content\/uploads\/2025\/08\/2fa78b8469a44e7c8ce7f996a9d65ad3.webp","width":896,"height":1120},{"@type":"BreadcrumbList","@id":"https:\/\/www.sugarfactory.hr\/proizvod\/umjetnicki-program\/academy-kist-680-lepeza\/#breadcrumb","itemListElement":[{"@type":"ListItem","position":1,"name":"Po\u010detna stranica","item":"https:\/\/www.sugarfactory.hr\/"},{"@type":"ListItem","position":2,"name":"Proizvodi","item":"https:\/\/www.sugarfactory.hr\/shop\/"},{"@type":"ListItem","position":3,"name":"Academy kist 680 lepeza"}]},{"@type":"WebSite","@id":"https:\/\/www.sugarfactory.hr\/#website","url":"https:\/\/www.sugarfactory.hr\/","name":"Tovarna sladkorja","description":"Create your sweetest pieces!","potentialAction":[{"@type":"SearchAction","target":{"@type":"EntryPoint","urlTemplate":"https:\/\/www.sugarfactory.hr\/?s={search_term_string}"},"query-input":{"@type":"PropertyValueSpecification","valueRequired":true,"valueName":"search_term_string"}}],"inLanguage":"sl-SI"}]}},"_links":{"self":[{"href":"https:\/\/www.sugarfactory.hr\/sl\/wp-json\/wp\/v2\/product\/11543","targetHints":{"allow":["GET"]}}],"collection":[{"href":"https:\/\/www.sugarfactory.hr\/sl\/wp-json\/wp\/v2\/product"}],"about":[{"href":"https:\/\/www.sugarfactory.hr\/sl\/wp-json\/wp\/v2\/types\/product"}],"wp:featuredmedia":[{"embeddable":true,"href":"https:\/\/www.sugarfactory.hr\/sl\/wp-json\/wp\/v2\/media\/12687"}],"wp:attachment":[{"href":"https:\/\/www.sugarfactory.hr\/sl\/wp-json\/wp\/v2\/media?parent=11543"}],"wp:term":[{"taxonomy":"product_brand","embeddable":true,"href":"https:\/\/www.sugarfactory.hr\/sl\/wp-json\/wp\/v2\/product_brand?post=11543"},{"taxonomy":"product_cat","embeddable":true,"href":"https:\/\/www.sugarfactory.hr\/sl\/wp-json\/wp\/v2\/product_cat?post=11543"},{"taxonomy":"product_tag","embeddable":true,"href":"https:\/\/www.sugarfactory.hr\/sl\/wp-json\/wp\/v2\/product_tag?post=11543"}],"curies":[{"name":"wp","href":"https:\/\/api.w.org\/{rel}","templated":true}]}}