{"id":11582,"date":"2025-08-13T10:41:54","date_gmt":"2025-08-13T09:41:54","guid":{"rendered":"https:\/\/www.sugarfactory.hr\/?post_type=product&#038;p=11582"},"modified":"2026-03-25T09:18:17","modified_gmt":"2026-03-25T08:18:17","slug":"canson-imagine","status":"publish","type":"product","link":"https:\/\/www.sugarfactory.hr\/sl\/izdelek\/umetniski-program\/canson-imagine\/","title":{"rendered":"Canson Imagine"},"content":{"rendered":"<p data-start=\"87\" data-end=\"238\"><strong data-start=\"87\" data-end=\"111\">Canson\u00ae Imagine blok<\/strong> vsebuje <strong data-start=\"119\" data-end=\"146\">50 listova te\u017eine 200 g<\/strong> i prepoznatljiv je po <strong data-start=\"169\" data-end=\"194\">svilenkastoj teksturi<\/strong> koja pru\u017ea <strong data-start=\"206\" data-end=\"235\">izuzetan osje\u0107aj na dodir<\/strong>.<\/p>\n<p data-start=\"240\" data-end=\"427\">Papir je <strong data-start=\"249\" data-end=\"285\">pogodan za suhe i vla\u017ene tehnike<\/strong>, uklju\u010duju\u0107i <strong data-start=\"299\" data-end=\"349\">gva\u0161, akvarel, olovku, pastele, ugljen i tintu<\/strong>, in <strong data-start=\"353\" data-end=\"374\">\u010disto bijela boja<\/strong> omogu\u0107ava <strong data-start=\"385\" data-end=\"424\">izra\u017eajan kontrast i skladne tonove<\/strong>.<\/p>","protected":false},"excerpt":{"rendered":"<p>Canson\u00ae Imagine blok sadr\u017ei 50 listova te\u017eine 200 g i prepoznatljiv je po svilenkastoj teksturi koja pru\u017ea izuzetan osje\u0107aj na dodir. Papir je pogodan za suhe i vla\u017ene tehnike, uklju\u010duju\u0107i gva\u0161, akvarel, olovku, pastele, ugljen i tintu, a \u010disto bijela boja omogu\u0107ava izra\u017eajan kontrast i skladne tonove.<\/p>","protected":false},"featured_media":12971,"template":"","meta":{"_acf_changed":false},"product_brand":[117],"product_cat":[45,61],"product_tag":[],"class_list":{"0":"post-11582","1":"product","2":"type-product","3":"status-publish","4":"has-post-thumbnail","6":"product_brand-canson","7":"product_cat-umjetnicki-program","8":"product_cat-papiri-i-blokovi","10":"first","11":"instock","12":"shipping-taxable","13":"purchasable","14":"product-type-variable"},"acf":[],"yoast_head":"<!-- This site is optimized with the Yoast SEO plugin v26.3 - https:\/\/yoast.com\/wordpress\/plugins\/seo\/ -->\n<title>Canson Imagine - Sugar Factory<\/title>\n<meta name=\"robots\" content=\"index, follow, max-snippet:-1, max-image-preview:large, max-video-preview:-1\" \/>\n<link rel=\"canonical\" href=\"https:\/\/www.sugarfactory.hr\/sl\/izdelek\/umetniski-program\/canson-imagine\/\" \/>\n<meta property=\"og:locale\" content=\"sl_SI\" \/>\n<meta property=\"og:type\" content=\"article\" \/>\n<meta property=\"og:title\" content=\"Canson Imagine - Sugar Factory\" \/>\n<meta property=\"og:description\" content=\"Canson\u00ae Imagine blok sadr\u017ei 50 listova te\u017eine 200 g i prepoznatljiv je po svilenkastoj teksturi koja pru\u017ea izuzetan osje\u0107aj na dodir. Papir je pogodan za suhe i vla\u017ene tehnike, uklju\u010duju\u0107i gva\u0161, akvarel, olovku, pastele, ugljen i tintu, a \u010disto bijela boja omogu\u0107ava izra\u017eajan kontrast i skladne tonove.\" \/>\n<meta property=\"og:url\" content=\"https:\/\/www.sugarfactory.hr\/sl\/izdelek\/umetniski-program\/canson-imagine\/\" \/>\n<meta property=\"og:site_name\" content=\"Sugar Factory\" \/>\n<meta property=\"article:modified_time\" content=\"2026-03-25T08:18:17+00:00\" \/>\n<meta property=\"og:image\" content=\"https:\/\/www.sugarfactory.hr\/wp-content\/uploads\/2025\/08\/ce1d6f505c30414ca47357cbea9ad4ec.webp\" \/>\n\t<meta property=\"og:image:width\" content=\"896\" \/>\n\t<meta property=\"og:image:height\" content=\"1120\" \/>\n\t<meta property=\"og:image:type\" content=\"image\/webp\" \/>\n<meta name=\"twitter:card\" content=\"summary_large_image\" \/>\n<script type=\"application\/ld+json\" class=\"yoast-schema-graph\">{\"@context\":\"https:\/\/schema.org\",\"@graph\":[{\"@type\":\"WebPage\",\"@id\":\"https:\/\/www.sugarfactory.hr\/proizvod\/umjetnicki-program\/canson-imagine\/\",\"url\":\"https:\/\/www.sugarfactory.hr\/proizvod\/umjetnicki-program\/canson-imagine\/\",\"name\":\"Canson Imagine - Sugar Factory\",\"isPartOf\":{\"@id\":\"https:\/\/www.sugarfactory.hr\/#website\"},\"primaryImageOfPage\":{\"@id\":\"https:\/\/www.sugarfactory.hr\/proizvod\/umjetnicki-program\/canson-imagine\/#primaryimage\"},\"image\":{\"@id\":\"https:\/\/www.sugarfactory.hr\/proizvod\/umjetnicki-program\/canson-imagine\/#primaryimage\"},\"thumbnailUrl\":\"https:\/\/www.sugarfactory.hr\/wp-content\/uploads\/2025\/08\/ce1d6f505c30414ca47357cbea9ad4ec.webp\",\"datePublished\":\"2025-08-13T09:41:54+00:00\",\"dateModified\":\"2026-03-25T08:18:17+00:00\",\"breadcrumb\":{\"@id\":\"https:\/\/www.sugarfactory.hr\/proizvod\/umjetnicki-program\/canson-imagine\/#breadcrumb\"},\"inLanguage\":\"sl-SI\",\"potentialAction\":[{\"@type\":\"ReadAction\",\"target\":[\"https:\/\/www.sugarfactory.hr\/proizvod\/umjetnicki-program\/canson-imagine\/\"]}]},{\"@type\":\"ImageObject\",\"inLanguage\":\"sl-SI\",\"@id\":\"https:\/\/www.sugarfactory.hr\/proizvod\/umjetnicki-program\/canson-imagine\/#primaryimage\",\"url\":\"https:\/\/www.sugarfactory.hr\/wp-content\/uploads\/2025\/08\/ce1d6f505c30414ca47357cbea9ad4ec.webp\",\"contentUrl\":\"https:\/\/www.sugarfactory.hr\/wp-content\/uploads\/2025\/08\/ce1d6f505c30414ca47357cbea9ad4ec.webp\",\"width\":896,\"height\":1120},{\"@type\":\"BreadcrumbList\",\"@id\":\"https:\/\/www.sugarfactory.hr\/proizvod\/umjetnicki-program\/canson-imagine\/#breadcrumb\",\"itemListElement\":[{\"@type\":\"ListItem\",\"position\":1,\"name\":\"Po\u010detna stranica\",\"item\":\"https:\/\/www.sugarfactory.hr\/\"},{\"@type\":\"ListItem\",\"position\":2,\"name\":\"Proizvodi\",\"item\":\"https:\/\/www.sugarfactory.hr\/shop\/\"},{\"@type\":\"ListItem\",\"position\":3,\"name\":\"Canson Imagine\"}]},{\"@type\":\"WebSite\",\"@id\":\"https:\/\/www.sugarfactory.hr\/#website\",\"url\":\"https:\/\/www.sugarfactory.hr\/\",\"name\":\"Sugar Factory\",\"description\":\"Create your sweetest pieces!\",\"potentialAction\":[{\"@type\":\"SearchAction\",\"target\":{\"@type\":\"EntryPoint\",\"urlTemplate\":\"https:\/\/www.sugarfactory.hr\/?s={search_term_string}\"},\"query-input\":{\"@type\":\"PropertyValueSpecification\",\"valueRequired\":true,\"valueName\":\"search_term_string\"}}],\"inLanguage\":\"sl-SI\"}]}<\/script>\n<!-- \/ Yoast SEO plugin. -->","yoast_head_json":{"title":"Canson Imagine - Sugar Factory","robots":{"index":"index","follow":"follow","max-snippet":"max-snippet:-1","max-image-preview":"max-image-preview:large","max-video-preview":"max-video-preview:-1"},"canonical":"https:\/\/www.sugarfactory.hr\/sl\/izdelek\/umetniski-program\/canson-imagine\/","og_locale":"sl_SI","og_type":"article","og_title":"Canson Imagine - Sugar Factory","og_description":"Canson\u00ae Imagine blok sadr\u017ei 50 listova te\u017eine 200 g i prepoznatljiv je po svilenkastoj teksturi koja pru\u017ea izuzetan osje\u0107aj na dodir. Papir je pogodan za suhe i vla\u017ene tehnike, uklju\u010duju\u0107i gva\u0161, akvarel, olovku, pastele, ugljen i tintu, a \u010disto bijela boja omogu\u0107ava izra\u017eajan kontrast i skladne tonove.","og_url":"https:\/\/www.sugarfactory.hr\/sl\/izdelek\/umetniski-program\/canson-imagine\/","og_site_name":"Sugar Factory","article_modified_time":"2026-03-25T08:18:17+00:00","og_image":[{"width":896,"height":1120,"url":"https:\/\/www.sugarfactory.hr\/wp-content\/uploads\/2025\/08\/ce1d6f505c30414ca47357cbea9ad4ec.webp","type":"image\/webp"}],"twitter_card":"summary_large_image","schema":{"@context":"https:\/\/schema.org","@graph":[{"@type":"WebPage","@id":"https:\/\/www.sugarfactory.hr\/proizvod\/umjetnicki-program\/canson-imagine\/","url":"https:\/\/www.sugarfactory.hr\/proizvod\/umjetnicki-program\/canson-imagine\/","name":"Canson Imagine - Sugar Factory","isPartOf":{"@id":"https:\/\/www.sugarfactory.hr\/#website"},"primaryImageOfPage":{"@id":"https:\/\/www.sugarfactory.hr\/proizvod\/umjetnicki-program\/canson-imagine\/#primaryimage"},"image":{"@id":"https:\/\/www.sugarfactory.hr\/proizvod\/umjetnicki-program\/canson-imagine\/#primaryimage"},"thumbnailUrl":"https:\/\/www.sugarfactory.hr\/wp-content\/uploads\/2025\/08\/ce1d6f505c30414ca47357cbea9ad4ec.webp","datePublished":"2025-08-13T09:41:54+00:00","dateModified":"2026-03-25T08:18:17+00:00","breadcrumb":{"@id":"https:\/\/www.sugarfactory.hr\/proizvod\/umjetnicki-program\/canson-imagine\/#breadcrumb"},"inLanguage":"sl-SI","potentialAction":[{"@type":"ReadAction","target":["https:\/\/www.sugarfactory.hr\/proizvod\/umjetnicki-program\/canson-imagine\/"]}]},{"@type":"ImageObject","inLanguage":"sl-SI","@id":"https:\/\/www.sugarfactory.hr\/proizvod\/umjetnicki-program\/canson-imagine\/#primaryimage","url":"https:\/\/www.sugarfactory.hr\/wp-content\/uploads\/2025\/08\/ce1d6f505c30414ca47357cbea9ad4ec.webp","contentUrl":"https:\/\/www.sugarfactory.hr\/wp-content\/uploads\/2025\/08\/ce1d6f505c30414ca47357cbea9ad4ec.webp","width":896,"height":1120},{"@type":"BreadcrumbList","@id":"https:\/\/www.sugarfactory.hr\/proizvod\/umjetnicki-program\/canson-imagine\/#breadcrumb","itemListElement":[{"@type":"ListItem","position":1,"name":"Po\u010detna stranica","item":"https:\/\/www.sugarfactory.hr\/"},{"@type":"ListItem","position":2,"name":"Proizvodi","item":"https:\/\/www.sugarfactory.hr\/shop\/"},{"@type":"ListItem","position":3,"name":"Canson Imagine"}]},{"@type":"WebSite","@id":"https:\/\/www.sugarfactory.hr\/#website","url":"https:\/\/www.sugarfactory.hr\/","name":"Tovarna sladkorja","description":"Create your sweetest pieces!","potentialAction":[{"@type":"SearchAction","target":{"@type":"EntryPoint","urlTemplate":"https:\/\/www.sugarfactory.hr\/?s={search_term_string}"},"query-input":{"@type":"PropertyValueSpecification","valueRequired":true,"valueName":"search_term_string"}}],"inLanguage":"sl-SI"}]}},"_links":{"self":[{"href":"https:\/\/www.sugarfactory.hr\/sl\/wp-json\/wp\/v2\/product\/11582","targetHints":{"allow":["GET"]}}],"collection":[{"href":"https:\/\/www.sugarfactory.hr\/sl\/wp-json\/wp\/v2\/product"}],"about":[{"href":"https:\/\/www.sugarfactory.hr\/sl\/wp-json\/wp\/v2\/types\/product"}],"wp:featuredmedia":[{"embeddable":true,"href":"https:\/\/www.sugarfactory.hr\/sl\/wp-json\/wp\/v2\/media\/12971"}],"wp:attachment":[{"href":"https:\/\/www.sugarfactory.hr\/sl\/wp-json\/wp\/v2\/media?parent=11582"}],"wp:term":[{"taxonomy":"product_brand","embeddable":true,"href":"https:\/\/www.sugarfactory.hr\/sl\/wp-json\/wp\/v2\/product_brand?post=11582"},{"taxonomy":"product_cat","embeddable":true,"href":"https:\/\/www.sugarfactory.hr\/sl\/wp-json\/wp\/v2\/product_cat?post=11582"},{"taxonomy":"product_tag","embeddable":true,"href":"https:\/\/www.sugarfactory.hr\/sl\/wp-json\/wp\/v2\/product_tag?post=11582"}],"curies":[{"name":"wp","href":"https:\/\/api.w.org\/{rel}","templated":true}]}}