{"id":11610,"date":"2025-08-13T12:43:37","date_gmt":"2025-08-13T11:43:37","guid":{"rendered":"https:\/\/www.sugarfactory.hr\/?post_type=product&#038;p=11610"},"modified":"2026-04-08T09:26:12","modified_gmt":"2026-04-08T08:26:12","slug":"canson-xl-sketch-blok","status":"publish","type":"product","link":"https:\/\/www.sugarfactory.hr\/sl\/izdelek\/umetniski-program\/canson-xl-sketch-blok\/","title":{"rendered":"Skicirka Canson XL"},"content":{"rendered":"<p data-start=\"0\" data-end=\"104\"><strong data-start=\"0\" data-end=\"25\">Skicirka Canson XL<\/strong> Narejen je iz <strong data-start=\"40\" data-end=\"82\">laganog, bezkiselinskog papira od 90 g<\/strong> boje slonove kosti.<\/p>\n<p data-start=\"106\" data-end=\"243\">Namijenjen je <strong data-start=\"120\" data-end=\"154\">studentima likovnih umjetnosti<\/strong> i onima koji koriste velike koli\u010dine papira, jer svaki blok sadr\u017ei do <strong data-start=\"225\" data-end=\"240\">120 listova<\/strong>.<\/p>\n<p data-start=\"245\" data-end=\"378\" data-is-last-node=\"\" data-is-only-node=\"\">Povoljne cijene omogu\u0107uju <strong data-start=\"271\" data-end=\"315\">isprobavanje razli\u010ditih tehnika izra\u017eaja<\/strong>, a papir je idealan za <strong data-start=\"339\" data-end=\"377\">olovke, ugljen, pastele i sanguine<\/strong>.<\/p>","protected":false},"excerpt":{"rendered":"<p>Canson XL Sketch blok izra\u0111en je od laganog, bezkiselinskog papira od 90 g boje slonove kosti. Namijenjen je studentima likovnih umjetnosti i onima koji koriste velike koli\u010dine papira, jer svaki blok sadr\u017ei do 120 listova. Povoljne cijene omogu\u0107uju isprobavanje razli\u010ditih tehnika izra\u017eaja, a papir je idealan za olovke, ugljen, pastele i sanguine.<\/p>","protected":false},"featured_media":12974,"template":"","meta":{"_acf_changed":false},"product_brand":[117],"product_cat":[45,61],"product_tag":[],"class_list":{"0":"post-11610","1":"product","2":"type-product","3":"status-publish","4":"has-post-thumbnail","6":"product_brand-canson","7":"product_cat-umjetnicki-program","8":"product_cat-papiri-i-blokovi","10":"first","11":"instock","12":"shipping-taxable","13":"purchasable","14":"product-type-variable"},"acf":[],"yoast_head":"<!-- This site is optimized with the Yoast SEO plugin v26.3 - https:\/\/yoast.com\/wordpress\/plugins\/seo\/ -->\n<title>Canson XL Sketch blok - Sugar Factory<\/title>\n<meta name=\"robots\" content=\"index, follow, max-snippet:-1, max-image-preview:large, max-video-preview:-1\" \/>\n<link rel=\"canonical\" href=\"https:\/\/www.sugarfactory.hr\/sl\/izdelek\/umetniski-program\/canson-xl-sketch-blok\/\" \/>\n<meta property=\"og:locale\" content=\"sl_SI\" \/>\n<meta property=\"og:type\" content=\"article\" \/>\n<meta property=\"og:title\" content=\"Canson XL Sketch blok - Sugar Factory\" \/>\n<meta property=\"og:description\" content=\"Canson XL Sketch blok izra\u0111en je od laganog, bezkiselinskog papira od 90 g boje slonove kosti. Namijenjen je studentima likovnih umjetnosti i onima koji koriste velike koli\u010dine papira, jer svaki blok sadr\u017ei do 120 listova. Povoljne cijene omogu\u0107uju isprobavanje razli\u010ditih tehnika izra\u017eaja, a papir je idealan za olovke, ugljen, pastele i sanguine.\" \/>\n<meta property=\"og:url\" content=\"https:\/\/www.sugarfactory.hr\/sl\/izdelek\/umetniski-program\/canson-xl-sketch-blok\/\" \/>\n<meta property=\"og:site_name\" content=\"Sugar Factory\" \/>\n<meta property=\"article:modified_time\" content=\"2026-04-08T08:26:12+00:00\" \/>\n<meta property=\"og:image\" content=\"https:\/\/www.sugarfactory.hr\/wp-content\/uploads\/2025\/08\/a35e738274dd4c96a85f3034e1abdfa5.webp\" \/>\n\t<meta property=\"og:image:width\" content=\"1024\" \/>\n\t<meta property=\"og:image:height\" content=\"1024\" \/>\n\t<meta property=\"og:image:type\" content=\"image\/webp\" \/>\n<meta name=\"twitter:card\" content=\"summary_large_image\" \/>\n<script type=\"application\/ld+json\" class=\"yoast-schema-graph\">{\"@context\":\"https:\/\/schema.org\",\"@graph\":[{\"@type\":\"WebPage\",\"@id\":\"https:\/\/www.sugarfactory.hr\/proizvod\/umjetnicki-program\/canson-xl-sketch-blok\/\",\"url\":\"https:\/\/www.sugarfactory.hr\/proizvod\/umjetnicki-program\/canson-xl-sketch-blok\/\",\"name\":\"Canson XL Sketch blok - Sugar Factory\",\"isPartOf\":{\"@id\":\"https:\/\/www.sugarfactory.hr\/#website\"},\"primaryImageOfPage\":{\"@id\":\"https:\/\/www.sugarfactory.hr\/proizvod\/umjetnicki-program\/canson-xl-sketch-blok\/#primaryimage\"},\"image\":{\"@id\":\"https:\/\/www.sugarfactory.hr\/proizvod\/umjetnicki-program\/canson-xl-sketch-blok\/#primaryimage\"},\"thumbnailUrl\":\"https:\/\/www.sugarfactory.hr\/wp-content\/uploads\/2025\/08\/a35e738274dd4c96a85f3034e1abdfa5.webp\",\"datePublished\":\"2025-08-13T11:43:37+00:00\",\"dateModified\":\"2026-04-08T08:26:12+00:00\",\"breadcrumb\":{\"@id\":\"https:\/\/www.sugarfactory.hr\/proizvod\/umjetnicki-program\/canson-xl-sketch-blok\/#breadcrumb\"},\"inLanguage\":\"sl-SI\",\"potentialAction\":[{\"@type\":\"ReadAction\",\"target\":[\"https:\/\/www.sugarfactory.hr\/proizvod\/umjetnicki-program\/canson-xl-sketch-blok\/\"]}]},{\"@type\":\"ImageObject\",\"inLanguage\":\"sl-SI\",\"@id\":\"https:\/\/www.sugarfactory.hr\/proizvod\/umjetnicki-program\/canson-xl-sketch-blok\/#primaryimage\",\"url\":\"https:\/\/www.sugarfactory.hr\/wp-content\/uploads\/2025\/08\/a35e738274dd4c96a85f3034e1abdfa5.webp\",\"contentUrl\":\"https:\/\/www.sugarfactory.hr\/wp-content\/uploads\/2025\/08\/a35e738274dd4c96a85f3034e1abdfa5.webp\",\"width\":1024,\"height\":1024},{\"@type\":\"BreadcrumbList\",\"@id\":\"https:\/\/www.sugarfactory.hr\/proizvod\/umjetnicki-program\/canson-xl-sketch-blok\/#breadcrumb\",\"itemListElement\":[{\"@type\":\"ListItem\",\"position\":1,\"name\":\"Po\u010detna stranica\",\"item\":\"https:\/\/www.sugarfactory.hr\/\"},{\"@type\":\"ListItem\",\"position\":2,\"name\":\"Proizvodi\",\"item\":\"https:\/\/www.sugarfactory.hr\/shop\/\"},{\"@type\":\"ListItem\",\"position\":3,\"name\":\"Canson XL Sketch blok\"}]},{\"@type\":\"WebSite\",\"@id\":\"https:\/\/www.sugarfactory.hr\/#website\",\"url\":\"https:\/\/www.sugarfactory.hr\/\",\"name\":\"Sugar Factory\",\"description\":\"Create your sweetest pieces!\",\"potentialAction\":[{\"@type\":\"SearchAction\",\"target\":{\"@type\":\"EntryPoint\",\"urlTemplate\":\"https:\/\/www.sugarfactory.hr\/?s={search_term_string}\"},\"query-input\":{\"@type\":\"PropertyValueSpecification\",\"valueRequired\":true,\"valueName\":\"search_term_string\"}}],\"inLanguage\":\"sl-SI\"}]}<\/script>\n<!-- \/ Yoast SEO plugin. -->","yoast_head_json":{"title":"Canson XL Sketch blok - Sugar Factory","robots":{"index":"index","follow":"follow","max-snippet":"max-snippet:-1","max-image-preview":"max-image-preview:large","max-video-preview":"max-video-preview:-1"},"canonical":"https:\/\/www.sugarfactory.hr\/sl\/izdelek\/umetniski-program\/canson-xl-sketch-blok\/","og_locale":"sl_SI","og_type":"article","og_title":"Canson XL Sketch blok - Sugar Factory","og_description":"Canson XL Sketch blok izra\u0111en je od laganog, bezkiselinskog papira od 90 g boje slonove kosti. Namijenjen je studentima likovnih umjetnosti i onima koji koriste velike koli\u010dine papira, jer svaki blok sadr\u017ei do 120 listova. Povoljne cijene omogu\u0107uju isprobavanje razli\u010ditih tehnika izra\u017eaja, a papir je idealan za olovke, ugljen, pastele i sanguine.","og_url":"https:\/\/www.sugarfactory.hr\/sl\/izdelek\/umetniski-program\/canson-xl-sketch-blok\/","og_site_name":"Sugar Factory","article_modified_time":"2026-04-08T08:26:12+00:00","og_image":[{"width":1024,"height":1024,"url":"https:\/\/www.sugarfactory.hr\/wp-content\/uploads\/2025\/08\/a35e738274dd4c96a85f3034e1abdfa5.webp","type":"image\/webp"}],"twitter_card":"summary_large_image","schema":{"@context":"https:\/\/schema.org","@graph":[{"@type":"WebPage","@id":"https:\/\/www.sugarfactory.hr\/proizvod\/umjetnicki-program\/canson-xl-sketch-blok\/","url":"https:\/\/www.sugarfactory.hr\/proizvod\/umjetnicki-program\/canson-xl-sketch-blok\/","name":"Canson XL Sketch blok - Sugar Factory","isPartOf":{"@id":"https:\/\/www.sugarfactory.hr\/#website"},"primaryImageOfPage":{"@id":"https:\/\/www.sugarfactory.hr\/proizvod\/umjetnicki-program\/canson-xl-sketch-blok\/#primaryimage"},"image":{"@id":"https:\/\/www.sugarfactory.hr\/proizvod\/umjetnicki-program\/canson-xl-sketch-blok\/#primaryimage"},"thumbnailUrl":"https:\/\/www.sugarfactory.hr\/wp-content\/uploads\/2025\/08\/a35e738274dd4c96a85f3034e1abdfa5.webp","datePublished":"2025-08-13T11:43:37+00:00","dateModified":"2026-04-08T08:26:12+00:00","breadcrumb":{"@id":"https:\/\/www.sugarfactory.hr\/proizvod\/umjetnicki-program\/canson-xl-sketch-blok\/#breadcrumb"},"inLanguage":"sl-SI","potentialAction":[{"@type":"ReadAction","target":["https:\/\/www.sugarfactory.hr\/proizvod\/umjetnicki-program\/canson-xl-sketch-blok\/"]}]},{"@type":"ImageObject","inLanguage":"sl-SI","@id":"https:\/\/www.sugarfactory.hr\/proizvod\/umjetnicki-program\/canson-xl-sketch-blok\/#primaryimage","url":"https:\/\/www.sugarfactory.hr\/wp-content\/uploads\/2025\/08\/a35e738274dd4c96a85f3034e1abdfa5.webp","contentUrl":"https:\/\/www.sugarfactory.hr\/wp-content\/uploads\/2025\/08\/a35e738274dd4c96a85f3034e1abdfa5.webp","width":1024,"height":1024},{"@type":"BreadcrumbList","@id":"https:\/\/www.sugarfactory.hr\/proizvod\/umjetnicki-program\/canson-xl-sketch-blok\/#breadcrumb","itemListElement":[{"@type":"ListItem","position":1,"name":"Po\u010detna stranica","item":"https:\/\/www.sugarfactory.hr\/"},{"@type":"ListItem","position":2,"name":"Proizvodi","item":"https:\/\/www.sugarfactory.hr\/shop\/"},{"@type":"ListItem","position":3,"name":"Canson XL Sketch blok"}]},{"@type":"WebSite","@id":"https:\/\/www.sugarfactory.hr\/#website","url":"https:\/\/www.sugarfactory.hr\/","name":"Tovarna sladkorja","description":"Create your sweetest pieces!","potentialAction":[{"@type":"SearchAction","target":{"@type":"EntryPoint","urlTemplate":"https:\/\/www.sugarfactory.hr\/?s={search_term_string}"},"query-input":{"@type":"PropertyValueSpecification","valueRequired":true,"valueName":"search_term_string"}}],"inLanguage":"sl-SI"}]}},"_links":{"self":[{"href":"https:\/\/www.sugarfactory.hr\/sl\/wp-json\/wp\/v2\/product\/11610","targetHints":{"allow":["GET"]}}],"collection":[{"href":"https:\/\/www.sugarfactory.hr\/sl\/wp-json\/wp\/v2\/product"}],"about":[{"href":"https:\/\/www.sugarfactory.hr\/sl\/wp-json\/wp\/v2\/types\/product"}],"wp:featuredmedia":[{"embeddable":true,"href":"https:\/\/www.sugarfactory.hr\/sl\/wp-json\/wp\/v2\/media\/12974"}],"wp:attachment":[{"href":"https:\/\/www.sugarfactory.hr\/sl\/wp-json\/wp\/v2\/media?parent=11610"}],"wp:term":[{"taxonomy":"product_brand","embeddable":true,"href":"https:\/\/www.sugarfactory.hr\/sl\/wp-json\/wp\/v2\/product_brand?post=11610"},{"taxonomy":"product_cat","embeddable":true,"href":"https:\/\/www.sugarfactory.hr\/sl\/wp-json\/wp\/v2\/product_cat?post=11610"},{"taxonomy":"product_tag","embeddable":true,"href":"https:\/\/www.sugarfactory.hr\/sl\/wp-json\/wp\/v2\/product_tag?post=11610"}],"curies":[{"name":"wp","href":"https:\/\/api.w.org\/{rel}","templated":true}]}}