{"id":11630,"date":"2025-08-14T09:47:47","date_gmt":"2025-08-14T08:47:47","guid":{"rendered":"https:\/\/www.sugarfactory.hr\/?post_type=product&#038;p=11630"},"modified":"2026-04-13T13:00:29","modified_gmt":"2026-04-13T12:00:29","slug":"amsterdam-akrilne-barve-standard","status":"publish","type":"product","link":"https:\/\/www.sugarfactory.hr\/sl\/izdelek\/umetniski-program\/amsterdam-akrilne-barve-standard\/","title":{"rendered":"Amsterdam akrilne barve 20 ml Standard"},"content":{"rendered":"<p data-start=\"110\" data-end=\"272\"><strong data-start=\"110\" data-end=\"151\">Amsterdam akrilne barve 20 ml Standard<\/strong> Ponujajo <strong data-start=\"157\" data-end=\"195\">\u0161irok spekter sijajnih, \u010distih barv<\/strong> narejeno na podlagi <strong data-start=\"214\" data-end=\"269\">100% akrilne emulzije in visokokakovostni pigmenti<\/strong>.<\/p>\n<p data-start=\"274\" data-end=\"418\">Barve <strong data-start=\"279\" data-end=\"319\">Odli\u010dno se prilegajo platnu in stenam.<\/strong>, in so primerni tudi za <strong data-start=\"339\" data-end=\"370\">skoraj vse nemastne povr\u0161ine<\/strong>, omogo\u010da <strong data-start=\"384\" data-end=\"415\">Ustvarjalnost brez omejitev<\/strong>.<\/p>","protected":false},"excerpt":{"rendered":"<p>Akrilne barve Amsterdam 20 ml Standard ponujajo \u0161iroko paleto \u017eivahnih, \u010distih barv, izdelanih iz akrilne emulzije 100% in visokokakovostnih pigmentov. Barve se odli\u010dno prilegajo platnu in stenam, primerne pa so tudi za skoraj vse nemastne povr\u0161ine, kar omogo\u010da ustvarjalnost brez omejitev.<\/p>","protected":false},"featured_media":12892,"template":"","meta":{"_acf_changed":false},"product_brand":[114],"product_cat":[45,64],"product_tag":[],"class_list":{"0":"post-11630","1":"product","2":"type-product","3":"status-publish","4":"has-post-thumbnail","6":"product_brand-amsterdam","7":"product_cat-umjetnicki-program","8":"product_cat-akrilne-boje","10":"first","11":"outofstock","12":"shipping-taxable","13":"purchasable","14":"product-type-variable"},"acf":[],"yoast_head":"<!-- This site is optimized with the Yoast SEO plugin v26.3 - https:\/\/yoast.com\/wordpress\/plugins\/seo\/ -->\n<title>Amsterdam akrilne boje 20ml Standard - Sugar Factory<\/title>\n<meta name=\"robots\" content=\"index, follow, max-snippet:-1, max-image-preview:large, max-video-preview:-1\" \/>\n<link rel=\"canonical\" href=\"https:\/\/www.sugarfactory.hr\/sl\/izdelek\/umetniski-program\/amsterdam-akrilne-barve-standard\/\" \/>\n<meta property=\"og:locale\" content=\"sl_SI\" \/>\n<meta property=\"og:type\" content=\"article\" \/>\n<meta property=\"og:title\" content=\"Amsterdam akrilne boje 20ml Standard - Sugar Factory\" \/>\n<meta property=\"og:description\" content=\"Amsterdam akrilne boje 20 ml Standard nude \u0161irok spektar sjajnih, \u010distih boja izra\u0111enih na bazi 100% akrilne emulzije i visokokvalitetnih pigmenata. Boje izvrsno prianjaju na platno i zidove, a pogodne su i za gotovo sve nemasne povr\u0161ine, omogu\u0107uju\u0107i kreativnost bez ograni\u010denja.\" \/>\n<meta property=\"og:url\" content=\"https:\/\/www.sugarfactory.hr\/sl\/izdelek\/umetniski-program\/amsterdam-akrilne-barve-standard\/\" \/>\n<meta property=\"og:site_name\" content=\"Sugar Factory\" \/>\n<meta property=\"article:modified_time\" content=\"2026-04-13T12:00:29+00:00\" \/>\n<meta property=\"og:image\" content=\"https:\/\/www.sugarfactory.hr\/wp-content\/uploads\/2025\/08\/e5d8ce2407574c09b169b038a0c3364a.webp\" \/>\n\t<meta property=\"og:image:width\" content=\"896\" \/>\n\t<meta property=\"og:image:height\" content=\"1120\" \/>\n\t<meta property=\"og:image:type\" content=\"image\/webp\" \/>\n<meta name=\"twitter:card\" content=\"summary_large_image\" \/>\n<script type=\"application\/ld+json\" class=\"yoast-schema-graph\">{\"@context\":\"https:\/\/schema.org\",\"@graph\":[{\"@type\":\"WebPage\",\"@id\":\"https:\/\/www.sugarfactory.hr\/proizvod\/umjetnicki-program\/amsterdam-akrilne-boje-standard\/\",\"url\":\"https:\/\/www.sugarfactory.hr\/proizvod\/umjetnicki-program\/amsterdam-akrilne-boje-standard\/\",\"name\":\"Amsterdam akrilne boje 20ml Standard - Sugar Factory\",\"isPartOf\":{\"@id\":\"https:\/\/www.sugarfactory.hr\/#website\"},\"primaryImageOfPage\":{\"@id\":\"https:\/\/www.sugarfactory.hr\/proizvod\/umjetnicki-program\/amsterdam-akrilne-boje-standard\/#primaryimage\"},\"image\":{\"@id\":\"https:\/\/www.sugarfactory.hr\/proizvod\/umjetnicki-program\/amsterdam-akrilne-boje-standard\/#primaryimage\"},\"thumbnailUrl\":\"https:\/\/www.sugarfactory.hr\/wp-content\/uploads\/2025\/08\/e5d8ce2407574c09b169b038a0c3364a.webp\",\"datePublished\":\"2025-08-14T08:47:47+00:00\",\"dateModified\":\"2026-04-13T12:00:29+00:00\",\"breadcrumb\":{\"@id\":\"https:\/\/www.sugarfactory.hr\/proizvod\/umjetnicki-program\/amsterdam-akrilne-boje-standard\/#breadcrumb\"},\"inLanguage\":\"sl-SI\",\"potentialAction\":[{\"@type\":\"ReadAction\",\"target\":[\"https:\/\/www.sugarfactory.hr\/proizvod\/umjetnicki-program\/amsterdam-akrilne-boje-standard\/\"]}]},{\"@type\":\"ImageObject\",\"inLanguage\":\"sl-SI\",\"@id\":\"https:\/\/www.sugarfactory.hr\/proizvod\/umjetnicki-program\/amsterdam-akrilne-boje-standard\/#primaryimage\",\"url\":\"https:\/\/www.sugarfactory.hr\/wp-content\/uploads\/2025\/08\/e5d8ce2407574c09b169b038a0c3364a.webp\",\"contentUrl\":\"https:\/\/www.sugarfactory.hr\/wp-content\/uploads\/2025\/08\/e5d8ce2407574c09b169b038a0c3364a.webp\",\"width\":896,\"height\":1120},{\"@type\":\"BreadcrumbList\",\"@id\":\"https:\/\/www.sugarfactory.hr\/proizvod\/umjetnicki-program\/amsterdam-akrilne-boje-standard\/#breadcrumb\",\"itemListElement\":[{\"@type\":\"ListItem\",\"position\":1,\"name\":\"Po\u010detna stranica\",\"item\":\"https:\/\/www.sugarfactory.hr\/\"},{\"@type\":\"ListItem\",\"position\":2,\"name\":\"Proizvodi\",\"item\":\"https:\/\/www.sugarfactory.hr\/shop\/\"},{\"@type\":\"ListItem\",\"position\":3,\"name\":\"Amsterdam akrilne boje 20ml Standard\"}]},{\"@type\":\"WebSite\",\"@id\":\"https:\/\/www.sugarfactory.hr\/#website\",\"url\":\"https:\/\/www.sugarfactory.hr\/\",\"name\":\"Sugar Factory\",\"description\":\"Create your sweetest pieces!\",\"potentialAction\":[{\"@type\":\"SearchAction\",\"target\":{\"@type\":\"EntryPoint\",\"urlTemplate\":\"https:\/\/www.sugarfactory.hr\/?s={search_term_string}\"},\"query-input\":{\"@type\":\"PropertyValueSpecification\",\"valueRequired\":true,\"valueName\":\"search_term_string\"}}],\"inLanguage\":\"sl-SI\"}]}<\/script>\n<!-- \/ Yoast SEO plugin. -->","yoast_head_json":{"title":"Amsterdam akrilne barve 20 ml Standard - Tovarna sladkorja","robots":{"index":"index","follow":"follow","max-snippet":"max-snippet:-1","max-image-preview":"max-image-preview:large","max-video-preview":"max-video-preview:-1"},"canonical":"https:\/\/www.sugarfactory.hr\/sl\/izdelek\/umetniski-program\/amsterdam-akrilne-barve-standard\/","og_locale":"sl_SI","og_type":"article","og_title":"Amsterdam akrilne boje 20ml Standard - Sugar Factory","og_description":"Amsterdam akrilne boje 20 ml Standard nude \u0161irok spektar sjajnih, \u010distih boja izra\u0111enih na bazi 100% akrilne emulzije i visokokvalitetnih pigmenata. Boje izvrsno prianjaju na platno i zidove, a pogodne su i za gotovo sve nemasne povr\u0161ine, omogu\u0107uju\u0107i kreativnost bez ograni\u010denja.","og_url":"https:\/\/www.sugarfactory.hr\/sl\/izdelek\/umetniski-program\/amsterdam-akrilne-barve-standard\/","og_site_name":"Sugar Factory","article_modified_time":"2026-04-13T12:00:29+00:00","og_image":[{"width":896,"height":1120,"url":"https:\/\/www.sugarfactory.hr\/wp-content\/uploads\/2025\/08\/e5d8ce2407574c09b169b038a0c3364a.webp","type":"image\/webp"}],"twitter_card":"summary_large_image","schema":{"@context":"https:\/\/schema.org","@graph":[{"@type":"WebPage","@id":"https:\/\/www.sugarfactory.hr\/proizvod\/umjetnicki-program\/amsterdam-akrilne-boje-standard\/","url":"https:\/\/www.sugarfactory.hr\/proizvod\/umjetnicki-program\/amsterdam-akrilne-boje-standard\/","name":"Amsterdam akrilne barve 20 ml Standard - Tovarna sladkorja","isPartOf":{"@id":"https:\/\/www.sugarfactory.hr\/#website"},"primaryImageOfPage":{"@id":"https:\/\/www.sugarfactory.hr\/proizvod\/umjetnicki-program\/amsterdam-akrilne-boje-standard\/#primaryimage"},"image":{"@id":"https:\/\/www.sugarfactory.hr\/proizvod\/umjetnicki-program\/amsterdam-akrilne-boje-standard\/#primaryimage"},"thumbnailUrl":"https:\/\/www.sugarfactory.hr\/wp-content\/uploads\/2025\/08\/e5d8ce2407574c09b169b038a0c3364a.webp","datePublished":"2025-08-14T08:47:47+00:00","dateModified":"2026-04-13T12:00:29+00:00","breadcrumb":{"@id":"https:\/\/www.sugarfactory.hr\/proizvod\/umjetnicki-program\/amsterdam-akrilne-boje-standard\/#breadcrumb"},"inLanguage":"sl-SI","potentialAction":[{"@type":"ReadAction","target":["https:\/\/www.sugarfactory.hr\/proizvod\/umjetnicki-program\/amsterdam-akrilne-boje-standard\/"]}]},{"@type":"ImageObject","inLanguage":"sl-SI","@id":"https:\/\/www.sugarfactory.hr\/proizvod\/umjetnicki-program\/amsterdam-akrilne-boje-standard\/#primaryimage","url":"https:\/\/www.sugarfactory.hr\/wp-content\/uploads\/2025\/08\/e5d8ce2407574c09b169b038a0c3364a.webp","contentUrl":"https:\/\/www.sugarfactory.hr\/wp-content\/uploads\/2025\/08\/e5d8ce2407574c09b169b038a0c3364a.webp","width":896,"height":1120},{"@type":"BreadcrumbList","@id":"https:\/\/www.sugarfactory.hr\/proizvod\/umjetnicki-program\/amsterdam-akrilne-boje-standard\/#breadcrumb","itemListElement":[{"@type":"ListItem","position":1,"name":"Po\u010detna stranica","item":"https:\/\/www.sugarfactory.hr\/"},{"@type":"ListItem","position":2,"name":"Proizvodi","item":"https:\/\/www.sugarfactory.hr\/shop\/"},{"@type":"ListItem","position":3,"name":"Amsterdam akrilne boje 20ml Standard"}]},{"@type":"WebSite","@id":"https:\/\/www.sugarfactory.hr\/#website","url":"https:\/\/www.sugarfactory.hr\/","name":"Tovarna sladkorja","description":"Create your sweetest pieces!","potentialAction":[{"@type":"SearchAction","target":{"@type":"EntryPoint","urlTemplate":"https:\/\/www.sugarfactory.hr\/?s={search_term_string}"},"query-input":{"@type":"PropertyValueSpecification","valueRequired":true,"valueName":"search_term_string"}}],"inLanguage":"sl-SI"}]}},"_links":{"self":[{"href":"https:\/\/www.sugarfactory.hr\/sl\/wp-json\/wp\/v2\/product\/11630","targetHints":{"allow":["GET"]}}],"collection":[{"href":"https:\/\/www.sugarfactory.hr\/sl\/wp-json\/wp\/v2\/product"}],"about":[{"href":"https:\/\/www.sugarfactory.hr\/sl\/wp-json\/wp\/v2\/types\/product"}],"wp:featuredmedia":[{"embeddable":true,"href":"https:\/\/www.sugarfactory.hr\/sl\/wp-json\/wp\/v2\/media\/12892"}],"wp:attachment":[{"href":"https:\/\/www.sugarfactory.hr\/sl\/wp-json\/wp\/v2\/media?parent=11630"}],"wp:term":[{"taxonomy":"product_brand","embeddable":true,"href":"https:\/\/www.sugarfactory.hr\/sl\/wp-json\/wp\/v2\/product_brand?post=11630"},{"taxonomy":"product_cat","embeddable":true,"href":"https:\/\/www.sugarfactory.hr\/sl\/wp-json\/wp\/v2\/product_cat?post=11630"},{"taxonomy":"product_tag","embeddable":true,"href":"https:\/\/www.sugarfactory.hr\/sl\/wp-json\/wp\/v2\/product_tag?post=11630"}],"curies":[{"name":"wp","href":"https:\/\/api.w.org\/{rel}","templated":true}]}}