{"id":12092,"date":"2025-08-28T13:23:43","date_gmt":"2025-08-28T12:23:43","guid":{"rendered":"https:\/\/www.sugarfactory.hr\/?post_type=product&#038;p=12092"},"modified":"2026-03-05T12:28:14","modified_gmt":"2026-03-05T11:28:14","slug":"graffiti-coloring-book-vol-3","status":"publish","type":"product","link":"https:\/\/www.sugarfactory.hr\/sl\/izdelek\/dodatki\/graffiti-coloring-book-vol-3\/","title":{"rendered":"Barvna knjiga grafitov, 3. del"},"content":{"rendered":"<p data-start=\"0\" data-end=\"146\"><strong data-start=\"0\" data-end=\"32\">Barvna knjiga grafitov, 3. del<\/strong> je <strong data-start=\"36\" data-end=\"70\">tre\u0107a izdanje popularne serije<\/strong> izdava\u010da Dokument Press, prepuna <strong data-start=\"104\" data-end=\"143\" data-is-only-node=\"\">najboljih svjetskih grafiti stilova<\/strong>.<\/p>\n<p data-start=\"148\" data-end=\"495\">Na vi\u0161e od <strong data-start=\"159\" data-end=\"177\">60 ilustracija<\/strong>, doprinos vi\u0161e od <strong data-start=\"196\" data-end=\"231\">60 umjetnika iz cijelog svijeta<\/strong> zagotavlja <strong data-start=\"238\" data-end=\"277\">raznovrsne, divlje i odva\u017ene likove<\/strong> te <strong data-start=\"281\" data-end=\"301\">ma\u0161tovite oblike<\/strong> spremne za bojanje.<\/p>\n<p data-start=\"148\" data-end=\"495\">Ova bojanka omogu\u0107uje <strong data-start=\"346\" data-end=\"371\">igru bojom i dizajnom<\/strong> za <strong data-start=\"375\" data-end=\"394\">odrasle i djecu<\/strong>, pru\u017eaju\u0107i priliku da <strong data-start=\"417\" data-end=\"457\">u\u010di\u0161 od vrhunskih graffiti umjetnika<\/strong> i razvije\u0161 <strong data-start=\"469\" data-end=\"492\">svoj kreativni stil<\/strong>.<\/p>\n<p data-start=\"497\" data-end=\"614\" data-is-last-node=\"\" data-is-only-node=\"\"><strong data-start=\"497\" data-end=\"529\">Barvna knjiga grafitov, 3. del<\/strong> je savr\u0161en alat za <strong data-start=\"549\" data-end=\"595\">inspiraciju, opu\u0161tanje i umjetni\u010dki razvoj<\/strong> u svijetu grafita.<\/p>","protected":false},"excerpt":{"rendered":"<p>Graffiti Coloring Book Vol.3 je tre\u0107a izdanje popularne serije izdava\u010da Dokument Press, prepuna najboljih svjetskih grafiti stilova. Na vi\u0161e od 60 ilustracija, doprinos vi\u0161e od 60 umjetnika iz cijelog svijeta pru\u017ea raznovrsne, divlje i odva\u017ene likove te ma\u0161tovite oblike spremne za bojanje. Ova bojanka omogu\u0107uje igru bojom i dizajnom za odrasle i djecu, pru\u017eaju\u0107i priliku [&hellip;]<\/p>","protected":false},"featured_media":12587,"template":"","meta":{"_acf_changed":false},"product_brand":[],"product_cat":[21,95],"product_tag":[],"class_list":{"0":"post-12092","1":"product","2":"type-product","3":"status-publish","4":"has-post-thumbnail","6":"product_cat-accessories","7":"product_cat-bookovi","9":"first","10":"instock","11":"shipping-taxable","12":"purchasable","13":"product-type-simple"},"acf":[],"yoast_head":"<!-- This site is optimized with the Yoast SEO plugin v26.3 - https:\/\/yoast.com\/wordpress\/plugins\/seo\/ -->\n<title>Graffiti Coloring Book Vol.3 - Sugar Factory<\/title>\n<meta name=\"robots\" content=\"index, follow, max-snippet:-1, max-image-preview:large, max-video-preview:-1\" \/>\n<link rel=\"canonical\" href=\"https:\/\/www.sugarfactory.hr\/sl\/izdelek\/dodatki\/graffiti-coloring-book-vol-3\/\" \/>\n<meta property=\"og:locale\" content=\"sl_SI\" \/>\n<meta property=\"og:type\" content=\"article\" \/>\n<meta property=\"og:title\" content=\"Graffiti Coloring Book Vol.3 - Sugar Factory\" \/>\n<meta property=\"og:description\" content=\"Graffiti Coloring Book Vol.3 je tre\u0107a izdanje popularne serije izdava\u010da Dokument Press, prepuna najboljih svjetskih grafiti stilova. Na vi\u0161e od 60 ilustracija, doprinos vi\u0161e od 60 umjetnika iz cijelog svijeta pru\u017ea raznovrsne, divlje i odva\u017ene likove te ma\u0161tovite oblike spremne za bojanje. Ova bojanka omogu\u0107uje igru bojom i dizajnom za odrasle i djecu, pru\u017eaju\u0107i priliku [&hellip;]\" \/>\n<meta property=\"og:url\" content=\"https:\/\/www.sugarfactory.hr\/sl\/izdelek\/dodatki\/graffiti-coloring-book-vol-3\/\" \/>\n<meta property=\"og:site_name\" content=\"Sugar Factory\" \/>\n<meta property=\"article:modified_time\" content=\"2026-03-05T11:28:14+00:00\" \/>\n<meta property=\"og:image\" content=\"https:\/\/www.sugarfactory.hr\/wp-content\/uploads\/2025\/08\/fe76aa379fa844c7bb4aebeb872a2985.webp\" \/>\n\t<meta property=\"og:image:width\" content=\"896\" \/>\n\t<meta property=\"og:image:height\" content=\"1120\" \/>\n\t<meta property=\"og:image:type\" content=\"image\/webp\" \/>\n<meta name=\"twitter:card\" content=\"summary_large_image\" \/>\n<script type=\"application\/ld+json\" class=\"yoast-schema-graph\">{\"@context\":\"https:\/\/schema.org\",\"@graph\":[{\"@type\":\"WebPage\",\"@id\":\"https:\/\/www.sugarfactory.hr\/proizvod\/accessories\/graffiti-coloring-book-vol-3\/\",\"url\":\"https:\/\/www.sugarfactory.hr\/proizvod\/accessories\/graffiti-coloring-book-vol-3\/\",\"name\":\"Graffiti Coloring Book Vol.3 - Sugar Factory\",\"isPartOf\":{\"@id\":\"https:\/\/www.sugarfactory.hr\/#website\"},\"primaryImageOfPage\":{\"@id\":\"https:\/\/www.sugarfactory.hr\/proizvod\/accessories\/graffiti-coloring-book-vol-3\/#primaryimage\"},\"image\":{\"@id\":\"https:\/\/www.sugarfactory.hr\/proizvod\/accessories\/graffiti-coloring-book-vol-3\/#primaryimage\"},\"thumbnailUrl\":\"https:\/\/www.sugarfactory.hr\/wp-content\/uploads\/2025\/08\/fe76aa379fa844c7bb4aebeb872a2985.webp\",\"datePublished\":\"2025-08-28T12:23:43+00:00\",\"dateModified\":\"2026-03-05T11:28:14+00:00\",\"breadcrumb\":{\"@id\":\"https:\/\/www.sugarfactory.hr\/proizvod\/accessories\/graffiti-coloring-book-vol-3\/#breadcrumb\"},\"inLanguage\":\"sl-SI\",\"potentialAction\":[{\"@type\":\"ReadAction\",\"target\":[\"https:\/\/www.sugarfactory.hr\/proizvod\/accessories\/graffiti-coloring-book-vol-3\/\"]}]},{\"@type\":\"ImageObject\",\"inLanguage\":\"sl-SI\",\"@id\":\"https:\/\/www.sugarfactory.hr\/proizvod\/accessories\/graffiti-coloring-book-vol-3\/#primaryimage\",\"url\":\"https:\/\/www.sugarfactory.hr\/wp-content\/uploads\/2025\/08\/fe76aa379fa844c7bb4aebeb872a2985.webp\",\"contentUrl\":\"https:\/\/www.sugarfactory.hr\/wp-content\/uploads\/2025\/08\/fe76aa379fa844c7bb4aebeb872a2985.webp\",\"width\":896,\"height\":1120},{\"@type\":\"BreadcrumbList\",\"@id\":\"https:\/\/www.sugarfactory.hr\/proizvod\/accessories\/graffiti-coloring-book-vol-3\/#breadcrumb\",\"itemListElement\":[{\"@type\":\"ListItem\",\"position\":1,\"name\":\"Po\u010detna stranica\",\"item\":\"https:\/\/www.sugarfactory.hr\/\"},{\"@type\":\"ListItem\",\"position\":2,\"name\":\"Proizvodi\",\"item\":\"https:\/\/www.sugarfactory.hr\/shop\/\"},{\"@type\":\"ListItem\",\"position\":3,\"name\":\"Graffiti Coloring Book Vol.3\"}]},{\"@type\":\"WebSite\",\"@id\":\"https:\/\/www.sugarfactory.hr\/#website\",\"url\":\"https:\/\/www.sugarfactory.hr\/\",\"name\":\"Sugar Factory\",\"description\":\"Create your sweetest pieces!\",\"potentialAction\":[{\"@type\":\"SearchAction\",\"target\":{\"@type\":\"EntryPoint\",\"urlTemplate\":\"https:\/\/www.sugarfactory.hr\/?s={search_term_string}\"},\"query-input\":{\"@type\":\"PropertyValueSpecification\",\"valueRequired\":true,\"valueName\":\"search_term_string\"}}],\"inLanguage\":\"sl-SI\"}]}<\/script>\n<!-- \/ Yoast SEO plugin. -->","yoast_head_json":{"title":"Graffiti Coloring Book Vol.3 - Sugar Factory","robots":{"index":"index","follow":"follow","max-snippet":"max-snippet:-1","max-image-preview":"max-image-preview:large","max-video-preview":"max-video-preview:-1"},"canonical":"https:\/\/www.sugarfactory.hr\/sl\/izdelek\/dodatki\/graffiti-coloring-book-vol-3\/","og_locale":"sl_SI","og_type":"article","og_title":"Graffiti Coloring Book Vol.3 - Sugar Factory","og_description":"Graffiti Coloring Book Vol.3 je tre\u0107a izdanje popularne serije izdava\u010da Dokument Press, prepuna najboljih svjetskih grafiti stilova. Na vi\u0161e od 60 ilustracija, doprinos vi\u0161e od 60 umjetnika iz cijelog svijeta pru\u017ea raznovrsne, divlje i odva\u017ene likove te ma\u0161tovite oblike spremne za bojanje. Ova bojanka omogu\u0107uje igru bojom i dizajnom za odrasle i djecu, pru\u017eaju\u0107i priliku [&hellip;]","og_url":"https:\/\/www.sugarfactory.hr\/sl\/izdelek\/dodatki\/graffiti-coloring-book-vol-3\/","og_site_name":"Sugar Factory","article_modified_time":"2026-03-05T11:28:14+00:00","og_image":[{"width":896,"height":1120,"url":"https:\/\/www.sugarfactory.hr\/wp-content\/uploads\/2025\/08\/fe76aa379fa844c7bb4aebeb872a2985.webp","type":"image\/webp"}],"twitter_card":"summary_large_image","schema":{"@context":"https:\/\/schema.org","@graph":[{"@type":"WebPage","@id":"https:\/\/www.sugarfactory.hr\/proizvod\/accessories\/graffiti-coloring-book-vol-3\/","url":"https:\/\/www.sugarfactory.hr\/proizvod\/accessories\/graffiti-coloring-book-vol-3\/","name":"Graffiti Coloring Book Vol.3 - Sugar Factory","isPartOf":{"@id":"https:\/\/www.sugarfactory.hr\/#website"},"primaryImageOfPage":{"@id":"https:\/\/www.sugarfactory.hr\/proizvod\/accessories\/graffiti-coloring-book-vol-3\/#primaryimage"},"image":{"@id":"https:\/\/www.sugarfactory.hr\/proizvod\/accessories\/graffiti-coloring-book-vol-3\/#primaryimage"},"thumbnailUrl":"https:\/\/www.sugarfactory.hr\/wp-content\/uploads\/2025\/08\/fe76aa379fa844c7bb4aebeb872a2985.webp","datePublished":"2025-08-28T12:23:43+00:00","dateModified":"2026-03-05T11:28:14+00:00","breadcrumb":{"@id":"https:\/\/www.sugarfactory.hr\/proizvod\/accessories\/graffiti-coloring-book-vol-3\/#breadcrumb"},"inLanguage":"sl-SI","potentialAction":[{"@type":"ReadAction","target":["https:\/\/www.sugarfactory.hr\/proizvod\/accessories\/graffiti-coloring-book-vol-3\/"]}]},{"@type":"ImageObject","inLanguage":"sl-SI","@id":"https:\/\/www.sugarfactory.hr\/proizvod\/accessories\/graffiti-coloring-book-vol-3\/#primaryimage","url":"https:\/\/www.sugarfactory.hr\/wp-content\/uploads\/2025\/08\/fe76aa379fa844c7bb4aebeb872a2985.webp","contentUrl":"https:\/\/www.sugarfactory.hr\/wp-content\/uploads\/2025\/08\/fe76aa379fa844c7bb4aebeb872a2985.webp","width":896,"height":1120},{"@type":"BreadcrumbList","@id":"https:\/\/www.sugarfactory.hr\/proizvod\/accessories\/graffiti-coloring-book-vol-3\/#breadcrumb","itemListElement":[{"@type":"ListItem","position":1,"name":"Po\u010detna stranica","item":"https:\/\/www.sugarfactory.hr\/"},{"@type":"ListItem","position":2,"name":"Proizvodi","item":"https:\/\/www.sugarfactory.hr\/shop\/"},{"@type":"ListItem","position":3,"name":"Graffiti Coloring Book Vol.3"}]},{"@type":"WebSite","@id":"https:\/\/www.sugarfactory.hr\/#website","url":"https:\/\/www.sugarfactory.hr\/","name":"Tovarna sladkorja","description":"Create your sweetest pieces!","potentialAction":[{"@type":"SearchAction","target":{"@type":"EntryPoint","urlTemplate":"https:\/\/www.sugarfactory.hr\/?s={search_term_string}"},"query-input":{"@type":"PropertyValueSpecification","valueRequired":true,"valueName":"search_term_string"}}],"inLanguage":"sl-SI"}]}},"_links":{"self":[{"href":"https:\/\/www.sugarfactory.hr\/sl\/wp-json\/wp\/v2\/product\/12092","targetHints":{"allow":["GET"]}}],"collection":[{"href":"https:\/\/www.sugarfactory.hr\/sl\/wp-json\/wp\/v2\/product"}],"about":[{"href":"https:\/\/www.sugarfactory.hr\/sl\/wp-json\/wp\/v2\/types\/product"}],"wp:featuredmedia":[{"embeddable":true,"href":"https:\/\/www.sugarfactory.hr\/sl\/wp-json\/wp\/v2\/media\/12587"}],"wp:attachment":[{"href":"https:\/\/www.sugarfactory.hr\/sl\/wp-json\/wp\/v2\/media?parent=12092"}],"wp:term":[{"taxonomy":"product_brand","embeddable":true,"href":"https:\/\/www.sugarfactory.hr\/sl\/wp-json\/wp\/v2\/product_brand?post=12092"},{"taxonomy":"product_cat","embeddable":true,"href":"https:\/\/www.sugarfactory.hr\/sl\/wp-json\/wp\/v2\/product_cat?post=12092"},{"taxonomy":"product_tag","embeddable":true,"href":"https:\/\/www.sugarfactory.hr\/sl\/wp-json\/wp\/v2\/product_tag?post=12092"}],"curies":[{"name":"wp","href":"https:\/\/api.w.org\/{rel}","templated":true}]}}