{"id":12949,"date":"2025-10-27T13:09:58","date_gmt":"2025-10-27T12:09:58","guid":{"rendered":"https:\/\/www.sugarfactory.hr\/?post_type=product&#038;p=12949"},"modified":"2026-03-06T11:58:41","modified_gmt":"2026-03-06T10:58:41","slug":"akrilni-lateksni-precizni-copic-m","status":"publish","type":"product","link":"https:\/\/www.sugarfactory.hr\/sl\/izdelek\/dodatki\/orodje-za-barvanje-in-strganje\/akrilni-lateksni-precizni-copic-m\/","title":{"rendered":"Acril Latex natan\u010dna \u010dopi\u010d M"},"content":{"rendered":"<p data-start=\"0\" data-end=\"279\"><strong data-start=\"0\" data-end=\"32\">Acril Latex natan\u010dna \u010dopi\u010d M<\/strong> zasnovan za umetnike in strokovnjake, ki i\u0161\u010dejo <strong data-start=\"87\" data-end=\"123\">maksimalna natan\u010dnost in nadzor<\/strong> pri vsakem koraku. Zahvaljujo\u010d <strong data-start=\"154\" data-end=\"180\" data-is-only-node=\"\">v posebej izdelanem kotu<\/strong>, Ta \u010dopi\u010d omogo\u010da izjemno natan\u010dno delo, idealno za natan\u010dne \u010drte, robove in zapletene podrobnosti.<\/p>\n<p data-start=\"281\" data-end=\"567\">Njegov <strong data-start=\"289\" data-end=\"330\">Odli\u010dna sposobnost zajemanja barv<\/strong> Zagotavlja enakomerno in bogato nana\u0161anje na velikih povr\u0161inah, z <strong data-start=\"390\" data-end=\"446\">z brezhibnim premazom na dol\u017einah, ve\u010djih od 100 cm<\/strong>. Sinteti\u010dna vlakna omogo\u010dajo gladko nana\u0161anje brez prog in odli\u010dno delujejo z razli\u010dnimi vrstami akrilnih in lateksnih barv.<\/p>\n<p data-start=\"569\" data-end=\"840\" data-is-last-node=\"\" data-is-only-node=\"\">Ergonomsko oblikovan <strong data-start=\"591\" data-end=\"628\">Ro\u010daj iz evropskega bukovega lesa<\/strong> Zagotavlja trden in udoben oprijem, kar omogo\u010da natan\u010dno in stabilno delo tudi med dalj\u0161imi delovnimi dnevi. Dimenzije krta\u010de so <strong data-start=\"733\" data-end=\"747\">2\u201d x 18 mm<\/strong>, in <strong data-start=\"751\" data-end=\"774\">Dol\u017eina krzna 70 mm<\/strong>, kar ga naredi idealno kombinacijo mo\u010di, natan\u010dnosti in vzdr\u017eljivosti.<\/p>","protected":false},"excerpt":{"rendered":"<p>Akril Latex Precision kist M dizajniran je za umjetnike i profesionalce koji tra\u017ee maksimalnu preciznost i kontrolu u svakom potezu. Zahvaljuju\u0107i posebno izra\u0111enom kutu, ovaj kist omogu\u0107uje izuzetno to\u010dan rad, idealan za precizne linije, rubove i zahtjevne detalje. Njegova vrhunska sposobnost prikupljanja boje osigurava ujedna\u010den i bogat nanos na velikim povr\u0161inama, s besprijekornim premazom na [&hellip;]<\/p>","protected":false},"featured_media":12950,"template":"","meta":{"_acf_changed":false},"product_brand":[136],"product_cat":[21,86,135],"product_tag":[],"class_list":{"0":"post-12949","1":"product","2":"type-product","3":"status-publish","4":"has-post-thumbnail","6":"product_brand-beorol","7":"product_cat-accessories","8":"product_cat-alati-za-bojanje-i-struganje","9":"product_cat-export","11":"first","12":"instock","13":"shipping-taxable","14":"purchasable","15":"product-type-simple"},"acf":[],"yoast_head":"<!-- This site is optimized with the Yoast SEO plugin v26.3 - https:\/\/yoast.com\/wordpress\/plugins\/seo\/ -->\n<title>Akril Latex Precision kist M - Sugar Factory<\/title>\n<meta name=\"robots\" content=\"index, follow, max-snippet:-1, max-image-preview:large, max-video-preview:-1\" \/>\n<link rel=\"canonical\" href=\"https:\/\/www.sugarfactory.hr\/sl\/izdelek\/dodatki\/orodje-za-barvanje-in-strganje\/akrilni-lateksni-precizni-copic-m\/\" \/>\n<meta property=\"og:locale\" content=\"sl_SI\" \/>\n<meta property=\"og:type\" content=\"article\" \/>\n<meta property=\"og:title\" content=\"Akril Latex Precision kist M - Sugar Factory\" \/>\n<meta property=\"og:description\" content=\"Akril Latex Precision kist M dizajniran je za umjetnike i profesionalce koji tra\u017ee maksimalnu preciznost i kontrolu u svakom potezu. Zahvaljuju\u0107i posebno izra\u0111enom kutu, ovaj kist omogu\u0107uje izuzetno to\u010dan rad, idealan za precizne linije, rubove i zahtjevne detalje. Njegova vrhunska sposobnost prikupljanja boje osigurava ujedna\u010den i bogat nanos na velikim povr\u0161inama, s besprijekornim premazom na [&hellip;]\" \/>\n<meta property=\"og:url\" content=\"https:\/\/www.sugarfactory.hr\/sl\/izdelek\/dodatki\/orodje-za-barvanje-in-strganje\/akrilni-lateksni-precizni-copic-m\/\" \/>\n<meta property=\"og:site_name\" content=\"Sugar Factory\" \/>\n<meta property=\"article:modified_time\" content=\"2026-03-06T10:58:41+00:00\" \/>\n<meta property=\"og:image\" content=\"https:\/\/www.sugarfactory.hr\/wp-content\/uploads\/2025\/10\/577ce3cafa454424863c0f0e9aae9c6d.webp\" \/>\n\t<meta property=\"og:image:width\" content=\"896\" \/>\n\t<meta property=\"og:image:height\" content=\"1120\" \/>\n\t<meta property=\"og:image:type\" content=\"image\/webp\" \/>\n<meta name=\"twitter:card\" content=\"summary_large_image\" \/>\n<meta name=\"twitter:label1\" content=\"Est. reading time\" \/>\n\t<meta name=\"twitter:data1\" content=\"1 minuta\" \/>\n<script type=\"application\/ld+json\" class=\"yoast-schema-graph\">{\"@context\":\"https:\/\/schema.org\",\"@graph\":[{\"@type\":\"WebPage\",\"@id\":\"https:\/\/www.sugarfactory.hr\/proizvod\/accessories\/alati-za-bojanje-i-struganje\/akril-latex-precision-kist-m\/\",\"url\":\"https:\/\/www.sugarfactory.hr\/proizvod\/accessories\/alati-za-bojanje-i-struganje\/akril-latex-precision-kist-m\/\",\"name\":\"Akril Latex Precision kist M - Sugar Factory\",\"isPartOf\":{\"@id\":\"https:\/\/www.sugarfactory.hr\/#website\"},\"primaryImageOfPage\":{\"@id\":\"https:\/\/www.sugarfactory.hr\/proizvod\/accessories\/alati-za-bojanje-i-struganje\/akril-latex-precision-kist-m\/#primaryimage\"},\"image\":{\"@id\":\"https:\/\/www.sugarfactory.hr\/proizvod\/accessories\/alati-za-bojanje-i-struganje\/akril-latex-precision-kist-m\/#primaryimage\"},\"thumbnailUrl\":\"https:\/\/www.sugarfactory.hr\/wp-content\/uploads\/2025\/10\/577ce3cafa454424863c0f0e9aae9c6d.webp\",\"datePublished\":\"2025-10-27T12:09:58+00:00\",\"dateModified\":\"2026-03-06T10:58:41+00:00\",\"breadcrumb\":{\"@id\":\"https:\/\/www.sugarfactory.hr\/proizvod\/accessories\/alati-za-bojanje-i-struganje\/akril-latex-precision-kist-m\/#breadcrumb\"},\"inLanguage\":\"sl-SI\",\"potentialAction\":[{\"@type\":\"ReadAction\",\"target\":[\"https:\/\/www.sugarfactory.hr\/proizvod\/accessories\/alati-za-bojanje-i-struganje\/akril-latex-precision-kist-m\/\"]}]},{\"@type\":\"ImageObject\",\"inLanguage\":\"sl-SI\",\"@id\":\"https:\/\/www.sugarfactory.hr\/proizvod\/accessories\/alati-za-bojanje-i-struganje\/akril-latex-precision-kist-m\/#primaryimage\",\"url\":\"https:\/\/www.sugarfactory.hr\/wp-content\/uploads\/2025\/10\/577ce3cafa454424863c0f0e9aae9c6d.webp\",\"contentUrl\":\"https:\/\/www.sugarfactory.hr\/wp-content\/uploads\/2025\/10\/577ce3cafa454424863c0f0e9aae9c6d.webp\",\"width\":896,\"height\":1120},{\"@type\":\"BreadcrumbList\",\"@id\":\"https:\/\/www.sugarfactory.hr\/proizvod\/accessories\/alati-za-bojanje-i-struganje\/akril-latex-precision-kist-m\/#breadcrumb\",\"itemListElement\":[{\"@type\":\"ListItem\",\"position\":1,\"name\":\"Po\u010detna stranica\",\"item\":\"https:\/\/www.sugarfactory.hr\/\"},{\"@type\":\"ListItem\",\"position\":2,\"name\":\"Proizvodi\",\"item\":\"https:\/\/www.sugarfactory.hr\/shop\/\"},{\"@type\":\"ListItem\",\"position\":3,\"name\":\"Akril Latex Precision kist M\"}]},{\"@type\":\"WebSite\",\"@id\":\"https:\/\/www.sugarfactory.hr\/#website\",\"url\":\"https:\/\/www.sugarfactory.hr\/\",\"name\":\"Sugar Factory\",\"description\":\"Create your sweetest pieces!\",\"potentialAction\":[{\"@type\":\"SearchAction\",\"target\":{\"@type\":\"EntryPoint\",\"urlTemplate\":\"https:\/\/www.sugarfactory.hr\/?s={search_term_string}\"},\"query-input\":{\"@type\":\"PropertyValueSpecification\",\"valueRequired\":true,\"valueName\":\"search_term_string\"}}],\"inLanguage\":\"sl-SI\"}]}<\/script>\n<!-- \/ Yoast SEO plugin. -->","yoast_head_json":{"title":"Acril Latex Precision Brush M - Tovarna sladkorja","robots":{"index":"index","follow":"follow","max-snippet":"max-snippet:-1","max-image-preview":"max-image-preview:large","max-video-preview":"max-video-preview:-1"},"canonical":"https:\/\/www.sugarfactory.hr\/sl\/izdelek\/dodatki\/orodje-za-barvanje-in-strganje\/akrilni-lateksni-precizni-copic-m\/","og_locale":"sl_SI","og_type":"article","og_title":"Akril Latex Precision kist M - Sugar Factory","og_description":"Akril Latex Precision kist M dizajniran je za umjetnike i profesionalce koji tra\u017ee maksimalnu preciznost i kontrolu u svakom potezu. Zahvaljuju\u0107i posebno izra\u0111enom kutu, ovaj kist omogu\u0107uje izuzetno to\u010dan rad, idealan za precizne linije, rubove i zahtjevne detalje. Njegova vrhunska sposobnost prikupljanja boje osigurava ujedna\u010den i bogat nanos na velikim povr\u0161inama, s besprijekornim premazom na [&hellip;]","og_url":"https:\/\/www.sugarfactory.hr\/sl\/izdelek\/dodatki\/orodje-za-barvanje-in-strganje\/akrilni-lateksni-precizni-copic-m\/","og_site_name":"Sugar Factory","article_modified_time":"2026-03-06T10:58:41+00:00","og_image":[{"width":896,"height":1120,"url":"https:\/\/www.sugarfactory.hr\/wp-content\/uploads\/2025\/10\/577ce3cafa454424863c0f0e9aae9c6d.webp","type":"image\/webp"}],"twitter_card":"summary_large_image","twitter_misc":{"Est. reading time":"1 minuta"},"schema":{"@context":"https:\/\/schema.org","@graph":[{"@type":"WebPage","@id":"https:\/\/www.sugarfactory.hr\/proizvod\/accessories\/alati-za-bojanje-i-struganje\/akril-latex-precision-kist-m\/","url":"https:\/\/www.sugarfactory.hr\/proizvod\/accessories\/alati-za-bojanje-i-struganje\/akril-latex-precision-kist-m\/","name":"Acril Latex Precision Brush M - Tovarna sladkorja","isPartOf":{"@id":"https:\/\/www.sugarfactory.hr\/#website"},"primaryImageOfPage":{"@id":"https:\/\/www.sugarfactory.hr\/proizvod\/accessories\/alati-za-bojanje-i-struganje\/akril-latex-precision-kist-m\/#primaryimage"},"image":{"@id":"https:\/\/www.sugarfactory.hr\/proizvod\/accessories\/alati-za-bojanje-i-struganje\/akril-latex-precision-kist-m\/#primaryimage"},"thumbnailUrl":"https:\/\/www.sugarfactory.hr\/wp-content\/uploads\/2025\/10\/577ce3cafa454424863c0f0e9aae9c6d.webp","datePublished":"2025-10-27T12:09:58+00:00","dateModified":"2026-03-06T10:58:41+00:00","breadcrumb":{"@id":"https:\/\/www.sugarfactory.hr\/proizvod\/accessories\/alati-za-bojanje-i-struganje\/akril-latex-precision-kist-m\/#breadcrumb"},"inLanguage":"sl-SI","potentialAction":[{"@type":"ReadAction","target":["https:\/\/www.sugarfactory.hr\/proizvod\/accessories\/alati-za-bojanje-i-struganje\/akril-latex-precision-kist-m\/"]}]},{"@type":"ImageObject","inLanguage":"sl-SI","@id":"https:\/\/www.sugarfactory.hr\/proizvod\/accessories\/alati-za-bojanje-i-struganje\/akril-latex-precision-kist-m\/#primaryimage","url":"https:\/\/www.sugarfactory.hr\/wp-content\/uploads\/2025\/10\/577ce3cafa454424863c0f0e9aae9c6d.webp","contentUrl":"https:\/\/www.sugarfactory.hr\/wp-content\/uploads\/2025\/10\/577ce3cafa454424863c0f0e9aae9c6d.webp","width":896,"height":1120},{"@type":"BreadcrumbList","@id":"https:\/\/www.sugarfactory.hr\/proizvod\/accessories\/alati-za-bojanje-i-struganje\/akril-latex-precision-kist-m\/#breadcrumb","itemListElement":[{"@type":"ListItem","position":1,"name":"Po\u010detna stranica","item":"https:\/\/www.sugarfactory.hr\/"},{"@type":"ListItem","position":2,"name":"Proizvodi","item":"https:\/\/www.sugarfactory.hr\/shop\/"},{"@type":"ListItem","position":3,"name":"Akril Latex Precision kist M"}]},{"@type":"WebSite","@id":"https:\/\/www.sugarfactory.hr\/#website","url":"https:\/\/www.sugarfactory.hr\/","name":"Tovarna sladkorja","description":"Create your sweetest pieces!","potentialAction":[{"@type":"SearchAction","target":{"@type":"EntryPoint","urlTemplate":"https:\/\/www.sugarfactory.hr\/?s={search_term_string}"},"query-input":{"@type":"PropertyValueSpecification","valueRequired":true,"valueName":"search_term_string"}}],"inLanguage":"sl-SI"}]}},"_links":{"self":[{"href":"https:\/\/www.sugarfactory.hr\/sl\/wp-json\/wp\/v2\/product\/12949","targetHints":{"allow":["GET"]}}],"collection":[{"href":"https:\/\/www.sugarfactory.hr\/sl\/wp-json\/wp\/v2\/product"}],"about":[{"href":"https:\/\/www.sugarfactory.hr\/sl\/wp-json\/wp\/v2\/types\/product"}],"wp:featuredmedia":[{"embeddable":true,"href":"https:\/\/www.sugarfactory.hr\/sl\/wp-json\/wp\/v2\/media\/12950"}],"wp:attachment":[{"href":"https:\/\/www.sugarfactory.hr\/sl\/wp-json\/wp\/v2\/media?parent=12949"}],"wp:term":[{"taxonomy":"product_brand","embeddable":true,"href":"https:\/\/www.sugarfactory.hr\/sl\/wp-json\/wp\/v2\/product_brand?post=12949"},{"taxonomy":"product_cat","embeddable":true,"href":"https:\/\/www.sugarfactory.hr\/sl\/wp-json\/wp\/v2\/product_cat?post=12949"},{"taxonomy":"product_tag","embeddable":true,"href":"https:\/\/www.sugarfactory.hr\/sl\/wp-json\/wp\/v2\/product_tag?post=12949"}],"curies":[{"name":"wp","href":"https:\/\/api.w.org\/{rel}","templated":true}]}}