{"id":13155,"date":"2025-10-29T11:16:11","date_gmt":"2025-10-29T10:16:11","guid":{"rendered":"https:\/\/www.sugarfactory.hr\/?post_type=product&#038;p=13155"},"modified":"2026-04-08T09:25:43","modified_gmt":"2026-04-08T08:25:43","slug":"traka-za-grube-povrsine","status":"publish","type":"product","link":"https:\/\/www.sugarfactory.hr\/sl\/izdelek\/dodatki\/traka-za-grube-povrsine\/","title":{"rendered":"Traka za grube povr\u0161ine"},"content":{"rendered":"<p data-start=\"0\" data-end=\"270\"><strong data-start=\"0\" data-end=\"27\">Traka za grube povr\u0161ine<\/strong> posebno je razvijena za <strong data-start=\"52\" data-end=\"102\">za\u0161titu tijekom gra\u0111evinskih i fasadnih radova<\/strong>, gdje je potrebna sna\u017ena prionjivost i visoka otpornost. Njezina formula osigurava <strong data-start=\"186\" data-end=\"237\" data-is-only-node=\"\">izvrsno prianjanje na neravne i porozne podloge<\/strong> poput \u017ebuke, cigle ili betona.<\/p>\n<p data-start=\"272\" data-end=\"508\">To <strong data-start=\"276\" data-end=\"297\">vodootporna traka<\/strong> izdr\u017eava vlagu i <strong data-start=\"315\" data-end=\"336\">niske temperature<\/strong>, zadr\u017eavaju\u0107i elasti\u010dnost i stabilnost \u010dak i u zahtjevnim uvjetima rada. Zahvaljuju\u0107i kvalitetnom ljepilu, <strong data-start=\"444\" data-end=\"475\">odstranjuje se bez ostataka<\/strong>, ne o\u0161te\u0107uju\u0107i povr\u0161inu ispod.<\/p>\n<p data-start=\"510\" data-end=\"686\" data-is-last-node=\"\" data-is-only-node=\"\"><strong data-start=\"510\" data-end=\"537\">Traka za grube povr\u0161ine<\/strong> idealan je izbor za profesionalne majstore i hobi korisnike koji tra\u017ee <strong data-start=\"609\" data-end=\"648\">pouzdanost, trajnost i \u010diste rubove<\/strong> pri bojanju i gra\u0111evinskim zahvatima.<\/p>","protected":false},"excerpt":{"rendered":"<p>Traka za grube povr\u0161ine posebno je razvijena za za\u0161titu tijekom gra\u0111evinskih i fasadnih radova, gdje je potrebna sna\u017ena prionjivost i visoka otpornost. Njezina formula osigurava izvrsno prianjanje na neravne i porozne podloge poput \u017ebuke, cigle ili betona. Ova vodootporna traka izdr\u017eava vlagu i niske temperature, zadr\u017eavaju\u0107i elasti\u010dnost i stabilnost \u010dak i u zahtjevnim uvjetima rada. [&hellip;]<\/p>","protected":false},"featured_media":13158,"template":"","meta":{"_acf_changed":false},"product_brand":[128],"product_cat":[21,86,135],"product_tag":[],"class_list":{"0":"post-13155","1":"product","2":"type-product","3":"status-publish","4":"has-post-thumbnail","6":"product_brand-texo","7":"product_cat-accessories","8":"product_cat-alati-za-bojanje-i-struganje","9":"product_cat-export","11":"first","12":"instock","13":"shipping-taxable","14":"purchasable","15":"product-type-variable"},"acf":[],"yoast_head":"<!-- This site is optimized with the Yoast SEO plugin v26.3 - https:\/\/yoast.com\/wordpress\/plugins\/seo\/ -->\n<title>Traka za grube povr\u0161ine - Sugar Factory<\/title>\n<meta name=\"robots\" content=\"index, follow, max-snippet:-1, max-image-preview:large, max-video-preview:-1\" \/>\n<link rel=\"canonical\" href=\"https:\/\/www.sugarfactory.hr\/sl\/izdelek\/dodatki\/traka-za-grube-povrsine\/\" \/>\n<meta property=\"og:locale\" content=\"sl_SI\" \/>\n<meta property=\"og:type\" content=\"article\" \/>\n<meta property=\"og:title\" content=\"Traka za grube povr\u0161ine - Sugar Factory\" \/>\n<meta property=\"og:description\" content=\"Traka za grube povr\u0161ine posebno je razvijena za za\u0161titu tijekom gra\u0111evinskih i fasadnih radova, gdje je potrebna sna\u017ena prionjivost i visoka otpornost. Njezina formula osigurava izvrsno prianjanje na neravne i porozne podloge poput \u017ebuke, cigle ili betona. Ova vodootporna traka izdr\u017eava vlagu i niske temperature, zadr\u017eavaju\u0107i elasti\u010dnost i stabilnost \u010dak i u zahtjevnim uvjetima rada. [&hellip;]\" \/>\n<meta property=\"og:url\" content=\"https:\/\/www.sugarfactory.hr\/sl\/izdelek\/dodatki\/traka-za-grube-povrsine\/\" \/>\n<meta property=\"og:site_name\" content=\"Sugar Factory\" \/>\n<meta property=\"article:modified_time\" content=\"2026-04-08T08:25:43+00:00\" \/>\n<meta property=\"og:image\" content=\"https:\/\/www.sugarfactory.hr\/wp-content\/uploads\/2025\/10\/cf56a06eff8e49dfb2d6c6940fbf1606.webp\" \/>\n\t<meta property=\"og:image:width\" content=\"896\" \/>\n\t<meta property=\"og:image:height\" content=\"1120\" \/>\n\t<meta property=\"og:image:type\" content=\"image\/webp\" \/>\n<meta name=\"twitter:card\" content=\"summary_large_image\" \/>\n<meta name=\"twitter:label1\" content=\"Est. reading time\" \/>\n\t<meta name=\"twitter:data1\" content=\"1 minuta\" \/>\n<script type=\"application\/ld+json\" class=\"yoast-schema-graph\">{\"@context\":\"https:\/\/schema.org\",\"@graph\":[{\"@type\":\"WebPage\",\"@id\":\"https:\/\/www.sugarfactory.hr\/proizvod\/accessories\/traka-za-grube-povrsine\/\",\"url\":\"https:\/\/www.sugarfactory.hr\/proizvod\/accessories\/traka-za-grube-povrsine\/\",\"name\":\"Traka za grube povr\u0161ine - Sugar Factory\",\"isPartOf\":{\"@id\":\"https:\/\/www.sugarfactory.hr\/#website\"},\"primaryImageOfPage\":{\"@id\":\"https:\/\/www.sugarfactory.hr\/proizvod\/accessories\/traka-za-grube-povrsine\/#primaryimage\"},\"image\":{\"@id\":\"https:\/\/www.sugarfactory.hr\/proizvod\/accessories\/traka-za-grube-povrsine\/#primaryimage\"},\"thumbnailUrl\":\"https:\/\/www.sugarfactory.hr\/wp-content\/uploads\/2025\/10\/cf56a06eff8e49dfb2d6c6940fbf1606.webp\",\"datePublished\":\"2025-10-29T10:16:11+00:00\",\"dateModified\":\"2026-04-08T08:25:43+00:00\",\"breadcrumb\":{\"@id\":\"https:\/\/www.sugarfactory.hr\/proizvod\/accessories\/traka-za-grube-povrsine\/#breadcrumb\"},\"inLanguage\":\"sl-SI\",\"potentialAction\":[{\"@type\":\"ReadAction\",\"target\":[\"https:\/\/www.sugarfactory.hr\/proizvod\/accessories\/traka-za-grube-povrsine\/\"]}]},{\"@type\":\"ImageObject\",\"inLanguage\":\"sl-SI\",\"@id\":\"https:\/\/www.sugarfactory.hr\/proizvod\/accessories\/traka-za-grube-povrsine\/#primaryimage\",\"url\":\"https:\/\/www.sugarfactory.hr\/wp-content\/uploads\/2025\/10\/cf56a06eff8e49dfb2d6c6940fbf1606.webp\",\"contentUrl\":\"https:\/\/www.sugarfactory.hr\/wp-content\/uploads\/2025\/10\/cf56a06eff8e49dfb2d6c6940fbf1606.webp\",\"width\":896,\"height\":1120},{\"@type\":\"BreadcrumbList\",\"@id\":\"https:\/\/www.sugarfactory.hr\/proizvod\/accessories\/traka-za-grube-povrsine\/#breadcrumb\",\"itemListElement\":[{\"@type\":\"ListItem\",\"position\":1,\"name\":\"Po\u010detna stranica\",\"item\":\"https:\/\/www.sugarfactory.hr\/\"},{\"@type\":\"ListItem\",\"position\":2,\"name\":\"Proizvodi\",\"item\":\"https:\/\/www.sugarfactory.hr\/shop\/\"},{\"@type\":\"ListItem\",\"position\":3,\"name\":\"Traka za grube povr\u0161ine\"}]},{\"@type\":\"WebSite\",\"@id\":\"https:\/\/www.sugarfactory.hr\/#website\",\"url\":\"https:\/\/www.sugarfactory.hr\/\",\"name\":\"Sugar Factory\",\"description\":\"Create your sweetest pieces!\",\"potentialAction\":[{\"@type\":\"SearchAction\",\"target\":{\"@type\":\"EntryPoint\",\"urlTemplate\":\"https:\/\/www.sugarfactory.hr\/?s={search_term_string}\"},\"query-input\":{\"@type\":\"PropertyValueSpecification\",\"valueRequired\":true,\"valueName\":\"search_term_string\"}}],\"inLanguage\":\"sl-SI\"}]}<\/script>\n<!-- \/ Yoast SEO plugin. -->","yoast_head_json":{"title":"Traka za grube povr\u0161ine - Sugar Factory","robots":{"index":"index","follow":"follow","max-snippet":"max-snippet:-1","max-image-preview":"max-image-preview:large","max-video-preview":"max-video-preview:-1"},"canonical":"https:\/\/www.sugarfactory.hr\/sl\/izdelek\/dodatki\/traka-za-grube-povrsine\/","og_locale":"sl_SI","og_type":"article","og_title":"Traka za grube povr\u0161ine - Sugar Factory","og_description":"Traka za grube povr\u0161ine posebno je razvijena za za\u0161titu tijekom gra\u0111evinskih i fasadnih radova, gdje je potrebna sna\u017ena prionjivost i visoka otpornost. Njezina formula osigurava izvrsno prianjanje na neravne i porozne podloge poput \u017ebuke, cigle ili betona. Ova vodootporna traka izdr\u017eava vlagu i niske temperature, zadr\u017eavaju\u0107i elasti\u010dnost i stabilnost \u010dak i u zahtjevnim uvjetima rada. [&hellip;]","og_url":"https:\/\/www.sugarfactory.hr\/sl\/izdelek\/dodatki\/traka-za-grube-povrsine\/","og_site_name":"Sugar Factory","article_modified_time":"2026-04-08T08:25:43+00:00","og_image":[{"width":896,"height":1120,"url":"https:\/\/www.sugarfactory.hr\/wp-content\/uploads\/2025\/10\/cf56a06eff8e49dfb2d6c6940fbf1606.webp","type":"image\/webp"}],"twitter_card":"summary_large_image","twitter_misc":{"Est. reading time":"1 minuta"},"schema":{"@context":"https:\/\/schema.org","@graph":[{"@type":"WebPage","@id":"https:\/\/www.sugarfactory.hr\/proizvod\/accessories\/traka-za-grube-povrsine\/","url":"https:\/\/www.sugarfactory.hr\/proizvod\/accessories\/traka-za-grube-povrsine\/","name":"Traka za grube povr\u0161ine - Sugar Factory","isPartOf":{"@id":"https:\/\/www.sugarfactory.hr\/#website"},"primaryImageOfPage":{"@id":"https:\/\/www.sugarfactory.hr\/proizvod\/accessories\/traka-za-grube-povrsine\/#primaryimage"},"image":{"@id":"https:\/\/www.sugarfactory.hr\/proizvod\/accessories\/traka-za-grube-povrsine\/#primaryimage"},"thumbnailUrl":"https:\/\/www.sugarfactory.hr\/wp-content\/uploads\/2025\/10\/cf56a06eff8e49dfb2d6c6940fbf1606.webp","datePublished":"2025-10-29T10:16:11+00:00","dateModified":"2026-04-08T08:25:43+00:00","breadcrumb":{"@id":"https:\/\/www.sugarfactory.hr\/proizvod\/accessories\/traka-za-grube-povrsine\/#breadcrumb"},"inLanguage":"sl-SI","potentialAction":[{"@type":"ReadAction","target":["https:\/\/www.sugarfactory.hr\/proizvod\/accessories\/traka-za-grube-povrsine\/"]}]},{"@type":"ImageObject","inLanguage":"sl-SI","@id":"https:\/\/www.sugarfactory.hr\/proizvod\/accessories\/traka-za-grube-povrsine\/#primaryimage","url":"https:\/\/www.sugarfactory.hr\/wp-content\/uploads\/2025\/10\/cf56a06eff8e49dfb2d6c6940fbf1606.webp","contentUrl":"https:\/\/www.sugarfactory.hr\/wp-content\/uploads\/2025\/10\/cf56a06eff8e49dfb2d6c6940fbf1606.webp","width":896,"height":1120},{"@type":"BreadcrumbList","@id":"https:\/\/www.sugarfactory.hr\/proizvod\/accessories\/traka-za-grube-povrsine\/#breadcrumb","itemListElement":[{"@type":"ListItem","position":1,"name":"Po\u010detna stranica","item":"https:\/\/www.sugarfactory.hr\/"},{"@type":"ListItem","position":2,"name":"Proizvodi","item":"https:\/\/www.sugarfactory.hr\/shop\/"},{"@type":"ListItem","position":3,"name":"Traka za grube povr\u0161ine"}]},{"@type":"WebSite","@id":"https:\/\/www.sugarfactory.hr\/#website","url":"https:\/\/www.sugarfactory.hr\/","name":"Tovarna sladkorja","description":"Create your sweetest pieces!","potentialAction":[{"@type":"SearchAction","target":{"@type":"EntryPoint","urlTemplate":"https:\/\/www.sugarfactory.hr\/?s={search_term_string}"},"query-input":{"@type":"PropertyValueSpecification","valueRequired":true,"valueName":"search_term_string"}}],"inLanguage":"sl-SI"}]}},"_links":{"self":[{"href":"https:\/\/www.sugarfactory.hr\/sl\/wp-json\/wp\/v2\/product\/13155","targetHints":{"allow":["GET"]}}],"collection":[{"href":"https:\/\/www.sugarfactory.hr\/sl\/wp-json\/wp\/v2\/product"}],"about":[{"href":"https:\/\/www.sugarfactory.hr\/sl\/wp-json\/wp\/v2\/types\/product"}],"wp:featuredmedia":[{"embeddable":true,"href":"https:\/\/www.sugarfactory.hr\/sl\/wp-json\/wp\/v2\/media\/13158"}],"wp:attachment":[{"href":"https:\/\/www.sugarfactory.hr\/sl\/wp-json\/wp\/v2\/media?parent=13155"}],"wp:term":[{"taxonomy":"product_brand","embeddable":true,"href":"https:\/\/www.sugarfactory.hr\/sl\/wp-json\/wp\/v2\/product_brand?post=13155"},{"taxonomy":"product_cat","embeddable":true,"href":"https:\/\/www.sugarfactory.hr\/sl\/wp-json\/wp\/v2\/product_cat?post=13155"},{"taxonomy":"product_tag","embeddable":true,"href":"https:\/\/www.sugarfactory.hr\/sl\/wp-json\/wp\/v2\/product_tag?post=13155"}],"curies":[{"name":"wp","href":"https:\/\/api.w.org\/{rel}","templated":true}]}}