{"id":13196,"date":"2025-10-29T12:25:59","date_gmt":"2025-10-29T11:25:59","guid":{"rendered":"https:\/\/www.sugarfactory.hr\/?post_type=product&#038;p=13196"},"modified":"2026-04-17T12:52:32","modified_gmt":"2026-04-17T11:52:32","slug":"kanta-ovalna-18-l","status":"publish","type":"product","link":"https:\/\/www.sugarfactory.hr\/sl\/izdelek\/dodatki\/kanta-ovalna-18-l\/","title":{"rendered":"Ovalna ko\u0161ara 18 L"},"content":{"rendered":"<p data-start=\"0\" data-end=\"243\"><strong data-start=\"0\" data-end=\"21\">Kanta ovalna 18\u202fL<\/strong> savr\u0161en je pomo\u0107nik za sve vrste bojarskih i pripremnih radova. Izra\u0111ena je u prakti\u010dnom ovalnom obliku koji omogu\u0107uje lak\u0161e manevriranje i smanjuje potencijalno prolijevanje boje, \u0161to pove\u0107ava njezinu korisnost u radu.<\/p>\n<p data-start=\"245\" data-end=\"447\">Kapacitet od <strong data-start=\"258\" data-end=\"271\">18 litara<\/strong> pru\u017ea dovoljno prostora za mije\u0161anje ili dr\u017eanje boje, dok \u010dvrsta konstrukcija i izdr\u017eljivi materijali osiguravaju pouzdanost i dugotrajnost u \u0161irokom rasponu radnih uvjeta.<\/p>\n<p data-start=\"449\" data-end=\"644\">Bilo da se koristi za mije\u0161anje boje, kemikalija ili kao posuda za opremu, ova kanta je prakti\u010dan i svestran alat koji olak\u0161ava organizaciju radnog prostora i omogu\u0107uje u\u010dinkovitiji tijek radova.<\/p>","protected":false},"excerpt":{"rendered":"<p>Kanta ovalna 18\u202fL savr\u0161en je pomo\u0107nik za sve vrste bojarskih i pripremnih radova. Izra\u0111ena je u prakti\u010dnom ovalnom obliku koji omogu\u0107uje lak\u0161e manevriranje i smanjuje potencijalno prolijevanje boje, \u0161to pove\u0107ava njezinu korisnost u radu. Kapacitet od 18 litara pru\u017ea dovoljno prostora za mije\u0161anje ili dr\u017eanje boje, dok \u010dvrsta konstrukcija i izdr\u017eljivi materijali osiguravaju pouzdanost i [&hellip;]<\/p>","protected":false},"featured_media":13197,"template":"","meta":{"_acf_changed":false},"product_brand":[136],"product_cat":[21,86,135],"product_tag":[],"class_list":{"0":"post-13196","1":"product","2":"type-product","3":"status-publish","4":"has-post-thumbnail","6":"product_brand-beorol","7":"product_cat-accessories","8":"product_cat-alati-za-bojanje-i-struganje","9":"product_cat-export","11":"first","12":"instock","13":"shipping-taxable","14":"purchasable","15":"product-type-simple"},"acf":[],"yoast_head":"<!-- This site is optimized with the Yoast SEO plugin v26.3 - https:\/\/yoast.com\/wordpress\/plugins\/seo\/ -->\n<title>Kanta ovalna 18 L - Sugar Factory<\/title>\n<meta name=\"robots\" content=\"index, follow, max-snippet:-1, max-image-preview:large, max-video-preview:-1\" \/>\n<link rel=\"canonical\" href=\"https:\/\/www.sugarfactory.hr\/sl\/izdelek\/dodatki\/kanta-ovalna-18-l\/\" \/>\n<meta property=\"og:locale\" content=\"sl_SI\" \/>\n<meta property=\"og:type\" content=\"article\" \/>\n<meta property=\"og:title\" content=\"Kanta ovalna 18 L - Sugar Factory\" \/>\n<meta property=\"og:description\" content=\"Kanta ovalna 18\u202fL savr\u0161en je pomo\u0107nik za sve vrste bojarskih i pripremnih radova. Izra\u0111ena je u prakti\u010dnom ovalnom obliku koji omogu\u0107uje lak\u0161e manevriranje i smanjuje potencijalno prolijevanje boje, \u0161to pove\u0107ava njezinu korisnost u radu. Kapacitet od 18 litara pru\u017ea dovoljno prostora za mije\u0161anje ili dr\u017eanje boje, dok \u010dvrsta konstrukcija i izdr\u017eljivi materijali osiguravaju pouzdanost i [&hellip;]\" \/>\n<meta property=\"og:url\" content=\"https:\/\/www.sugarfactory.hr\/sl\/izdelek\/dodatki\/kanta-ovalna-18-l\/\" \/>\n<meta property=\"og:site_name\" content=\"Sugar Factory\" \/>\n<meta property=\"article:modified_time\" content=\"2026-04-17T11:52:32+00:00\" \/>\n<meta property=\"og:image\" content=\"https:\/\/www.sugarfactory.hr\/wp-content\/uploads\/2025\/10\/f0eaf472ef084051b473ffb77fc274ed.webp\" \/>\n\t<meta property=\"og:image:width\" content=\"896\" \/>\n\t<meta property=\"og:image:height\" content=\"1120\" \/>\n\t<meta property=\"og:image:type\" content=\"image\/webp\" \/>\n<meta name=\"twitter:card\" content=\"summary_large_image\" \/>\n<meta name=\"twitter:label1\" content=\"Est. reading time\" \/>\n\t<meta name=\"twitter:data1\" content=\"1 minuta\" \/>\n<script type=\"application\/ld+json\" class=\"yoast-schema-graph\">{\"@context\":\"https:\/\/schema.org\",\"@graph\":[{\"@type\":\"WebPage\",\"@id\":\"https:\/\/www.sugarfactory.hr\/proizvod\/accessories\/kanta-ovalna-18-l\/\",\"url\":\"https:\/\/www.sugarfactory.hr\/proizvod\/accessories\/kanta-ovalna-18-l\/\",\"name\":\"Kanta ovalna 18 L - Sugar Factory\",\"isPartOf\":{\"@id\":\"https:\/\/www.sugarfactory.hr\/#website\"},\"primaryImageOfPage\":{\"@id\":\"https:\/\/www.sugarfactory.hr\/proizvod\/accessories\/kanta-ovalna-18-l\/#primaryimage\"},\"image\":{\"@id\":\"https:\/\/www.sugarfactory.hr\/proizvod\/accessories\/kanta-ovalna-18-l\/#primaryimage\"},\"thumbnailUrl\":\"https:\/\/www.sugarfactory.hr\/wp-content\/uploads\/2025\/10\/f0eaf472ef084051b473ffb77fc274ed.webp\",\"datePublished\":\"2025-10-29T11:25:59+00:00\",\"dateModified\":\"2026-04-17T11:52:32+00:00\",\"breadcrumb\":{\"@id\":\"https:\/\/www.sugarfactory.hr\/proizvod\/accessories\/kanta-ovalna-18-l\/#breadcrumb\"},\"inLanguage\":\"sl-SI\",\"potentialAction\":[{\"@type\":\"ReadAction\",\"target\":[\"https:\/\/www.sugarfactory.hr\/proizvod\/accessories\/kanta-ovalna-18-l\/\"]}]},{\"@type\":\"ImageObject\",\"inLanguage\":\"sl-SI\",\"@id\":\"https:\/\/www.sugarfactory.hr\/proizvod\/accessories\/kanta-ovalna-18-l\/#primaryimage\",\"url\":\"https:\/\/www.sugarfactory.hr\/wp-content\/uploads\/2025\/10\/f0eaf472ef084051b473ffb77fc274ed.webp\",\"contentUrl\":\"https:\/\/www.sugarfactory.hr\/wp-content\/uploads\/2025\/10\/f0eaf472ef084051b473ffb77fc274ed.webp\",\"width\":896,\"height\":1120},{\"@type\":\"BreadcrumbList\",\"@id\":\"https:\/\/www.sugarfactory.hr\/proizvod\/accessories\/kanta-ovalna-18-l\/#breadcrumb\",\"itemListElement\":[{\"@type\":\"ListItem\",\"position\":1,\"name\":\"Po\u010detna stranica\",\"item\":\"https:\/\/www.sugarfactory.hr\/\"},{\"@type\":\"ListItem\",\"position\":2,\"name\":\"Proizvodi\",\"item\":\"https:\/\/www.sugarfactory.hr\/shop\/\"},{\"@type\":\"ListItem\",\"position\":3,\"name\":\"Kanta ovalna 18 L\"}]},{\"@type\":\"WebSite\",\"@id\":\"https:\/\/www.sugarfactory.hr\/#website\",\"url\":\"https:\/\/www.sugarfactory.hr\/\",\"name\":\"Sugar Factory\",\"description\":\"Create your sweetest pieces!\",\"potentialAction\":[{\"@type\":\"SearchAction\",\"target\":{\"@type\":\"EntryPoint\",\"urlTemplate\":\"https:\/\/www.sugarfactory.hr\/?s={search_term_string}\"},\"query-input\":{\"@type\":\"PropertyValueSpecification\",\"valueRequired\":true,\"valueName\":\"search_term_string\"}}],\"inLanguage\":\"sl-SI\"}]}<\/script>\n<!-- \/ Yoast SEO plugin. -->","yoast_head_json":{"title":"Kanta ovalna 18 L - Sugar Factory","robots":{"index":"index","follow":"follow","max-snippet":"max-snippet:-1","max-image-preview":"max-image-preview:large","max-video-preview":"max-video-preview:-1"},"canonical":"https:\/\/www.sugarfactory.hr\/sl\/izdelek\/dodatki\/kanta-ovalna-18-l\/","og_locale":"sl_SI","og_type":"article","og_title":"Kanta ovalna 18 L - Sugar Factory","og_description":"Kanta ovalna 18\u202fL savr\u0161en je pomo\u0107nik za sve vrste bojarskih i pripremnih radova. Izra\u0111ena je u prakti\u010dnom ovalnom obliku koji omogu\u0107uje lak\u0161e manevriranje i smanjuje potencijalno prolijevanje boje, \u0161to pove\u0107ava njezinu korisnost u radu. Kapacitet od 18 litara pru\u017ea dovoljno prostora za mije\u0161anje ili dr\u017eanje boje, dok \u010dvrsta konstrukcija i izdr\u017eljivi materijali osiguravaju pouzdanost i [&hellip;]","og_url":"https:\/\/www.sugarfactory.hr\/sl\/izdelek\/dodatki\/kanta-ovalna-18-l\/","og_site_name":"Sugar Factory","article_modified_time":"2026-04-17T11:52:32+00:00","og_image":[{"width":896,"height":1120,"url":"https:\/\/www.sugarfactory.hr\/wp-content\/uploads\/2025\/10\/f0eaf472ef084051b473ffb77fc274ed.webp","type":"image\/webp"}],"twitter_card":"summary_large_image","twitter_misc":{"Est. reading time":"1 minuta"},"schema":{"@context":"https:\/\/schema.org","@graph":[{"@type":"WebPage","@id":"https:\/\/www.sugarfactory.hr\/proizvod\/accessories\/kanta-ovalna-18-l\/","url":"https:\/\/www.sugarfactory.hr\/proizvod\/accessories\/kanta-ovalna-18-l\/","name":"Kanta ovalna 18 L - Sugar Factory","isPartOf":{"@id":"https:\/\/www.sugarfactory.hr\/#website"},"primaryImageOfPage":{"@id":"https:\/\/www.sugarfactory.hr\/proizvod\/accessories\/kanta-ovalna-18-l\/#primaryimage"},"image":{"@id":"https:\/\/www.sugarfactory.hr\/proizvod\/accessories\/kanta-ovalna-18-l\/#primaryimage"},"thumbnailUrl":"https:\/\/www.sugarfactory.hr\/wp-content\/uploads\/2025\/10\/f0eaf472ef084051b473ffb77fc274ed.webp","datePublished":"2025-10-29T11:25:59+00:00","dateModified":"2026-04-17T11:52:32+00:00","breadcrumb":{"@id":"https:\/\/www.sugarfactory.hr\/proizvod\/accessories\/kanta-ovalna-18-l\/#breadcrumb"},"inLanguage":"sl-SI","potentialAction":[{"@type":"ReadAction","target":["https:\/\/www.sugarfactory.hr\/proizvod\/accessories\/kanta-ovalna-18-l\/"]}]},{"@type":"ImageObject","inLanguage":"sl-SI","@id":"https:\/\/www.sugarfactory.hr\/proizvod\/accessories\/kanta-ovalna-18-l\/#primaryimage","url":"https:\/\/www.sugarfactory.hr\/wp-content\/uploads\/2025\/10\/f0eaf472ef084051b473ffb77fc274ed.webp","contentUrl":"https:\/\/www.sugarfactory.hr\/wp-content\/uploads\/2025\/10\/f0eaf472ef084051b473ffb77fc274ed.webp","width":896,"height":1120},{"@type":"BreadcrumbList","@id":"https:\/\/www.sugarfactory.hr\/proizvod\/accessories\/kanta-ovalna-18-l\/#breadcrumb","itemListElement":[{"@type":"ListItem","position":1,"name":"Po\u010detna stranica","item":"https:\/\/www.sugarfactory.hr\/"},{"@type":"ListItem","position":2,"name":"Proizvodi","item":"https:\/\/www.sugarfactory.hr\/shop\/"},{"@type":"ListItem","position":3,"name":"Kanta ovalna 18 L"}]},{"@type":"WebSite","@id":"https:\/\/www.sugarfactory.hr\/#website","url":"https:\/\/www.sugarfactory.hr\/","name":"Tovarna sladkorja","description":"Create your sweetest pieces!","potentialAction":[{"@type":"SearchAction","target":{"@type":"EntryPoint","urlTemplate":"https:\/\/www.sugarfactory.hr\/?s={search_term_string}"},"query-input":{"@type":"PropertyValueSpecification","valueRequired":true,"valueName":"search_term_string"}}],"inLanguage":"sl-SI"}]}},"_links":{"self":[{"href":"https:\/\/www.sugarfactory.hr\/sl\/wp-json\/wp\/v2\/product\/13196","targetHints":{"allow":["GET"]}}],"collection":[{"href":"https:\/\/www.sugarfactory.hr\/sl\/wp-json\/wp\/v2\/product"}],"about":[{"href":"https:\/\/www.sugarfactory.hr\/sl\/wp-json\/wp\/v2\/types\/product"}],"wp:featuredmedia":[{"embeddable":true,"href":"https:\/\/www.sugarfactory.hr\/sl\/wp-json\/wp\/v2\/media\/13197"}],"wp:attachment":[{"href":"https:\/\/www.sugarfactory.hr\/sl\/wp-json\/wp\/v2\/media?parent=13196"}],"wp:term":[{"taxonomy":"product_brand","embeddable":true,"href":"https:\/\/www.sugarfactory.hr\/sl\/wp-json\/wp\/v2\/product_brand?post=13196"},{"taxonomy":"product_cat","embeddable":true,"href":"https:\/\/www.sugarfactory.hr\/sl\/wp-json\/wp\/v2\/product_cat?post=13196"},{"taxonomy":"product_tag","embeddable":true,"href":"https:\/\/www.sugarfactory.hr\/sl\/wp-json\/wp\/v2\/product_tag?post=13196"}],"curies":[{"name":"wp","href":"https:\/\/api.w.org\/{rel}","templated":true}]}}