{"id":13441,"date":"2025-12-06T10:18:19","date_gmt":"2025-12-06T09:18:19","guid":{"rendered":"https:\/\/www.sugarfactory.hr\/?post_type=product&#038;p=13441"},"modified":"2026-02-16T13:39:05","modified_gmt":"2026-02-16T12:39:05","slug":"montana-beanie","status":"publish","type":"product","link":"https:\/\/www.sugarfactory.hr\/sl\/izdelek\/dodatki\/montana-beanie\/","title":{"rendered":"Montana kapa"},"content":{"rendered":"<article class=\"text-token-text-primary w-full focus:outline-none [--shadow-height:45px] has-data-writing-block:pointer-events-none has-data-writing-block:-mt-(--shadow-height) has-data-writing-block:pt-(--shadow-height) [&amp;:has([data-writing-block])&gt;*]:pointer-events-auto scroll-mt-[calc(var(--header-height)+min(200px,max(70px,20svh)))]\" dir=\"auto\" tabindex=\"-1\" data-turn-id=\"request-WEB:2ffefc95-94e8-49b7-b4ce-2d102dd9f6a1-2\" data-testid=\"conversation-turn-6\" data-scroll-anchor=\"true\" data-turn=\"assistant\">\n<div class=\"text-base my-auto mx-auto pb-10 [--thread-content-margin:--spacing(4)] @w-sm\/main:[--thread-content-margin:--spacing(6)] @w-lg\/main:[--thread-content-margin:--spacing(16)] px-(--thread-content-margin)\">\n<div class=\"[--thread-content-max-width:40rem] @w-lg\/main:[--thread-content-max-width:48rem] mx-auto max-w-(--thread-content-max-width) flex-1 group\/turn-messages focus-visible:outline-hidden relative flex w-full min-w-0 flex-col agent-turn\" tabindex=\"-1\">\n<div class=\"flex max-w-full flex-col grow\">\n<div class=\"min-h-8 text-message relative flex w-full flex-col items-end gap-2 text-start break-words whitespace-normal [.text-message+&amp;]:mt-1\" dir=\"auto\" data-message-author-role=\"assistant\" data-message-id=\"2c72bdff-cc8f-4fd1-8b0e-f1f0d6c69ee0\" data-message-model-slug=\"gpt-5-1\">\n<div class=\"flex w-full flex-col gap-1 empty:hidden first:pt-[1px]\">\n<div class=\"markdown prose dark:prose-invert w-full break-words light markdown-new-styling\">\n<p data-start=\"0\" data-end=\"722\" data-is-last-node=\"\" data-is-only-node=\"\"><strong data-start=\"0\" data-end=\"18\" data-is-only-node=\"\">Montana kapa<\/strong> pridru\u017ei se <strong data-start=\"25\" data-end=\"57\">udobnost, stil i prakti\u010dnost<\/strong> u jednom modernom zimskom dodatku, savr\u0161enom za svakodnevno no\u0161enje. Izra\u0111ena od <strong data-start=\"139\" data-end=\"179\">mekane, kvalitetne akrilne pletenine<\/strong>, kapica pru\u017ea toplinu bez osje\u0107aja te\u017eine, zadr\u017eavaju\u0107i prozra\u010dnost i udobnost tijekom duljeg no\u0161enja.<\/p>\n<p data-start=\"0\" data-end=\"722\" data-is-last-node=\"\" data-is-only-node=\"\">Klasi\u010dni <strong data-start=\"292\" data-end=\"312\">preklopni dizajn<\/strong> upotpunjen je diskretnom, ali prepoznatljivom <strong data-start=\"359\" data-end=\"384\">Montana Cans etiketom<\/strong>, \u0161to joj daje \u010disti, urbani karakter. Neutralna tamnosiva nijansa lako se sla\u017ee s raznim stilovima \u2013 od le\u017eernog streetweara do funkcionalne zimske kombinacije. Zahvaljuju\u0107i svojoj <strong data-start=\"566\" data-end=\"609\">izdr\u017eljivosti i jednostavnom odr\u017eavanju<\/strong>, Montana Charcoal Beanie odli\u010dan je izbor za umjetnike, kreativce i sve koji cijene spoj estetike i pouzdanosti.<\/p>\n<\/div>\n<\/div>\n<\/div>\n<\/div>\n<div class=\"z-0 flex min-h-[46px] justify-start\"><\/div>\n<div class=\"mt-3 w-full empty:hidden\">\n<div class=\"text-center\"><\/div>\n<\/div>\n<\/div>\n<\/div>\n<\/article>\n<div class=\"pointer-events-none h-px w-px\" aria-hidden=\"true\" data-edge=\"true\"><\/div>","protected":false},"excerpt":{"rendered":"<p>Montana Beanie spaja udobnost, stil i prakti\u010dnost u jednom modernom zimskom dodatku, savr\u0161enom za svakodnevno no\u0161enje. Izra\u0111ena od mekane, kvalitetne akrilne pletenine, kapica pru\u017ea toplinu bez osje\u0107aja te\u017eine, zadr\u017eavaju\u0107i prozra\u010dnost i udobnost tijekom duljeg no\u0161enja. Klasi\u010dni preklopni dizajn upotpunjen je diskretnom, ali prepoznatljivom Montana Cans etiketom, \u0161to joj daje \u010disti, urbani karakter. Neutralna tamnosiva nijansa [&hellip;]<\/p>","protected":false},"featured_media":13464,"template":"","meta":{"_acf_changed":false},"product_brand":[105],"product_cat":[21,92,88],"product_tag":[],"class_list":{"0":"post-13441","1":"product","2":"type-product","3":"status-publish","4":"has-post-thumbnail","6":"product_brand-montana","7":"product_cat-accessories","8":"product_cat-kape-i-buffovi","9":"product_cat-odjeca","11":"first","12":"instock","13":"shipping-taxable","14":"purchasable","15":"product-type-simple"},"acf":[],"yoast_head":"<!-- This site is optimized with the Yoast SEO plugin v26.3 - https:\/\/yoast.com\/wordpress\/plugins\/seo\/ -->\n<title>Montana Beanie - Sugar Factory<\/title>\n<meta name=\"robots\" content=\"index, follow, max-snippet:-1, max-image-preview:large, max-video-preview:-1\" \/>\n<link rel=\"canonical\" href=\"https:\/\/www.sugarfactory.hr\/sl\/izdelek\/dodatki\/montana-beanie\/\" \/>\n<meta property=\"og:locale\" content=\"sl_SI\" \/>\n<meta property=\"og:type\" content=\"article\" \/>\n<meta property=\"og:title\" content=\"Montana Beanie - Sugar Factory\" \/>\n<meta property=\"og:description\" content=\"Montana Beanie spaja udobnost, stil i prakti\u010dnost u jednom modernom zimskom dodatku, savr\u0161enom za svakodnevno no\u0161enje. Izra\u0111ena od mekane, kvalitetne akrilne pletenine, kapica pru\u017ea toplinu bez osje\u0107aja te\u017eine, zadr\u017eavaju\u0107i prozra\u010dnost i udobnost tijekom duljeg no\u0161enja. Klasi\u010dni preklopni dizajn upotpunjen je diskretnom, ali prepoznatljivom Montana Cans etiketom, \u0161to joj daje \u010disti, urbani karakter. Neutralna tamnosiva nijansa [&hellip;]\" \/>\n<meta property=\"og:url\" content=\"https:\/\/www.sugarfactory.hr\/sl\/izdelek\/dodatki\/montana-beanie\/\" \/>\n<meta property=\"og:site_name\" content=\"Sugar Factory\" \/>\n<meta property=\"article:modified_time\" content=\"2026-02-16T12:39:05+00:00\" \/>\n<meta property=\"og:image\" content=\"https:\/\/www.sugarfactory.hr\/wp-content\/uploads\/2025\/12\/c1007795f7e9440fb8d2b67ff2bd78f2-1024x1024.webp\" \/>\n\t<meta property=\"og:image:width\" content=\"1024\" \/>\n\t<meta property=\"og:image:height\" content=\"1024\" \/>\n\t<meta property=\"og:image:type\" content=\"image\/webp\" \/>\n<meta name=\"twitter:card\" content=\"summary_large_image\" \/>\n<meta name=\"twitter:label1\" content=\"Est. reading time\" \/>\n\t<meta name=\"twitter:data1\" content=\"1 minuta\" \/>\n<script type=\"application\/ld+json\" class=\"yoast-schema-graph\">{\"@context\":\"https:\/\/schema.org\",\"@graph\":[{\"@type\":\"WebPage\",\"@id\":\"https:\/\/www.sugarfactory.hr\/proizvod\/accessories\/montana-beanie\/\",\"url\":\"https:\/\/www.sugarfactory.hr\/proizvod\/accessories\/montana-beanie\/\",\"name\":\"Montana Beanie - Sugar Factory\",\"isPartOf\":{\"@id\":\"https:\/\/www.sugarfactory.hr\/#website\"},\"primaryImageOfPage\":{\"@id\":\"https:\/\/www.sugarfactory.hr\/proizvod\/accessories\/montana-beanie\/#primaryimage\"},\"image\":{\"@id\":\"https:\/\/www.sugarfactory.hr\/proizvod\/accessories\/montana-beanie\/#primaryimage\"},\"thumbnailUrl\":\"https:\/\/www.sugarfactory.hr\/wp-content\/uploads\/2025\/12\/c1007795f7e9440fb8d2b67ff2bd78f2.webp\",\"datePublished\":\"2025-12-06T09:18:19+00:00\",\"dateModified\":\"2026-02-16T12:39:05+00:00\",\"breadcrumb\":{\"@id\":\"https:\/\/www.sugarfactory.hr\/proizvod\/accessories\/montana-beanie\/#breadcrumb\"},\"inLanguage\":\"sl-SI\",\"potentialAction\":[{\"@type\":\"ReadAction\",\"target\":[\"https:\/\/www.sugarfactory.hr\/proizvod\/accessories\/montana-beanie\/\"]}]},{\"@type\":\"ImageObject\",\"inLanguage\":\"sl-SI\",\"@id\":\"https:\/\/www.sugarfactory.hr\/proizvod\/accessories\/montana-beanie\/#primaryimage\",\"url\":\"https:\/\/www.sugarfactory.hr\/wp-content\/uploads\/2025\/12\/c1007795f7e9440fb8d2b67ff2bd78f2.webp\",\"contentUrl\":\"https:\/\/www.sugarfactory.hr\/wp-content\/uploads\/2025\/12\/c1007795f7e9440fb8d2b67ff2bd78f2.webp\",\"width\":1344,\"height\":1344},{\"@type\":\"BreadcrumbList\",\"@id\":\"https:\/\/www.sugarfactory.hr\/proizvod\/accessories\/montana-beanie\/#breadcrumb\",\"itemListElement\":[{\"@type\":\"ListItem\",\"position\":1,\"name\":\"Po\u010detna stranica\",\"item\":\"https:\/\/www.sugarfactory.hr\/\"},{\"@type\":\"ListItem\",\"position\":2,\"name\":\"Proizvodi\",\"item\":\"https:\/\/www.sugarfactory.hr\/shop\/\"},{\"@type\":\"ListItem\",\"position\":3,\"name\":\"Montana Beanie\"}]},{\"@type\":\"WebSite\",\"@id\":\"https:\/\/www.sugarfactory.hr\/#website\",\"url\":\"https:\/\/www.sugarfactory.hr\/\",\"name\":\"Sugar Factory\",\"description\":\"Create your sweetest pieces!\",\"potentialAction\":[{\"@type\":\"SearchAction\",\"target\":{\"@type\":\"EntryPoint\",\"urlTemplate\":\"https:\/\/www.sugarfactory.hr\/?s={search_term_string}\"},\"query-input\":{\"@type\":\"PropertyValueSpecification\",\"valueRequired\":true,\"valueName\":\"search_term_string\"}}],\"inLanguage\":\"sl-SI\"}]}<\/script>\n<!-- \/ Yoast SEO plugin. -->","yoast_head_json":{"title":"Montana Beanie - Sugar Factory","robots":{"index":"index","follow":"follow","max-snippet":"max-snippet:-1","max-image-preview":"max-image-preview:large","max-video-preview":"max-video-preview:-1"},"canonical":"https:\/\/www.sugarfactory.hr\/sl\/izdelek\/dodatki\/montana-beanie\/","og_locale":"sl_SI","og_type":"article","og_title":"Montana Beanie - Sugar Factory","og_description":"Montana Beanie spaja udobnost, stil i prakti\u010dnost u jednom modernom zimskom dodatku, savr\u0161enom za svakodnevno no\u0161enje. Izra\u0111ena od mekane, kvalitetne akrilne pletenine, kapica pru\u017ea toplinu bez osje\u0107aja te\u017eine, zadr\u017eavaju\u0107i prozra\u010dnost i udobnost tijekom duljeg no\u0161enja. Klasi\u010dni preklopni dizajn upotpunjen je diskretnom, ali prepoznatljivom Montana Cans etiketom, \u0161to joj daje \u010disti, urbani karakter. Neutralna tamnosiva nijansa [&hellip;]","og_url":"https:\/\/www.sugarfactory.hr\/sl\/izdelek\/dodatki\/montana-beanie\/","og_site_name":"Sugar Factory","article_modified_time":"2026-02-16T12:39:05+00:00","og_image":[{"width":1024,"height":1024,"url":"https:\/\/www.sugarfactory.hr\/wp-content\/uploads\/2025\/12\/c1007795f7e9440fb8d2b67ff2bd78f2-1024x1024.webp","type":"image\/webp"}],"twitter_card":"summary_large_image","twitter_misc":{"Est. reading time":"1 minuta"},"schema":{"@context":"https:\/\/schema.org","@graph":[{"@type":"WebPage","@id":"https:\/\/www.sugarfactory.hr\/proizvod\/accessories\/montana-beanie\/","url":"https:\/\/www.sugarfactory.hr\/proizvod\/accessories\/montana-beanie\/","name":"Montana Beanie - Sugar Factory","isPartOf":{"@id":"https:\/\/www.sugarfactory.hr\/#website"},"primaryImageOfPage":{"@id":"https:\/\/www.sugarfactory.hr\/proizvod\/accessories\/montana-beanie\/#primaryimage"},"image":{"@id":"https:\/\/www.sugarfactory.hr\/proizvod\/accessories\/montana-beanie\/#primaryimage"},"thumbnailUrl":"https:\/\/www.sugarfactory.hr\/wp-content\/uploads\/2025\/12\/c1007795f7e9440fb8d2b67ff2bd78f2.webp","datePublished":"2025-12-06T09:18:19+00:00","dateModified":"2026-02-16T12:39:05+00:00","breadcrumb":{"@id":"https:\/\/www.sugarfactory.hr\/proizvod\/accessories\/montana-beanie\/#breadcrumb"},"inLanguage":"sl-SI","potentialAction":[{"@type":"ReadAction","target":["https:\/\/www.sugarfactory.hr\/proizvod\/accessories\/montana-beanie\/"]}]},{"@type":"ImageObject","inLanguage":"sl-SI","@id":"https:\/\/www.sugarfactory.hr\/proizvod\/accessories\/montana-beanie\/#primaryimage","url":"https:\/\/www.sugarfactory.hr\/wp-content\/uploads\/2025\/12\/c1007795f7e9440fb8d2b67ff2bd78f2.webp","contentUrl":"https:\/\/www.sugarfactory.hr\/wp-content\/uploads\/2025\/12\/c1007795f7e9440fb8d2b67ff2bd78f2.webp","width":1344,"height":1344},{"@type":"BreadcrumbList","@id":"https:\/\/www.sugarfactory.hr\/proizvod\/accessories\/montana-beanie\/#breadcrumb","itemListElement":[{"@type":"ListItem","position":1,"name":"Po\u010detna stranica","item":"https:\/\/www.sugarfactory.hr\/"},{"@type":"ListItem","position":2,"name":"Proizvodi","item":"https:\/\/www.sugarfactory.hr\/shop\/"},{"@type":"ListItem","position":3,"name":"Montana Beanie"}]},{"@type":"WebSite","@id":"https:\/\/www.sugarfactory.hr\/#website","url":"https:\/\/www.sugarfactory.hr\/","name":"Tovarna sladkorja","description":"Create your sweetest pieces!","potentialAction":[{"@type":"SearchAction","target":{"@type":"EntryPoint","urlTemplate":"https:\/\/www.sugarfactory.hr\/?s={search_term_string}"},"query-input":{"@type":"PropertyValueSpecification","valueRequired":true,"valueName":"search_term_string"}}],"inLanguage":"sl-SI"}]}},"_links":{"self":[{"href":"https:\/\/www.sugarfactory.hr\/sl\/wp-json\/wp\/v2\/product\/13441","targetHints":{"allow":["GET"]}}],"collection":[{"href":"https:\/\/www.sugarfactory.hr\/sl\/wp-json\/wp\/v2\/product"}],"about":[{"href":"https:\/\/www.sugarfactory.hr\/sl\/wp-json\/wp\/v2\/types\/product"}],"wp:featuredmedia":[{"embeddable":true,"href":"https:\/\/www.sugarfactory.hr\/sl\/wp-json\/wp\/v2\/media\/13464"}],"wp:attachment":[{"href":"https:\/\/www.sugarfactory.hr\/sl\/wp-json\/wp\/v2\/media?parent=13441"}],"wp:term":[{"taxonomy":"product_brand","embeddable":true,"href":"https:\/\/www.sugarfactory.hr\/sl\/wp-json\/wp\/v2\/product_brand?post=13441"},{"taxonomy":"product_cat","embeddable":true,"href":"https:\/\/www.sugarfactory.hr\/sl\/wp-json\/wp\/v2\/product_cat?post=13441"},{"taxonomy":"product_tag","embeddable":true,"href":"https:\/\/www.sugarfactory.hr\/sl\/wp-json\/wp\/v2\/product_tag?post=13441"}],"curies":[{"name":"wp","href":"https:\/\/api.w.org\/{rel}","templated":true}]}}