{"id":13449,"date":"2025-12-05T13:09:05","date_gmt":"2025-12-05T12:09:05","guid":{"rendered":"https:\/\/www.sugarfactory.hr\/?post_type=product&#038;p=13449"},"modified":"2026-03-18T15:03:12","modified_gmt":"2026-03-18T14:03:12","slug":"majica-only-cans","status":"publish","type":"product","link":"https:\/\/www.sugarfactory.hr\/sl\/izdelek\/dodatki\/majica-only-cans\/","title":{"rendered":"Majica Only Cans"},"content":{"rendered":"<p><strong data-start=\"103\" data-end=\"165\">Modern komad svakodnevne odje\u0107e koji spaja udobnost i stil<\/strong>. Izra\u0111ena od <strong data-start=\"179\" data-end=\"211\">mekanog i ugodnog materijala<\/strong> \u2014 blagog na dodir i prozra\u010dnog, \u0161to je \u010dini pogodnom za no\u0161enje tijekom cijelog dana. Njezina <strong data-start=\"306\" data-end=\"332\">klas\u010dna silueta i kroj<\/strong> omogu\u0107uju jednostavno kombiniranje s raznim outfitima, od casual street-style do le\u017eernih dnevnih kombinacija. Neutralan dizajn omogu\u0107uje da bude nezamjenjiv dio garderobe za razli\u010dite prilike \u2014 od svakodnevne \u0161etnje do dru\u017eenja s prijateljima. Zahvaljuju\u0107i <strong data-start=\"591\" data-end=\"647\" data-is-only-node=\"\">kvalitetnoj izradi i pa\u017eljivo odabranim materijalima<\/strong>, ova majica nudi dugotrajnost, udobnost i stil u jednom.<\/p>","protected":false},"excerpt":{"rendered":"<p>Modern komad svakodnevne odje\u0107e koji spaja udobnost i stil. Izra\u0111ena od mekanog i ugodnog materijala \u2014 blagog na dodir i prozra\u010dnog, \u0161to je \u010dini pogodnom za no\u0161enje tijekom cijelog dana. Njezina klas\u010dna silueta i kroj omogu\u0107uju jednostavno kombiniranje s raznim outfitima, od casual street-style do le\u017eernih dnevnih kombinacija. Neutralan dizajn omogu\u0107uje da bude nezamjenjiv dio [&hellip;]<\/p>","protected":false},"featured_media":13450,"template":"","meta":{"_acf_changed":false},"product_brand":[],"product_cat":[21,93,88],"product_tag":[],"class_list":{"0":"post-13449","1":"product","2":"type-product","3":"status-publish","4":"has-post-thumbnail","6":"product_cat-accessories","7":"product_cat-majice","8":"product_cat-odjeca","10":"first","11":"instock","12":"shipping-taxable","13":"purchasable","14":"product-type-variable"},"acf":[],"yoast_head":"<!-- This site is optimized with the Yoast SEO plugin v26.3 - https:\/\/yoast.com\/wordpress\/plugins\/seo\/ -->\n<title>Majica Only Cans - Sugar Factory<\/title>\n<meta name=\"robots\" content=\"index, follow, max-snippet:-1, max-image-preview:large, max-video-preview:-1\" \/>\n<link rel=\"canonical\" href=\"https:\/\/www.sugarfactory.hr\/sl\/izdelek\/dodatki\/majica-only-cans\/\" \/>\n<meta property=\"og:locale\" content=\"sl_SI\" \/>\n<meta property=\"og:type\" content=\"article\" \/>\n<meta property=\"og:title\" content=\"Majica Only Cans - Sugar Factory\" \/>\n<meta property=\"og:description\" content=\"Modern komad svakodnevne odje\u0107e koji spaja udobnost i stil. Izra\u0111ena od mekanog i ugodnog materijala \u2014 blagog na dodir i prozra\u010dnog, \u0161to je \u010dini pogodnom za no\u0161enje tijekom cijelog dana. Njezina klas\u010dna silueta i kroj omogu\u0107uju jednostavno kombiniranje s raznim outfitima, od casual street-style do le\u017eernih dnevnih kombinacija. Neutralan dizajn omogu\u0107uje da bude nezamjenjiv dio [&hellip;]\" \/>\n<meta property=\"og:url\" content=\"https:\/\/www.sugarfactory.hr\/sl\/izdelek\/dodatki\/majica-only-cans\/\" \/>\n<meta property=\"og:site_name\" content=\"Sugar Factory\" \/>\n<meta property=\"article:modified_time\" content=\"2026-03-18T14:03:12+00:00\" \/>\n<meta property=\"og:image\" content=\"https:\/\/www.sugarfactory.hr\/wp-content\/uploads\/2025\/12\/only-cans-majica.jpeg\" \/>\n\t<meta property=\"og:image:width\" content=\"1638\" \/>\n\t<meta property=\"og:image:height\" content=\"2048\" \/>\n\t<meta property=\"og:image:type\" content=\"image\/jpeg\" \/>\n<meta name=\"twitter:card\" content=\"summary_large_image\" \/>\n<meta name=\"twitter:label1\" content=\"Est. reading time\" \/>\n\t<meta name=\"twitter:data1\" content=\"1 minuta\" \/>\n<script type=\"application\/ld+json\" class=\"yoast-schema-graph\">{\"@context\":\"https:\/\/schema.org\",\"@graph\":[{\"@type\":\"WebPage\",\"@id\":\"https:\/\/www.sugarfactory.hr\/proizvod\/accessories\/majica-only-cans\/\",\"url\":\"https:\/\/www.sugarfactory.hr\/proizvod\/accessories\/majica-only-cans\/\",\"name\":\"Majica Only Cans - Sugar Factory\",\"isPartOf\":{\"@id\":\"https:\/\/www.sugarfactory.hr\/#website\"},\"primaryImageOfPage\":{\"@id\":\"https:\/\/www.sugarfactory.hr\/proizvod\/accessories\/majica-only-cans\/#primaryimage\"},\"image\":{\"@id\":\"https:\/\/www.sugarfactory.hr\/proizvod\/accessories\/majica-only-cans\/#primaryimage\"},\"thumbnailUrl\":\"https:\/\/www.sugarfactory.hr\/wp-content\/uploads\/2025\/12\/only-cans-majica.jpeg\",\"datePublished\":\"2025-12-05T12:09:05+00:00\",\"dateModified\":\"2026-03-18T14:03:12+00:00\",\"breadcrumb\":{\"@id\":\"https:\/\/www.sugarfactory.hr\/proizvod\/accessories\/majica-only-cans\/#breadcrumb\"},\"inLanguage\":\"sl-SI\",\"potentialAction\":[{\"@type\":\"ReadAction\",\"target\":[\"https:\/\/www.sugarfactory.hr\/proizvod\/accessories\/majica-only-cans\/\"]}]},{\"@type\":\"ImageObject\",\"inLanguage\":\"sl-SI\",\"@id\":\"https:\/\/www.sugarfactory.hr\/proizvod\/accessories\/majica-only-cans\/#primaryimage\",\"url\":\"https:\/\/www.sugarfactory.hr\/wp-content\/uploads\/2025\/12\/only-cans-majica.jpeg\",\"contentUrl\":\"https:\/\/www.sugarfactory.hr\/wp-content\/uploads\/2025\/12\/only-cans-majica.jpeg\",\"width\":1638,\"height\":2048},{\"@type\":\"BreadcrumbList\",\"@id\":\"https:\/\/www.sugarfactory.hr\/proizvod\/accessories\/majica-only-cans\/#breadcrumb\",\"itemListElement\":[{\"@type\":\"ListItem\",\"position\":1,\"name\":\"Po\u010detna stranica\",\"item\":\"https:\/\/www.sugarfactory.hr\/\"},{\"@type\":\"ListItem\",\"position\":2,\"name\":\"Proizvodi\",\"item\":\"https:\/\/www.sugarfactory.hr\/shop\/\"},{\"@type\":\"ListItem\",\"position\":3,\"name\":\"Majica Only Cans\"}]},{\"@type\":\"WebSite\",\"@id\":\"https:\/\/www.sugarfactory.hr\/#website\",\"url\":\"https:\/\/www.sugarfactory.hr\/\",\"name\":\"Sugar Factory\",\"description\":\"Create your sweetest pieces!\",\"potentialAction\":[{\"@type\":\"SearchAction\",\"target\":{\"@type\":\"EntryPoint\",\"urlTemplate\":\"https:\/\/www.sugarfactory.hr\/?s={search_term_string}\"},\"query-input\":{\"@type\":\"PropertyValueSpecification\",\"valueRequired\":true,\"valueName\":\"search_term_string\"}}],\"inLanguage\":\"sl-SI\"}]}<\/script>\n<!-- \/ Yoast SEO plugin. -->","yoast_head_json":{"title":"Majica Only Cans - Sugar Factory","robots":{"index":"index","follow":"follow","max-snippet":"max-snippet:-1","max-image-preview":"max-image-preview:large","max-video-preview":"max-video-preview:-1"},"canonical":"https:\/\/www.sugarfactory.hr\/sl\/izdelek\/dodatki\/majica-only-cans\/","og_locale":"sl_SI","og_type":"article","og_title":"Majica Only Cans - Sugar Factory","og_description":"Modern komad svakodnevne odje\u0107e koji spaja udobnost i stil. Izra\u0111ena od mekanog i ugodnog materijala \u2014 blagog na dodir i prozra\u010dnog, \u0161to je \u010dini pogodnom za no\u0161enje tijekom cijelog dana. Njezina klas\u010dna silueta i kroj omogu\u0107uju jednostavno kombiniranje s raznim outfitima, od casual street-style do le\u017eernih dnevnih kombinacija. Neutralan dizajn omogu\u0107uje da bude nezamjenjiv dio [&hellip;]","og_url":"https:\/\/www.sugarfactory.hr\/sl\/izdelek\/dodatki\/majica-only-cans\/","og_site_name":"Sugar Factory","article_modified_time":"2026-03-18T14:03:12+00:00","og_image":[{"width":1638,"height":2048,"url":"https:\/\/www.sugarfactory.hr\/wp-content\/uploads\/2025\/12\/only-cans-majica.jpeg","type":"image\/jpeg"}],"twitter_card":"summary_large_image","twitter_misc":{"Est. reading time":"1 minuta"},"schema":{"@context":"https:\/\/schema.org","@graph":[{"@type":"WebPage","@id":"https:\/\/www.sugarfactory.hr\/proizvod\/accessories\/majica-only-cans\/","url":"https:\/\/www.sugarfactory.hr\/proizvod\/accessories\/majica-only-cans\/","name":"Majica Only Cans - Sugar Factory","isPartOf":{"@id":"https:\/\/www.sugarfactory.hr\/#website"},"primaryImageOfPage":{"@id":"https:\/\/www.sugarfactory.hr\/proizvod\/accessories\/majica-only-cans\/#primaryimage"},"image":{"@id":"https:\/\/www.sugarfactory.hr\/proizvod\/accessories\/majica-only-cans\/#primaryimage"},"thumbnailUrl":"https:\/\/www.sugarfactory.hr\/wp-content\/uploads\/2025\/12\/only-cans-majica.jpeg","datePublished":"2025-12-05T12:09:05+00:00","dateModified":"2026-03-18T14:03:12+00:00","breadcrumb":{"@id":"https:\/\/www.sugarfactory.hr\/proizvod\/accessories\/majica-only-cans\/#breadcrumb"},"inLanguage":"sl-SI","potentialAction":[{"@type":"ReadAction","target":["https:\/\/www.sugarfactory.hr\/proizvod\/accessories\/majica-only-cans\/"]}]},{"@type":"ImageObject","inLanguage":"sl-SI","@id":"https:\/\/www.sugarfactory.hr\/proizvod\/accessories\/majica-only-cans\/#primaryimage","url":"https:\/\/www.sugarfactory.hr\/wp-content\/uploads\/2025\/12\/only-cans-majica.jpeg","contentUrl":"https:\/\/www.sugarfactory.hr\/wp-content\/uploads\/2025\/12\/only-cans-majica.jpeg","width":1638,"height":2048},{"@type":"BreadcrumbList","@id":"https:\/\/www.sugarfactory.hr\/proizvod\/accessories\/majica-only-cans\/#breadcrumb","itemListElement":[{"@type":"ListItem","position":1,"name":"Po\u010detna stranica","item":"https:\/\/www.sugarfactory.hr\/"},{"@type":"ListItem","position":2,"name":"Proizvodi","item":"https:\/\/www.sugarfactory.hr\/shop\/"},{"@type":"ListItem","position":3,"name":"Majica Only Cans"}]},{"@type":"WebSite","@id":"https:\/\/www.sugarfactory.hr\/#website","url":"https:\/\/www.sugarfactory.hr\/","name":"Tovarna sladkorja","description":"Create your sweetest pieces!","potentialAction":[{"@type":"SearchAction","target":{"@type":"EntryPoint","urlTemplate":"https:\/\/www.sugarfactory.hr\/?s={search_term_string}"},"query-input":{"@type":"PropertyValueSpecification","valueRequired":true,"valueName":"search_term_string"}}],"inLanguage":"sl-SI"}]}},"_links":{"self":[{"href":"https:\/\/www.sugarfactory.hr\/sl\/wp-json\/wp\/v2\/product\/13449","targetHints":{"allow":["GET"]}}],"collection":[{"href":"https:\/\/www.sugarfactory.hr\/sl\/wp-json\/wp\/v2\/product"}],"about":[{"href":"https:\/\/www.sugarfactory.hr\/sl\/wp-json\/wp\/v2\/types\/product"}],"wp:featuredmedia":[{"embeddable":true,"href":"https:\/\/www.sugarfactory.hr\/sl\/wp-json\/wp\/v2\/media\/13450"}],"wp:attachment":[{"href":"https:\/\/www.sugarfactory.hr\/sl\/wp-json\/wp\/v2\/media?parent=13449"}],"wp:term":[{"taxonomy":"product_brand","embeddable":true,"href":"https:\/\/www.sugarfactory.hr\/sl\/wp-json\/wp\/v2\/product_brand?post=13449"},{"taxonomy":"product_cat","embeddable":true,"href":"https:\/\/www.sugarfactory.hr\/sl\/wp-json\/wp\/v2\/product_cat?post=13449"},{"taxonomy":"product_tag","embeddable":true,"href":"https:\/\/www.sugarfactory.hr\/sl\/wp-json\/wp\/v2\/product_tag?post=13449"}],"curies":[{"name":"wp","href":"https:\/\/api.w.org\/{rel}","templated":true}]}}