{"id":13518,"date":"2025-12-18T21:29:25","date_gmt":"2025-12-18T20:29:25","guid":{"rendered":"https:\/\/www.sugarfactory.hr\/?post_type=product&#038;p=13518"},"modified":"2026-03-20T15:21:38","modified_gmt":"2026-03-20T14:21:38","slug":"dope-classic-d300-black-400-ml","status":"publish","type":"product","link":"https:\/\/www.sugarfactory.hr\/sl\/izdelek\/spreji\/dope-classic-d300-black-400-ml\/","title":{"rendered":"Dope Classic D300 \u010drna 400 ml"},"content":{"rendered":"<p data-start=\"0\" data-end=\"409\"><strong data-start=\"0\" data-end=\"22\">Dope Classic sprej<\/strong> razvijen je za umjetnike koji tra\u017ee pouzdan alat za sve stilove sprejanja. <strong data-start=\"98\" data-end=\"120\" data-is-only-node=\"\">Mat zavr\u0161na obrada<\/strong> u kombinaciji s <strong data-start=\"137\" data-end=\"162\">niskotla\u010dnom formulom<\/strong> omogu\u0107uje potpunu kontrolu nad izlazom boje, \u0161to ga \u010dini idealnim za <strong data-start=\"232\" data-end=\"258\">precizne, tanke linije<\/strong> i rad sa skinny kapicama. Istovremeno, sprej se izvrsno pona\u0161a i s wide kapicama, pru\u017eaju\u0107i <strong data-start=\"351\" data-end=\"380\">sna\u017ene i izra\u017eajne poteze<\/strong> bez gubitka konzistentnosti.<\/p>\n<p data-start=\"411\" data-end=\"714\" data-is-last-node=\"\" data-is-only-node=\"\">Posebno formulirana boja osigurava stabilne performanse u svim uvjetima, od niskih do izrazito visokih temperatura. Sprej je prilago\u0111en za <strong data-start=\"550\" data-end=\"582\">unutarnju i vanjsku upotrebu<\/strong>, uklju\u010duju\u0107i velike murale, uz ravnomjeran nanos i postojan izgled povr\u0161ine. Pouzdan izbor za svakodnevni rad i zahtjevne projekte.<\/p>","protected":false},"excerpt":{"rendered":"<p>Dope Classic sprej razvijen je za umjetnike koji tra\u017ee pouzdan alat za sve stilove sprejanja. Mat zavr\u0161na obrada u kombinaciji s niskotla\u010dnom formulom omogu\u0107uje potpunu kontrolu nad izlazom boje, \u0161to ga \u010dini idealnim za precizne, tanke linije i rad sa skinny kapicama. Istovremeno, sprej se izvrsno pona\u0161a i s wide kapicama, pru\u017eaju\u0107i sna\u017ene i izra\u017eajne [&hellip;]<\/p>","protected":false},"featured_media":13530,"template":"","meta":{"_acf_changed":false},"product_brand":[106],"product_cat":[16,75],"product_tag":[],"class_list":{"0":"post-13518","1":"product","2":"type-product","3":"status-publish","4":"has-post-thumbnail","6":"product_brand-dope","7":"product_cat-sprejevi","8":"product_cat-graffiti","10":"first","11":"outofstock","12":"shipping-taxable","13":"purchasable","14":"product-type-simple"},"acf":[],"yoast_head":"<!-- This site is optimized with the Yoast SEO plugin v26.3 - https:\/\/yoast.com\/wordpress\/plugins\/seo\/ -->\n<title>Dope Classic D300 Black 400 ml - Sugar Factory<\/title>\n<meta name=\"robots\" content=\"index, follow, max-snippet:-1, max-image-preview:large, max-video-preview:-1\" \/>\n<link rel=\"canonical\" href=\"https:\/\/www.sugarfactory.hr\/sl\/izdelek\/spreji\/dope-classic-d300-black-400-ml\/\" \/>\n<meta property=\"og:locale\" content=\"sl_SI\" \/>\n<meta property=\"og:type\" content=\"article\" \/>\n<meta property=\"og:title\" content=\"Dope Classic D300 Black 400 ml - Sugar Factory\" \/>\n<meta property=\"og:description\" content=\"Dope Classic sprej razvijen je za umjetnike koji tra\u017ee pouzdan alat za sve stilove sprejanja. Mat zavr\u0161na obrada u kombinaciji s niskotla\u010dnom formulom omogu\u0107uje potpunu kontrolu nad izlazom boje, \u0161to ga \u010dini idealnim za precizne, tanke linije i rad sa skinny kapicama. Istovremeno, sprej se izvrsno pona\u0161a i s wide kapicama, pru\u017eaju\u0107i sna\u017ene i izra\u017eajne [&hellip;]\" \/>\n<meta property=\"og:url\" content=\"https:\/\/www.sugarfactory.hr\/sl\/izdelek\/spreji\/dope-classic-d300-black-400-ml\/\" \/>\n<meta property=\"og:site_name\" content=\"Sugar Factory\" \/>\n<meta property=\"article:modified_time\" content=\"2026-03-20T14:21:38+00:00\" \/>\n<meta property=\"og:image\" content=\"https:\/\/www.sugarfactory.hr\/wp-content\/uploads\/2025\/12\/eb79b817a2964d95b01e82421a4282f9.webp\" \/>\n\t<meta property=\"og:image:width\" content=\"1344\" \/>\n\t<meta property=\"og:image:height\" content=\"1344\" \/>\n\t<meta property=\"og:image:type\" content=\"image\/webp\" \/>\n<meta name=\"twitter:card\" content=\"summary_large_image\" \/>\n<meta name=\"twitter:label1\" content=\"Est. reading time\" \/>\n\t<meta name=\"twitter:data1\" content=\"1 minuta\" \/>\n<script type=\"application\/ld+json\" class=\"yoast-schema-graph\">{\"@context\":\"https:\/\/schema.org\",\"@graph\":[{\"@type\":\"WebPage\",\"@id\":\"https:\/\/www.sugarfactory.hr\/proizvod\/sprejevi\/dope-classic-d300-black-400-ml\/\",\"url\":\"https:\/\/www.sugarfactory.hr\/proizvod\/sprejevi\/dope-classic-d300-black-400-ml\/\",\"name\":\"Dope Classic D300 Black 400 ml - Sugar Factory\",\"isPartOf\":{\"@id\":\"https:\/\/www.sugarfactory.hr\/#website\"},\"primaryImageOfPage\":{\"@id\":\"https:\/\/www.sugarfactory.hr\/proizvod\/sprejevi\/dope-classic-d300-black-400-ml\/#primaryimage\"},\"image\":{\"@id\":\"https:\/\/www.sugarfactory.hr\/proizvod\/sprejevi\/dope-classic-d300-black-400-ml\/#primaryimage\"},\"thumbnailUrl\":\"https:\/\/www.sugarfactory.hr\/wp-content\/uploads\/2025\/12\/eb79b817a2964d95b01e82421a4282f9.webp\",\"datePublished\":\"2025-12-18T20:29:25+00:00\",\"dateModified\":\"2026-03-20T14:21:38+00:00\",\"breadcrumb\":{\"@id\":\"https:\/\/www.sugarfactory.hr\/proizvod\/sprejevi\/dope-classic-d300-black-400-ml\/#breadcrumb\"},\"inLanguage\":\"sl-SI\",\"potentialAction\":[{\"@type\":\"ReadAction\",\"target\":[\"https:\/\/www.sugarfactory.hr\/proizvod\/sprejevi\/dope-classic-d300-black-400-ml\/\"]}]},{\"@type\":\"ImageObject\",\"inLanguage\":\"sl-SI\",\"@id\":\"https:\/\/www.sugarfactory.hr\/proizvod\/sprejevi\/dope-classic-d300-black-400-ml\/#primaryimage\",\"url\":\"https:\/\/www.sugarfactory.hr\/wp-content\/uploads\/2025\/12\/eb79b817a2964d95b01e82421a4282f9.webp\",\"contentUrl\":\"https:\/\/www.sugarfactory.hr\/wp-content\/uploads\/2025\/12\/eb79b817a2964d95b01e82421a4282f9.webp\",\"width\":1344,\"height\":1344},{\"@type\":\"BreadcrumbList\",\"@id\":\"https:\/\/www.sugarfactory.hr\/proizvod\/sprejevi\/dope-classic-d300-black-400-ml\/#breadcrumb\",\"itemListElement\":[{\"@type\":\"ListItem\",\"position\":1,\"name\":\"Po\u010detna stranica\",\"item\":\"https:\/\/www.sugarfactory.hr\/\"},{\"@type\":\"ListItem\",\"position\":2,\"name\":\"Proizvodi\",\"item\":\"https:\/\/www.sugarfactory.hr\/shop\/\"},{\"@type\":\"ListItem\",\"position\":3,\"name\":\"Dope Classic D300 Black 400 ml\"}]},{\"@type\":\"WebSite\",\"@id\":\"https:\/\/www.sugarfactory.hr\/#website\",\"url\":\"https:\/\/www.sugarfactory.hr\/\",\"name\":\"Sugar Factory\",\"description\":\"Create your sweetest pieces!\",\"potentialAction\":[{\"@type\":\"SearchAction\",\"target\":{\"@type\":\"EntryPoint\",\"urlTemplate\":\"https:\/\/www.sugarfactory.hr\/?s={search_term_string}\"},\"query-input\":{\"@type\":\"PropertyValueSpecification\",\"valueRequired\":true,\"valueName\":\"search_term_string\"}}],\"inLanguage\":\"sl-SI\"}]}<\/script>\n<!-- \/ Yoast SEO plugin. -->","yoast_head_json":{"title":"Dope Classic D300 Black 400 ml - Sugar Factory","robots":{"index":"index","follow":"follow","max-snippet":"max-snippet:-1","max-image-preview":"max-image-preview:large","max-video-preview":"max-video-preview:-1"},"canonical":"https:\/\/www.sugarfactory.hr\/sl\/izdelek\/spreji\/dope-classic-d300-black-400-ml\/","og_locale":"sl_SI","og_type":"article","og_title":"Dope Classic D300 Black 400 ml - Sugar Factory","og_description":"Dope Classic sprej razvijen je za umjetnike koji tra\u017ee pouzdan alat za sve stilove sprejanja. Mat zavr\u0161na obrada u kombinaciji s niskotla\u010dnom formulom omogu\u0107uje potpunu kontrolu nad izlazom boje, \u0161to ga \u010dini idealnim za precizne, tanke linije i rad sa skinny kapicama. Istovremeno, sprej se izvrsno pona\u0161a i s wide kapicama, pru\u017eaju\u0107i sna\u017ene i izra\u017eajne [&hellip;]","og_url":"https:\/\/www.sugarfactory.hr\/sl\/izdelek\/spreji\/dope-classic-d300-black-400-ml\/","og_site_name":"Sugar Factory","article_modified_time":"2026-03-20T14:21:38+00:00","og_image":[{"width":1344,"height":1344,"url":"https:\/\/www.sugarfactory.hr\/wp-content\/uploads\/2025\/12\/eb79b817a2964d95b01e82421a4282f9.webp","type":"image\/webp"}],"twitter_card":"summary_large_image","twitter_misc":{"Est. reading time":"1 minuta"},"schema":{"@context":"https:\/\/schema.org","@graph":[{"@type":"WebPage","@id":"https:\/\/www.sugarfactory.hr\/proizvod\/sprejevi\/dope-classic-d300-black-400-ml\/","url":"https:\/\/www.sugarfactory.hr\/proizvod\/sprejevi\/dope-classic-d300-black-400-ml\/","name":"Dope Classic D300 Black 400 ml - Sugar Factory","isPartOf":{"@id":"https:\/\/www.sugarfactory.hr\/#website"},"primaryImageOfPage":{"@id":"https:\/\/www.sugarfactory.hr\/proizvod\/sprejevi\/dope-classic-d300-black-400-ml\/#primaryimage"},"image":{"@id":"https:\/\/www.sugarfactory.hr\/proizvod\/sprejevi\/dope-classic-d300-black-400-ml\/#primaryimage"},"thumbnailUrl":"https:\/\/www.sugarfactory.hr\/wp-content\/uploads\/2025\/12\/eb79b817a2964d95b01e82421a4282f9.webp","datePublished":"2025-12-18T20:29:25+00:00","dateModified":"2026-03-20T14:21:38+00:00","breadcrumb":{"@id":"https:\/\/www.sugarfactory.hr\/proizvod\/sprejevi\/dope-classic-d300-black-400-ml\/#breadcrumb"},"inLanguage":"sl-SI","potentialAction":[{"@type":"ReadAction","target":["https:\/\/www.sugarfactory.hr\/proizvod\/sprejevi\/dope-classic-d300-black-400-ml\/"]}]},{"@type":"ImageObject","inLanguage":"sl-SI","@id":"https:\/\/www.sugarfactory.hr\/proizvod\/sprejevi\/dope-classic-d300-black-400-ml\/#primaryimage","url":"https:\/\/www.sugarfactory.hr\/wp-content\/uploads\/2025\/12\/eb79b817a2964d95b01e82421a4282f9.webp","contentUrl":"https:\/\/www.sugarfactory.hr\/wp-content\/uploads\/2025\/12\/eb79b817a2964d95b01e82421a4282f9.webp","width":1344,"height":1344},{"@type":"BreadcrumbList","@id":"https:\/\/www.sugarfactory.hr\/proizvod\/sprejevi\/dope-classic-d300-black-400-ml\/#breadcrumb","itemListElement":[{"@type":"ListItem","position":1,"name":"Po\u010detna stranica","item":"https:\/\/www.sugarfactory.hr\/"},{"@type":"ListItem","position":2,"name":"Proizvodi","item":"https:\/\/www.sugarfactory.hr\/shop\/"},{"@type":"ListItem","position":3,"name":"Dope Classic D300 Black 400 ml"}]},{"@type":"WebSite","@id":"https:\/\/www.sugarfactory.hr\/#website","url":"https:\/\/www.sugarfactory.hr\/","name":"Tovarna sladkorja","description":"Create your sweetest pieces!","potentialAction":[{"@type":"SearchAction","target":{"@type":"EntryPoint","urlTemplate":"https:\/\/www.sugarfactory.hr\/?s={search_term_string}"},"query-input":{"@type":"PropertyValueSpecification","valueRequired":true,"valueName":"search_term_string"}}],"inLanguage":"sl-SI"}]}},"_links":{"self":[{"href":"https:\/\/www.sugarfactory.hr\/sl\/wp-json\/wp\/v2\/product\/13518","targetHints":{"allow":["GET"]}}],"collection":[{"href":"https:\/\/www.sugarfactory.hr\/sl\/wp-json\/wp\/v2\/product"}],"about":[{"href":"https:\/\/www.sugarfactory.hr\/sl\/wp-json\/wp\/v2\/types\/product"}],"wp:featuredmedia":[{"embeddable":true,"href":"https:\/\/www.sugarfactory.hr\/sl\/wp-json\/wp\/v2\/media\/13530"}],"wp:attachment":[{"href":"https:\/\/www.sugarfactory.hr\/sl\/wp-json\/wp\/v2\/media?parent=13518"}],"wp:term":[{"taxonomy":"product_brand","embeddable":true,"href":"https:\/\/www.sugarfactory.hr\/sl\/wp-json\/wp\/v2\/product_brand?post=13518"},{"taxonomy":"product_cat","embeddable":true,"href":"https:\/\/www.sugarfactory.hr\/sl\/wp-json\/wp\/v2\/product_cat?post=13518"},{"taxonomy":"product_tag","embeddable":true,"href":"https:\/\/www.sugarfactory.hr\/sl\/wp-json\/wp\/v2\/product_tag?post=13518"}],"curies":[{"name":"wp","href":"https:\/\/api.w.org\/{rel}","templated":true}]}}