{"id":13709,"date":"2026-01-23T09:02:57","date_gmt":"2026-01-23T08:02:57","guid":{"rendered":"https:\/\/www.sugarfactory.hr\/?post_type=product&#038;p=13709"},"modified":"2026-04-17T12:53:00","modified_gmt":"2026-04-17T11:53:00","slug":"monto-catalizador-barniz-acripol-150-ml-utvrdivac-za-2k-pu","status":"publish","type":"product","link":"https:\/\/www.sugarfactory.hr\/sl\/izdelek\/stenska-barva\/monto-catalizador-barniz-acripol-150-ml-utvrdivac-za-2k-pu\/","title":{"rendered":"Monto Catalizador Barniz Acripol 150 ml, utvr\u0111iva\u010d za 2k PU"},"content":{"rendered":"<p>MONTO CATALIZADOR BARNIZ ACRIPOL\u00a0 specijalizirani je proizvod namijenjen stvrdnjavanju i <strong>pove\u0107anju<\/strong> performansi dvokomponentnih poliuretanskih premaza, poput Acripol i Impripol. Njegova formula osigurava <strong>otpornost<\/strong> premaza na habanje, kemikalije i vanjske uvjete, pru\u017eaju\u0107i <strong>dugotrajnu<\/strong> za\u0161titu i estetiku.<\/p>\n<p>Ovaj proizvod se koristi u kombinaciji sa:\u00a0<strong><span style=\"color: #003366;\"><a style=\"color: #003366;\" href=\"https:\/\/www.sugarfactory.hr\/proizvod\/boje-za-zid\/monto-barniz-acripol-600ml-2k-pu\/\">Monto Barniz Acripol 600 ml, 2k PU<\/a><\/span><\/strong><\/p>\n<p>U\u010dvr\u0161\u0107iva\u010d za dvokomponentne poliuretanske premaze<\/p>\n<p>&nbsp;<\/p>","protected":false},"excerpt":{"rendered":"<p>MONTO CATALIZADOR BARNIZ ACRIPOL\u00a0 specijalizirani je proizvod namijenjen stvrdnjavanju i pove\u0107anju performansi dvokomponentnih poliuretanskih premaza, poput Acripol i Impripol. Njegova formula osigurava otpornost premaza na habanje, kemikalije i vanjske uvjete, pru\u017eaju\u0107i dugotrajnu za\u0161titu i estetiku. Ovaj proizvod se koristi u kombinaciji sa:\u00a0Monto Barniz Acripol 600 ml, 2k PU U\u010dvr\u0161\u0107iva\u010d za dvokomponentne poliuretanske premaze &nbsp;<\/p>","protected":false},"featured_media":13724,"template":"","meta":{"_acf_changed":false},"product_brand":[140],"product_cat":[20],"product_tag":[],"class_list":{"0":"post-13709","1":"product","2":"type-product","3":"status-publish","4":"has-post-thumbnail","6":"product_brand-monto","7":"product_cat-boje-za-zid","9":"first","10":"instock","11":"shipping-taxable","12":"purchasable","13":"product-type-simple"},"acf":[],"yoast_head":"<!-- This site is optimized with the Yoast SEO plugin v26.3 - https:\/\/yoast.com\/wordpress\/plugins\/seo\/ -->\n<title>Monto Catalizador Barniz Acripol 150 ml, utvr\u0111iva\u010d za 2k PU - Sugar Factory<\/title>\n<meta name=\"robots\" content=\"index, follow, max-snippet:-1, max-image-preview:large, max-video-preview:-1\" \/>\n<link rel=\"canonical\" href=\"https:\/\/www.sugarfactory.hr\/sl\/izdelek\/stenska-barva\/monto-catalizador-barniz-acripol-150-ml-utvrdivac-za-2k-pu\/\" \/>\n<meta property=\"og:locale\" content=\"sl_SI\" \/>\n<meta property=\"og:type\" content=\"article\" \/>\n<meta property=\"og:title\" content=\"Monto Catalizador Barniz Acripol 150 ml, utvr\u0111iva\u010d za 2k PU - Sugar Factory\" \/>\n<meta property=\"og:description\" content=\"MONTO CATALIZADOR BARNIZ ACRIPOL\u00a0 specijalizirani je proizvod namijenjen stvrdnjavanju i pove\u0107anju performansi dvokomponentnih poliuretanskih premaza, poput Acripol i Impripol. Njegova formula osigurava otpornost premaza na habanje, kemikalije i vanjske uvjete, pru\u017eaju\u0107i dugotrajnu za\u0161titu i estetiku. Ovaj proizvod se koristi u kombinaciji sa:\u00a0Monto Barniz Acripol 600 ml, 2k PU U\u010dvr\u0161\u0107iva\u010d za dvokomponentne poliuretanske premaze &nbsp;\" \/>\n<meta property=\"og:url\" content=\"https:\/\/www.sugarfactory.hr\/sl\/izdelek\/stenska-barva\/monto-catalizador-barniz-acripol-150-ml-utvrdivac-za-2k-pu\/\" \/>\n<meta property=\"og:site_name\" content=\"Sugar Factory\" \/>\n<meta property=\"article:modified_time\" content=\"2026-04-17T11:53:00+00:00\" \/>\n<meta property=\"og:image\" content=\"https:\/\/www.sugarfactory.hr\/wp-content\/uploads\/2026\/01\/488183c2a4394c8789564163ef71e8c8.webp\" \/>\n\t<meta property=\"og:image:width\" content=\"1024\" \/>\n\t<meta property=\"og:image:height\" content=\"1024\" \/>\n\t<meta property=\"og:image:type\" content=\"image\/webp\" \/>\n<meta name=\"twitter:card\" content=\"summary_large_image\" \/>\n<meta name=\"twitter:label1\" content=\"Est. reading time\" \/>\n\t<meta name=\"twitter:data1\" content=\"1 minuta\" \/>\n<script type=\"application\/ld+json\" class=\"yoast-schema-graph\">{\"@context\":\"https:\/\/schema.org\",\"@graph\":[{\"@type\":\"WebPage\",\"@id\":\"https:\/\/www.sugarfactory.hr\/proizvod\/boje-za-zid\/monto-catalizador-barniz-acripol-150-ml-utvrdivac-za-2k-pu\/\",\"url\":\"https:\/\/www.sugarfactory.hr\/proizvod\/boje-za-zid\/monto-catalizador-barniz-acripol-150-ml-utvrdivac-za-2k-pu\/\",\"name\":\"Monto Catalizador Barniz Acripol 150 ml, utvr\u0111iva\u010d za 2k PU - Sugar Factory\",\"isPartOf\":{\"@id\":\"https:\/\/www.sugarfactory.hr\/#website\"},\"primaryImageOfPage\":{\"@id\":\"https:\/\/www.sugarfactory.hr\/proizvod\/boje-za-zid\/monto-catalizador-barniz-acripol-150-ml-utvrdivac-za-2k-pu\/#primaryimage\"},\"image\":{\"@id\":\"https:\/\/www.sugarfactory.hr\/proizvod\/boje-za-zid\/monto-catalizador-barniz-acripol-150-ml-utvrdivac-za-2k-pu\/#primaryimage\"},\"thumbnailUrl\":\"https:\/\/www.sugarfactory.hr\/wp-content\/uploads\/2026\/01\/488183c2a4394c8789564163ef71e8c8.webp\",\"datePublished\":\"2026-01-23T08:02:57+00:00\",\"dateModified\":\"2026-04-17T11:53:00+00:00\",\"breadcrumb\":{\"@id\":\"https:\/\/www.sugarfactory.hr\/proizvod\/boje-za-zid\/monto-catalizador-barniz-acripol-150-ml-utvrdivac-za-2k-pu\/#breadcrumb\"},\"inLanguage\":\"sl-SI\",\"potentialAction\":[{\"@type\":\"ReadAction\",\"target\":[\"https:\/\/www.sugarfactory.hr\/proizvod\/boje-za-zid\/monto-catalizador-barniz-acripol-150-ml-utvrdivac-za-2k-pu\/\"]}]},{\"@type\":\"ImageObject\",\"inLanguage\":\"sl-SI\",\"@id\":\"https:\/\/www.sugarfactory.hr\/proizvod\/boje-za-zid\/monto-catalizador-barniz-acripol-150-ml-utvrdivac-za-2k-pu\/#primaryimage\",\"url\":\"https:\/\/www.sugarfactory.hr\/wp-content\/uploads\/2026\/01\/488183c2a4394c8789564163ef71e8c8.webp\",\"contentUrl\":\"https:\/\/www.sugarfactory.hr\/wp-content\/uploads\/2026\/01\/488183c2a4394c8789564163ef71e8c8.webp\",\"width\":1024,\"height\":1024},{\"@type\":\"BreadcrumbList\",\"@id\":\"https:\/\/www.sugarfactory.hr\/proizvod\/boje-za-zid\/monto-catalizador-barniz-acripol-150-ml-utvrdivac-za-2k-pu\/#breadcrumb\",\"itemListElement\":[{\"@type\":\"ListItem\",\"position\":1,\"name\":\"Po\u010detna stranica\",\"item\":\"https:\/\/www.sugarfactory.hr\/\"},{\"@type\":\"ListItem\",\"position\":2,\"name\":\"Proizvodi\",\"item\":\"https:\/\/www.sugarfactory.hr\/shop\/\"},{\"@type\":\"ListItem\",\"position\":3,\"name\":\"Monto Catalizador Barniz Acripol 150 ml, utvr\u0111iva\u010d za 2k PU\"}]},{\"@type\":\"WebSite\",\"@id\":\"https:\/\/www.sugarfactory.hr\/#website\",\"url\":\"https:\/\/www.sugarfactory.hr\/\",\"name\":\"Sugar Factory\",\"description\":\"Create your sweetest pieces!\",\"potentialAction\":[{\"@type\":\"SearchAction\",\"target\":{\"@type\":\"EntryPoint\",\"urlTemplate\":\"https:\/\/www.sugarfactory.hr\/?s={search_term_string}\"},\"query-input\":{\"@type\":\"PropertyValueSpecification\",\"valueRequired\":true,\"valueName\":\"search_term_string\"}}],\"inLanguage\":\"sl-SI\"}]}<\/script>\n<!-- \/ Yoast SEO plugin. -->","yoast_head_json":{"title":"Monto Catalizador Barniz Acripol 150 ml, utvr\u0111iva\u010d za 2k PU - Sugar Factory","robots":{"index":"index","follow":"follow","max-snippet":"max-snippet:-1","max-image-preview":"max-image-preview:large","max-video-preview":"max-video-preview:-1"},"canonical":"https:\/\/www.sugarfactory.hr\/sl\/izdelek\/stenska-barva\/monto-catalizador-barniz-acripol-150-ml-utvrdivac-za-2k-pu\/","og_locale":"sl_SI","og_type":"article","og_title":"Monto Catalizador Barniz Acripol 150 ml, utvr\u0111iva\u010d za 2k PU - Sugar Factory","og_description":"MONTO CATALIZADOR BARNIZ ACRIPOL\u00a0 specijalizirani je proizvod namijenjen stvrdnjavanju i pove\u0107anju performansi dvokomponentnih poliuretanskih premaza, poput Acripol i Impripol. Njegova formula osigurava otpornost premaza na habanje, kemikalije i vanjske uvjete, pru\u017eaju\u0107i dugotrajnu za\u0161titu i estetiku. Ovaj proizvod se koristi u kombinaciji sa:\u00a0Monto Barniz Acripol 600 ml, 2k PU U\u010dvr\u0161\u0107iva\u010d za dvokomponentne poliuretanske premaze &nbsp;","og_url":"https:\/\/www.sugarfactory.hr\/sl\/izdelek\/stenska-barva\/monto-catalizador-barniz-acripol-150-ml-utvrdivac-za-2k-pu\/","og_site_name":"Sugar Factory","article_modified_time":"2026-04-17T11:53:00+00:00","og_image":[{"width":1024,"height":1024,"url":"https:\/\/www.sugarfactory.hr\/wp-content\/uploads\/2026\/01\/488183c2a4394c8789564163ef71e8c8.webp","type":"image\/webp"}],"twitter_card":"summary_large_image","twitter_misc":{"Est. reading time":"1 minuta"},"schema":{"@context":"https:\/\/schema.org","@graph":[{"@type":"WebPage","@id":"https:\/\/www.sugarfactory.hr\/proizvod\/boje-za-zid\/monto-catalizador-barniz-acripol-150-ml-utvrdivac-za-2k-pu\/","url":"https:\/\/www.sugarfactory.hr\/proizvod\/boje-za-zid\/monto-catalizador-barniz-acripol-150-ml-utvrdivac-za-2k-pu\/","name":"Monto Catalizador Barniz Acripol 150 ml, utvr\u0111iva\u010d za 2k PU - Sugar Factory","isPartOf":{"@id":"https:\/\/www.sugarfactory.hr\/#website"},"primaryImageOfPage":{"@id":"https:\/\/www.sugarfactory.hr\/proizvod\/boje-za-zid\/monto-catalizador-barniz-acripol-150-ml-utvrdivac-za-2k-pu\/#primaryimage"},"image":{"@id":"https:\/\/www.sugarfactory.hr\/proizvod\/boje-za-zid\/monto-catalizador-barniz-acripol-150-ml-utvrdivac-za-2k-pu\/#primaryimage"},"thumbnailUrl":"https:\/\/www.sugarfactory.hr\/wp-content\/uploads\/2026\/01\/488183c2a4394c8789564163ef71e8c8.webp","datePublished":"2026-01-23T08:02:57+00:00","dateModified":"2026-04-17T11:53:00+00:00","breadcrumb":{"@id":"https:\/\/www.sugarfactory.hr\/proizvod\/boje-za-zid\/monto-catalizador-barniz-acripol-150-ml-utvrdivac-za-2k-pu\/#breadcrumb"},"inLanguage":"sl-SI","potentialAction":[{"@type":"ReadAction","target":["https:\/\/www.sugarfactory.hr\/proizvod\/boje-za-zid\/monto-catalizador-barniz-acripol-150-ml-utvrdivac-za-2k-pu\/"]}]},{"@type":"ImageObject","inLanguage":"sl-SI","@id":"https:\/\/www.sugarfactory.hr\/proizvod\/boje-za-zid\/monto-catalizador-barniz-acripol-150-ml-utvrdivac-za-2k-pu\/#primaryimage","url":"https:\/\/www.sugarfactory.hr\/wp-content\/uploads\/2026\/01\/488183c2a4394c8789564163ef71e8c8.webp","contentUrl":"https:\/\/www.sugarfactory.hr\/wp-content\/uploads\/2026\/01\/488183c2a4394c8789564163ef71e8c8.webp","width":1024,"height":1024},{"@type":"BreadcrumbList","@id":"https:\/\/www.sugarfactory.hr\/proizvod\/boje-za-zid\/monto-catalizador-barniz-acripol-150-ml-utvrdivac-za-2k-pu\/#breadcrumb","itemListElement":[{"@type":"ListItem","position":1,"name":"Po\u010detna stranica","item":"https:\/\/www.sugarfactory.hr\/"},{"@type":"ListItem","position":2,"name":"Proizvodi","item":"https:\/\/www.sugarfactory.hr\/shop\/"},{"@type":"ListItem","position":3,"name":"Monto Catalizador Barniz Acripol 150 ml, utvr\u0111iva\u010d za 2k PU"}]},{"@type":"WebSite","@id":"https:\/\/www.sugarfactory.hr\/#website","url":"https:\/\/www.sugarfactory.hr\/","name":"Tovarna sladkorja","description":"Create your sweetest pieces!","potentialAction":[{"@type":"SearchAction","target":{"@type":"EntryPoint","urlTemplate":"https:\/\/www.sugarfactory.hr\/?s={search_term_string}"},"query-input":{"@type":"PropertyValueSpecification","valueRequired":true,"valueName":"search_term_string"}}],"inLanguage":"sl-SI"}]}},"_links":{"self":[{"href":"https:\/\/www.sugarfactory.hr\/sl\/wp-json\/wp\/v2\/product\/13709","targetHints":{"allow":["GET"]}}],"collection":[{"href":"https:\/\/www.sugarfactory.hr\/sl\/wp-json\/wp\/v2\/product"}],"about":[{"href":"https:\/\/www.sugarfactory.hr\/sl\/wp-json\/wp\/v2\/types\/product"}],"wp:featuredmedia":[{"embeddable":true,"href":"https:\/\/www.sugarfactory.hr\/sl\/wp-json\/wp\/v2\/media\/13724"}],"wp:attachment":[{"href":"https:\/\/www.sugarfactory.hr\/sl\/wp-json\/wp\/v2\/media?parent=13709"}],"wp:term":[{"taxonomy":"product_brand","embeddable":true,"href":"https:\/\/www.sugarfactory.hr\/sl\/wp-json\/wp\/v2\/product_brand?post=13709"},{"taxonomy":"product_cat","embeddable":true,"href":"https:\/\/www.sugarfactory.hr\/sl\/wp-json\/wp\/v2\/product_cat?post=13709"},{"taxonomy":"product_tag","embeddable":true,"href":"https:\/\/www.sugarfactory.hr\/sl\/wp-json\/wp\/v2\/product_tag?post=13709"}],"curies":[{"name":"wp","href":"https:\/\/api.w.org\/{rel}","templated":true}]}}