{"id":1674,"date":"2021-05-19T08:41:27","date_gmt":"2021-05-19T08:41:27","guid":{"rendered":"https:\/\/www.sugarfactory.hr\/?post_type=product&#038;p=1674"},"modified":"2026-03-30T11:13:40","modified_gmt":"2026-03-30T10:13:40","slug":"valjcek-rainbow","status":"publish","type":"product","link":"https:\/\/www.sugarfactory.hr\/sl\/izdelek\/dodatki\/orodje-za-barvanje-in-strganje\/valjcek-rainbow\/","title":{"rendered":"Kana color valj\u010dek"},"content":{"rendered":"<p data-start=\"0\" data-end=\"98\"><strong data-start=\"0\" data-end=\"21\">Valjak Kana Color<\/strong> zasnovan za <strong data-start=\"39\" data-end=\"76\" data-is-only-node=\"\">ravnomjerno i brzo nano\u0161enje boje<\/strong> na velike povr\u0161ine.<\/p>\n<p data-start=\"100\" data-end=\"422\" data-is-last-node=\"\" data-is-only-node=\"\">Izdelano iz <strong data-start=\"111\" data-end=\"125\">poliakrila<\/strong>, pru\u017ea <strong data-start=\"133\" data-end=\"170\">izvrsnu pokrivnost i dugotrajnost<\/strong>, medtem ko <strong data-start=\"176\" data-end=\"193\">\u0161ivani rubovi<\/strong> osiguravaju <strong data-start=\"206\" data-end=\"250\">preciznost i sprje\u010davaju prosipanje boje<\/strong> Med delom.<br data-start=\"264\" data-end=\"267\" \/>Je kot nala\u0161\u010d za <strong data-start=\"281\" data-end=\"311\">unutarnje i vanjske zidove<\/strong>, stropove i druge povr\u0161ine, idealan za <strong data-start=\"351\" data-end=\"378\">profesionalce i hobiste<\/strong> ki i\u0161\u010dejo <strong data-start=\"390\" data-end=\"421\">kvalitetan i pouzdan valjak<\/strong>.<\/p>","protected":false},"excerpt":{"rendered":"<p>Valjak Kana Color dizajniran je za ravnomjerno i brzo nano\u0161enje boje na velike povr\u0161ine. Izra\u0111en od poliakrila, pru\u017ea izvrsnu pokrivnost i dugotrajnost, dok \u0161ivani rubovi osiguravaju preciznost i sprje\u010davaju prosipanje boje tijekom rada.Savr\u0161en je za unutarnje i vanjske zidove, stropove i druge povr\u0161ine, idealan za profesionalce i hobiste koji tra\u017ee kvalitetan i pouzdan valjak.<\/p>","protected":false},"featured_media":12556,"template":"","meta":{"_acf_changed":false},"product_brand":[128],"product_cat":[21,86],"product_tag":[],"class_list":{"0":"post-1674","1":"product","2":"type-product","3":"status-publish","4":"has-post-thumbnail","6":"product_brand-texo","7":"product_cat-accessories","8":"product_cat-alati-za-bojanje-i-struganje","10":"first","11":"instock","12":"shipping-taxable","13":"purchasable","14":"product-type-variable"},"acf":[],"yoast_head":"<!-- This site is optimized with the Yoast SEO plugin v26.3 - https:\/\/yoast.com\/wordpress\/plugins\/seo\/ -->\n<title>Valjak Kana color - Sugar Factory<\/title>\n<meta name=\"robots\" content=\"index, follow, max-snippet:-1, max-image-preview:large, max-video-preview:-1\" \/>\n<link rel=\"canonical\" href=\"https:\/\/www.sugarfactory.hr\/sl\/izdelek\/dodatki\/orodje-za-barvanje-in-strganje\/valjcek-rainbow\/\" \/>\n<meta property=\"og:locale\" content=\"sl_SI\" \/>\n<meta property=\"og:type\" content=\"article\" \/>\n<meta property=\"og:title\" content=\"Valjak Kana color - Sugar Factory\" \/>\n<meta property=\"og:description\" content=\"Valjak Kana Color dizajniran je za ravnomjerno i brzo nano\u0161enje boje na velike povr\u0161ine. Izra\u0111en od poliakrila, pru\u017ea izvrsnu pokrivnost i dugotrajnost, dok \u0161ivani rubovi osiguravaju preciznost i sprje\u010davaju prosipanje boje tijekom rada.Savr\u0161en je za unutarnje i vanjske zidove, stropove i druge povr\u0161ine, idealan za profesionalce i hobiste koji tra\u017ee kvalitetan i pouzdan valjak.\" \/>\n<meta property=\"og:url\" content=\"https:\/\/www.sugarfactory.hr\/sl\/izdelek\/dodatki\/orodje-za-barvanje-in-strganje\/valjcek-rainbow\/\" \/>\n<meta property=\"og:site_name\" content=\"Sugar Factory\" \/>\n<meta property=\"article:modified_time\" content=\"2026-03-30T10:13:40+00:00\" \/>\n<meta property=\"og:image\" content=\"https:\/\/www.sugarfactory.hr\/wp-content\/uploads\/2021\/05\/Valjak-Kana-color-1.webp\" \/>\n\t<meta property=\"og:image:width\" content=\"896\" \/>\n\t<meta property=\"og:image:height\" content=\"1120\" \/>\n\t<meta property=\"og:image:type\" content=\"image\/webp\" \/>\n<meta name=\"twitter:card\" content=\"summary_large_image\" \/>\n<script type=\"application\/ld+json\" class=\"yoast-schema-graph\">{\"@context\":\"https:\/\/schema.org\",\"@graph\":[{\"@type\":\"WebPage\",\"@id\":\"https:\/\/www.sugarfactory.hr\/proizvod\/accessories\/alati-za-bojanje-i-struganje\/valjak-rainbow\/\",\"url\":\"https:\/\/www.sugarfactory.hr\/proizvod\/accessories\/alati-za-bojanje-i-struganje\/valjak-rainbow\/\",\"name\":\"Valjak Kana color - Sugar Factory\",\"isPartOf\":{\"@id\":\"https:\/\/www.sugarfactory.hr\/#website\"},\"primaryImageOfPage\":{\"@id\":\"https:\/\/www.sugarfactory.hr\/proizvod\/accessories\/alati-za-bojanje-i-struganje\/valjak-rainbow\/#primaryimage\"},\"image\":{\"@id\":\"https:\/\/www.sugarfactory.hr\/proizvod\/accessories\/alati-za-bojanje-i-struganje\/valjak-rainbow\/#primaryimage\"},\"thumbnailUrl\":\"https:\/\/www.sugarfactory.hr\/wp-content\/uploads\/2021\/05\/Valjak-Kana-color-1.webp\",\"datePublished\":\"2021-05-19T08:41:27+00:00\",\"dateModified\":\"2026-03-30T10:13:40+00:00\",\"breadcrumb\":{\"@id\":\"https:\/\/www.sugarfactory.hr\/proizvod\/accessories\/alati-za-bojanje-i-struganje\/valjak-rainbow\/#breadcrumb\"},\"inLanguage\":\"sl-SI\",\"potentialAction\":[{\"@type\":\"ReadAction\",\"target\":[\"https:\/\/www.sugarfactory.hr\/proizvod\/accessories\/alati-za-bojanje-i-struganje\/valjak-rainbow\/\"]}]},{\"@type\":\"ImageObject\",\"inLanguage\":\"sl-SI\",\"@id\":\"https:\/\/www.sugarfactory.hr\/proizvod\/accessories\/alati-za-bojanje-i-struganje\/valjak-rainbow\/#primaryimage\",\"url\":\"https:\/\/www.sugarfactory.hr\/wp-content\/uploads\/2021\/05\/Valjak-Kana-color-1.webp\",\"contentUrl\":\"https:\/\/www.sugarfactory.hr\/wp-content\/uploads\/2021\/05\/Valjak-Kana-color-1.webp\",\"width\":896,\"height\":1120},{\"@type\":\"BreadcrumbList\",\"@id\":\"https:\/\/www.sugarfactory.hr\/proizvod\/accessories\/alati-za-bojanje-i-struganje\/valjak-rainbow\/#breadcrumb\",\"itemListElement\":[{\"@type\":\"ListItem\",\"position\":1,\"name\":\"Po\u010detna stranica\",\"item\":\"https:\/\/www.sugarfactory.hr\/\"},{\"@type\":\"ListItem\",\"position\":2,\"name\":\"Proizvodi\",\"item\":\"https:\/\/www.sugarfactory.hr\/shop\/\"},{\"@type\":\"ListItem\",\"position\":3,\"name\":\"Valjak Kana color\"}]},{\"@type\":\"WebSite\",\"@id\":\"https:\/\/www.sugarfactory.hr\/#website\",\"url\":\"https:\/\/www.sugarfactory.hr\/\",\"name\":\"Sugar Factory\",\"description\":\"Create your sweetest pieces!\",\"potentialAction\":[{\"@type\":\"SearchAction\",\"target\":{\"@type\":\"EntryPoint\",\"urlTemplate\":\"https:\/\/www.sugarfactory.hr\/?s={search_term_string}\"},\"query-input\":{\"@type\":\"PropertyValueSpecification\",\"valueRequired\":true,\"valueName\":\"search_term_string\"}}],\"inLanguage\":\"sl-SI\"}]}<\/script>\n<!-- \/ Yoast SEO plugin. -->","yoast_head_json":{"title":"Kana color valj\u010dek - Sugar Factory","robots":{"index":"index","follow":"follow","max-snippet":"max-snippet:-1","max-image-preview":"max-image-preview:large","max-video-preview":"max-video-preview:-1"},"canonical":"https:\/\/www.sugarfactory.hr\/sl\/izdelek\/dodatki\/orodje-za-barvanje-in-strganje\/valjcek-rainbow\/","og_locale":"sl_SI","og_type":"article","og_title":"Valjak Kana color - Sugar Factory","og_description":"Valjak Kana Color dizajniran je za ravnomjerno i brzo nano\u0161enje boje na velike povr\u0161ine. Izra\u0111en od poliakrila, pru\u017ea izvrsnu pokrivnost i dugotrajnost, dok \u0161ivani rubovi osiguravaju preciznost i sprje\u010davaju prosipanje boje tijekom rada.Savr\u0161en je za unutarnje i vanjske zidove, stropove i druge povr\u0161ine, idealan za profesionalce i hobiste koji tra\u017ee kvalitetan i pouzdan valjak.","og_url":"https:\/\/www.sugarfactory.hr\/sl\/izdelek\/dodatki\/orodje-za-barvanje-in-strganje\/valjcek-rainbow\/","og_site_name":"Sugar Factory","article_modified_time":"2026-03-30T10:13:40+00:00","og_image":[{"width":896,"height":1120,"url":"https:\/\/www.sugarfactory.hr\/wp-content\/uploads\/2021\/05\/Valjak-Kana-color-1.webp","type":"image\/webp"}],"twitter_card":"summary_large_image","schema":{"@context":"https:\/\/schema.org","@graph":[{"@type":"WebPage","@id":"https:\/\/www.sugarfactory.hr\/proizvod\/accessories\/alati-za-bojanje-i-struganje\/valjak-rainbow\/","url":"https:\/\/www.sugarfactory.hr\/proizvod\/accessories\/alati-za-bojanje-i-struganje\/valjak-rainbow\/","name":"Kana color valj\u010dek - Sugar Factory","isPartOf":{"@id":"https:\/\/www.sugarfactory.hr\/#website"},"primaryImageOfPage":{"@id":"https:\/\/www.sugarfactory.hr\/proizvod\/accessories\/alati-za-bojanje-i-struganje\/valjak-rainbow\/#primaryimage"},"image":{"@id":"https:\/\/www.sugarfactory.hr\/proizvod\/accessories\/alati-za-bojanje-i-struganje\/valjak-rainbow\/#primaryimage"},"thumbnailUrl":"https:\/\/www.sugarfactory.hr\/wp-content\/uploads\/2021\/05\/Valjak-Kana-color-1.webp","datePublished":"2021-05-19T08:41:27+00:00","dateModified":"2026-03-30T10:13:40+00:00","breadcrumb":{"@id":"https:\/\/www.sugarfactory.hr\/proizvod\/accessories\/alati-za-bojanje-i-struganje\/valjak-rainbow\/#breadcrumb"},"inLanguage":"sl-SI","potentialAction":[{"@type":"ReadAction","target":["https:\/\/www.sugarfactory.hr\/proizvod\/accessories\/alati-za-bojanje-i-struganje\/valjak-rainbow\/"]}]},{"@type":"ImageObject","inLanguage":"sl-SI","@id":"https:\/\/www.sugarfactory.hr\/proizvod\/accessories\/alati-za-bojanje-i-struganje\/valjak-rainbow\/#primaryimage","url":"https:\/\/www.sugarfactory.hr\/wp-content\/uploads\/2021\/05\/Valjak-Kana-color-1.webp","contentUrl":"https:\/\/www.sugarfactory.hr\/wp-content\/uploads\/2021\/05\/Valjak-Kana-color-1.webp","width":896,"height":1120},{"@type":"BreadcrumbList","@id":"https:\/\/www.sugarfactory.hr\/proizvod\/accessories\/alati-za-bojanje-i-struganje\/valjak-rainbow\/#breadcrumb","itemListElement":[{"@type":"ListItem","position":1,"name":"Po\u010detna stranica","item":"https:\/\/www.sugarfactory.hr\/"},{"@type":"ListItem","position":2,"name":"Proizvodi","item":"https:\/\/www.sugarfactory.hr\/shop\/"},{"@type":"ListItem","position":3,"name":"Valjak Kana color"}]},{"@type":"WebSite","@id":"https:\/\/www.sugarfactory.hr\/#website","url":"https:\/\/www.sugarfactory.hr\/","name":"Tovarna sladkorja","description":"Create your sweetest pieces!","potentialAction":[{"@type":"SearchAction","target":{"@type":"EntryPoint","urlTemplate":"https:\/\/www.sugarfactory.hr\/?s={search_term_string}"},"query-input":{"@type":"PropertyValueSpecification","valueRequired":true,"valueName":"search_term_string"}}],"inLanguage":"sl-SI"}]}},"_links":{"self":[{"href":"https:\/\/www.sugarfactory.hr\/sl\/wp-json\/wp\/v2\/product\/1674","targetHints":{"allow":["GET"]}}],"collection":[{"href":"https:\/\/www.sugarfactory.hr\/sl\/wp-json\/wp\/v2\/product"}],"about":[{"href":"https:\/\/www.sugarfactory.hr\/sl\/wp-json\/wp\/v2\/types\/product"}],"wp:featuredmedia":[{"embeddable":true,"href":"https:\/\/www.sugarfactory.hr\/sl\/wp-json\/wp\/v2\/media\/12556"}],"wp:attachment":[{"href":"https:\/\/www.sugarfactory.hr\/sl\/wp-json\/wp\/v2\/media?parent=1674"}],"wp:term":[{"taxonomy":"product_brand","embeddable":true,"href":"https:\/\/www.sugarfactory.hr\/sl\/wp-json\/wp\/v2\/product_brand?post=1674"},{"taxonomy":"product_cat","embeddable":true,"href":"https:\/\/www.sugarfactory.hr\/sl\/wp-json\/wp\/v2\/product_cat?post=1674"},{"taxonomy":"product_tag","embeddable":true,"href":"https:\/\/www.sugarfactory.hr\/sl\/wp-json\/wp\/v2\/product_tag?post=1674"}],"curies":[{"name":"wp","href":"https:\/\/api.w.org\/{rel}","templated":true}]}}