{"id":1711,"date":"2021-05-19T09:43:07","date_gmt":"2021-05-19T09:43:07","guid":{"rendered":"https:\/\/www.sugarfactory.hr\/?post_type=product&#038;p=1711"},"modified":"2026-04-08T09:25:40","modified_gmt":"2026-04-08T08:25:40","slug":"teleskopski-rocaj-za-valjcek","status":"publish","type":"product","link":"https:\/\/www.sugarfactory.hr\/sl\/izdelek\/dodatki\/orodje-za-barvanje-in-strganje\/teleskopski-rocaj-za-valjcek\/","title":{"rendered":"Teleskopski ro\u010daj za valj\u010dek"},"content":{"rendered":"<p data-start=\"0\" data-end=\"169\"><strong data-start=\"0\" data-end=\"31\">Teleskopski ro\u010daj za valj\u010dek<\/strong> dostupna je u tri prakti\u010dne dimenzije \u2013 <strong data-start=\"72\" data-end=\"90\">1 m, 2 m i 3 m<\/strong> \u2013 pru\u017eaju\u0107i savr\u0161eno rje\u0161enje za <strong data-start=\"124\" data-end=\"141\" data-is-only-node=\"\">rad na visini<\/strong> bez potrebe za ljestvama.<\/p>\n<p data-start=\"171\" data-end=\"477\">Izra\u0111ena od <strong data-start=\"183\" data-end=\"218\">laganog, ali \u010dvrstog materijala<\/strong>, dr\u0161ka omogu\u0107uje <strong data-start=\"236\" data-end=\"261\">jednostavno rukovanje<\/strong> in <strong data-start=\"264\" data-end=\"285\">preciznu kontrolu<\/strong> tijekom bojanja ili nano\u0161enja premaza.<br data-start=\"324\" data-end=\"327\" \/>Hvala <strong data-start=\"340\" data-end=\"360\">podesivoj du\u017eini<\/strong> in <strong data-start=\"363\" data-end=\"399\">sigurnom mehanizmu zaklju\u010davanja<\/strong>, idealna je za <strong data-start=\"415\" data-end=\"447\">unutarnje i vanjske povr\u0161ine<\/strong>, zidove, stropove i murale.<\/p>\n<p data-start=\"479\" data-end=\"588\" data-is-last-node=\"\" data-is-only-node=\"\">Savr\u0161en dodatak za <strong data-start=\"498\" data-end=\"527\">profesionalce i umjetnike<\/strong> ki i\u0161\u010dejo <strong data-start=\"539\" data-end=\"571\">udobnost, stabilnost i domet<\/strong> pri vsakem gibu.<\/p>","protected":false},"excerpt":{"rendered":"<p>Teleskopska dr\u0161ka za valjak dostupna je u tri prakti\u010dne dimenzije \u2013 1 m, 2 m i 3 m \u2013 pru\u017eaju\u0107i savr\u0161eno rje\u0161enje za rad na visini bez potrebe za ljestvama. Izra\u0111ena od laganog, ali \u010dvrstog materijala, dr\u0161ka omogu\u0107uje jednostavno rukovanje i preciznu kontrolu tijekom bojanja ili nano\u0161enja premaza.Zahvaljuju\u0107i podesivoj du\u017eini i sigurnom mehanizmu zaklju\u010davanja, idealna [&hellip;]<\/p>","protected":false},"featured_media":12550,"template":"","meta":{"_acf_changed":false},"product_brand":[128],"product_cat":[21,86],"product_tag":[],"class_list":{"0":"post-1711","1":"product","2":"type-product","3":"status-publish","4":"has-post-thumbnail","6":"product_brand-texo","7":"product_cat-accessories","8":"product_cat-alati-za-bojanje-i-struganje","10":"first","11":"instock","12":"shipping-taxable","13":"purchasable","14":"product-type-variable"},"acf":[],"yoast_head":"<!-- This site is optimized with the Yoast SEO plugin v26.3 - https:\/\/yoast.com\/wordpress\/plugins\/seo\/ -->\n<title>Teleskopska dr\u0161ka za valjak - Sugar Factory<\/title>\n<meta name=\"robots\" content=\"index, follow, max-snippet:-1, max-image-preview:large, max-video-preview:-1\" \/>\n<link rel=\"canonical\" href=\"https:\/\/www.sugarfactory.hr\/sl\/izdelek\/dodatki\/orodje-za-barvanje-in-strganje\/teleskopski-rocaj-za-valjcek\/\" \/>\n<meta property=\"og:locale\" content=\"sl_SI\" \/>\n<meta property=\"og:type\" content=\"article\" \/>\n<meta property=\"og:title\" content=\"Teleskopska dr\u0161ka za valjak - Sugar Factory\" \/>\n<meta property=\"og:description\" content=\"Teleskopska dr\u0161ka za valjak dostupna je u tri prakti\u010dne dimenzije \u2013 1 m, 2 m i 3 m \u2013 pru\u017eaju\u0107i savr\u0161eno rje\u0161enje za rad na visini bez potrebe za ljestvama. Izra\u0111ena od laganog, ali \u010dvrstog materijala, dr\u0161ka omogu\u0107uje jednostavno rukovanje i preciznu kontrolu tijekom bojanja ili nano\u0161enja premaza.Zahvaljuju\u0107i podesivoj du\u017eini i sigurnom mehanizmu zaklju\u010davanja, idealna [&hellip;]\" \/>\n<meta property=\"og:url\" content=\"https:\/\/www.sugarfactory.hr\/sl\/izdelek\/dodatki\/orodje-za-barvanje-in-strganje\/teleskopski-rocaj-za-valjcek\/\" \/>\n<meta property=\"og:site_name\" content=\"Sugar Factory\" \/>\n<meta property=\"article:modified_time\" content=\"2026-04-08T08:25:40+00:00\" \/>\n<meta property=\"og:image\" content=\"https:\/\/www.sugarfactory.hr\/wp-content\/uploads\/2021\/05\/Teleskopska-drska-za-valjak-1.webp\" \/>\n\t<meta property=\"og:image:width\" content=\"896\" \/>\n\t<meta property=\"og:image:height\" content=\"1120\" \/>\n\t<meta property=\"og:image:type\" content=\"image\/webp\" \/>\n<meta name=\"twitter:card\" content=\"summary_large_image\" \/>\n<script type=\"application\/ld+json\" class=\"yoast-schema-graph\">{\"@context\":\"https:\/\/schema.org\",\"@graph\":[{\"@type\":\"WebPage\",\"@id\":\"https:\/\/www.sugarfactory.hr\/proizvod\/accessories\/alati-za-bojanje-i-struganje\/teleskopska-drska-za-valjak\/\",\"url\":\"https:\/\/www.sugarfactory.hr\/proizvod\/accessories\/alati-za-bojanje-i-struganje\/teleskopska-drska-za-valjak\/\",\"name\":\"Teleskopska dr\u0161ka za valjak - Sugar Factory\",\"isPartOf\":{\"@id\":\"https:\/\/www.sugarfactory.hr\/#website\"},\"primaryImageOfPage\":{\"@id\":\"https:\/\/www.sugarfactory.hr\/proizvod\/accessories\/alati-za-bojanje-i-struganje\/teleskopska-drska-za-valjak\/#primaryimage\"},\"image\":{\"@id\":\"https:\/\/www.sugarfactory.hr\/proizvod\/accessories\/alati-za-bojanje-i-struganje\/teleskopska-drska-za-valjak\/#primaryimage\"},\"thumbnailUrl\":\"https:\/\/www.sugarfactory.hr\/wp-content\/uploads\/2021\/05\/Teleskopska-drska-za-valjak-1.webp\",\"datePublished\":\"2021-05-19T09:43:07+00:00\",\"dateModified\":\"2026-04-08T08:25:40+00:00\",\"breadcrumb\":{\"@id\":\"https:\/\/www.sugarfactory.hr\/proizvod\/accessories\/alati-za-bojanje-i-struganje\/teleskopska-drska-za-valjak\/#breadcrumb\"},\"inLanguage\":\"sl-SI\",\"potentialAction\":[{\"@type\":\"ReadAction\",\"target\":[\"https:\/\/www.sugarfactory.hr\/proizvod\/accessories\/alati-za-bojanje-i-struganje\/teleskopska-drska-za-valjak\/\"]}]},{\"@type\":\"ImageObject\",\"inLanguage\":\"sl-SI\",\"@id\":\"https:\/\/www.sugarfactory.hr\/proizvod\/accessories\/alati-za-bojanje-i-struganje\/teleskopska-drska-za-valjak\/#primaryimage\",\"url\":\"https:\/\/www.sugarfactory.hr\/wp-content\/uploads\/2021\/05\/Teleskopska-drska-za-valjak-1.webp\",\"contentUrl\":\"https:\/\/www.sugarfactory.hr\/wp-content\/uploads\/2021\/05\/Teleskopska-drska-za-valjak-1.webp\",\"width\":896,\"height\":1120},{\"@type\":\"BreadcrumbList\",\"@id\":\"https:\/\/www.sugarfactory.hr\/proizvod\/accessories\/alati-za-bojanje-i-struganje\/teleskopska-drska-za-valjak\/#breadcrumb\",\"itemListElement\":[{\"@type\":\"ListItem\",\"position\":1,\"name\":\"Po\u010detna stranica\",\"item\":\"https:\/\/www.sugarfactory.hr\/\"},{\"@type\":\"ListItem\",\"position\":2,\"name\":\"Proizvodi\",\"item\":\"https:\/\/www.sugarfactory.hr\/shop\/\"},{\"@type\":\"ListItem\",\"position\":3,\"name\":\"Teleskopska dr\u0161ka za valjak\"}]},{\"@type\":\"WebSite\",\"@id\":\"https:\/\/www.sugarfactory.hr\/#website\",\"url\":\"https:\/\/www.sugarfactory.hr\/\",\"name\":\"Sugar Factory\",\"description\":\"Create your sweetest pieces!\",\"potentialAction\":[{\"@type\":\"SearchAction\",\"target\":{\"@type\":\"EntryPoint\",\"urlTemplate\":\"https:\/\/www.sugarfactory.hr\/?s={search_term_string}\"},\"query-input\":{\"@type\":\"PropertyValueSpecification\",\"valueRequired\":true,\"valueName\":\"search_term_string\"}}],\"inLanguage\":\"sl-SI\"}]}<\/script>\n<!-- \/ Yoast SEO plugin. -->","yoast_head_json":{"title":"Teleskopski ro\u010daj za valj\u010dek - Sugar Factory","robots":{"index":"index","follow":"follow","max-snippet":"max-snippet:-1","max-image-preview":"max-image-preview:large","max-video-preview":"max-video-preview:-1"},"canonical":"https:\/\/www.sugarfactory.hr\/sl\/izdelek\/dodatki\/orodje-za-barvanje-in-strganje\/teleskopski-rocaj-za-valjcek\/","og_locale":"sl_SI","og_type":"article","og_title":"Teleskopska dr\u0161ka za valjak - Sugar Factory","og_description":"Teleskopska dr\u0161ka za valjak dostupna je u tri prakti\u010dne dimenzije \u2013 1 m, 2 m i 3 m \u2013 pru\u017eaju\u0107i savr\u0161eno rje\u0161enje za rad na visini bez potrebe za ljestvama. Izra\u0111ena od laganog, ali \u010dvrstog materijala, dr\u0161ka omogu\u0107uje jednostavno rukovanje i preciznu kontrolu tijekom bojanja ili nano\u0161enja premaza.Zahvaljuju\u0107i podesivoj du\u017eini i sigurnom mehanizmu zaklju\u010davanja, idealna [&hellip;]","og_url":"https:\/\/www.sugarfactory.hr\/sl\/izdelek\/dodatki\/orodje-za-barvanje-in-strganje\/teleskopski-rocaj-za-valjcek\/","og_site_name":"Sugar Factory","article_modified_time":"2026-04-08T08:25:40+00:00","og_image":[{"width":896,"height":1120,"url":"https:\/\/www.sugarfactory.hr\/wp-content\/uploads\/2021\/05\/Teleskopska-drska-za-valjak-1.webp","type":"image\/webp"}],"twitter_card":"summary_large_image","schema":{"@context":"https:\/\/schema.org","@graph":[{"@type":"WebPage","@id":"https:\/\/www.sugarfactory.hr\/proizvod\/accessories\/alati-za-bojanje-i-struganje\/teleskopska-drska-za-valjak\/","url":"https:\/\/www.sugarfactory.hr\/proizvod\/accessories\/alati-za-bojanje-i-struganje\/teleskopska-drska-za-valjak\/","name":"Teleskopski ro\u010daj za valj\u010dek - Sugar Factory","isPartOf":{"@id":"https:\/\/www.sugarfactory.hr\/#website"},"primaryImageOfPage":{"@id":"https:\/\/www.sugarfactory.hr\/proizvod\/accessories\/alati-za-bojanje-i-struganje\/teleskopska-drska-za-valjak\/#primaryimage"},"image":{"@id":"https:\/\/www.sugarfactory.hr\/proizvod\/accessories\/alati-za-bojanje-i-struganje\/teleskopska-drska-za-valjak\/#primaryimage"},"thumbnailUrl":"https:\/\/www.sugarfactory.hr\/wp-content\/uploads\/2021\/05\/Teleskopska-drska-za-valjak-1.webp","datePublished":"2021-05-19T09:43:07+00:00","dateModified":"2026-04-08T08:25:40+00:00","breadcrumb":{"@id":"https:\/\/www.sugarfactory.hr\/proizvod\/accessories\/alati-za-bojanje-i-struganje\/teleskopska-drska-za-valjak\/#breadcrumb"},"inLanguage":"sl-SI","potentialAction":[{"@type":"ReadAction","target":["https:\/\/www.sugarfactory.hr\/proizvod\/accessories\/alati-za-bojanje-i-struganje\/teleskopska-drska-za-valjak\/"]}]},{"@type":"ImageObject","inLanguage":"sl-SI","@id":"https:\/\/www.sugarfactory.hr\/proizvod\/accessories\/alati-za-bojanje-i-struganje\/teleskopska-drska-za-valjak\/#primaryimage","url":"https:\/\/www.sugarfactory.hr\/wp-content\/uploads\/2021\/05\/Teleskopska-drska-za-valjak-1.webp","contentUrl":"https:\/\/www.sugarfactory.hr\/wp-content\/uploads\/2021\/05\/Teleskopska-drska-za-valjak-1.webp","width":896,"height":1120},{"@type":"BreadcrumbList","@id":"https:\/\/www.sugarfactory.hr\/proizvod\/accessories\/alati-za-bojanje-i-struganje\/teleskopska-drska-za-valjak\/#breadcrumb","itemListElement":[{"@type":"ListItem","position":1,"name":"Po\u010detna stranica","item":"https:\/\/www.sugarfactory.hr\/"},{"@type":"ListItem","position":2,"name":"Proizvodi","item":"https:\/\/www.sugarfactory.hr\/shop\/"},{"@type":"ListItem","position":3,"name":"Teleskopska dr\u0161ka za valjak"}]},{"@type":"WebSite","@id":"https:\/\/www.sugarfactory.hr\/#website","url":"https:\/\/www.sugarfactory.hr\/","name":"Tovarna sladkorja","description":"Create your sweetest pieces!","potentialAction":[{"@type":"SearchAction","target":{"@type":"EntryPoint","urlTemplate":"https:\/\/www.sugarfactory.hr\/?s={search_term_string}"},"query-input":{"@type":"PropertyValueSpecification","valueRequired":true,"valueName":"search_term_string"}}],"inLanguage":"sl-SI"}]}},"_links":{"self":[{"href":"https:\/\/www.sugarfactory.hr\/sl\/wp-json\/wp\/v2\/product\/1711","targetHints":{"allow":["GET"]}}],"collection":[{"href":"https:\/\/www.sugarfactory.hr\/sl\/wp-json\/wp\/v2\/product"}],"about":[{"href":"https:\/\/www.sugarfactory.hr\/sl\/wp-json\/wp\/v2\/types\/product"}],"wp:featuredmedia":[{"embeddable":true,"href":"https:\/\/www.sugarfactory.hr\/sl\/wp-json\/wp\/v2\/media\/12550"}],"wp:attachment":[{"href":"https:\/\/www.sugarfactory.hr\/sl\/wp-json\/wp\/v2\/media?parent=1711"}],"wp:term":[{"taxonomy":"product_brand","embeddable":true,"href":"https:\/\/www.sugarfactory.hr\/sl\/wp-json\/wp\/v2\/product_brand?post=1711"},{"taxonomy":"product_cat","embeddable":true,"href":"https:\/\/www.sugarfactory.hr\/sl\/wp-json\/wp\/v2\/product_cat?post=1711"},{"taxonomy":"product_tag","embeddable":true,"href":"https:\/\/www.sugarfactory.hr\/sl\/wp-json\/wp\/v2\/product_tag?post=1711"}],"curies":[{"name":"wp","href":"https:\/\/api.w.org\/{rel}","templated":true}]}}