{"id":1766,"date":"2021-08-17T12:00:37","date_gmt":"2021-08-17T12:00:37","guid":{"rendered":"https:\/\/www.sugarfactory.hr\/?post_type=product&#038;p=1766"},"modified":"2026-04-17T12:53:10","modified_gmt":"2026-04-17T11:53:10","slug":"pcf-350","status":"publish","type":"product","link":"https:\/\/www.sugarfactory.hr\/sl\/izdelek\/oznacevalci\/posca-markeri\/pcf-350\/","title":{"rendered":"Posca PCF-350"},"content":{"rendered":"<p data-start=\"66\" data-end=\"356\"><strong data-start=\"128\" data-end=\"145\">Posca PCF-350<\/strong> marker iz najpoznatije svjetske linije za <strong data-start=\"188\" data-end=\"207\">hobi i slikanje<\/strong> opremljen je <strong data-start=\"221\" data-end=\"254\">posebnim vrhom u obliku kista<\/strong>, izra\u0111enim od poliestera i elasti\u010dnih vlakana koja vjerno opona\u0161aju osje\u0107aj slikanja pravim kistom.<\/p>\n<p data-start=\"358\" data-end=\"543\">Boje Posca markera mogu se <strong data-start=\"385\" data-end=\"397\">mije\u0161ati<\/strong> kako bi se stvorile nove nijanse. Na glatkim povr\u0161inama trag se lako bri\u0161e, dok fiksiranjem <strong data-start=\"490\" data-end=\"525\">toplinom ili za\u0161titnim premazom<\/strong> postaje trajan.<\/p>\n<p data-start=\"545\" data-end=\"814\">Marker koristi <strong data-start=\"560\" data-end=\"595\">felt-tip sistem aktivacije vrha<\/strong> \u2013 prije prve uporabe vrh treba lagano pritisnuti o papir da bi tinta natopila vlakna. Doziranje tinte dodatno se kontrolira <strong data-start=\"720\" data-end=\"758\">okretanjem dugmeta na vrhu ku\u0107i\u0161ta<\/strong>, \u0161to omogu\u0107uje precizno slikanje bez prekida protoka.<\/p>\n<ul data-start=\"816\" data-end=\"1082\">\n<li data-start=\"816\" data-end=\"869\">\n<p data-start=\"818\" data-end=\"869\"><strong data-start=\"818\" data-end=\"826\">Zgoraj:<\/strong> kist od poliestera s elasti\u010dnim vlaknima<\/p>\n<\/li>\n<li data-start=\"870\" data-end=\"908\">\n<p data-start=\"872\" data-end=\"908\"><strong data-start=\"872\" data-end=\"892\">Vrijeme su\u0161enja:<\/strong> 10\u201320 sekundi<\/p>\n<\/li>\n<li data-start=\"909\" data-end=\"954\">\n<p data-start=\"911\" data-end=\"954\"><strong data-start=\"911\" data-end=\"930\">Rok trajanja:<\/strong> 2 leti od odprtja.<\/p>\n<\/li>\n<li data-start=\"955\" data-end=\"984\">\n<p data-start=\"957\" data-end=\"984\"><strong data-start=\"957\" data-end=\"975\">Vsebnost \u010drnila:<\/strong> 4,5 ml<\/p>\n<\/li>\n<li data-start=\"985\" data-end=\"1082\">\n<p data-start=\"987\" data-end=\"1082\"><strong data-start=\"987\" data-end=\"1000\">Povr\u0161ine:<\/strong> papir, kovina, les, plastika, glina, keramika, porcelan, vinil, steklo, tkanina<\/p>\n<\/li>\n<\/ul>\n<p data-start=\"1084\" data-end=\"1209\"><strong data-start=\"1084\" data-end=\"1101\">Posca PCF-350<\/strong> je idealan izbor za umjetnike i kreativce koji \u017eele <strong data-start=\"1154\" data-end=\"1206\">slikarski efekt i slobodu kista u obliku markera<\/strong>.<\/p>\n<p>Najni\u017eja cena v zadnjih 30 dneh: <strong>3,98 \u20ac<\/strong><\/p>","protected":false},"excerpt":{"rendered":"<p>Posca PCF-350 marker iz najpoznatije svjetske linije za hobi i slikanje opremljen je posebnim vrhom u obliku kista, izra\u0111enim od poliestera i elasti\u010dnih vlakana koja vjerno opona\u0161aju osje\u0107aj slikanja pravim kistom. Boje Posca markera mogu se mije\u0161ati kako bi se stvorile nove nijanse. Na glatkim povr\u0161inama trag se lako bri\u0161e, dok fiksiranjem toplinom ili za\u0161titnim [&hellip;]<\/p>","protected":false},"featured_media":12441,"template":"","meta":{"_acf_changed":false},"product_brand":[111],"product_cat":[22,80],"product_tag":[],"class_list":{"0":"post-1766","1":"product","2":"type-product","3":"status-publish","4":"has-post-thumbnail","6":"product_brand-posca","7":"product_cat-markeri","8":"product_cat-posca-markeri","10":"first","11":"outofstock","12":"shipping-taxable","13":"purchasable","14":"product-type-variable"},"acf":[],"yoast_head":"<!-- This site is optimized with the Yoast SEO plugin v26.3 - https:\/\/yoast.com\/wordpress\/plugins\/seo\/ -->\n<title>Posca PCF-350 - Sugar Factory<\/title>\n<meta name=\"robots\" content=\"index, follow, max-snippet:-1, max-image-preview:large, max-video-preview:-1\" \/>\n<link rel=\"canonical\" href=\"https:\/\/www.sugarfactory.hr\/sl\/izdelek\/oznacevalci\/posca-markeri\/pcf-350\/\" \/>\n<meta property=\"og:locale\" content=\"sl_SI\" \/>\n<meta property=\"og:type\" content=\"article\" \/>\n<meta property=\"og:title\" content=\"Posca PCF-350 - Sugar Factory\" \/>\n<meta property=\"og:description\" content=\"Posca PCF-350 marker iz najpoznatije svjetske linije za hobi i slikanje opremljen je posebnim vrhom u obliku kista, izra\u0111enim od poliestera i elasti\u010dnih vlakana koja vjerno opona\u0161aju osje\u0107aj slikanja pravim kistom. Boje Posca markera mogu se mije\u0161ati kako bi se stvorile nove nijanse. Na glatkim povr\u0161inama trag se lako bri\u0161e, dok fiksiranjem toplinom ili za\u0161titnim [&hellip;]\" \/>\n<meta property=\"og:url\" content=\"https:\/\/www.sugarfactory.hr\/sl\/izdelek\/oznacevalci\/posca-markeri\/pcf-350\/\" \/>\n<meta property=\"og:site_name\" content=\"Sugar Factory\" \/>\n<meta property=\"article:modified_time\" content=\"2026-04-17T11:53:10+00:00\" \/>\n<meta property=\"og:image\" content=\"https:\/\/www.sugarfactory.hr\/wp-content\/uploads\/2021\/08\/posca-pcf350.webp\" \/>\n\t<meta property=\"og:image:width\" content=\"896\" \/>\n\t<meta property=\"og:image:height\" content=\"1120\" \/>\n\t<meta property=\"og:image:type\" content=\"image\/webp\" \/>\n<meta name=\"twitter:card\" content=\"summary_large_image\" \/>\n<meta name=\"twitter:label1\" content=\"Est. reading time\" \/>\n\t<meta name=\"twitter:data1\" content=\"1 minuta\" \/>\n<script type=\"application\/ld+json\" class=\"yoast-schema-graph\">{\"@context\":\"https:\/\/schema.org\",\"@graph\":[{\"@type\":\"WebPage\",\"@id\":\"https:\/\/www.sugarfactory.hr\/proizvod\/markeri\/posca-markeri\/pcf-350\/\",\"url\":\"https:\/\/www.sugarfactory.hr\/proizvod\/markeri\/posca-markeri\/pcf-350\/\",\"name\":\"Posca PCF-350 - Sugar Factory\",\"isPartOf\":{\"@id\":\"https:\/\/www.sugarfactory.hr\/#website\"},\"primaryImageOfPage\":{\"@id\":\"https:\/\/www.sugarfactory.hr\/proizvod\/markeri\/posca-markeri\/pcf-350\/#primaryimage\"},\"image\":{\"@id\":\"https:\/\/www.sugarfactory.hr\/proizvod\/markeri\/posca-markeri\/pcf-350\/#primaryimage\"},\"thumbnailUrl\":\"https:\/\/www.sugarfactory.hr\/wp-content\/uploads\/2021\/08\/posca-pcf350.webp\",\"datePublished\":\"2021-08-17T12:00:37+00:00\",\"dateModified\":\"2026-04-17T11:53:10+00:00\",\"breadcrumb\":{\"@id\":\"https:\/\/www.sugarfactory.hr\/proizvod\/markeri\/posca-markeri\/pcf-350\/#breadcrumb\"},\"inLanguage\":\"sl-SI\",\"potentialAction\":[{\"@type\":\"ReadAction\",\"target\":[\"https:\/\/www.sugarfactory.hr\/proizvod\/markeri\/posca-markeri\/pcf-350\/\"]}]},{\"@type\":\"ImageObject\",\"inLanguage\":\"sl-SI\",\"@id\":\"https:\/\/www.sugarfactory.hr\/proizvod\/markeri\/posca-markeri\/pcf-350\/#primaryimage\",\"url\":\"https:\/\/www.sugarfactory.hr\/wp-content\/uploads\/2021\/08\/posca-pcf350.webp\",\"contentUrl\":\"https:\/\/www.sugarfactory.hr\/wp-content\/uploads\/2021\/08\/posca-pcf350.webp\",\"width\":896,\"height\":1120},{\"@type\":\"BreadcrumbList\",\"@id\":\"https:\/\/www.sugarfactory.hr\/proizvod\/markeri\/posca-markeri\/pcf-350\/#breadcrumb\",\"itemListElement\":[{\"@type\":\"ListItem\",\"position\":1,\"name\":\"Po\u010detna stranica\",\"item\":\"https:\/\/www.sugarfactory.hr\/\"},{\"@type\":\"ListItem\",\"position\":2,\"name\":\"Proizvodi\",\"item\":\"https:\/\/www.sugarfactory.hr\/shop\/\"},{\"@type\":\"ListItem\",\"position\":3,\"name\":\"Posca PCF-350\"}]},{\"@type\":\"WebSite\",\"@id\":\"https:\/\/www.sugarfactory.hr\/#website\",\"url\":\"https:\/\/www.sugarfactory.hr\/\",\"name\":\"Sugar Factory\",\"description\":\"Create your sweetest pieces!\",\"potentialAction\":[{\"@type\":\"SearchAction\",\"target\":{\"@type\":\"EntryPoint\",\"urlTemplate\":\"https:\/\/www.sugarfactory.hr\/?s={search_term_string}\"},\"query-input\":{\"@type\":\"PropertyValueSpecification\",\"valueRequired\":true,\"valueName\":\"search_term_string\"}}],\"inLanguage\":\"sl-SI\"}]}<\/script>\n<!-- \/ Yoast SEO plugin. -->","yoast_head_json":{"title":"Posca PCF-350 - Sugar Factory","robots":{"index":"index","follow":"follow","max-snippet":"max-snippet:-1","max-image-preview":"max-image-preview:large","max-video-preview":"max-video-preview:-1"},"canonical":"https:\/\/www.sugarfactory.hr\/sl\/izdelek\/oznacevalci\/posca-markeri\/pcf-350\/","og_locale":"sl_SI","og_type":"article","og_title":"Posca PCF-350 - Sugar Factory","og_description":"Posca PCF-350 marker iz najpoznatije svjetske linije za hobi i slikanje opremljen je posebnim vrhom u obliku kista, izra\u0111enim od poliestera i elasti\u010dnih vlakana koja vjerno opona\u0161aju osje\u0107aj slikanja pravim kistom. Boje Posca markera mogu se mije\u0161ati kako bi se stvorile nove nijanse. Na glatkim povr\u0161inama trag se lako bri\u0161e, dok fiksiranjem toplinom ili za\u0161titnim [&hellip;]","og_url":"https:\/\/www.sugarfactory.hr\/sl\/izdelek\/oznacevalci\/posca-markeri\/pcf-350\/","og_site_name":"Sugar Factory","article_modified_time":"2026-04-17T11:53:10+00:00","og_image":[{"width":896,"height":1120,"url":"https:\/\/www.sugarfactory.hr\/wp-content\/uploads\/2021\/08\/posca-pcf350.webp","type":"image\/webp"}],"twitter_card":"summary_large_image","twitter_misc":{"Est. reading time":"1 minuta"},"schema":{"@context":"https:\/\/schema.org","@graph":[{"@type":"WebPage","@id":"https:\/\/www.sugarfactory.hr\/proizvod\/markeri\/posca-markeri\/pcf-350\/","url":"https:\/\/www.sugarfactory.hr\/proizvod\/markeri\/posca-markeri\/pcf-350\/","name":"Posca PCF-350 - Sugar Factory","isPartOf":{"@id":"https:\/\/www.sugarfactory.hr\/#website"},"primaryImageOfPage":{"@id":"https:\/\/www.sugarfactory.hr\/proizvod\/markeri\/posca-markeri\/pcf-350\/#primaryimage"},"image":{"@id":"https:\/\/www.sugarfactory.hr\/proizvod\/markeri\/posca-markeri\/pcf-350\/#primaryimage"},"thumbnailUrl":"https:\/\/www.sugarfactory.hr\/wp-content\/uploads\/2021\/08\/posca-pcf350.webp","datePublished":"2021-08-17T12:00:37+00:00","dateModified":"2026-04-17T11:53:10+00:00","breadcrumb":{"@id":"https:\/\/www.sugarfactory.hr\/proizvod\/markeri\/posca-markeri\/pcf-350\/#breadcrumb"},"inLanguage":"sl-SI","potentialAction":[{"@type":"ReadAction","target":["https:\/\/www.sugarfactory.hr\/proizvod\/markeri\/posca-markeri\/pcf-350\/"]}]},{"@type":"ImageObject","inLanguage":"sl-SI","@id":"https:\/\/www.sugarfactory.hr\/proizvod\/markeri\/posca-markeri\/pcf-350\/#primaryimage","url":"https:\/\/www.sugarfactory.hr\/wp-content\/uploads\/2021\/08\/posca-pcf350.webp","contentUrl":"https:\/\/www.sugarfactory.hr\/wp-content\/uploads\/2021\/08\/posca-pcf350.webp","width":896,"height":1120},{"@type":"BreadcrumbList","@id":"https:\/\/www.sugarfactory.hr\/proizvod\/markeri\/posca-markeri\/pcf-350\/#breadcrumb","itemListElement":[{"@type":"ListItem","position":1,"name":"Po\u010detna stranica","item":"https:\/\/www.sugarfactory.hr\/"},{"@type":"ListItem","position":2,"name":"Proizvodi","item":"https:\/\/www.sugarfactory.hr\/shop\/"},{"@type":"ListItem","position":3,"name":"Posca PCF-350"}]},{"@type":"WebSite","@id":"https:\/\/www.sugarfactory.hr\/#website","url":"https:\/\/www.sugarfactory.hr\/","name":"Tovarna sladkorja","description":"Create your sweetest pieces!","potentialAction":[{"@type":"SearchAction","target":{"@type":"EntryPoint","urlTemplate":"https:\/\/www.sugarfactory.hr\/?s={search_term_string}"},"query-input":{"@type":"PropertyValueSpecification","valueRequired":true,"valueName":"search_term_string"}}],"inLanguage":"sl-SI"}]}},"_links":{"self":[{"href":"https:\/\/www.sugarfactory.hr\/sl\/wp-json\/wp\/v2\/product\/1766","targetHints":{"allow":["GET"]}}],"collection":[{"href":"https:\/\/www.sugarfactory.hr\/sl\/wp-json\/wp\/v2\/product"}],"about":[{"href":"https:\/\/www.sugarfactory.hr\/sl\/wp-json\/wp\/v2\/types\/product"}],"wp:featuredmedia":[{"embeddable":true,"href":"https:\/\/www.sugarfactory.hr\/sl\/wp-json\/wp\/v2\/media\/12441"}],"wp:attachment":[{"href":"https:\/\/www.sugarfactory.hr\/sl\/wp-json\/wp\/v2\/media?parent=1766"}],"wp:term":[{"taxonomy":"product_brand","embeddable":true,"href":"https:\/\/www.sugarfactory.hr\/sl\/wp-json\/wp\/v2\/product_brand?post=1766"},{"taxonomy":"product_cat","embeddable":true,"href":"https:\/\/www.sugarfactory.hr\/sl\/wp-json\/wp\/v2\/product_cat?post=1766"},{"taxonomy":"product_tag","embeddable":true,"href":"https:\/\/www.sugarfactory.hr\/sl\/wp-json\/wp\/v2\/product_tag?post=1766"}],"curies":[{"name":"wp","href":"https:\/\/api.w.org\/{rel}","templated":true}]}}