{"id":1792,"date":"2021-08-17T12:26:11","date_gmt":"2021-08-17T12:26:11","guid":{"rendered":"https:\/\/www.sugarfactory.hr\/?post_type=product&#038;p=1792"},"modified":"2026-04-17T12:53:10","modified_gmt":"2026-04-17T11:53:10","slug":"marker-uni-posca-pc-1mr","status":"publish","type":"product","link":"https:\/\/www.sugarfactory.hr\/sl\/izdelek\/oznacevalci\/posca-markeri\/marker-uni-posca-pc-1mr\/","title":{"rendered":"Posca PC-1MR"},"content":{"rendered":"<p data-start=\"65\" data-end=\"390\"><strong data-start=\"137\" data-end=\"153\">Posca PC-1MR<\/strong> marker dio je najpoznatije svjetske linije za <strong data-start=\"200\" data-end=\"219\">hobi i slikanje<\/strong>, a zahvaljuju\u0107i svom <strong data-start=\"241\" data-end=\"283\">igli\u010dastom vrhu od elastomera (0.7 mm)<\/strong> pru\u017ea preciznost usporedivu s rapidografom. Idealan je za <strong data-start=\"342\" data-end=\"387\">sitne detalje, konture i tehni\u010dko crtanje<\/strong>.<\/p>\n<p data-start=\"392\" data-end=\"571\">Boje se mogu <strong data-start=\"405\" data-end=\"417\">mije\u0161ati<\/strong> radi stvaranja novih nijansi, a trag se lako bri\u0161e s glatkih, neporoznih povr\u0161ina. Kada se fiksira <strong data-start=\"517\" data-end=\"552\">toplinom ili za\u0161titnim premazom<\/strong>, postaje trajan.<\/p>\n<p data-start=\"573\" data-end=\"741\">Marker koristi <strong data-start=\"588\" data-end=\"623\">felt-tip sistem aktivacije vrha<\/strong> \u2013 prvi put ga je potrebno nje\u017eno pritisnuti o povr\u0161inu kako bi tinta natopila vrh i zapo\u010dela njegov vijek trajanja.<\/p>\n<ul data-start=\"743\" data-end=\"1022\">\n<li data-start=\"743\" data-end=\"774\">\n<p data-start=\"745\" data-end=\"774\"><strong data-start=\"745\" data-end=\"765\">Debelina \u010drte:<\/strong> 0.7 mm<\/p>\n<\/li>\n<li data-start=\"775\" data-end=\"809\">\n<p data-start=\"777\" data-end=\"809\"><strong data-start=\"777\" data-end=\"795\">Dol\u017eina tiska:<\/strong> preko 200 m<\/p>\n<\/li>\n<li data-start=\"810\" data-end=\"848\">\n<p data-start=\"812\" data-end=\"848\"><strong data-start=\"812\" data-end=\"832\">Vrijeme su\u0161enja:<\/strong> 10\u201320 sekundi<\/p>\n<\/li>\n<li data-start=\"849\" data-end=\"894\">\n<p data-start=\"851\" data-end=\"894\"><strong data-start=\"851\" data-end=\"870\">Rok trajanja:<\/strong> 2 leti od odprtja.<\/p>\n<\/li>\n<li data-start=\"895\" data-end=\"924\">\n<p data-start=\"897\" data-end=\"924\"><strong data-start=\"897\" data-end=\"915\">Vsebnost \u010drnila:<\/strong> 1.8 ml<\/p>\n<\/li>\n<li data-start=\"925\" data-end=\"1022\">\n<p data-start=\"927\" data-end=\"1022\"><strong data-start=\"927\" data-end=\"940\">Povr\u0161ine:<\/strong> papir, kovina, les, plastika, glina, keramika, porcelan, vinil, steklo, tkanina<\/p>\n<\/li>\n<\/ul>\n<p data-start=\"1024\" data-end=\"1127\"><strong data-start=\"1024\" data-end=\"1040\">Posca PC-1MR<\/strong> savr\u0161en je izbor za sve koji tra\u017ee <strong data-start=\"1076\" data-end=\"1124\">maksimalnu preciznost u markeru finog ispisa<\/strong>.<\/p>\n<p>Najni\u017eja cena v zadnjih 30 dneh: <strong>2,25\u00a0\u20ac<\/strong><\/p>","protected":false},"excerpt":{"rendered":"<p>Posca PC-1MR marker dio je najpoznatije svjetske linije za hobi i slikanje, a zahvaljuju\u0107i svom igli\u010dastom vrhu od elastomera (0.7 mm) pru\u017ea preciznost usporedivu s rapidografom. Idealan je za sitne detalje, konture i tehni\u010dko crtanje. Boje se mogu mije\u0161ati radi stvaranja novih nijansi, a trag se lako bri\u0161e s glatkih, neporoznih povr\u0161ina. Kada se fiksira [&hellip;]<\/p>","protected":false},"featured_media":12440,"template":"","meta":{"_acf_changed":false},"product_brand":[111],"product_cat":[22,80],"product_tag":[],"class_list":{"0":"post-1792","1":"product","2":"type-product","3":"status-publish","4":"has-post-thumbnail","6":"product_brand-posca","7":"product_cat-markeri","8":"product_cat-posca-markeri","10":"first","11":"outofstock","12":"shipping-taxable","13":"purchasable","14":"product-type-variable"},"acf":[],"yoast_head":"<!-- This site is optimized with the Yoast SEO plugin v26.3 - https:\/\/yoast.com\/wordpress\/plugins\/seo\/ -->\n<title>Posca PC-1MR - Sugar Factory<\/title>\n<meta name=\"robots\" content=\"index, follow, max-snippet:-1, max-image-preview:large, max-video-preview:-1\" \/>\n<link rel=\"canonical\" href=\"https:\/\/www.sugarfactory.hr\/sl\/izdelek\/oznacevalci\/posca-markeri\/marker-uni-posca-pc-1mr\/\" \/>\n<meta property=\"og:locale\" content=\"sl_SI\" \/>\n<meta property=\"og:type\" content=\"article\" \/>\n<meta property=\"og:title\" content=\"Posca PC-1MR - Sugar Factory\" \/>\n<meta property=\"og:description\" content=\"Posca PC-1MR marker dio je najpoznatije svjetske linije za hobi i slikanje, a zahvaljuju\u0107i svom igli\u010dastom vrhu od elastomera (0.7 mm) pru\u017ea preciznost usporedivu s rapidografom. Idealan je za sitne detalje, konture i tehni\u010dko crtanje. Boje se mogu mije\u0161ati radi stvaranja novih nijansi, a trag se lako bri\u0161e s glatkih, neporoznih povr\u0161ina. Kada se fiksira [&hellip;]\" \/>\n<meta property=\"og:url\" content=\"https:\/\/www.sugarfactory.hr\/sl\/izdelek\/oznacevalci\/posca-markeri\/marker-uni-posca-pc-1mr\/\" \/>\n<meta property=\"og:site_name\" content=\"Sugar Factory\" \/>\n<meta property=\"article:modified_time\" content=\"2026-04-17T11:53:10+00:00\" \/>\n<meta property=\"og:image\" content=\"https:\/\/www.sugarfactory.hr\/wp-content\/uploads\/2021\/08\/posc-apc-1mr.webp\" \/>\n\t<meta property=\"og:image:width\" content=\"896\" \/>\n\t<meta property=\"og:image:height\" content=\"1120\" \/>\n\t<meta property=\"og:image:type\" content=\"image\/webp\" \/>\n<meta name=\"twitter:card\" content=\"summary_large_image\" \/>\n<meta name=\"twitter:label1\" content=\"Est. reading time\" \/>\n\t<meta name=\"twitter:data1\" content=\"1 minuta\" \/>\n<script type=\"application\/ld+json\" class=\"yoast-schema-graph\">{\"@context\":\"https:\/\/schema.org\",\"@graph\":[{\"@type\":\"WebPage\",\"@id\":\"https:\/\/www.sugarfactory.hr\/proizvod\/markeri\/posca-markeri\/marker-uni-posca-pc-1mr\/\",\"url\":\"https:\/\/www.sugarfactory.hr\/proizvod\/markeri\/posca-markeri\/marker-uni-posca-pc-1mr\/\",\"name\":\"Posca PC-1MR - Sugar Factory\",\"isPartOf\":{\"@id\":\"https:\/\/www.sugarfactory.hr\/#website\"},\"primaryImageOfPage\":{\"@id\":\"https:\/\/www.sugarfactory.hr\/proizvod\/markeri\/posca-markeri\/marker-uni-posca-pc-1mr\/#primaryimage\"},\"image\":{\"@id\":\"https:\/\/www.sugarfactory.hr\/proizvod\/markeri\/posca-markeri\/marker-uni-posca-pc-1mr\/#primaryimage\"},\"thumbnailUrl\":\"https:\/\/www.sugarfactory.hr\/wp-content\/uploads\/2021\/08\/posc-apc-1mr.webp\",\"datePublished\":\"2021-08-17T12:26:11+00:00\",\"dateModified\":\"2026-04-17T11:53:10+00:00\",\"breadcrumb\":{\"@id\":\"https:\/\/www.sugarfactory.hr\/proizvod\/markeri\/posca-markeri\/marker-uni-posca-pc-1mr\/#breadcrumb\"},\"inLanguage\":\"sl-SI\",\"potentialAction\":[{\"@type\":\"ReadAction\",\"target\":[\"https:\/\/www.sugarfactory.hr\/proizvod\/markeri\/posca-markeri\/marker-uni-posca-pc-1mr\/\"]}]},{\"@type\":\"ImageObject\",\"inLanguage\":\"sl-SI\",\"@id\":\"https:\/\/www.sugarfactory.hr\/proizvod\/markeri\/posca-markeri\/marker-uni-posca-pc-1mr\/#primaryimage\",\"url\":\"https:\/\/www.sugarfactory.hr\/wp-content\/uploads\/2021\/08\/posc-apc-1mr.webp\",\"contentUrl\":\"https:\/\/www.sugarfactory.hr\/wp-content\/uploads\/2021\/08\/posc-apc-1mr.webp\",\"width\":896,\"height\":1120},{\"@type\":\"BreadcrumbList\",\"@id\":\"https:\/\/www.sugarfactory.hr\/proizvod\/markeri\/posca-markeri\/marker-uni-posca-pc-1mr\/#breadcrumb\",\"itemListElement\":[{\"@type\":\"ListItem\",\"position\":1,\"name\":\"Po\u010detna stranica\",\"item\":\"https:\/\/www.sugarfactory.hr\/\"},{\"@type\":\"ListItem\",\"position\":2,\"name\":\"Proizvodi\",\"item\":\"https:\/\/www.sugarfactory.hr\/shop\/\"},{\"@type\":\"ListItem\",\"position\":3,\"name\":\"Posca PC-1MR\"}]},{\"@type\":\"WebSite\",\"@id\":\"https:\/\/www.sugarfactory.hr\/#website\",\"url\":\"https:\/\/www.sugarfactory.hr\/\",\"name\":\"Sugar Factory\",\"description\":\"Create your sweetest pieces!\",\"potentialAction\":[{\"@type\":\"SearchAction\",\"target\":{\"@type\":\"EntryPoint\",\"urlTemplate\":\"https:\/\/www.sugarfactory.hr\/?s={search_term_string}\"},\"query-input\":{\"@type\":\"PropertyValueSpecification\",\"valueRequired\":true,\"valueName\":\"search_term_string\"}}],\"inLanguage\":\"sl-SI\"}]}<\/script>\n<!-- \/ Yoast SEO plugin. -->","yoast_head_json":{"title":"Posca PC-1MR - Sugar Factory","robots":{"index":"index","follow":"follow","max-snippet":"max-snippet:-1","max-image-preview":"max-image-preview:large","max-video-preview":"max-video-preview:-1"},"canonical":"https:\/\/www.sugarfactory.hr\/sl\/izdelek\/oznacevalci\/posca-markeri\/marker-uni-posca-pc-1mr\/","og_locale":"sl_SI","og_type":"article","og_title":"Posca PC-1MR - Sugar Factory","og_description":"Posca PC-1MR marker dio je najpoznatije svjetske linije za hobi i slikanje, a zahvaljuju\u0107i svom igli\u010dastom vrhu od elastomera (0.7 mm) pru\u017ea preciznost usporedivu s rapidografom. Idealan je za sitne detalje, konture i tehni\u010dko crtanje. Boje se mogu mije\u0161ati radi stvaranja novih nijansi, a trag se lako bri\u0161e s glatkih, neporoznih povr\u0161ina. Kada se fiksira [&hellip;]","og_url":"https:\/\/www.sugarfactory.hr\/sl\/izdelek\/oznacevalci\/posca-markeri\/marker-uni-posca-pc-1mr\/","og_site_name":"Sugar Factory","article_modified_time":"2026-04-17T11:53:10+00:00","og_image":[{"width":896,"height":1120,"url":"https:\/\/www.sugarfactory.hr\/wp-content\/uploads\/2021\/08\/posc-apc-1mr.webp","type":"image\/webp"}],"twitter_card":"summary_large_image","twitter_misc":{"Est. reading time":"1 minuta"},"schema":{"@context":"https:\/\/schema.org","@graph":[{"@type":"WebPage","@id":"https:\/\/www.sugarfactory.hr\/proizvod\/markeri\/posca-markeri\/marker-uni-posca-pc-1mr\/","url":"https:\/\/www.sugarfactory.hr\/proizvod\/markeri\/posca-markeri\/marker-uni-posca-pc-1mr\/","name":"Posca PC-1MR - Sugar Factory","isPartOf":{"@id":"https:\/\/www.sugarfactory.hr\/#website"},"primaryImageOfPage":{"@id":"https:\/\/www.sugarfactory.hr\/proizvod\/markeri\/posca-markeri\/marker-uni-posca-pc-1mr\/#primaryimage"},"image":{"@id":"https:\/\/www.sugarfactory.hr\/proizvod\/markeri\/posca-markeri\/marker-uni-posca-pc-1mr\/#primaryimage"},"thumbnailUrl":"https:\/\/www.sugarfactory.hr\/wp-content\/uploads\/2021\/08\/posc-apc-1mr.webp","datePublished":"2021-08-17T12:26:11+00:00","dateModified":"2026-04-17T11:53:10+00:00","breadcrumb":{"@id":"https:\/\/www.sugarfactory.hr\/proizvod\/markeri\/posca-markeri\/marker-uni-posca-pc-1mr\/#breadcrumb"},"inLanguage":"sl-SI","potentialAction":[{"@type":"ReadAction","target":["https:\/\/www.sugarfactory.hr\/proizvod\/markeri\/posca-markeri\/marker-uni-posca-pc-1mr\/"]}]},{"@type":"ImageObject","inLanguage":"sl-SI","@id":"https:\/\/www.sugarfactory.hr\/proizvod\/markeri\/posca-markeri\/marker-uni-posca-pc-1mr\/#primaryimage","url":"https:\/\/www.sugarfactory.hr\/wp-content\/uploads\/2021\/08\/posc-apc-1mr.webp","contentUrl":"https:\/\/www.sugarfactory.hr\/wp-content\/uploads\/2021\/08\/posc-apc-1mr.webp","width":896,"height":1120},{"@type":"BreadcrumbList","@id":"https:\/\/www.sugarfactory.hr\/proizvod\/markeri\/posca-markeri\/marker-uni-posca-pc-1mr\/#breadcrumb","itemListElement":[{"@type":"ListItem","position":1,"name":"Po\u010detna stranica","item":"https:\/\/www.sugarfactory.hr\/"},{"@type":"ListItem","position":2,"name":"Proizvodi","item":"https:\/\/www.sugarfactory.hr\/shop\/"},{"@type":"ListItem","position":3,"name":"Posca PC-1MR"}]},{"@type":"WebSite","@id":"https:\/\/www.sugarfactory.hr\/#website","url":"https:\/\/www.sugarfactory.hr\/","name":"Tovarna sladkorja","description":"Create your sweetest pieces!","potentialAction":[{"@type":"SearchAction","target":{"@type":"EntryPoint","urlTemplate":"https:\/\/www.sugarfactory.hr\/?s={search_term_string}"},"query-input":{"@type":"PropertyValueSpecification","valueRequired":true,"valueName":"search_term_string"}}],"inLanguage":"sl-SI"}]}},"_links":{"self":[{"href":"https:\/\/www.sugarfactory.hr\/sl\/wp-json\/wp\/v2\/product\/1792","targetHints":{"allow":["GET"]}}],"collection":[{"href":"https:\/\/www.sugarfactory.hr\/sl\/wp-json\/wp\/v2\/product"}],"about":[{"href":"https:\/\/www.sugarfactory.hr\/sl\/wp-json\/wp\/v2\/types\/product"}],"wp:featuredmedia":[{"embeddable":true,"href":"https:\/\/www.sugarfactory.hr\/sl\/wp-json\/wp\/v2\/media\/12440"}],"wp:attachment":[{"href":"https:\/\/www.sugarfactory.hr\/sl\/wp-json\/wp\/v2\/media?parent=1792"}],"wp:term":[{"taxonomy":"product_brand","embeddable":true,"href":"https:\/\/www.sugarfactory.hr\/sl\/wp-json\/wp\/v2\/product_brand?post=1792"},{"taxonomy":"product_cat","embeddable":true,"href":"https:\/\/www.sugarfactory.hr\/sl\/wp-json\/wp\/v2\/product_cat?post=1792"},{"taxonomy":"product_tag","embeddable":true,"href":"https:\/\/www.sugarfactory.hr\/sl\/wp-json\/wp\/v2\/product_tag?post=1792"}],"curies":[{"name":"wp","href":"https:\/\/api.w.org\/{rel}","templated":true}]}}