{"id":21,"date":"2021-05-06T14:29:13","date_gmt":"2021-05-06T14:29:13","guid":{"rendered":"https:\/\/www.sugarfactory.hr\/?post_type=product&#038;p=21"},"modified":"2026-04-14T16:09:14","modified_gmt":"2026-04-14T15:09:14","slug":"kobra-600-ml","status":"publish","type":"product","link":"https:\/\/www.sugarfactory.hr\/sl\/izdelek\/spreji\/grafiti\/kobra-600-ml\/","title":{"rendered":"Kobra 600 ml"},"content":{"rendered":"<p data-start=\"65\" data-end=\"304\"><strong data-start=\"116\" data-end=\"132\">Kobra 600 ml<\/strong> nova je linija razvijena za umjetnike koji trebaju <strong data-start=\"184\" data-end=\"211\">vrlo brz i precizan rad<\/strong>. Posebno <strong data-start=\"221\" data-end=\"238\">\u017eenski ventil<\/strong> omogu\u0107uje maksimalnu kontrolu, uz sna\u017ean i stabilan izlaz boje.<\/p>\n<p data-start=\"306\" data-end=\"443\">Formula sadr\u017ei <strong data-start=\"321\" data-end=\"342\">100% akrilnu boju<\/strong> z <strong data-start=\"345\" data-end=\"369\">ultra-pokritost mo\u010di<\/strong>, tehnologijom 4 sezone i <strong data-start=\"395\" data-end=\"419\">iznimnim prianjanjem<\/strong> na razli\u010dnih podlagah.<\/p>\n<p data-start=\"445\" data-end=\"597\"><strong data-start=\"445\" data-end=\"474\">Visokokvalitetni pigmenti<\/strong> jam\u010de dugotrajnu <strong data-start=\"492\" data-end=\"538\">otpornost na UVA zrake i vanjske \u010dimbenike<\/strong>, \u0161to boju \u010dini pogodnom za unutarnju i vanjsku upotrebu.<\/p>\n<p data-start=\"599\" data-end=\"749\">Uz <strong data-start=\"602\" data-end=\"640\">mat zavr\u0161nicu i \u017eivopisne pigmente<\/strong>, <strong data-start=\"642\" data-end=\"658\">Kobra 600 ml<\/strong> pru\u017ea ekstremne rezultate za umjetnike koji \u017eele brzinu, snagu i nepogre\u0161ivu pokrivnost.<\/p>","protected":false},"excerpt":{"rendered":"<p>Kobra 600 ml nova je linija razvijena za umjetnike koji trebaju vrlo brz i precizan rad. Poseban \u017eenski ventil omogu\u0107uje maksimalnu kontrolu, uz sna\u017ean i stabilan izlaz boje. Formula sadr\u017ei 100% akrilnu boju s ultra pokrivnom mo\u0107i, tehnologijom 4 sezone i iznimnim prianjanjem na razli\u010dite podloge. Visokokvalitetni pigmenti jam\u010de dugotrajnu otpornost na UVA zrake i [&hellip;]<\/p>","protected":false},"featured_media":12366,"template":"","meta":{"_acf_changed":false},"product_brand":[102],"product_cat":[75,16],"product_tag":[],"class_list":{"0":"post-21","1":"product","2":"type-product","3":"status-publish","4":"has-post-thumbnail","6":"product_brand-kobra","7":"product_cat-graffiti","8":"product_cat-sprejevi","10":"first","11":"outofstock","12":"shipping-taxable","13":"purchasable","14":"product-type-variable"},"acf":[],"yoast_head":"<!-- This site is optimized with the Yoast SEO plugin v26.3 - https:\/\/yoast.com\/wordpress\/plugins\/seo\/ -->\n<title>Kobra 600 ml - Sugar Factory<\/title>\n<meta name=\"robots\" content=\"index, follow, max-snippet:-1, max-image-preview:large, max-video-preview:-1\" \/>\n<link rel=\"canonical\" href=\"https:\/\/www.sugarfactory.hr\/sl\/izdelek\/spreji\/grafiti\/kobra-600-ml\/\" \/>\n<meta property=\"og:locale\" content=\"sl_SI\" \/>\n<meta property=\"og:type\" content=\"article\" \/>\n<meta property=\"og:title\" content=\"Kobra 600 ml - Sugar Factory\" \/>\n<meta property=\"og:description\" content=\"Kobra 600 ml nova je linija razvijena za umjetnike koji trebaju vrlo brz i precizan rad. Poseban \u017eenski ventil omogu\u0107uje maksimalnu kontrolu, uz sna\u017ean i stabilan izlaz boje. Formula sadr\u017ei 100% akrilnu boju s ultra pokrivnom mo\u0107i, tehnologijom 4 sezone i iznimnim prianjanjem na razli\u010dite podloge. Visokokvalitetni pigmenti jam\u010de dugotrajnu otpornost na UVA zrake i [&hellip;]\" \/>\n<meta property=\"og:url\" content=\"https:\/\/www.sugarfactory.hr\/sl\/izdelek\/spreji\/grafiti\/kobra-600-ml\/\" \/>\n<meta property=\"og:site_name\" content=\"Sugar Factory\" \/>\n<meta property=\"article:modified_time\" content=\"2026-04-14T15:09:14+00:00\" \/>\n<meta property=\"og:image\" content=\"https:\/\/www.sugarfactory.hr\/wp-content\/uploads\/2021\/05\/kobra-600-ml.webp\" \/>\n\t<meta property=\"og:image:width\" content=\"896\" \/>\n\t<meta property=\"og:image:height\" content=\"1120\" \/>\n\t<meta property=\"og:image:type\" content=\"image\/webp\" \/>\n<meta name=\"twitter:card\" content=\"summary_large_image\" \/>\n<script type=\"application\/ld+json\" class=\"yoast-schema-graph\">{\"@context\":\"https:\/\/schema.org\",\"@graph\":[{\"@type\":\"WebPage\",\"@id\":\"https:\/\/www.sugarfactory.hr\/proizvod\/sprejevi\/graffiti\/kobra-600-ml\/\",\"url\":\"https:\/\/www.sugarfactory.hr\/proizvod\/sprejevi\/graffiti\/kobra-600-ml\/\",\"name\":\"Kobra 600 ml - Sugar Factory\",\"isPartOf\":{\"@id\":\"https:\/\/www.sugarfactory.hr\/#website\"},\"primaryImageOfPage\":{\"@id\":\"https:\/\/www.sugarfactory.hr\/proizvod\/sprejevi\/graffiti\/kobra-600-ml\/#primaryimage\"},\"image\":{\"@id\":\"https:\/\/www.sugarfactory.hr\/proizvod\/sprejevi\/graffiti\/kobra-600-ml\/#primaryimage\"},\"thumbnailUrl\":\"https:\/\/www.sugarfactory.hr\/wp-content\/uploads\/2021\/05\/kobra-600-ml.webp\",\"datePublished\":\"2021-05-06T14:29:13+00:00\",\"dateModified\":\"2026-04-14T15:09:14+00:00\",\"breadcrumb\":{\"@id\":\"https:\/\/www.sugarfactory.hr\/proizvod\/sprejevi\/graffiti\/kobra-600-ml\/#breadcrumb\"},\"inLanguage\":\"sl-SI\",\"potentialAction\":[{\"@type\":\"ReadAction\",\"target\":[\"https:\/\/www.sugarfactory.hr\/proizvod\/sprejevi\/graffiti\/kobra-600-ml\/\"]}]},{\"@type\":\"ImageObject\",\"inLanguage\":\"sl-SI\",\"@id\":\"https:\/\/www.sugarfactory.hr\/proizvod\/sprejevi\/graffiti\/kobra-600-ml\/#primaryimage\",\"url\":\"https:\/\/www.sugarfactory.hr\/wp-content\/uploads\/2021\/05\/kobra-600-ml.webp\",\"contentUrl\":\"https:\/\/www.sugarfactory.hr\/wp-content\/uploads\/2021\/05\/kobra-600-ml.webp\",\"width\":896,\"height\":1120},{\"@type\":\"BreadcrumbList\",\"@id\":\"https:\/\/www.sugarfactory.hr\/proizvod\/sprejevi\/graffiti\/kobra-600-ml\/#breadcrumb\",\"itemListElement\":[{\"@type\":\"ListItem\",\"position\":1,\"name\":\"Po\u010detna stranica\",\"item\":\"https:\/\/www.sugarfactory.hr\/\"},{\"@type\":\"ListItem\",\"position\":2,\"name\":\"Proizvodi\",\"item\":\"https:\/\/www.sugarfactory.hr\/shop\/\"},{\"@type\":\"ListItem\",\"position\":3,\"name\":\"Kobra 600 ml\"}]},{\"@type\":\"WebSite\",\"@id\":\"https:\/\/www.sugarfactory.hr\/#website\",\"url\":\"https:\/\/www.sugarfactory.hr\/\",\"name\":\"Sugar Factory\",\"description\":\"Create your sweetest pieces!\",\"potentialAction\":[{\"@type\":\"SearchAction\",\"target\":{\"@type\":\"EntryPoint\",\"urlTemplate\":\"https:\/\/www.sugarfactory.hr\/?s={search_term_string}\"},\"query-input\":{\"@type\":\"PropertyValueSpecification\",\"valueRequired\":true,\"valueName\":\"search_term_string\"}}],\"inLanguage\":\"sl-SI\"}]}<\/script>\n<!-- \/ Yoast SEO plugin. -->","yoast_head_json":{"title":"Kobra 600 ml - Sugar Factory","robots":{"index":"index","follow":"follow","max-snippet":"max-snippet:-1","max-image-preview":"max-image-preview:large","max-video-preview":"max-video-preview:-1"},"canonical":"https:\/\/www.sugarfactory.hr\/sl\/izdelek\/spreji\/grafiti\/kobra-600-ml\/","og_locale":"sl_SI","og_type":"article","og_title":"Kobra 600 ml - Sugar Factory","og_description":"Kobra 600 ml nova je linija razvijena za umjetnike koji trebaju vrlo brz i precizan rad. Poseban \u017eenski ventil omogu\u0107uje maksimalnu kontrolu, uz sna\u017ean i stabilan izlaz boje. Formula sadr\u017ei 100% akrilnu boju s ultra pokrivnom mo\u0107i, tehnologijom 4 sezone i iznimnim prianjanjem na razli\u010dite podloge. Visokokvalitetni pigmenti jam\u010de dugotrajnu otpornost na UVA zrake i [&hellip;]","og_url":"https:\/\/www.sugarfactory.hr\/sl\/izdelek\/spreji\/grafiti\/kobra-600-ml\/","og_site_name":"Sugar Factory","article_modified_time":"2026-04-14T15:09:14+00:00","og_image":[{"width":896,"height":1120,"url":"https:\/\/www.sugarfactory.hr\/wp-content\/uploads\/2021\/05\/kobra-600-ml.webp","type":"image\/webp"}],"twitter_card":"summary_large_image","schema":{"@context":"https:\/\/schema.org","@graph":[{"@type":"WebPage","@id":"https:\/\/www.sugarfactory.hr\/proizvod\/sprejevi\/graffiti\/kobra-600-ml\/","url":"https:\/\/www.sugarfactory.hr\/proizvod\/sprejevi\/graffiti\/kobra-600-ml\/","name":"Kobra 600 ml - Sugar Factory","isPartOf":{"@id":"https:\/\/www.sugarfactory.hr\/#website"},"primaryImageOfPage":{"@id":"https:\/\/www.sugarfactory.hr\/proizvod\/sprejevi\/graffiti\/kobra-600-ml\/#primaryimage"},"image":{"@id":"https:\/\/www.sugarfactory.hr\/proizvod\/sprejevi\/graffiti\/kobra-600-ml\/#primaryimage"},"thumbnailUrl":"https:\/\/www.sugarfactory.hr\/wp-content\/uploads\/2021\/05\/kobra-600-ml.webp","datePublished":"2021-05-06T14:29:13+00:00","dateModified":"2026-04-14T15:09:14+00:00","breadcrumb":{"@id":"https:\/\/www.sugarfactory.hr\/proizvod\/sprejevi\/graffiti\/kobra-600-ml\/#breadcrumb"},"inLanguage":"sl-SI","potentialAction":[{"@type":"ReadAction","target":["https:\/\/www.sugarfactory.hr\/proizvod\/sprejevi\/graffiti\/kobra-600-ml\/"]}]},{"@type":"ImageObject","inLanguage":"sl-SI","@id":"https:\/\/www.sugarfactory.hr\/proizvod\/sprejevi\/graffiti\/kobra-600-ml\/#primaryimage","url":"https:\/\/www.sugarfactory.hr\/wp-content\/uploads\/2021\/05\/kobra-600-ml.webp","contentUrl":"https:\/\/www.sugarfactory.hr\/wp-content\/uploads\/2021\/05\/kobra-600-ml.webp","width":896,"height":1120},{"@type":"BreadcrumbList","@id":"https:\/\/www.sugarfactory.hr\/proizvod\/sprejevi\/graffiti\/kobra-600-ml\/#breadcrumb","itemListElement":[{"@type":"ListItem","position":1,"name":"Po\u010detna stranica","item":"https:\/\/www.sugarfactory.hr\/"},{"@type":"ListItem","position":2,"name":"Proizvodi","item":"https:\/\/www.sugarfactory.hr\/shop\/"},{"@type":"ListItem","position":3,"name":"Kobra 600 ml"}]},{"@type":"WebSite","@id":"https:\/\/www.sugarfactory.hr\/#website","url":"https:\/\/www.sugarfactory.hr\/","name":"Tovarna sladkorja","description":"Create your sweetest pieces!","potentialAction":[{"@type":"SearchAction","target":{"@type":"EntryPoint","urlTemplate":"https:\/\/www.sugarfactory.hr\/?s={search_term_string}"},"query-input":{"@type":"PropertyValueSpecification","valueRequired":true,"valueName":"search_term_string"}}],"inLanguage":"sl-SI"}]}},"_links":{"self":[{"href":"https:\/\/www.sugarfactory.hr\/sl\/wp-json\/wp\/v2\/product\/21","targetHints":{"allow":["GET"]}}],"collection":[{"href":"https:\/\/www.sugarfactory.hr\/sl\/wp-json\/wp\/v2\/product"}],"about":[{"href":"https:\/\/www.sugarfactory.hr\/sl\/wp-json\/wp\/v2\/types\/product"}],"wp:featuredmedia":[{"embeddable":true,"href":"https:\/\/www.sugarfactory.hr\/sl\/wp-json\/wp\/v2\/media\/12366"}],"wp:attachment":[{"href":"https:\/\/www.sugarfactory.hr\/sl\/wp-json\/wp\/v2\/media?parent=21"}],"wp:term":[{"taxonomy":"product_brand","embeddable":true,"href":"https:\/\/www.sugarfactory.hr\/sl\/wp-json\/wp\/v2\/product_brand?post=21"},{"taxonomy":"product_cat","embeddable":true,"href":"https:\/\/www.sugarfactory.hr\/sl\/wp-json\/wp\/v2\/product_cat?post=21"},{"taxonomy":"product_tag","embeddable":true,"href":"https:\/\/www.sugarfactory.hr\/sl\/wp-json\/wp\/v2\/product_tag?post=21"}],"curies":[{"name":"wp","href":"https:\/\/api.w.org\/{rel}","templated":true}]}}