{"id":2186,"date":"2021-09-03T14:41:25","date_gmt":"2021-09-03T14:41:25","guid":{"rendered":"https:\/\/www.sugarfactory.hr\/?post_type=product&#038;p=2186"},"modified":"2026-04-09T21:50:56","modified_gmt":"2026-04-09T20:50:56","slug":"nitro-500-ml","status":"publish","type":"product","link":"https:\/\/www.sugarfactory.hr\/sl\/izdelek\/spreji\/grafiti\/nitro-500-ml\/","title":{"rendered":"Dope Nitro 500 ml"},"content":{"rendered":"<p data-start=\"69\" data-end=\"385\"><strong data-start=\"133\" data-end=\"154\">Dope Nitro 500 ml<\/strong> razvijen je za umjetnike koji trebaju <strong data-start=\"193\" data-end=\"239\">brzo i u\u010dinkovito bojanje velikih povr\u0161ina<\/strong> uz zadr\u017eanu kontrolu. Uravnote\u017een pritisak omogu\u0107uje precizno prilago\u0111avanje \u0161irine linije, \u010dine\u0107i ga pogodnim i za dinami\u010dan rad i za detalje.<\/p>\n<p data-start=\"387\" data-end=\"526\">Spray ponuja <strong data-start=\"398\" data-end=\"422\">odli\u010dnu pokrivnu mo\u0107<\/strong> te se odlikuje <strong data-start=\"438\" data-end=\"464\">tihim i brzim su\u0161enjem<\/strong>, \u0161to ubrzava rad bez kompromisa u kvaliteti zavr\u0161nog sloja.<\/p>\n<p data-start=\"528\" data-end=\"650\">Standardno se isporu\u010duje s <strong data-start=\"555\" data-end=\"581\">Pink Fat Cap nastavkom<\/strong>, koji dodatno olak\u0161ava \u0161iroko prekrivanje i kontrolu raspr\u0161ivanja.<\/p>\n<p data-start=\"652\" data-end=\"780\"><strong data-start=\"652\" data-end=\"673\">Dope Nitro 500 ml<\/strong> je idealan izbor za sve koji tra\u017ee <strong data-start=\"709\" data-end=\"761\">veliki kapacitet, visoku pokrivnost i pouzdanost<\/strong> u jednom spreju.<\/p>","protected":false},"excerpt":{"rendered":"<p>Dope Nitro 500 ml razvijen je za umjetnike koji trebaju brzo i u\u010dinkovito bojanje velikih povr\u0161ina uz zadr\u017eanu kontrolu. Uravnote\u017een pritisak omogu\u0107uje precizno prilago\u0111avanje \u0161irine linije, \u010dine\u0107i ga pogodnim i za dinami\u010dan rad i za detalje. Sprej nudi odli\u010dnu pokrivnu mo\u0107 te se odlikuje tihim i brzim su\u0161enjem, \u0161to ubrzava rad bez kompromisa u kvaliteti [&hellip;]<\/p>","protected":false},"featured_media":12313,"template":"","meta":{"_acf_changed":false},"product_brand":[106],"product_cat":[75,16],"product_tag":[],"class_list":{"0":"post-2186","1":"product","2":"type-product","3":"status-publish","4":"has-post-thumbnail","6":"product_brand-dope","7":"product_cat-graffiti","8":"product_cat-sprejevi","10":"first","11":"outofstock","12":"sale","13":"shipping-taxable","14":"purchasable","15":"product-type-variable"},"acf":[],"yoast_head":"<!-- This site is optimized with the Yoast SEO plugin v26.3 - https:\/\/yoast.com\/wordpress\/plugins\/seo\/ -->\n<title>Dope Nitro 500 ml - Sugar Factory<\/title>\n<meta name=\"robots\" content=\"index, follow, max-snippet:-1, max-image-preview:large, max-video-preview:-1\" \/>\n<link rel=\"canonical\" href=\"https:\/\/www.sugarfactory.hr\/sl\/izdelek\/spreji\/grafiti\/nitro-500-ml\/\" \/>\n<meta property=\"og:locale\" content=\"sl_SI\" \/>\n<meta property=\"og:type\" content=\"article\" \/>\n<meta property=\"og:title\" content=\"Dope Nitro 500 ml - Sugar Factory\" \/>\n<meta property=\"og:description\" content=\"Dope Nitro 500 ml razvijen je za umjetnike koji trebaju brzo i u\u010dinkovito bojanje velikih povr\u0161ina uz zadr\u017eanu kontrolu. Uravnote\u017een pritisak omogu\u0107uje precizno prilago\u0111avanje \u0161irine linije, \u010dine\u0107i ga pogodnim i za dinami\u010dan rad i za detalje. Sprej nudi odli\u010dnu pokrivnu mo\u0107 te se odlikuje tihim i brzim su\u0161enjem, \u0161to ubrzava rad bez kompromisa u kvaliteti [&hellip;]\" \/>\n<meta property=\"og:url\" content=\"https:\/\/www.sugarfactory.hr\/sl\/izdelek\/spreji\/grafiti\/nitro-500-ml\/\" \/>\n<meta property=\"og:site_name\" content=\"Sugar Factory\" \/>\n<meta property=\"article:modified_time\" content=\"2026-04-09T20:50:56+00:00\" \/>\n<meta property=\"og:image\" content=\"https:\/\/www.sugarfactory.hr\/wp-content\/uploads\/2021\/09\/dope-nitro-500.webp\" \/>\n\t<meta property=\"og:image:width\" content=\"896\" \/>\n\t<meta property=\"og:image:height\" content=\"1120\" \/>\n\t<meta property=\"og:image:type\" content=\"image\/webp\" \/>\n<meta name=\"twitter:card\" content=\"summary_large_image\" \/>\n<meta name=\"twitter:label1\" content=\"Est. reading time\" \/>\n\t<meta name=\"twitter:data1\" content=\"1 minuta\" \/>\n<script type=\"application\/ld+json\" class=\"yoast-schema-graph\">{\"@context\":\"https:\/\/schema.org\",\"@graph\":[{\"@type\":\"WebPage\",\"@id\":\"https:\/\/www.sugarfactory.hr\/proizvod\/sprejevi\/graffiti\/nitro-500-ml\/\",\"url\":\"https:\/\/www.sugarfactory.hr\/proizvod\/sprejevi\/graffiti\/nitro-500-ml\/\",\"name\":\"Dope Nitro 500 ml - Sugar Factory\",\"isPartOf\":{\"@id\":\"https:\/\/www.sugarfactory.hr\/#website\"},\"primaryImageOfPage\":{\"@id\":\"https:\/\/www.sugarfactory.hr\/proizvod\/sprejevi\/graffiti\/nitro-500-ml\/#primaryimage\"},\"image\":{\"@id\":\"https:\/\/www.sugarfactory.hr\/proizvod\/sprejevi\/graffiti\/nitro-500-ml\/#primaryimage\"},\"thumbnailUrl\":\"https:\/\/www.sugarfactory.hr\/wp-content\/uploads\/2021\/09\/dope-nitro-500.webp\",\"datePublished\":\"2021-09-03T14:41:25+00:00\",\"dateModified\":\"2026-04-09T20:50:56+00:00\",\"breadcrumb\":{\"@id\":\"https:\/\/www.sugarfactory.hr\/proizvod\/sprejevi\/graffiti\/nitro-500-ml\/#breadcrumb\"},\"inLanguage\":\"sl-SI\",\"potentialAction\":[{\"@type\":\"ReadAction\",\"target\":[\"https:\/\/www.sugarfactory.hr\/proizvod\/sprejevi\/graffiti\/nitro-500-ml\/\"]}]},{\"@type\":\"ImageObject\",\"inLanguage\":\"sl-SI\",\"@id\":\"https:\/\/www.sugarfactory.hr\/proizvod\/sprejevi\/graffiti\/nitro-500-ml\/#primaryimage\",\"url\":\"https:\/\/www.sugarfactory.hr\/wp-content\/uploads\/2021\/09\/dope-nitro-500.webp\",\"contentUrl\":\"https:\/\/www.sugarfactory.hr\/wp-content\/uploads\/2021\/09\/dope-nitro-500.webp\",\"width\":896,\"height\":1120},{\"@type\":\"BreadcrumbList\",\"@id\":\"https:\/\/www.sugarfactory.hr\/proizvod\/sprejevi\/graffiti\/nitro-500-ml\/#breadcrumb\",\"itemListElement\":[{\"@type\":\"ListItem\",\"position\":1,\"name\":\"Po\u010detna stranica\",\"item\":\"https:\/\/www.sugarfactory.hr\/\"},{\"@type\":\"ListItem\",\"position\":2,\"name\":\"Proizvodi\",\"item\":\"https:\/\/www.sugarfactory.hr\/shop\/\"},{\"@type\":\"ListItem\",\"position\":3,\"name\":\"Dope Nitro 500 ml\"}]},{\"@type\":\"WebSite\",\"@id\":\"https:\/\/www.sugarfactory.hr\/#website\",\"url\":\"https:\/\/www.sugarfactory.hr\/\",\"name\":\"Sugar Factory\",\"description\":\"Create your sweetest pieces!\",\"potentialAction\":[{\"@type\":\"SearchAction\",\"target\":{\"@type\":\"EntryPoint\",\"urlTemplate\":\"https:\/\/www.sugarfactory.hr\/?s={search_term_string}\"},\"query-input\":{\"@type\":\"PropertyValueSpecification\",\"valueRequired\":true,\"valueName\":\"search_term_string\"}}],\"inLanguage\":\"sl-SI\"}]}<\/script>\n<!-- \/ Yoast SEO plugin. -->","yoast_head_json":{"title":"Dope Nitro 500 ml - Sugar Factory","robots":{"index":"index","follow":"follow","max-snippet":"max-snippet:-1","max-image-preview":"max-image-preview:large","max-video-preview":"max-video-preview:-1"},"canonical":"https:\/\/www.sugarfactory.hr\/sl\/izdelek\/spreji\/grafiti\/nitro-500-ml\/","og_locale":"sl_SI","og_type":"article","og_title":"Dope Nitro 500 ml - Sugar Factory","og_description":"Dope Nitro 500 ml razvijen je za umjetnike koji trebaju brzo i u\u010dinkovito bojanje velikih povr\u0161ina uz zadr\u017eanu kontrolu. Uravnote\u017een pritisak omogu\u0107uje precizno prilago\u0111avanje \u0161irine linije, \u010dine\u0107i ga pogodnim i za dinami\u010dan rad i za detalje. Sprej nudi odli\u010dnu pokrivnu mo\u0107 te se odlikuje tihim i brzim su\u0161enjem, \u0161to ubrzava rad bez kompromisa u kvaliteti [&hellip;]","og_url":"https:\/\/www.sugarfactory.hr\/sl\/izdelek\/spreji\/grafiti\/nitro-500-ml\/","og_site_name":"Sugar Factory","article_modified_time":"2026-04-09T20:50:56+00:00","og_image":[{"width":896,"height":1120,"url":"https:\/\/www.sugarfactory.hr\/wp-content\/uploads\/2021\/09\/dope-nitro-500.webp","type":"image\/webp"}],"twitter_card":"summary_large_image","twitter_misc":{"Est. reading time":"1 minuta"},"schema":{"@context":"https:\/\/schema.org","@graph":[{"@type":"WebPage","@id":"https:\/\/www.sugarfactory.hr\/proizvod\/sprejevi\/graffiti\/nitro-500-ml\/","url":"https:\/\/www.sugarfactory.hr\/proizvod\/sprejevi\/graffiti\/nitro-500-ml\/","name":"Dope Nitro 500 ml - Sugar Factory","isPartOf":{"@id":"https:\/\/www.sugarfactory.hr\/#website"},"primaryImageOfPage":{"@id":"https:\/\/www.sugarfactory.hr\/proizvod\/sprejevi\/graffiti\/nitro-500-ml\/#primaryimage"},"image":{"@id":"https:\/\/www.sugarfactory.hr\/proizvod\/sprejevi\/graffiti\/nitro-500-ml\/#primaryimage"},"thumbnailUrl":"https:\/\/www.sugarfactory.hr\/wp-content\/uploads\/2021\/09\/dope-nitro-500.webp","datePublished":"2021-09-03T14:41:25+00:00","dateModified":"2026-04-09T20:50:56+00:00","breadcrumb":{"@id":"https:\/\/www.sugarfactory.hr\/proizvod\/sprejevi\/graffiti\/nitro-500-ml\/#breadcrumb"},"inLanguage":"sl-SI","potentialAction":[{"@type":"ReadAction","target":["https:\/\/www.sugarfactory.hr\/proizvod\/sprejevi\/graffiti\/nitro-500-ml\/"]}]},{"@type":"ImageObject","inLanguage":"sl-SI","@id":"https:\/\/www.sugarfactory.hr\/proizvod\/sprejevi\/graffiti\/nitro-500-ml\/#primaryimage","url":"https:\/\/www.sugarfactory.hr\/wp-content\/uploads\/2021\/09\/dope-nitro-500.webp","contentUrl":"https:\/\/www.sugarfactory.hr\/wp-content\/uploads\/2021\/09\/dope-nitro-500.webp","width":896,"height":1120},{"@type":"BreadcrumbList","@id":"https:\/\/www.sugarfactory.hr\/proizvod\/sprejevi\/graffiti\/nitro-500-ml\/#breadcrumb","itemListElement":[{"@type":"ListItem","position":1,"name":"Po\u010detna stranica","item":"https:\/\/www.sugarfactory.hr\/"},{"@type":"ListItem","position":2,"name":"Proizvodi","item":"https:\/\/www.sugarfactory.hr\/shop\/"},{"@type":"ListItem","position":3,"name":"Dope Nitro 500 ml"}]},{"@type":"WebSite","@id":"https:\/\/www.sugarfactory.hr\/#website","url":"https:\/\/www.sugarfactory.hr\/","name":"Tovarna sladkorja","description":"Create your sweetest pieces!","potentialAction":[{"@type":"SearchAction","target":{"@type":"EntryPoint","urlTemplate":"https:\/\/www.sugarfactory.hr\/?s={search_term_string}"},"query-input":{"@type":"PropertyValueSpecification","valueRequired":true,"valueName":"search_term_string"}}],"inLanguage":"sl-SI"}]}},"_links":{"self":[{"href":"https:\/\/www.sugarfactory.hr\/sl\/wp-json\/wp\/v2\/product\/2186","targetHints":{"allow":["GET"]}}],"collection":[{"href":"https:\/\/www.sugarfactory.hr\/sl\/wp-json\/wp\/v2\/product"}],"about":[{"href":"https:\/\/www.sugarfactory.hr\/sl\/wp-json\/wp\/v2\/types\/product"}],"wp:featuredmedia":[{"embeddable":true,"href":"https:\/\/www.sugarfactory.hr\/sl\/wp-json\/wp\/v2\/media\/12313"}],"wp:attachment":[{"href":"https:\/\/www.sugarfactory.hr\/sl\/wp-json\/wp\/v2\/media?parent=2186"}],"wp:term":[{"taxonomy":"product_brand","embeddable":true,"href":"https:\/\/www.sugarfactory.hr\/sl\/wp-json\/wp\/v2\/product_brand?post=2186"},{"taxonomy":"product_cat","embeddable":true,"href":"https:\/\/www.sugarfactory.hr\/sl\/wp-json\/wp\/v2\/product_cat?post=2186"},{"taxonomy":"product_tag","embeddable":true,"href":"https:\/\/www.sugarfactory.hr\/sl\/wp-json\/wp\/v2\/product_tag?post=2186"}],"curies":[{"name":"wp","href":"https:\/\/api.w.org\/{rel}","templated":true}]}}