{"id":2293,"date":"2021-09-16T16:48:33","date_gmt":"2021-09-16T16:48:33","guid":{"rendered":"https:\/\/www.sugarfactory.hr\/?post_type=product&#038;p=2293"},"modified":"2026-04-17T12:53:10","modified_gmt":"2026-04-17T11:53:10","slug":"marker-kreda-uni-pwe-8k","status":"publish","type":"product","link":"https:\/\/www.sugarfactory.hr\/sl\/izdelek\/oznacevalci\/uni-px-markeri\/marker-kreda-uni-pwe-8k\/","title":{"rendered":"Uni PWE-8K"},"content":{"rendered":"<p data-start=\"80\" data-end=\"293\"><strong data-start=\"115\" data-end=\"129\">Uni PWE-8K<\/strong> je <strong data-start=\"133\" data-end=\"164\">marker s kredom bez pra\u0161ine<\/strong>, idealan za pisanje na <strong data-start=\"188\" data-end=\"252\">crnim i bijelim plo\u010dama, plo\u010dama s pozadinskim osvjetljenjem<\/strong> te svim glatkim neporoznim povr\u0161inama.<\/p>\n<p data-start=\"295\" data-end=\"588\">Pigmentna tinta na bazi vode s <strong data-start=\"326\" data-end=\"344\">bijelim opakom<\/strong> potpuno prekriva podlogu i prethodni ispis. Otporna je na ki\u0161u, ali se lako bri\u0161e vla\u017enom krpom. Na plo\u010dama s pozadinskim osvjetljenjem ispis postaje <strong data-start=\"495\" data-end=\"512\">fluorescentan<\/strong>, \u0161to ga \u010dini savr\u0161enim za <strong data-start=\"539\" data-end=\"585\">kafi\u0107e, restorane, pekare, du\u0107ane i izloge<\/strong>.<\/p>\n<p data-start=\"590\" data-end=\"754\">Marker ima <strong data-start=\"601\" data-end=\"642\">ku\u0107i\u0161te od recikliranog polipropilena<\/strong> in <strong data-start=\"645\" data-end=\"670\">okrugli poliester vrh<\/strong>. Ispis se su\u0161i za oko <strong data-start=\"693\" data-end=\"708\">150 sekundi<\/strong>, a tinta je bez mirisa, otapala i alkohola.<\/p>\n<ul data-start=\"756\" data-end=\"855\">\n<li data-start=\"756\" data-end=\"793\">\n<p data-start=\"758\" data-end=\"793\"><strong data-start=\"758\" data-end=\"778\">Debelina \u010drte:<\/strong> 1.8 \u2013 2.5 mm<\/p>\n<\/li>\n<li data-start=\"794\" data-end=\"822\">\n<p data-start=\"796\" data-end=\"822\"><strong data-start=\"796\" data-end=\"814\">Dol\u017eina tiska:<\/strong> 180 m<\/p>\n<\/li>\n<li data-start=\"823\" data-end=\"855\">\n<p data-start=\"825\" data-end=\"855\"><strong data-start=\"825\" data-end=\"844\">Rok trajanja:<\/strong> 2 leti<\/p>\n<\/li>\n<\/ul>\n<p data-start=\"857\" data-end=\"944\"><strong data-start=\"857\" data-end=\"871\">Uni PWE-8K<\/strong> zagotavlja <strong data-start=\"878\" data-end=\"920\">\u010dist, intenzivan i lako uklonjiv ispis<\/strong>, bez pra\u0161ine i mrlja.<\/p>","protected":false},"excerpt":{"rendered":"<p>Uni PWE-8K je marker s kredom bez pra\u0161ine, idealan za pisanje na crnim i bijelim plo\u010dama, plo\u010dama s pozadinskim osvjetljenjem te svim glatkim neporoznim povr\u0161inama. Pigmentna tinta na bazi vode s bijelim opakom potpuno prekriva podlogu i prethodni ispis. Otporna je na ki\u0161u, ali se lako bri\u0161e vla\u017enom krpom. Na plo\u010dama s pozadinskim osvjetljenjem ispis [&hellip;]<\/p>","protected":false},"featured_media":12493,"template":"","meta":{"_acf_changed":false},"product_brand":[110],"product_cat":[22,81],"product_tag":[],"class_list":{"0":"post-2293","1":"product","2":"type-product","3":"status-publish","4":"has-post-thumbnail","6":"product_brand-uni","7":"product_cat-markeri","8":"product_cat-uni-px-markeri","10":"first","11":"instock","12":"shipping-taxable","13":"purchasable","14":"product-type-variable"},"acf":[],"yoast_head":"<!-- This site is optimized with the Yoast SEO plugin v26.3 - https:\/\/yoast.com\/wordpress\/plugins\/seo\/ -->\n<title>Uni PWE-8K - Sugar Factory<\/title>\n<meta name=\"robots\" content=\"index, follow, max-snippet:-1, max-image-preview:large, max-video-preview:-1\" \/>\n<link rel=\"canonical\" href=\"https:\/\/www.sugarfactory.hr\/sl\/izdelek\/oznacevalci\/uni-px-markeri\/marker-kreda-uni-pwe-8k\/\" \/>\n<meta property=\"og:locale\" content=\"sl_SI\" \/>\n<meta property=\"og:type\" content=\"article\" \/>\n<meta property=\"og:title\" content=\"Uni PWE-8K - Sugar Factory\" \/>\n<meta property=\"og:description\" content=\"Uni PWE-8K je marker s kredom bez pra\u0161ine, idealan za pisanje na crnim i bijelim plo\u010dama, plo\u010dama s pozadinskim osvjetljenjem te svim glatkim neporoznim povr\u0161inama. Pigmentna tinta na bazi vode s bijelim opakom potpuno prekriva podlogu i prethodni ispis. Otporna je na ki\u0161u, ali se lako bri\u0161e vla\u017enom krpom. Na plo\u010dama s pozadinskim osvjetljenjem ispis [&hellip;]\" \/>\n<meta property=\"og:url\" content=\"https:\/\/www.sugarfactory.hr\/sl\/izdelek\/oznacevalci\/uni-px-markeri\/marker-kreda-uni-pwe-8k\/\" \/>\n<meta property=\"og:site_name\" content=\"Sugar Factory\" \/>\n<meta property=\"article:modified_time\" content=\"2026-04-17T11:53:10+00:00\" \/>\n<meta property=\"og:image\" content=\"https:\/\/www.sugarfactory.hr\/wp-content\/uploads\/2021\/09\/uni-pwe-8k.webp\" \/>\n\t<meta property=\"og:image:width\" content=\"896\" \/>\n\t<meta property=\"og:image:height\" content=\"1120\" \/>\n\t<meta property=\"og:image:type\" content=\"image\/webp\" \/>\n<meta name=\"twitter:card\" content=\"summary_large_image\" \/>\n<meta name=\"twitter:label1\" content=\"Est. reading time\" \/>\n\t<meta name=\"twitter:data1\" content=\"1 minuta\" \/>\n<script type=\"application\/ld+json\" class=\"yoast-schema-graph\">{\"@context\":\"https:\/\/schema.org\",\"@graph\":[{\"@type\":\"WebPage\",\"@id\":\"https:\/\/www.sugarfactory.hr\/proizvod\/markeri\/uni-px-markeri\/marker-kreda-uni-pwe-8k\/\",\"url\":\"https:\/\/www.sugarfactory.hr\/proizvod\/markeri\/uni-px-markeri\/marker-kreda-uni-pwe-8k\/\",\"name\":\"Uni PWE-8K - Sugar Factory\",\"isPartOf\":{\"@id\":\"https:\/\/www.sugarfactory.hr\/#website\"},\"primaryImageOfPage\":{\"@id\":\"https:\/\/www.sugarfactory.hr\/proizvod\/markeri\/uni-px-markeri\/marker-kreda-uni-pwe-8k\/#primaryimage\"},\"image\":{\"@id\":\"https:\/\/www.sugarfactory.hr\/proizvod\/markeri\/uni-px-markeri\/marker-kreda-uni-pwe-8k\/#primaryimage\"},\"thumbnailUrl\":\"https:\/\/www.sugarfactory.hr\/wp-content\/uploads\/2021\/09\/uni-pwe-8k.webp\",\"datePublished\":\"2021-09-16T16:48:33+00:00\",\"dateModified\":\"2026-04-17T11:53:10+00:00\",\"breadcrumb\":{\"@id\":\"https:\/\/www.sugarfactory.hr\/proizvod\/markeri\/uni-px-markeri\/marker-kreda-uni-pwe-8k\/#breadcrumb\"},\"inLanguage\":\"sl-SI\",\"potentialAction\":[{\"@type\":\"ReadAction\",\"target\":[\"https:\/\/www.sugarfactory.hr\/proizvod\/markeri\/uni-px-markeri\/marker-kreda-uni-pwe-8k\/\"]}]},{\"@type\":\"ImageObject\",\"inLanguage\":\"sl-SI\",\"@id\":\"https:\/\/www.sugarfactory.hr\/proizvod\/markeri\/uni-px-markeri\/marker-kreda-uni-pwe-8k\/#primaryimage\",\"url\":\"https:\/\/www.sugarfactory.hr\/wp-content\/uploads\/2021\/09\/uni-pwe-8k.webp\",\"contentUrl\":\"https:\/\/www.sugarfactory.hr\/wp-content\/uploads\/2021\/09\/uni-pwe-8k.webp\",\"width\":896,\"height\":1120},{\"@type\":\"BreadcrumbList\",\"@id\":\"https:\/\/www.sugarfactory.hr\/proizvod\/markeri\/uni-px-markeri\/marker-kreda-uni-pwe-8k\/#breadcrumb\",\"itemListElement\":[{\"@type\":\"ListItem\",\"position\":1,\"name\":\"Po\u010detna stranica\",\"item\":\"https:\/\/www.sugarfactory.hr\/\"},{\"@type\":\"ListItem\",\"position\":2,\"name\":\"Proizvodi\",\"item\":\"https:\/\/www.sugarfactory.hr\/shop\/\"},{\"@type\":\"ListItem\",\"position\":3,\"name\":\"Uni PWE-8K\"}]},{\"@type\":\"WebSite\",\"@id\":\"https:\/\/www.sugarfactory.hr\/#website\",\"url\":\"https:\/\/www.sugarfactory.hr\/\",\"name\":\"Sugar Factory\",\"description\":\"Create your sweetest pieces!\",\"potentialAction\":[{\"@type\":\"SearchAction\",\"target\":{\"@type\":\"EntryPoint\",\"urlTemplate\":\"https:\/\/www.sugarfactory.hr\/?s={search_term_string}\"},\"query-input\":{\"@type\":\"PropertyValueSpecification\",\"valueRequired\":true,\"valueName\":\"search_term_string\"}}],\"inLanguage\":\"sl-SI\"}]}<\/script>\n<!-- \/ Yoast SEO plugin. -->","yoast_head_json":{"title":"Uni PWE-8K - Sugar Factory","robots":{"index":"index","follow":"follow","max-snippet":"max-snippet:-1","max-image-preview":"max-image-preview:large","max-video-preview":"max-video-preview:-1"},"canonical":"https:\/\/www.sugarfactory.hr\/sl\/izdelek\/oznacevalci\/uni-px-markeri\/marker-kreda-uni-pwe-8k\/","og_locale":"sl_SI","og_type":"article","og_title":"Uni PWE-8K - Sugar Factory","og_description":"Uni PWE-8K je marker s kredom bez pra\u0161ine, idealan za pisanje na crnim i bijelim plo\u010dama, plo\u010dama s pozadinskim osvjetljenjem te svim glatkim neporoznim povr\u0161inama. Pigmentna tinta na bazi vode s bijelim opakom potpuno prekriva podlogu i prethodni ispis. Otporna je na ki\u0161u, ali se lako bri\u0161e vla\u017enom krpom. Na plo\u010dama s pozadinskim osvjetljenjem ispis [&hellip;]","og_url":"https:\/\/www.sugarfactory.hr\/sl\/izdelek\/oznacevalci\/uni-px-markeri\/marker-kreda-uni-pwe-8k\/","og_site_name":"Sugar Factory","article_modified_time":"2026-04-17T11:53:10+00:00","og_image":[{"width":896,"height":1120,"url":"https:\/\/www.sugarfactory.hr\/wp-content\/uploads\/2021\/09\/uni-pwe-8k.webp","type":"image\/webp"}],"twitter_card":"summary_large_image","twitter_misc":{"Est. reading time":"1 minuta"},"schema":{"@context":"https:\/\/schema.org","@graph":[{"@type":"WebPage","@id":"https:\/\/www.sugarfactory.hr\/proizvod\/markeri\/uni-px-markeri\/marker-kreda-uni-pwe-8k\/","url":"https:\/\/www.sugarfactory.hr\/proizvod\/markeri\/uni-px-markeri\/marker-kreda-uni-pwe-8k\/","name":"Uni PWE-8K - Sugar Factory","isPartOf":{"@id":"https:\/\/www.sugarfactory.hr\/#website"},"primaryImageOfPage":{"@id":"https:\/\/www.sugarfactory.hr\/proizvod\/markeri\/uni-px-markeri\/marker-kreda-uni-pwe-8k\/#primaryimage"},"image":{"@id":"https:\/\/www.sugarfactory.hr\/proizvod\/markeri\/uni-px-markeri\/marker-kreda-uni-pwe-8k\/#primaryimage"},"thumbnailUrl":"https:\/\/www.sugarfactory.hr\/wp-content\/uploads\/2021\/09\/uni-pwe-8k.webp","datePublished":"2021-09-16T16:48:33+00:00","dateModified":"2026-04-17T11:53:10+00:00","breadcrumb":{"@id":"https:\/\/www.sugarfactory.hr\/proizvod\/markeri\/uni-px-markeri\/marker-kreda-uni-pwe-8k\/#breadcrumb"},"inLanguage":"sl-SI","potentialAction":[{"@type":"ReadAction","target":["https:\/\/www.sugarfactory.hr\/proizvod\/markeri\/uni-px-markeri\/marker-kreda-uni-pwe-8k\/"]}]},{"@type":"ImageObject","inLanguage":"sl-SI","@id":"https:\/\/www.sugarfactory.hr\/proizvod\/markeri\/uni-px-markeri\/marker-kreda-uni-pwe-8k\/#primaryimage","url":"https:\/\/www.sugarfactory.hr\/wp-content\/uploads\/2021\/09\/uni-pwe-8k.webp","contentUrl":"https:\/\/www.sugarfactory.hr\/wp-content\/uploads\/2021\/09\/uni-pwe-8k.webp","width":896,"height":1120},{"@type":"BreadcrumbList","@id":"https:\/\/www.sugarfactory.hr\/proizvod\/markeri\/uni-px-markeri\/marker-kreda-uni-pwe-8k\/#breadcrumb","itemListElement":[{"@type":"ListItem","position":1,"name":"Po\u010detna stranica","item":"https:\/\/www.sugarfactory.hr\/"},{"@type":"ListItem","position":2,"name":"Proizvodi","item":"https:\/\/www.sugarfactory.hr\/shop\/"},{"@type":"ListItem","position":3,"name":"Uni PWE-8K"}]},{"@type":"WebSite","@id":"https:\/\/www.sugarfactory.hr\/#website","url":"https:\/\/www.sugarfactory.hr\/","name":"Tovarna sladkorja","description":"Create your sweetest pieces!","potentialAction":[{"@type":"SearchAction","target":{"@type":"EntryPoint","urlTemplate":"https:\/\/www.sugarfactory.hr\/?s={search_term_string}"},"query-input":{"@type":"PropertyValueSpecification","valueRequired":true,"valueName":"search_term_string"}}],"inLanguage":"sl-SI"}]}},"_links":{"self":[{"href":"https:\/\/www.sugarfactory.hr\/sl\/wp-json\/wp\/v2\/product\/2293","targetHints":{"allow":["GET"]}}],"collection":[{"href":"https:\/\/www.sugarfactory.hr\/sl\/wp-json\/wp\/v2\/product"}],"about":[{"href":"https:\/\/www.sugarfactory.hr\/sl\/wp-json\/wp\/v2\/types\/product"}],"wp:featuredmedia":[{"embeddable":true,"href":"https:\/\/www.sugarfactory.hr\/sl\/wp-json\/wp\/v2\/media\/12493"}],"wp:attachment":[{"href":"https:\/\/www.sugarfactory.hr\/sl\/wp-json\/wp\/v2\/media?parent=2293"}],"wp:term":[{"taxonomy":"product_brand","embeddable":true,"href":"https:\/\/www.sugarfactory.hr\/sl\/wp-json\/wp\/v2\/product_brand?post=2293"},{"taxonomy":"product_cat","embeddable":true,"href":"https:\/\/www.sugarfactory.hr\/sl\/wp-json\/wp\/v2\/product_cat?post=2293"},{"taxonomy":"product_tag","embeddable":true,"href":"https:\/\/www.sugarfactory.hr\/sl\/wp-json\/wp\/v2\/product_tag?post=2293"}],"curies":[{"name":"wp","href":"https:\/\/api.w.org\/{rel}","templated":true}]}}