{"id":2446,"date":"2021-10-18T12:35:02","date_gmt":"2021-10-18T12:35:02","guid":{"rendered":"https:\/\/www.sugarfactory.hr\/?post_type=product&#038;p=2446"},"modified":"2026-01-16T08:14:37","modified_gmt":"2026-01-16T07:14:37","slug":"fabriano-horizontal-a4-blok","status":"publish","type":"product","link":"https:\/\/www.sugarfactory.hr\/sl\/izdelek\/skicirnik\/fabriano-horizontal-a4-blok\/","title":{"rendered":"Fabriano horizontalni A4"},"content":{"rendered":"<p data-start=\"76\" data-end=\"357\"><strong data-start=\"105\" data-end=\"128\">Fabriano Horizontal<\/strong> sketchbook u formatu A4 pru\u017ea vrhunsku kvalitetu papira za crtanje, skiciranje i ilustraciju. Njegova horizontalna orijentacija savr\u0161ena je za panoramske crte\u017ee, stripove, storyboarding i koncepte koji zahtijevaju \u0161iri format.<\/p>\n<p data-start=\"359\" data-end=\"529\">Papir je glatke teksture, bez kiselina, \u0161to osigurava trajnost i otpornost na \u017eu\u0107enje. Idealan je za upotrebu s olovkom, tu\u0161em, rapidografima, markerima i flomasterima.<\/p>\n<ul data-start=\"531\" data-end=\"717\">\n<li data-start=\"531\" data-end=\"576\">\n<p data-start=\"533\" data-end=\"576\"><strong data-start=\"533\" data-end=\"544\">Oblika:<\/strong> A4 (horizontalni \/ landscape)<\/p>\n<\/li>\n<li data-start=\"577\" data-end=\"601\">\n<p data-start=\"579\" data-end=\"601\"><strong data-start=\"579\" data-end=\"592\">Povr\u0161ina:<\/strong> glatka<\/p>\n<\/li>\n<li data-start=\"602\" data-end=\"651\">\n<p data-start=\"604\" data-end=\"651\"><strong data-start=\"604\" data-end=\"615\">Sastav:<\/strong> bez kiselina, otporan na starenje<\/p>\n<\/li>\n<li data-start=\"652\" data-end=\"717\">\n<p data-start=\"654\" data-end=\"717\"><strong data-start=\"654\" data-end=\"667\">Uporaba:<\/strong> crtanje, ilustracije, skice, strip i storyboard<\/p>\n<\/li>\n<\/ul>\n<p data-start=\"719\" data-end=\"868\"><strong data-start=\"719\" data-end=\"745\">Fabriano Horizontal A4<\/strong> sketchbook odli\u010dan je izbor za <strong data-start=\"777\" data-end=\"802\">umjetnike i dizajnere<\/strong> koji tra\u017ee pouzdanu podlogu i slobodu \u0161irine u svojim radovima.<\/p>","protected":false},"excerpt":{"rendered":"<p>Fabriano Horizontal sketchbook u formatu A4 pru\u017ea vrhunsku kvalitetu papira za crtanje, skiciranje i ilustraciju. Njegova horizontalna orijentacija savr\u0161ena je za panoramske crte\u017ee, stripove, storyboarding i koncepte koji zahtijevaju \u0161iri format. Papir je glatke teksture, bez kiselina, \u0161to osigurava trajnost i otpornost na \u017eu\u0107enje. Idealan je za upotrebu s olovkom, tu\u0161em, rapidografima, markerima i flomasterima. [&hellip;]<\/p>","protected":false},"featured_media":12533,"template":"","meta":{"_acf_changed":false},"product_brand":[122],"product_cat":[23],"product_tag":[],"class_list":{"0":"post-2446","1":"product","2":"type-product","3":"status-publish","4":"has-post-thumbnail","6":"product_brand-fabriano","7":"product_cat-sketch-book","9":"first","10":"instock","11":"shipping-taxable","12":"purchasable","13":"product-type-simple"},"acf":[],"yoast_head":"<!-- This site is optimized with the Yoast SEO plugin v26.3 - https:\/\/yoast.com\/wordpress\/plugins\/seo\/ -->\n<title>Fabriano horizontal A4 - Sugar Factory<\/title>\n<meta name=\"robots\" content=\"index, follow, max-snippet:-1, max-image-preview:large, max-video-preview:-1\" \/>\n<link rel=\"canonical\" href=\"https:\/\/www.sugarfactory.hr\/sl\/izdelek\/skicirnik\/fabriano-horizontal-a4-blok\/\" \/>\n<meta property=\"og:locale\" content=\"sl_SI\" \/>\n<meta property=\"og:type\" content=\"article\" \/>\n<meta property=\"og:title\" content=\"Fabriano horizontal A4 - Sugar Factory\" \/>\n<meta property=\"og:description\" content=\"Fabriano Horizontal sketchbook u formatu A4 pru\u017ea vrhunsku kvalitetu papira za crtanje, skiciranje i ilustraciju. Njegova horizontalna orijentacija savr\u0161ena je za panoramske crte\u017ee, stripove, storyboarding i koncepte koji zahtijevaju \u0161iri format. Papir je glatke teksture, bez kiselina, \u0161to osigurava trajnost i otpornost na \u017eu\u0107enje. Idealan je za upotrebu s olovkom, tu\u0161em, rapidografima, markerima i flomasterima. [&hellip;]\" \/>\n<meta property=\"og:url\" content=\"https:\/\/www.sugarfactory.hr\/sl\/izdelek\/skicirnik\/fabriano-horizontal-a4-blok\/\" \/>\n<meta property=\"og:site_name\" content=\"Sugar Factory\" \/>\n<meta property=\"article:modified_time\" content=\"2026-01-16T07:14:37+00:00\" \/>\n<meta property=\"og:image\" content=\"https:\/\/www.sugarfactory.hr\/wp-content\/uploads\/2021\/10\/fabriano-horizontal-a4.webp\" \/>\n\t<meta property=\"og:image:width\" content=\"896\" \/>\n\t<meta property=\"og:image:height\" content=\"1120\" \/>\n\t<meta property=\"og:image:type\" content=\"image\/webp\" \/>\n<meta name=\"twitter:card\" content=\"summary_large_image\" \/>\n<meta name=\"twitter:label1\" content=\"Est. reading time\" \/>\n\t<meta name=\"twitter:data1\" content=\"1 minuta\" \/>\n<script type=\"application\/ld+json\" class=\"yoast-schema-graph\">{\"@context\":\"https:\/\/schema.org\",\"@graph\":[{\"@type\":\"WebPage\",\"@id\":\"https:\/\/www.sugarfactory.hr\/proizvod\/sketch-book\/fabriano-horizontal-a4-blok\/\",\"url\":\"https:\/\/www.sugarfactory.hr\/proizvod\/sketch-book\/fabriano-horizontal-a4-blok\/\",\"name\":\"Fabriano horizontal A4 - Sugar Factory\",\"isPartOf\":{\"@id\":\"https:\/\/www.sugarfactory.hr\/#website\"},\"primaryImageOfPage\":{\"@id\":\"https:\/\/www.sugarfactory.hr\/proizvod\/sketch-book\/fabriano-horizontal-a4-blok\/#primaryimage\"},\"image\":{\"@id\":\"https:\/\/www.sugarfactory.hr\/proizvod\/sketch-book\/fabriano-horizontal-a4-blok\/#primaryimage\"},\"thumbnailUrl\":\"https:\/\/www.sugarfactory.hr\/wp-content\/uploads\/2021\/10\/fabriano-horizontal-a4.webp\",\"datePublished\":\"2021-10-18T12:35:02+00:00\",\"dateModified\":\"2026-01-16T07:14:37+00:00\",\"breadcrumb\":{\"@id\":\"https:\/\/www.sugarfactory.hr\/proizvod\/sketch-book\/fabriano-horizontal-a4-blok\/#breadcrumb\"},\"inLanguage\":\"sl-SI\",\"potentialAction\":[{\"@type\":\"ReadAction\",\"target\":[\"https:\/\/www.sugarfactory.hr\/proizvod\/sketch-book\/fabriano-horizontal-a4-blok\/\"]}]},{\"@type\":\"ImageObject\",\"inLanguage\":\"sl-SI\",\"@id\":\"https:\/\/www.sugarfactory.hr\/proizvod\/sketch-book\/fabriano-horizontal-a4-blok\/#primaryimage\",\"url\":\"https:\/\/www.sugarfactory.hr\/wp-content\/uploads\/2021\/10\/fabriano-horizontal-a4.webp\",\"contentUrl\":\"https:\/\/www.sugarfactory.hr\/wp-content\/uploads\/2021\/10\/fabriano-horizontal-a4.webp\",\"width\":896,\"height\":1120},{\"@type\":\"BreadcrumbList\",\"@id\":\"https:\/\/www.sugarfactory.hr\/proizvod\/sketch-book\/fabriano-horizontal-a4-blok\/#breadcrumb\",\"itemListElement\":[{\"@type\":\"ListItem\",\"position\":1,\"name\":\"Po\u010detna stranica\",\"item\":\"https:\/\/www.sugarfactory.hr\/\"},{\"@type\":\"ListItem\",\"position\":2,\"name\":\"Proizvodi\",\"item\":\"https:\/\/www.sugarfactory.hr\/shop\/\"},{\"@type\":\"ListItem\",\"position\":3,\"name\":\"Fabriano horizontal A4\"}]},{\"@type\":\"WebSite\",\"@id\":\"https:\/\/www.sugarfactory.hr\/#website\",\"url\":\"https:\/\/www.sugarfactory.hr\/\",\"name\":\"Sugar Factory\",\"description\":\"Create your sweetest pieces!\",\"potentialAction\":[{\"@type\":\"SearchAction\",\"target\":{\"@type\":\"EntryPoint\",\"urlTemplate\":\"https:\/\/www.sugarfactory.hr\/?s={search_term_string}\"},\"query-input\":{\"@type\":\"PropertyValueSpecification\",\"valueRequired\":true,\"valueName\":\"search_term_string\"}}],\"inLanguage\":\"sl-SI\"}]}<\/script>\n<!-- \/ Yoast SEO plugin. -->","yoast_head_json":{"title":"Fabriano horizontal A4 - Sugar Factory","robots":{"index":"index","follow":"follow","max-snippet":"max-snippet:-1","max-image-preview":"max-image-preview:large","max-video-preview":"max-video-preview:-1"},"canonical":"https:\/\/www.sugarfactory.hr\/sl\/izdelek\/skicirnik\/fabriano-horizontal-a4-blok\/","og_locale":"sl_SI","og_type":"article","og_title":"Fabriano horizontal A4 - Sugar Factory","og_description":"Fabriano Horizontal sketchbook u formatu A4 pru\u017ea vrhunsku kvalitetu papira za crtanje, skiciranje i ilustraciju. Njegova horizontalna orijentacija savr\u0161ena je za panoramske crte\u017ee, stripove, storyboarding i koncepte koji zahtijevaju \u0161iri format. Papir je glatke teksture, bez kiselina, \u0161to osigurava trajnost i otpornost na \u017eu\u0107enje. Idealan je za upotrebu s olovkom, tu\u0161em, rapidografima, markerima i flomasterima. [&hellip;]","og_url":"https:\/\/www.sugarfactory.hr\/sl\/izdelek\/skicirnik\/fabriano-horizontal-a4-blok\/","og_site_name":"Sugar Factory","article_modified_time":"2026-01-16T07:14:37+00:00","og_image":[{"width":896,"height":1120,"url":"https:\/\/www.sugarfactory.hr\/wp-content\/uploads\/2021\/10\/fabriano-horizontal-a4.webp","type":"image\/webp"}],"twitter_card":"summary_large_image","twitter_misc":{"Est. reading time":"1 minuta"},"schema":{"@context":"https:\/\/schema.org","@graph":[{"@type":"WebPage","@id":"https:\/\/www.sugarfactory.hr\/proizvod\/sketch-book\/fabriano-horizontal-a4-blok\/","url":"https:\/\/www.sugarfactory.hr\/proizvod\/sketch-book\/fabriano-horizontal-a4-blok\/","name":"Fabriano horizontal A4 - Sugar Factory","isPartOf":{"@id":"https:\/\/www.sugarfactory.hr\/#website"},"primaryImageOfPage":{"@id":"https:\/\/www.sugarfactory.hr\/proizvod\/sketch-book\/fabriano-horizontal-a4-blok\/#primaryimage"},"image":{"@id":"https:\/\/www.sugarfactory.hr\/proizvod\/sketch-book\/fabriano-horizontal-a4-blok\/#primaryimage"},"thumbnailUrl":"https:\/\/www.sugarfactory.hr\/wp-content\/uploads\/2021\/10\/fabriano-horizontal-a4.webp","datePublished":"2021-10-18T12:35:02+00:00","dateModified":"2026-01-16T07:14:37+00:00","breadcrumb":{"@id":"https:\/\/www.sugarfactory.hr\/proizvod\/sketch-book\/fabriano-horizontal-a4-blok\/#breadcrumb"},"inLanguage":"sl-SI","potentialAction":[{"@type":"ReadAction","target":["https:\/\/www.sugarfactory.hr\/proizvod\/sketch-book\/fabriano-horizontal-a4-blok\/"]}]},{"@type":"ImageObject","inLanguage":"sl-SI","@id":"https:\/\/www.sugarfactory.hr\/proizvod\/sketch-book\/fabriano-horizontal-a4-blok\/#primaryimage","url":"https:\/\/www.sugarfactory.hr\/wp-content\/uploads\/2021\/10\/fabriano-horizontal-a4.webp","contentUrl":"https:\/\/www.sugarfactory.hr\/wp-content\/uploads\/2021\/10\/fabriano-horizontal-a4.webp","width":896,"height":1120},{"@type":"BreadcrumbList","@id":"https:\/\/www.sugarfactory.hr\/proizvod\/sketch-book\/fabriano-horizontal-a4-blok\/#breadcrumb","itemListElement":[{"@type":"ListItem","position":1,"name":"Po\u010detna stranica","item":"https:\/\/www.sugarfactory.hr\/"},{"@type":"ListItem","position":2,"name":"Proizvodi","item":"https:\/\/www.sugarfactory.hr\/shop\/"},{"@type":"ListItem","position":3,"name":"Fabriano horizontal A4"}]},{"@type":"WebSite","@id":"https:\/\/www.sugarfactory.hr\/#website","url":"https:\/\/www.sugarfactory.hr\/","name":"Tovarna sladkorja","description":"Create your sweetest pieces!","potentialAction":[{"@type":"SearchAction","target":{"@type":"EntryPoint","urlTemplate":"https:\/\/www.sugarfactory.hr\/?s={search_term_string}"},"query-input":{"@type":"PropertyValueSpecification","valueRequired":true,"valueName":"search_term_string"}}],"inLanguage":"sl-SI"}]}},"_links":{"self":[{"href":"https:\/\/www.sugarfactory.hr\/sl\/wp-json\/wp\/v2\/product\/2446","targetHints":{"allow":["GET"]}}],"collection":[{"href":"https:\/\/www.sugarfactory.hr\/sl\/wp-json\/wp\/v2\/product"}],"about":[{"href":"https:\/\/www.sugarfactory.hr\/sl\/wp-json\/wp\/v2\/types\/product"}],"wp:featuredmedia":[{"embeddable":true,"href":"https:\/\/www.sugarfactory.hr\/sl\/wp-json\/wp\/v2\/media\/12533"}],"wp:attachment":[{"href":"https:\/\/www.sugarfactory.hr\/sl\/wp-json\/wp\/v2\/media?parent=2446"}],"wp:term":[{"taxonomy":"product_brand","embeddable":true,"href":"https:\/\/www.sugarfactory.hr\/sl\/wp-json\/wp\/v2\/product_brand?post=2446"},{"taxonomy":"product_cat","embeddable":true,"href":"https:\/\/www.sugarfactory.hr\/sl\/wp-json\/wp\/v2\/product_cat?post=2446"},{"taxonomy":"product_tag","embeddable":true,"href":"https:\/\/www.sugarfactory.hr\/sl\/wp-json\/wp\/v2\/product_tag?post=2446"}],"curies":[{"name":"wp","href":"https:\/\/api.w.org\/{rel}","templated":true}]}}