{"id":2473,"date":"2021-10-21T13:13:18","date_gmt":"2021-10-21T13:13:18","guid":{"rendered":"https:\/\/www.sugarfactory.hr\/?post_type=product&#038;p=2473"},"modified":"2026-04-01T23:51:41","modified_gmt":"2026-04-01T22:51:41","slug":"pokrovcek-za-razprsilo-blue-soft-cap","status":"publish","type":"product","link":"https:\/\/www.sugarfactory.hr\/sl\/izdelek\/kape\/srednje-kapice\/pokrovcek-za-razprsilo-blue-soft-cap\/","title":{"rendered":"Modra mehka kapica"},"content":{"rendered":"<p data-start=\"21\" data-end=\"123\"><strong data-start=\"21\" data-end=\"34\">Uporaba:<\/strong> Namenjeno za <strong data-start=\"50\" data-end=\"87\">gladki prehodi barv in sen\u010denje<\/strong>, odli\u010den za prehode in mehke u\u010dinke.<\/p>\n<p data-start=\"125\" data-end=\"225\"><strong data-start=\"125\" data-end=\"136\">Linija:<\/strong> Ustvari <strong data-start=\"144\" data-end=\"169\">mehka in razpr\u0161ena \u010drta<\/strong> \u0161irin <strong data-start=\"180\" data-end=\"196\">3 cm do 8 cm<\/strong>, odvisno od barve in tlaka.<\/p>\n<p data-start=\"227\" data-end=\"334\" data-is-last-node=\"\" data-is-only-node=\"\">Popolna kapa za <strong data-start=\"246\" data-end=\"289\">gradienti, ozadja in umetni\u0161ka dela<\/strong> kjer je potrebna nadzorovana difuzija barve.<\/p>","protected":false},"excerpt":{"rendered":"<p>Uporaba: Zasnovan za gladke barvne prehode in sen\u010denje, odli\u010den za prelivanje in mehke u\u010dinke.   \u010crta: Ustvari mehko, razpr\u0161eno \u010drto \u0161irine od 3 cm do 8 cm, odvisno od barve in pritiska.   Idealna konica za prelivanje, ozadja in umetni\u0161ka dela, kjer je potrebno nadzorovano razpr\u0161evanje barve.<\/p>","protected":false},"featured_media":2465,"template":"","meta":{"_acf_changed":false},"product_brand":[],"product_cat":[19,97],"product_tag":[],"class_list":{"0":"post-2473","1":"product","2":"type-product","3":"status-publish","4":"has-post-thumbnail","6":"product_cat-kapice","7":"product_cat-medium-caps","9":"first","10":"instock","11":"shipping-taxable","12":"purchasable","13":"product-type-simple"},"acf":[],"yoast_head":"<!-- This site is optimized with the Yoast SEO plugin v26.3 - https:\/\/yoast.com\/wordpress\/plugins\/seo\/ -->\n<title>Blue Soft Cap - Sugar Factory<\/title>\n<meta name=\"robots\" content=\"index, follow, max-snippet:-1, max-image-preview:large, max-video-preview:-1\" \/>\n<link rel=\"canonical\" href=\"https:\/\/www.sugarfactory.hr\/sl\/izdelek\/kape\/srednje-kapice\/pokrovcek-za-razprsilo-blue-soft-cap\/\" \/>\n<meta property=\"og:locale\" content=\"sl_SI\" \/>\n<meta property=\"og:type\" content=\"article\" \/>\n<meta property=\"og:title\" content=\"Blue Soft Cap - Sugar Factory\" \/>\n<meta property=\"og:description\" content=\"Primjena: Namijenjena za glatke prijelaze boja i sjen\u010danja, odli\u010dna za fade i mekane efekte. Linija: Stvara meku i difuznu liniju \u0161irine od 3 cm do 8 cm, ovisno o boji i pritisku. Savr\u0161ena kapica za gradiente, pozadine i umjetni\u010dke radove gdje je potrebna kontrolirana difuzija boje.\" \/>\n<meta property=\"og:url\" content=\"https:\/\/www.sugarfactory.hr\/sl\/izdelek\/kape\/srednje-kapice\/pokrovcek-za-razprsilo-blue-soft-cap\/\" \/>\n<meta property=\"og:site_name\" content=\"Sugar Factory\" \/>\n<meta property=\"article:modified_time\" content=\"2026-04-01T22:51:41+00:00\" \/>\n<meta property=\"og:image\" content=\"https:\/\/www.sugarfactory.hr\/wp-content\/uploads\/2021\/10\/Blue-Soft-Cap.png\" \/>\n\t<meta property=\"og:image:width\" content=\"300\" \/>\n\t<meta property=\"og:image:height\" content=\"300\" \/>\n\t<meta property=\"og:image:type\" content=\"image\/png\" \/>\n<meta name=\"twitter:card\" content=\"summary_large_image\" \/>\n<script type=\"application\/ld+json\" class=\"yoast-schema-graph\">{\"@context\":\"https:\/\/schema.org\",\"@graph\":[{\"@type\":\"WebPage\",\"@id\":\"https:\/\/www.sugarfactory.hr\/proizvod\/kapice\/medium-caps\/kapica-za-sprej-blue-soft-cap\/\",\"url\":\"https:\/\/www.sugarfactory.hr\/proizvod\/kapice\/medium-caps\/kapica-za-sprej-blue-soft-cap\/\",\"name\":\"Blue Soft Cap - Sugar Factory\",\"isPartOf\":{\"@id\":\"https:\/\/www.sugarfactory.hr\/#website\"},\"primaryImageOfPage\":{\"@id\":\"https:\/\/www.sugarfactory.hr\/proizvod\/kapice\/medium-caps\/kapica-za-sprej-blue-soft-cap\/#primaryimage\"},\"image\":{\"@id\":\"https:\/\/www.sugarfactory.hr\/proizvod\/kapice\/medium-caps\/kapica-za-sprej-blue-soft-cap\/#primaryimage\"},\"thumbnailUrl\":\"https:\/\/www.sugarfactory.hr\/wp-content\/uploads\/2021\/10\/Blue-Soft-Cap.png\",\"datePublished\":\"2021-10-21T13:13:18+00:00\",\"dateModified\":\"2026-04-01T22:51:41+00:00\",\"breadcrumb\":{\"@id\":\"https:\/\/www.sugarfactory.hr\/proizvod\/kapice\/medium-caps\/kapica-za-sprej-blue-soft-cap\/#breadcrumb\"},\"inLanguage\":\"sl-SI\",\"potentialAction\":[{\"@type\":\"ReadAction\",\"target\":[\"https:\/\/www.sugarfactory.hr\/proizvod\/kapice\/medium-caps\/kapica-za-sprej-blue-soft-cap\/\"]}]},{\"@type\":\"ImageObject\",\"inLanguage\":\"sl-SI\",\"@id\":\"https:\/\/www.sugarfactory.hr\/proizvod\/kapice\/medium-caps\/kapica-za-sprej-blue-soft-cap\/#primaryimage\",\"url\":\"https:\/\/www.sugarfactory.hr\/wp-content\/uploads\/2021\/10\/Blue-Soft-Cap.png\",\"contentUrl\":\"https:\/\/www.sugarfactory.hr\/wp-content\/uploads\/2021\/10\/Blue-Soft-Cap.png\",\"width\":300,\"height\":300},{\"@type\":\"BreadcrumbList\",\"@id\":\"https:\/\/www.sugarfactory.hr\/proizvod\/kapice\/medium-caps\/kapica-za-sprej-blue-soft-cap\/#breadcrumb\",\"itemListElement\":[{\"@type\":\"ListItem\",\"position\":1,\"name\":\"Po\u010detna stranica\",\"item\":\"https:\/\/www.sugarfactory.hr\/\"},{\"@type\":\"ListItem\",\"position\":2,\"name\":\"Proizvodi\",\"item\":\"https:\/\/www.sugarfactory.hr\/shop\/\"},{\"@type\":\"ListItem\",\"position\":3,\"name\":\"Blue Soft Cap\"}]},{\"@type\":\"WebSite\",\"@id\":\"https:\/\/www.sugarfactory.hr\/#website\",\"url\":\"https:\/\/www.sugarfactory.hr\/\",\"name\":\"Sugar Factory\",\"description\":\"Create your sweetest pieces!\",\"potentialAction\":[{\"@type\":\"SearchAction\",\"target\":{\"@type\":\"EntryPoint\",\"urlTemplate\":\"https:\/\/www.sugarfactory.hr\/?s={search_term_string}\"},\"query-input\":{\"@type\":\"PropertyValueSpecification\",\"valueRequired\":true,\"valueName\":\"search_term_string\"}}],\"inLanguage\":\"sl-SI\"}]}<\/script>\n<!-- \/ Yoast SEO plugin. -->","yoast_head_json":{"title":"Modra mehka kapica - Tovarna sladkorja","robots":{"index":"index","follow":"follow","max-snippet":"max-snippet:-1","max-image-preview":"max-image-preview:large","max-video-preview":"max-video-preview:-1"},"canonical":"https:\/\/www.sugarfactory.hr\/sl\/izdelek\/kape\/srednje-kapice\/pokrovcek-za-razprsilo-blue-soft-cap\/","og_locale":"sl_SI","og_type":"article","og_title":"Blue Soft Cap - Sugar Factory","og_description":"Primjena: Namijenjena za glatke prijelaze boja i sjen\u010danja, odli\u010dna za fade i mekane efekte. Linija: Stvara meku i difuznu liniju \u0161irine od 3 cm do 8 cm, ovisno o boji i pritisku. Savr\u0161ena kapica za gradiente, pozadine i umjetni\u010dke radove gdje je potrebna kontrolirana difuzija boje.","og_url":"https:\/\/www.sugarfactory.hr\/sl\/izdelek\/kape\/srednje-kapice\/pokrovcek-za-razprsilo-blue-soft-cap\/","og_site_name":"Sugar Factory","article_modified_time":"2026-04-01T22:51:41+00:00","og_image":[{"width":300,"height":300,"url":"https:\/\/www.sugarfactory.hr\/wp-content\/uploads\/2021\/10\/Blue-Soft-Cap.png","type":"image\/png"}],"twitter_card":"summary_large_image","schema":{"@context":"https:\/\/schema.org","@graph":[{"@type":"WebPage","@id":"https:\/\/www.sugarfactory.hr\/proizvod\/kapice\/medium-caps\/kapica-za-sprej-blue-soft-cap\/","url":"https:\/\/www.sugarfactory.hr\/proizvod\/kapice\/medium-caps\/kapica-za-sprej-blue-soft-cap\/","name":"Modra mehka kapica - Tovarna sladkorja","isPartOf":{"@id":"https:\/\/www.sugarfactory.hr\/#website"},"primaryImageOfPage":{"@id":"https:\/\/www.sugarfactory.hr\/proizvod\/kapice\/medium-caps\/kapica-za-sprej-blue-soft-cap\/#primaryimage"},"image":{"@id":"https:\/\/www.sugarfactory.hr\/proizvod\/kapice\/medium-caps\/kapica-za-sprej-blue-soft-cap\/#primaryimage"},"thumbnailUrl":"https:\/\/www.sugarfactory.hr\/wp-content\/uploads\/2021\/10\/Blue-Soft-Cap.png","datePublished":"2021-10-21T13:13:18+00:00","dateModified":"2026-04-01T22:51:41+00:00","breadcrumb":{"@id":"https:\/\/www.sugarfactory.hr\/proizvod\/kapice\/medium-caps\/kapica-za-sprej-blue-soft-cap\/#breadcrumb"},"inLanguage":"sl-SI","potentialAction":[{"@type":"ReadAction","target":["https:\/\/www.sugarfactory.hr\/proizvod\/kapice\/medium-caps\/kapica-za-sprej-blue-soft-cap\/"]}]},{"@type":"ImageObject","inLanguage":"sl-SI","@id":"https:\/\/www.sugarfactory.hr\/proizvod\/kapice\/medium-caps\/kapica-za-sprej-blue-soft-cap\/#primaryimage","url":"https:\/\/www.sugarfactory.hr\/wp-content\/uploads\/2021\/10\/Blue-Soft-Cap.png","contentUrl":"https:\/\/www.sugarfactory.hr\/wp-content\/uploads\/2021\/10\/Blue-Soft-Cap.png","width":300,"height":300},{"@type":"BreadcrumbList","@id":"https:\/\/www.sugarfactory.hr\/proizvod\/kapice\/medium-caps\/kapica-za-sprej-blue-soft-cap\/#breadcrumb","itemListElement":[{"@type":"ListItem","position":1,"name":"Po\u010detna stranica","item":"https:\/\/www.sugarfactory.hr\/"},{"@type":"ListItem","position":2,"name":"Proizvodi","item":"https:\/\/www.sugarfactory.hr\/shop\/"},{"@type":"ListItem","position":3,"name":"Blue Soft Cap"}]},{"@type":"WebSite","@id":"https:\/\/www.sugarfactory.hr\/#website","url":"https:\/\/www.sugarfactory.hr\/","name":"Tovarna sladkorja","description":"Create your sweetest pieces!","potentialAction":[{"@type":"SearchAction","target":{"@type":"EntryPoint","urlTemplate":"https:\/\/www.sugarfactory.hr\/?s={search_term_string}"},"query-input":{"@type":"PropertyValueSpecification","valueRequired":true,"valueName":"search_term_string"}}],"inLanguage":"sl-SI"}]}},"_links":{"self":[{"href":"https:\/\/www.sugarfactory.hr\/sl\/wp-json\/wp\/v2\/product\/2473","targetHints":{"allow":["GET"]}}],"collection":[{"href":"https:\/\/www.sugarfactory.hr\/sl\/wp-json\/wp\/v2\/product"}],"about":[{"href":"https:\/\/www.sugarfactory.hr\/sl\/wp-json\/wp\/v2\/types\/product"}],"wp:featuredmedia":[{"embeddable":true,"href":"https:\/\/www.sugarfactory.hr\/sl\/wp-json\/wp\/v2\/media\/2465"}],"wp:attachment":[{"href":"https:\/\/www.sugarfactory.hr\/sl\/wp-json\/wp\/v2\/media?parent=2473"}],"wp:term":[{"taxonomy":"product_brand","embeddable":true,"href":"https:\/\/www.sugarfactory.hr\/sl\/wp-json\/wp\/v2\/product_brand?post=2473"},{"taxonomy":"product_cat","embeddable":true,"href":"https:\/\/www.sugarfactory.hr\/sl\/wp-json\/wp\/v2\/product_cat?post=2473"},{"taxonomy":"product_tag","embeddable":true,"href":"https:\/\/www.sugarfactory.hr\/sl\/wp-json\/wp\/v2\/product_tag?post=2473"}],"curies":[{"name":"wp","href":"https:\/\/api.w.org\/{rel}","templated":true}]}}