{"id":2474,"date":"2021-10-21T13:13:45","date_gmt":"2021-10-21T13:13:45","guid":{"rendered":"https:\/\/www.sugarfactory.hr\/?post_type=product&#038;p=2474"},"modified":"2025-10-26T12:49:22","modified_gmt":"2025-10-26T11:49:22","slug":"pokrovcek-za-razprsilo-ultra-fat-cap","status":"publish","type":"product","link":"https:\/\/www.sugarfactory.hr\/sl\/izdelek\/kape\/fat-caps\/pokrovcek-za-razprsilo-ultra-fat-cap\/","title":{"rendered":"Ultra debela kapica"},"content":{"rendered":"<p data-start=\"21\" data-end=\"107\"><strong data-start=\"21\" data-end=\"34\">Uporaba:<\/strong> Idealan za <strong data-start=\"46\" data-end=\"87\">vrlo brzo pokrivanje velikih povr\u0161ina<\/strong> i masivne poteze.<\/p>\n<p data-start=\"109\" data-end=\"218\"><strong data-start=\"109\" data-end=\"120\">Linija:<\/strong> Ustvari <strong data-start=\"128\" data-end=\"157\">fokusiranu, \u0161iroku liniju<\/strong> u rasponu od <strong data-start=\"171\" data-end=\"189\">10 cm do 16 cm<\/strong>, odvisno od barve in tlaka.<\/p>\n<p data-start=\"220\" data-end=\"316\" data-is-last-node=\"\" data-is-only-node=\"\">Idealno za <strong data-start=\"231\" data-end=\"315\">backgrounde, fill-inove i radove koji zahtijevaju maksimalnu brzinu i pokrivnost<\/strong>.<\/p>","protected":false},"excerpt":{"rendered":"<p>Primjena: Idealan za vrlo brzo pokrivanje velikih povr\u0161ina i masivne poteze. Linija: Stvara fokusiranu, \u0161iroku liniju u rasponu od 10 cm do 16 cm, ovisno o boji i pritisku. Savr\u0161en za backgrounde, fill-inove i radove koji zahtijevaju maksimalnu brzinu i pokrivnost.<\/p>","protected":false},"featured_media":2472,"template":"","meta":{"_acf_changed":false},"product_brand":[],"product_cat":[96,19],"product_tag":[],"class_list":{"0":"post-2474","1":"product","2":"type-product","3":"status-publish","4":"has-post-thumbnail","6":"product_cat-fat-caps","7":"product_cat-kapice","9":"first","10":"outofstock","11":"shipping-taxable","12":"purchasable","13":"product-type-simple"},"acf":[],"yoast_head":"<!-- This site is optimized with the Yoast SEO plugin v26.3 - https:\/\/yoast.com\/wordpress\/plugins\/seo\/ -->\n<title>Ultra Fat Cap - Sugar Factory<\/title>\n<meta name=\"robots\" content=\"index, follow, max-snippet:-1, max-image-preview:large, max-video-preview:-1\" \/>\n<link rel=\"canonical\" href=\"https:\/\/www.sugarfactory.hr\/sl\/izdelek\/kape\/fat-caps\/pokrovcek-za-razprsilo-ultra-fat-cap\/\" \/>\n<meta property=\"og:locale\" content=\"sl_SI\" \/>\n<meta property=\"og:type\" content=\"article\" \/>\n<meta property=\"og:title\" content=\"Ultra Fat Cap - Sugar Factory\" \/>\n<meta property=\"og:description\" content=\"Primjena: Idealan za vrlo brzo pokrivanje velikih povr\u0161ina i masivne poteze. Linija: Stvara fokusiranu, \u0161iroku liniju u rasponu od 10 cm do 16 cm, ovisno o boji i pritisku. Savr\u0161en za backgrounde, fill-inove i radove koji zahtijevaju maksimalnu brzinu i pokrivnost.\" \/>\n<meta property=\"og:url\" content=\"https:\/\/www.sugarfactory.hr\/sl\/izdelek\/kape\/fat-caps\/pokrovcek-za-razprsilo-ultra-fat-cap\/\" \/>\n<meta property=\"og:site_name\" content=\"Sugar Factory\" \/>\n<meta property=\"article:modified_time\" content=\"2025-10-26T11:49:22+00:00\" \/>\n<meta property=\"og:image\" content=\"https:\/\/www.sugarfactory.hr\/wp-content\/uploads\/2021\/10\/Ultra-Fat-Cap.png\" \/>\n\t<meta property=\"og:image:width\" content=\"300\" \/>\n\t<meta property=\"og:image:height\" content=\"300\" \/>\n\t<meta property=\"og:image:type\" content=\"image\/png\" \/>\n<meta name=\"twitter:card\" content=\"summary_large_image\" \/>\n<script type=\"application\/ld+json\" class=\"yoast-schema-graph\">{\"@context\":\"https:\/\/schema.org\",\"@graph\":[{\"@type\":\"WebPage\",\"@id\":\"https:\/\/www.sugarfactory.hr\/proizvod\/kapice\/fat-caps\/kapica-za-sprej-ultra-fat-cap\/\",\"url\":\"https:\/\/www.sugarfactory.hr\/proizvod\/kapice\/fat-caps\/kapica-za-sprej-ultra-fat-cap\/\",\"name\":\"Ultra Fat Cap - Sugar Factory\",\"isPartOf\":{\"@id\":\"https:\/\/www.sugarfactory.hr\/#website\"},\"primaryImageOfPage\":{\"@id\":\"https:\/\/www.sugarfactory.hr\/proizvod\/kapice\/fat-caps\/kapica-za-sprej-ultra-fat-cap\/#primaryimage\"},\"image\":{\"@id\":\"https:\/\/www.sugarfactory.hr\/proizvod\/kapice\/fat-caps\/kapica-za-sprej-ultra-fat-cap\/#primaryimage\"},\"thumbnailUrl\":\"https:\/\/www.sugarfactory.hr\/wp-content\/uploads\/2021\/10\/Ultra-Fat-Cap.png\",\"datePublished\":\"2021-10-21T13:13:45+00:00\",\"dateModified\":\"2025-10-26T11:49:22+00:00\",\"breadcrumb\":{\"@id\":\"https:\/\/www.sugarfactory.hr\/proizvod\/kapice\/fat-caps\/kapica-za-sprej-ultra-fat-cap\/#breadcrumb\"},\"inLanguage\":\"sl-SI\",\"potentialAction\":[{\"@type\":\"ReadAction\",\"target\":[\"https:\/\/www.sugarfactory.hr\/proizvod\/kapice\/fat-caps\/kapica-za-sprej-ultra-fat-cap\/\"]}]},{\"@type\":\"ImageObject\",\"inLanguage\":\"sl-SI\",\"@id\":\"https:\/\/www.sugarfactory.hr\/proizvod\/kapice\/fat-caps\/kapica-za-sprej-ultra-fat-cap\/#primaryimage\",\"url\":\"https:\/\/www.sugarfactory.hr\/wp-content\/uploads\/2021\/10\/Ultra-Fat-Cap.png\",\"contentUrl\":\"https:\/\/www.sugarfactory.hr\/wp-content\/uploads\/2021\/10\/Ultra-Fat-Cap.png\",\"width\":300,\"height\":300},{\"@type\":\"BreadcrumbList\",\"@id\":\"https:\/\/www.sugarfactory.hr\/proizvod\/kapice\/fat-caps\/kapica-za-sprej-ultra-fat-cap\/#breadcrumb\",\"itemListElement\":[{\"@type\":\"ListItem\",\"position\":1,\"name\":\"Po\u010detna stranica\",\"item\":\"https:\/\/www.sugarfactory.hr\/\"},{\"@type\":\"ListItem\",\"position\":2,\"name\":\"Proizvodi\",\"item\":\"https:\/\/www.sugarfactory.hr\/shop\/\"},{\"@type\":\"ListItem\",\"position\":3,\"name\":\"Ultra Fat Cap\"}]},{\"@type\":\"WebSite\",\"@id\":\"https:\/\/www.sugarfactory.hr\/#website\",\"url\":\"https:\/\/www.sugarfactory.hr\/\",\"name\":\"Sugar Factory\",\"description\":\"Create your sweetest pieces!\",\"potentialAction\":[{\"@type\":\"SearchAction\",\"target\":{\"@type\":\"EntryPoint\",\"urlTemplate\":\"https:\/\/www.sugarfactory.hr\/?s={search_term_string}\"},\"query-input\":{\"@type\":\"PropertyValueSpecification\",\"valueRequired\":true,\"valueName\":\"search_term_string\"}}],\"inLanguage\":\"sl-SI\"}]}<\/script>\n<!-- \/ Yoast SEO plugin. -->","yoast_head_json":{"title":"Ultra Fat Cap - Sugar Factory","robots":{"index":"index","follow":"follow","max-snippet":"max-snippet:-1","max-image-preview":"max-image-preview:large","max-video-preview":"max-video-preview:-1"},"canonical":"https:\/\/www.sugarfactory.hr\/sl\/izdelek\/kape\/fat-caps\/pokrovcek-za-razprsilo-ultra-fat-cap\/","og_locale":"sl_SI","og_type":"article","og_title":"Ultra Fat Cap - Sugar Factory","og_description":"Primjena: Idealan za vrlo brzo pokrivanje velikih povr\u0161ina i masivne poteze. Linija: Stvara fokusiranu, \u0161iroku liniju u rasponu od 10 cm do 16 cm, ovisno o boji i pritisku. Savr\u0161en za backgrounde, fill-inove i radove koji zahtijevaju maksimalnu brzinu i pokrivnost.","og_url":"https:\/\/www.sugarfactory.hr\/sl\/izdelek\/kape\/fat-caps\/pokrovcek-za-razprsilo-ultra-fat-cap\/","og_site_name":"Sugar Factory","article_modified_time":"2025-10-26T11:49:22+00:00","og_image":[{"width":300,"height":300,"url":"https:\/\/www.sugarfactory.hr\/wp-content\/uploads\/2021\/10\/Ultra-Fat-Cap.png","type":"image\/png"}],"twitter_card":"summary_large_image","schema":{"@context":"https:\/\/schema.org","@graph":[{"@type":"WebPage","@id":"https:\/\/www.sugarfactory.hr\/proizvod\/kapice\/fat-caps\/kapica-za-sprej-ultra-fat-cap\/","url":"https:\/\/www.sugarfactory.hr\/proizvod\/kapice\/fat-caps\/kapica-za-sprej-ultra-fat-cap\/","name":"Ultra Fat Cap - Sugar Factory","isPartOf":{"@id":"https:\/\/www.sugarfactory.hr\/#website"},"primaryImageOfPage":{"@id":"https:\/\/www.sugarfactory.hr\/proizvod\/kapice\/fat-caps\/kapica-za-sprej-ultra-fat-cap\/#primaryimage"},"image":{"@id":"https:\/\/www.sugarfactory.hr\/proizvod\/kapice\/fat-caps\/kapica-za-sprej-ultra-fat-cap\/#primaryimage"},"thumbnailUrl":"https:\/\/www.sugarfactory.hr\/wp-content\/uploads\/2021\/10\/Ultra-Fat-Cap.png","datePublished":"2021-10-21T13:13:45+00:00","dateModified":"2025-10-26T11:49:22+00:00","breadcrumb":{"@id":"https:\/\/www.sugarfactory.hr\/proizvod\/kapice\/fat-caps\/kapica-za-sprej-ultra-fat-cap\/#breadcrumb"},"inLanguage":"sl-SI","potentialAction":[{"@type":"ReadAction","target":["https:\/\/www.sugarfactory.hr\/proizvod\/kapice\/fat-caps\/kapica-za-sprej-ultra-fat-cap\/"]}]},{"@type":"ImageObject","inLanguage":"sl-SI","@id":"https:\/\/www.sugarfactory.hr\/proizvod\/kapice\/fat-caps\/kapica-za-sprej-ultra-fat-cap\/#primaryimage","url":"https:\/\/www.sugarfactory.hr\/wp-content\/uploads\/2021\/10\/Ultra-Fat-Cap.png","contentUrl":"https:\/\/www.sugarfactory.hr\/wp-content\/uploads\/2021\/10\/Ultra-Fat-Cap.png","width":300,"height":300},{"@type":"BreadcrumbList","@id":"https:\/\/www.sugarfactory.hr\/proizvod\/kapice\/fat-caps\/kapica-za-sprej-ultra-fat-cap\/#breadcrumb","itemListElement":[{"@type":"ListItem","position":1,"name":"Po\u010detna stranica","item":"https:\/\/www.sugarfactory.hr\/"},{"@type":"ListItem","position":2,"name":"Proizvodi","item":"https:\/\/www.sugarfactory.hr\/shop\/"},{"@type":"ListItem","position":3,"name":"Ultra Fat Cap"}]},{"@type":"WebSite","@id":"https:\/\/www.sugarfactory.hr\/#website","url":"https:\/\/www.sugarfactory.hr\/","name":"Tovarna sladkorja","description":"Create your sweetest pieces!","potentialAction":[{"@type":"SearchAction","target":{"@type":"EntryPoint","urlTemplate":"https:\/\/www.sugarfactory.hr\/?s={search_term_string}"},"query-input":{"@type":"PropertyValueSpecification","valueRequired":true,"valueName":"search_term_string"}}],"inLanguage":"sl-SI"}]}},"_links":{"self":[{"href":"https:\/\/www.sugarfactory.hr\/sl\/wp-json\/wp\/v2\/product\/2474","targetHints":{"allow":["GET"]}}],"collection":[{"href":"https:\/\/www.sugarfactory.hr\/sl\/wp-json\/wp\/v2\/product"}],"about":[{"href":"https:\/\/www.sugarfactory.hr\/sl\/wp-json\/wp\/v2\/types\/product"}],"wp:featuredmedia":[{"embeddable":true,"href":"https:\/\/www.sugarfactory.hr\/sl\/wp-json\/wp\/v2\/media\/2472"}],"wp:attachment":[{"href":"https:\/\/www.sugarfactory.hr\/sl\/wp-json\/wp\/v2\/media?parent=2474"}],"wp:term":[{"taxonomy":"product_brand","embeddable":true,"href":"https:\/\/www.sugarfactory.hr\/sl\/wp-json\/wp\/v2\/product_brand?post=2474"},{"taxonomy":"product_cat","embeddable":true,"href":"https:\/\/www.sugarfactory.hr\/sl\/wp-json\/wp\/v2\/product_cat?post=2474"},{"taxonomy":"product_tag","embeddable":true,"href":"https:\/\/www.sugarfactory.hr\/sl\/wp-json\/wp\/v2\/product_tag?post=2474"}],"curies":[{"name":"wp","href":"https:\/\/api.w.org\/{rel}","templated":true}]}}