{"id":3672,"date":"2022-07-12T14:06:51","date_gmt":"2022-07-12T14:06:51","guid":{"rendered":"https:\/\/www.sugarfactory.hr\/?post_type=product&#038;p=3672"},"modified":"2026-02-21T08:43:18","modified_gmt":"2026-02-21T07:43:18","slug":"torba-montana-nylon-can-bag","status":"publish","type":"product","link":"https:\/\/www.sugarfactory.hr\/sl\/izdelek\/dodatki\/torba-montana-nylon-can-bag\/","title":{"rendered":"Montana najlonska vre\u010dka za plo\u010devinke"},"content":{"rendered":"<p data-start=\"0\" data-end=\"137\"><strong data-start=\"0\" data-end=\"25\">Montana najlonska vre\u010dka za plo\u010devinke<\/strong> je <strong data-start=\"29\" data-end=\"65\">robustna torba od te\u0161kog najlona<\/strong>, otporna na trganje i idealna za <strong data-start=\"99\" data-end=\"134\" data-is-only-node=\"\">siguran transport sprej limenki<\/strong>.<\/p>\n<p data-start=\"139\" data-end=\"456\">Udobno mo\u017ee smjestiti <strong data-start=\"161\" data-end=\"185\">15 uspravnih limenki<\/strong>, a po potrebi i vi\u0161e, pru\u017eaju\u0107i <strong data-start=\"218\" data-end=\"250\">prakti\u010dnost i organiziranost<\/strong> u pokretu.<\/p>\n<p data-start=\"139\" data-end=\"456\">Torba uklju\u010duje <strong data-start=\"280\" data-end=\"338\">diskretno smje\u0161ten unutarnji d\u017eep na patentni zatvara\u010d<\/strong>, savr\u0161en za <strong data-start=\"351\" data-end=\"387\">pohranu kapica i sitnih dodataka<\/strong>, omogu\u0107uju\u0107i da sve imate <strong data-start=\"414\" data-end=\"453\">na dohvat ruke i sigurno pohranjeno<\/strong>.<\/p>\n<p data-start=\"458\" data-end=\"622\" data-is-last-node=\"\" data-is-only-node=\"\"><strong data-start=\"458\" data-end=\"483\">Montana najlonska vre\u010dka za plo\u010devinke<\/strong> je <strong data-start=\"487\" data-end=\"545\">neophodan alat za umjetnike i street art profesionalce<\/strong> ki i\u0161\u010dejo <strong data-start=\"557\" data-end=\"598\" data-is-only-node=\"\">pouzdanu, \u010dvrstu i funkcionalnu torbu<\/strong> za vsakodnevno uporabo.<\/p>","protected":false},"excerpt":{"rendered":"<p>Montana Nylon Can Bag je robustna torba od te\u0161kog najlona, otporna na trganje i idealna za siguran transport sprej limenki. Udobno mo\u017ee smjestiti 15 uspravnih limenki, a po potrebi i vi\u0161e, pru\u017eaju\u0107i prakti\u010dnost i organiziranost u pokretu. Torba uklju\u010duje diskretno smje\u0161ten unutarnji d\u017eep na patentni zatvara\u010d, savr\u0161en za pohranu kapica i sitnih dodataka, omogu\u0107uju\u0107i da [&hellip;]<\/p>","protected":false},"featured_media":12581,"template":"","meta":{"_acf_changed":false},"product_brand":[105],"product_cat":[21,87],"product_tag":[],"class_list":{"0":"post-3672","1":"product","2":"type-product","3":"status-publish","4":"has-post-thumbnail","6":"product_brand-montana","7":"product_cat-accessories","8":"product_cat-torbe-i-pojasi","10":"first","11":"outofstock","12":"sale","13":"shipping-taxable","14":"purchasable","15":"product-type-simple"},"acf":[],"yoast_head":"<!-- This site is optimized with the Yoast SEO plugin v26.3 - https:\/\/yoast.com\/wordpress\/plugins\/seo\/ -->\n<title>Montana Nylon Can Bag - Sugar Factory<\/title>\n<meta name=\"robots\" content=\"index, follow, max-snippet:-1, max-image-preview:large, max-video-preview:-1\" \/>\n<link rel=\"canonical\" href=\"https:\/\/www.sugarfactory.hr\/sl\/izdelek\/dodatki\/torba-montana-nylon-can-bag\/\" \/>\n<meta property=\"og:locale\" content=\"sl_SI\" \/>\n<meta property=\"og:type\" content=\"article\" \/>\n<meta property=\"og:title\" content=\"Montana Nylon Can Bag - Sugar Factory\" \/>\n<meta property=\"og:description\" content=\"Montana Nylon Can Bag je robustna torba od te\u0161kog najlona, otporna na trganje i idealna za siguran transport sprej limenki. Udobno mo\u017ee smjestiti 15 uspravnih limenki, a po potrebi i vi\u0161e, pru\u017eaju\u0107i prakti\u010dnost i organiziranost u pokretu. Torba uklju\u010duje diskretno smje\u0161ten unutarnji d\u017eep na patentni zatvara\u010d, savr\u0161en za pohranu kapica i sitnih dodataka, omogu\u0107uju\u0107i da [&hellip;]\" \/>\n<meta property=\"og:url\" content=\"https:\/\/www.sugarfactory.hr\/sl\/izdelek\/dodatki\/torba-montana-nylon-can-bag\/\" \/>\n<meta property=\"og:site_name\" content=\"Sugar Factory\" \/>\n<meta property=\"article:modified_time\" content=\"2026-02-21T07:43:18+00:00\" \/>\n<meta property=\"og:image\" content=\"https:\/\/www.sugarfactory.hr\/wp-content\/uploads\/2022\/07\/537c692c319d46a8803b878dc9ffd844.webp\" \/>\n\t<meta property=\"og:image:width\" content=\"896\" \/>\n\t<meta property=\"og:image:height\" content=\"1120\" \/>\n\t<meta property=\"og:image:type\" content=\"image\/webp\" \/>\n<meta name=\"twitter:card\" content=\"summary_large_image\" \/>\n<script type=\"application\/ld+json\" class=\"yoast-schema-graph\">{\"@context\":\"https:\/\/schema.org\",\"@graph\":[{\"@type\":\"WebPage\",\"@id\":\"https:\/\/www.sugarfactory.hr\/proizvod\/accessories\/torba-montana-nylon-can-bag\/\",\"url\":\"https:\/\/www.sugarfactory.hr\/proizvod\/accessories\/torba-montana-nylon-can-bag\/\",\"name\":\"Montana Nylon Can Bag - Sugar Factory\",\"isPartOf\":{\"@id\":\"https:\/\/www.sugarfactory.hr\/#website\"},\"primaryImageOfPage\":{\"@id\":\"https:\/\/www.sugarfactory.hr\/proizvod\/accessories\/torba-montana-nylon-can-bag\/#primaryimage\"},\"image\":{\"@id\":\"https:\/\/www.sugarfactory.hr\/proizvod\/accessories\/torba-montana-nylon-can-bag\/#primaryimage\"},\"thumbnailUrl\":\"https:\/\/www.sugarfactory.hr\/wp-content\/uploads\/2022\/07\/537c692c319d46a8803b878dc9ffd844.webp\",\"datePublished\":\"2022-07-12T14:06:51+00:00\",\"dateModified\":\"2026-02-21T07:43:18+00:00\",\"breadcrumb\":{\"@id\":\"https:\/\/www.sugarfactory.hr\/proizvod\/accessories\/torba-montana-nylon-can-bag\/#breadcrumb\"},\"inLanguage\":\"sl-SI\",\"potentialAction\":[{\"@type\":\"ReadAction\",\"target\":[\"https:\/\/www.sugarfactory.hr\/proizvod\/accessories\/torba-montana-nylon-can-bag\/\"]}]},{\"@type\":\"ImageObject\",\"inLanguage\":\"sl-SI\",\"@id\":\"https:\/\/www.sugarfactory.hr\/proizvod\/accessories\/torba-montana-nylon-can-bag\/#primaryimage\",\"url\":\"https:\/\/www.sugarfactory.hr\/wp-content\/uploads\/2022\/07\/537c692c319d46a8803b878dc9ffd844.webp\",\"contentUrl\":\"https:\/\/www.sugarfactory.hr\/wp-content\/uploads\/2022\/07\/537c692c319d46a8803b878dc9ffd844.webp\",\"width\":896,\"height\":1120},{\"@type\":\"BreadcrumbList\",\"@id\":\"https:\/\/www.sugarfactory.hr\/proizvod\/accessories\/torba-montana-nylon-can-bag\/#breadcrumb\",\"itemListElement\":[{\"@type\":\"ListItem\",\"position\":1,\"name\":\"Po\u010detna stranica\",\"item\":\"https:\/\/www.sugarfactory.hr\/\"},{\"@type\":\"ListItem\",\"position\":2,\"name\":\"Proizvodi\",\"item\":\"https:\/\/www.sugarfactory.hr\/shop\/\"},{\"@type\":\"ListItem\",\"position\":3,\"name\":\"Montana Nylon Can Bag\"}]},{\"@type\":\"WebSite\",\"@id\":\"https:\/\/www.sugarfactory.hr\/#website\",\"url\":\"https:\/\/www.sugarfactory.hr\/\",\"name\":\"Sugar Factory\",\"description\":\"Create your sweetest pieces!\",\"potentialAction\":[{\"@type\":\"SearchAction\",\"target\":{\"@type\":\"EntryPoint\",\"urlTemplate\":\"https:\/\/www.sugarfactory.hr\/?s={search_term_string}\"},\"query-input\":{\"@type\":\"PropertyValueSpecification\",\"valueRequired\":true,\"valueName\":\"search_term_string\"}}],\"inLanguage\":\"sl-SI\"}]}<\/script>\n<!-- \/ Yoast SEO plugin. -->","yoast_head_json":{"title":"Montana Nylon Can Bag - Sugar Factory","robots":{"index":"index","follow":"follow","max-snippet":"max-snippet:-1","max-image-preview":"max-image-preview:large","max-video-preview":"max-video-preview:-1"},"canonical":"https:\/\/www.sugarfactory.hr\/sl\/izdelek\/dodatki\/torba-montana-nylon-can-bag\/","og_locale":"sl_SI","og_type":"article","og_title":"Montana Nylon Can Bag - Sugar Factory","og_description":"Montana Nylon Can Bag je robustna torba od te\u0161kog najlona, otporna na trganje i idealna za siguran transport sprej limenki. Udobno mo\u017ee smjestiti 15 uspravnih limenki, a po potrebi i vi\u0161e, pru\u017eaju\u0107i prakti\u010dnost i organiziranost u pokretu. Torba uklju\u010duje diskretno smje\u0161ten unutarnji d\u017eep na patentni zatvara\u010d, savr\u0161en za pohranu kapica i sitnih dodataka, omogu\u0107uju\u0107i da [&hellip;]","og_url":"https:\/\/www.sugarfactory.hr\/sl\/izdelek\/dodatki\/torba-montana-nylon-can-bag\/","og_site_name":"Sugar Factory","article_modified_time":"2026-02-21T07:43:18+00:00","og_image":[{"width":896,"height":1120,"url":"https:\/\/www.sugarfactory.hr\/wp-content\/uploads\/2022\/07\/537c692c319d46a8803b878dc9ffd844.webp","type":"image\/webp"}],"twitter_card":"summary_large_image","schema":{"@context":"https:\/\/schema.org","@graph":[{"@type":"WebPage","@id":"https:\/\/www.sugarfactory.hr\/proizvod\/accessories\/torba-montana-nylon-can-bag\/","url":"https:\/\/www.sugarfactory.hr\/proizvod\/accessories\/torba-montana-nylon-can-bag\/","name":"Montana Nylon Can Bag - Sugar Factory","isPartOf":{"@id":"https:\/\/www.sugarfactory.hr\/#website"},"primaryImageOfPage":{"@id":"https:\/\/www.sugarfactory.hr\/proizvod\/accessories\/torba-montana-nylon-can-bag\/#primaryimage"},"image":{"@id":"https:\/\/www.sugarfactory.hr\/proizvod\/accessories\/torba-montana-nylon-can-bag\/#primaryimage"},"thumbnailUrl":"https:\/\/www.sugarfactory.hr\/wp-content\/uploads\/2022\/07\/537c692c319d46a8803b878dc9ffd844.webp","datePublished":"2022-07-12T14:06:51+00:00","dateModified":"2026-02-21T07:43:18+00:00","breadcrumb":{"@id":"https:\/\/www.sugarfactory.hr\/proizvod\/accessories\/torba-montana-nylon-can-bag\/#breadcrumb"},"inLanguage":"sl-SI","potentialAction":[{"@type":"ReadAction","target":["https:\/\/www.sugarfactory.hr\/proizvod\/accessories\/torba-montana-nylon-can-bag\/"]}]},{"@type":"ImageObject","inLanguage":"sl-SI","@id":"https:\/\/www.sugarfactory.hr\/proizvod\/accessories\/torba-montana-nylon-can-bag\/#primaryimage","url":"https:\/\/www.sugarfactory.hr\/wp-content\/uploads\/2022\/07\/537c692c319d46a8803b878dc9ffd844.webp","contentUrl":"https:\/\/www.sugarfactory.hr\/wp-content\/uploads\/2022\/07\/537c692c319d46a8803b878dc9ffd844.webp","width":896,"height":1120},{"@type":"BreadcrumbList","@id":"https:\/\/www.sugarfactory.hr\/proizvod\/accessories\/torba-montana-nylon-can-bag\/#breadcrumb","itemListElement":[{"@type":"ListItem","position":1,"name":"Po\u010detna stranica","item":"https:\/\/www.sugarfactory.hr\/"},{"@type":"ListItem","position":2,"name":"Proizvodi","item":"https:\/\/www.sugarfactory.hr\/shop\/"},{"@type":"ListItem","position":3,"name":"Montana Nylon Can Bag"}]},{"@type":"WebSite","@id":"https:\/\/www.sugarfactory.hr\/#website","url":"https:\/\/www.sugarfactory.hr\/","name":"Tovarna sladkorja","description":"Create your sweetest pieces!","potentialAction":[{"@type":"SearchAction","target":{"@type":"EntryPoint","urlTemplate":"https:\/\/www.sugarfactory.hr\/?s={search_term_string}"},"query-input":{"@type":"PropertyValueSpecification","valueRequired":true,"valueName":"search_term_string"}}],"inLanguage":"sl-SI"}]}},"_links":{"self":[{"href":"https:\/\/www.sugarfactory.hr\/sl\/wp-json\/wp\/v2\/product\/3672","targetHints":{"allow":["GET"]}}],"collection":[{"href":"https:\/\/www.sugarfactory.hr\/sl\/wp-json\/wp\/v2\/product"}],"about":[{"href":"https:\/\/www.sugarfactory.hr\/sl\/wp-json\/wp\/v2\/types\/product"}],"wp:featuredmedia":[{"embeddable":true,"href":"https:\/\/www.sugarfactory.hr\/sl\/wp-json\/wp\/v2\/media\/12581"}],"wp:attachment":[{"href":"https:\/\/www.sugarfactory.hr\/sl\/wp-json\/wp\/v2\/media?parent=3672"}],"wp:term":[{"taxonomy":"product_brand","embeddable":true,"href":"https:\/\/www.sugarfactory.hr\/sl\/wp-json\/wp\/v2\/product_brand?post=3672"},{"taxonomy":"product_cat","embeddable":true,"href":"https:\/\/www.sugarfactory.hr\/sl\/wp-json\/wp\/v2\/product_cat?post=3672"},{"taxonomy":"product_tag","embeddable":true,"href":"https:\/\/www.sugarfactory.hr\/sl\/wp-json\/wp\/v2\/product_tag?post=3672"}],"curies":[{"name":"wp","href":"https:\/\/api.w.org\/{rel}","templated":true}]}}