{"id":3693,"date":"2022-07-12T14:12:28","date_gmt":"2022-07-12T14:12:28","guid":{"rendered":"https:\/\/www.sugarfactory.hr\/?post_type=product&#038;p=3693"},"modified":"2026-01-16T08:15:25","modified_gmt":"2026-01-16T07:15:25","slug":"acrylic-tip-set-50-mm-extra-broad","status":"publish","type":"product","link":"https:\/\/www.sugarfactory.hr\/sl\/izdelek\/oznacevalci\/acrylic-tip-set-50-mm-extra-broad\/","title":{"rendered":"Akrilni konici, komplet 50 mm, ekstra \u0161iroki"},"content":{"rendered":"<p data-start=\"88\" data-end=\"370\"><strong data-start=\"140\" data-end=\"171\">Montana ACRYLIC 50 mm Broad<\/strong> zamjenski vrh izra\u0111en je od <strong data-start=\"200\" data-end=\"227\">visokokvalitetnog filca<\/strong> s prirodnim vlaknima, savr\u0161en za <strong data-start=\"261\" data-end=\"303\">velike radove i izrazito \u0161iroke linije<\/strong>. Omogu\u0107uje <strong data-start=\"315\" data-end=\"367\">\u010dist, ravnomjeran i lako kontroliran protok boje<\/strong>.<\/p>\n<p data-start=\"372\" data-end=\"484\">Potpuno je kompatibilan s <strong data-start=\"398\" data-end=\"438\">Montana ACRYLIC markerom 50 mm Broad<\/strong>, a dostupan je u pakiranju od <strong data-start=\"469\" data-end=\"481\">2 komada<\/strong>.<\/p>\n<ul data-start=\"486\" data-end=\"593\">\n<li data-start=\"486\" data-end=\"518\">\n<p data-start=\"488\" data-end=\"518\"><strong data-start=\"488\" data-end=\"496\">Zgoraj:<\/strong> 50 mm, Broad (filc)<\/p>\n<\/li>\n<li data-start=\"519\" data-end=\"565\">\n<p data-start=\"521\" data-end=\"565\"><strong data-start=\"521\" data-end=\"533\">Namen:<\/strong> veliki radovi i \u0161iroke linije<\/p>\n<\/li>\n<li data-start=\"566\" data-end=\"593\">\n<p data-start=\"568\" data-end=\"593\"><strong data-start=\"568\" data-end=\"582\">Pakiranje:<\/strong> 2 komada<\/p>\n<\/li>\n<\/ul>\n<p data-start=\"595\" data-end=\"722\"><strong data-start=\"595\" data-end=\"634\">Montana Acrylic Tip Set 50 mm Broad<\/strong> produ\u017euje vijek trajanja markera i osigurava <strong data-start=\"680\" data-end=\"719\">konzistentan profesionalni rezultat<\/strong>.<\/p>","protected":false},"excerpt":{"rendered":"<p>Montana ACRYLIC 50 mm Broad zamjenski vrh izra\u0111en je od visokokvalitetnog filca s prirodnim vlaknima, savr\u0161en za velike radove i izrazito \u0161iroke linije. Omogu\u0107uje \u010dist, ravnomjeran i lako kontroliran protok boje. Potpuno je kompatibilan s Montana ACRYLIC markerom 50 mm Broad, a dostupan je u pakiranju od 2 komada. Vrh: 50 mm, Broad (filc) Namjena: [&hellip;]<\/p>","protected":false},"featured_media":3694,"template":"","meta":{"_acf_changed":false},"product_brand":[105],"product_cat":[22,84],"product_tag":[],"class_list":{"0":"post-3693","1":"product","2":"type-product","3":"status-publish","4":"has-post-thumbnail","6":"product_brand-montana","7":"product_cat-markeri","8":"product_cat-prazni-markeri-i-nastavci","10":"first","11":"instock","12":"shipping-taxable","13":"purchasable","14":"product-type-simple"},"acf":[],"yoast_head":"<!-- This site is optimized with the Yoast SEO plugin v26.3 - https:\/\/yoast.com\/wordpress\/plugins\/seo\/ -->\n<title>Acrylic Tip Set 50 mm Extra Broad - Sugar Factory<\/title>\n<meta name=\"robots\" content=\"index, follow, max-snippet:-1, max-image-preview:large, max-video-preview:-1\" \/>\n<link rel=\"canonical\" href=\"https:\/\/www.sugarfactory.hr\/sl\/izdelek\/oznacevalci\/acrylic-tip-set-50-mm-extra-broad\/\" \/>\n<meta property=\"og:locale\" content=\"sl_SI\" \/>\n<meta property=\"og:type\" content=\"article\" \/>\n<meta property=\"og:title\" content=\"Acrylic Tip Set 50 mm Extra Broad - Sugar Factory\" \/>\n<meta property=\"og:description\" content=\"Montana ACRYLIC 50 mm Broad zamjenski vrh izra\u0111en je od visokokvalitetnog filca s prirodnim vlaknima, savr\u0161en za velike radove i izrazito \u0161iroke linije. Omogu\u0107uje \u010dist, ravnomjeran i lako kontroliran protok boje. Potpuno je kompatibilan s Montana ACRYLIC markerom 50 mm Broad, a dostupan je u pakiranju od 2 komada. Vrh: 50 mm, Broad (filc) Namjena: [&hellip;]\" \/>\n<meta property=\"og:url\" content=\"https:\/\/www.sugarfactory.hr\/sl\/izdelek\/oznacevalci\/acrylic-tip-set-50-mm-extra-broad\/\" \/>\n<meta property=\"og:site_name\" content=\"Sugar Factory\" \/>\n<meta property=\"article:modified_time\" content=\"2026-01-16T07:15:25+00:00\" \/>\n<meta property=\"og:image\" content=\"https:\/\/www.sugarfactory.hr\/wp-content\/uploads\/2022\/07\/Acrylic-Tip-Set-50mm-Extra-Broad.png\" \/>\n\t<meta property=\"og:image:width\" content=\"400\" \/>\n\t<meta property=\"og:image:height\" content=\"400\" \/>\n\t<meta property=\"og:image:type\" content=\"image\/png\" \/>\n<meta name=\"twitter:card\" content=\"summary_large_image\" \/>\n<script type=\"application\/ld+json\" class=\"yoast-schema-graph\">{\"@context\":\"https:\/\/schema.org\",\"@graph\":[{\"@type\":\"WebPage\",\"@id\":\"https:\/\/www.sugarfactory.hr\/proizvod\/markeri\/acrylic-tip-set-50-mm-extra-broad\/\",\"url\":\"https:\/\/www.sugarfactory.hr\/proizvod\/markeri\/acrylic-tip-set-50-mm-extra-broad\/\",\"name\":\"Acrylic Tip Set 50 mm Extra Broad - Sugar Factory\",\"isPartOf\":{\"@id\":\"https:\/\/www.sugarfactory.hr\/#website\"},\"primaryImageOfPage\":{\"@id\":\"https:\/\/www.sugarfactory.hr\/proizvod\/markeri\/acrylic-tip-set-50-mm-extra-broad\/#primaryimage\"},\"image\":{\"@id\":\"https:\/\/www.sugarfactory.hr\/proizvod\/markeri\/acrylic-tip-set-50-mm-extra-broad\/#primaryimage\"},\"thumbnailUrl\":\"https:\/\/www.sugarfactory.hr\/wp-content\/uploads\/2022\/07\/Acrylic-Tip-Set-50mm-Extra-Broad.png\",\"datePublished\":\"2022-07-12T14:12:28+00:00\",\"dateModified\":\"2026-01-16T07:15:25+00:00\",\"breadcrumb\":{\"@id\":\"https:\/\/www.sugarfactory.hr\/proizvod\/markeri\/acrylic-tip-set-50-mm-extra-broad\/#breadcrumb\"},\"inLanguage\":\"sl-SI\",\"potentialAction\":[{\"@type\":\"ReadAction\",\"target\":[\"https:\/\/www.sugarfactory.hr\/proizvod\/markeri\/acrylic-tip-set-50-mm-extra-broad\/\"]}]},{\"@type\":\"ImageObject\",\"inLanguage\":\"sl-SI\",\"@id\":\"https:\/\/www.sugarfactory.hr\/proizvod\/markeri\/acrylic-tip-set-50-mm-extra-broad\/#primaryimage\",\"url\":\"https:\/\/www.sugarfactory.hr\/wp-content\/uploads\/2022\/07\/Acrylic-Tip-Set-50mm-Extra-Broad.png\",\"contentUrl\":\"https:\/\/www.sugarfactory.hr\/wp-content\/uploads\/2022\/07\/Acrylic-Tip-Set-50mm-Extra-Broad.png\",\"width\":400,\"height\":400},{\"@type\":\"BreadcrumbList\",\"@id\":\"https:\/\/www.sugarfactory.hr\/proizvod\/markeri\/acrylic-tip-set-50-mm-extra-broad\/#breadcrumb\",\"itemListElement\":[{\"@type\":\"ListItem\",\"position\":1,\"name\":\"Po\u010detna stranica\",\"item\":\"https:\/\/www.sugarfactory.hr\/\"},{\"@type\":\"ListItem\",\"position\":2,\"name\":\"Proizvodi\",\"item\":\"https:\/\/www.sugarfactory.hr\/shop\/\"},{\"@type\":\"ListItem\",\"position\":3,\"name\":\"Acrylic Tip Set 50 mm Extra Broad\"}]},{\"@type\":\"WebSite\",\"@id\":\"https:\/\/www.sugarfactory.hr\/#website\",\"url\":\"https:\/\/www.sugarfactory.hr\/\",\"name\":\"Sugar Factory\",\"description\":\"Create your sweetest pieces!\",\"potentialAction\":[{\"@type\":\"SearchAction\",\"target\":{\"@type\":\"EntryPoint\",\"urlTemplate\":\"https:\/\/www.sugarfactory.hr\/?s={search_term_string}\"},\"query-input\":{\"@type\":\"PropertyValueSpecification\",\"valueRequired\":true,\"valueName\":\"search_term_string\"}}],\"inLanguage\":\"sl-SI\"}]}<\/script>\n<!-- \/ Yoast SEO plugin. -->","yoast_head_json":{"title":"Acrylic Tip Set 50 mm Extra Broad - Sugar Factory","robots":{"index":"index","follow":"follow","max-snippet":"max-snippet:-1","max-image-preview":"max-image-preview:large","max-video-preview":"max-video-preview:-1"},"canonical":"https:\/\/www.sugarfactory.hr\/sl\/izdelek\/oznacevalci\/acrylic-tip-set-50-mm-extra-broad\/","og_locale":"sl_SI","og_type":"article","og_title":"Acrylic Tip Set 50 mm Extra Broad - Sugar Factory","og_description":"Montana ACRYLIC 50 mm Broad zamjenski vrh izra\u0111en je od visokokvalitetnog filca s prirodnim vlaknima, savr\u0161en za velike radove i izrazito \u0161iroke linije. Omogu\u0107uje \u010dist, ravnomjeran i lako kontroliran protok boje. Potpuno je kompatibilan s Montana ACRYLIC markerom 50 mm Broad, a dostupan je u pakiranju od 2 komada. Vrh: 50 mm, Broad (filc) Namjena: [&hellip;]","og_url":"https:\/\/www.sugarfactory.hr\/sl\/izdelek\/oznacevalci\/acrylic-tip-set-50-mm-extra-broad\/","og_site_name":"Sugar Factory","article_modified_time":"2026-01-16T07:15:25+00:00","og_image":[{"width":400,"height":400,"url":"https:\/\/www.sugarfactory.hr\/wp-content\/uploads\/2022\/07\/Acrylic-Tip-Set-50mm-Extra-Broad.png","type":"image\/png"}],"twitter_card":"summary_large_image","schema":{"@context":"https:\/\/schema.org","@graph":[{"@type":"WebPage","@id":"https:\/\/www.sugarfactory.hr\/proizvod\/markeri\/acrylic-tip-set-50-mm-extra-broad\/","url":"https:\/\/www.sugarfactory.hr\/proizvod\/markeri\/acrylic-tip-set-50-mm-extra-broad\/","name":"Acrylic Tip Set 50 mm Extra Broad - Sugar Factory","isPartOf":{"@id":"https:\/\/www.sugarfactory.hr\/#website"},"primaryImageOfPage":{"@id":"https:\/\/www.sugarfactory.hr\/proizvod\/markeri\/acrylic-tip-set-50-mm-extra-broad\/#primaryimage"},"image":{"@id":"https:\/\/www.sugarfactory.hr\/proizvod\/markeri\/acrylic-tip-set-50-mm-extra-broad\/#primaryimage"},"thumbnailUrl":"https:\/\/www.sugarfactory.hr\/wp-content\/uploads\/2022\/07\/Acrylic-Tip-Set-50mm-Extra-Broad.png","datePublished":"2022-07-12T14:12:28+00:00","dateModified":"2026-01-16T07:15:25+00:00","breadcrumb":{"@id":"https:\/\/www.sugarfactory.hr\/proizvod\/markeri\/acrylic-tip-set-50-mm-extra-broad\/#breadcrumb"},"inLanguage":"sl-SI","potentialAction":[{"@type":"ReadAction","target":["https:\/\/www.sugarfactory.hr\/proizvod\/markeri\/acrylic-tip-set-50-mm-extra-broad\/"]}]},{"@type":"ImageObject","inLanguage":"sl-SI","@id":"https:\/\/www.sugarfactory.hr\/proizvod\/markeri\/acrylic-tip-set-50-mm-extra-broad\/#primaryimage","url":"https:\/\/www.sugarfactory.hr\/wp-content\/uploads\/2022\/07\/Acrylic-Tip-Set-50mm-Extra-Broad.png","contentUrl":"https:\/\/www.sugarfactory.hr\/wp-content\/uploads\/2022\/07\/Acrylic-Tip-Set-50mm-Extra-Broad.png","width":400,"height":400},{"@type":"BreadcrumbList","@id":"https:\/\/www.sugarfactory.hr\/proizvod\/markeri\/acrylic-tip-set-50-mm-extra-broad\/#breadcrumb","itemListElement":[{"@type":"ListItem","position":1,"name":"Po\u010detna stranica","item":"https:\/\/www.sugarfactory.hr\/"},{"@type":"ListItem","position":2,"name":"Proizvodi","item":"https:\/\/www.sugarfactory.hr\/shop\/"},{"@type":"ListItem","position":3,"name":"Acrylic Tip Set 50 mm Extra Broad"}]},{"@type":"WebSite","@id":"https:\/\/www.sugarfactory.hr\/#website","url":"https:\/\/www.sugarfactory.hr\/","name":"Tovarna sladkorja","description":"Create your sweetest pieces!","potentialAction":[{"@type":"SearchAction","target":{"@type":"EntryPoint","urlTemplate":"https:\/\/www.sugarfactory.hr\/?s={search_term_string}"},"query-input":{"@type":"PropertyValueSpecification","valueRequired":true,"valueName":"search_term_string"}}],"inLanguage":"sl-SI"}]}},"_links":{"self":[{"href":"https:\/\/www.sugarfactory.hr\/sl\/wp-json\/wp\/v2\/product\/3693","targetHints":{"allow":["GET"]}}],"collection":[{"href":"https:\/\/www.sugarfactory.hr\/sl\/wp-json\/wp\/v2\/product"}],"about":[{"href":"https:\/\/www.sugarfactory.hr\/sl\/wp-json\/wp\/v2\/types\/product"}],"wp:featuredmedia":[{"embeddable":true,"href":"https:\/\/www.sugarfactory.hr\/sl\/wp-json\/wp\/v2\/media\/3694"}],"wp:attachment":[{"href":"https:\/\/www.sugarfactory.hr\/sl\/wp-json\/wp\/v2\/media?parent=3693"}],"wp:term":[{"taxonomy":"product_brand","embeddable":true,"href":"https:\/\/www.sugarfactory.hr\/sl\/wp-json\/wp\/v2\/product_brand?post=3693"},{"taxonomy":"product_cat","embeddable":true,"href":"https:\/\/www.sugarfactory.hr\/sl\/wp-json\/wp\/v2\/product_cat?post=3693"},{"taxonomy":"product_tag","embeddable":true,"href":"https:\/\/www.sugarfactory.hr\/sl\/wp-json\/wp\/v2\/product_tag?post=3693"}],"curies":[{"name":"wp","href":"https:\/\/api.w.org\/{rel}","templated":true}]}}