{"id":4046,"date":"2022-11-08T11:01:27","date_gmt":"2022-11-08T11:01:27","guid":{"rendered":"https:\/\/www.sugarfactory.hr\/?post_type=product&#038;p=4046"},"modified":"2026-04-17T12:53:12","modified_gmt":"2026-04-17T11:53:12","slug":"grafiti-v-spreju-montana-94","status":"publish","type":"product","link":"https:\/\/www.sugarfactory.hr\/sl\/izdelek\/spreji\/grafiti-v-spreju-montana-94\/","title":{"rendered":"MTN 94"},"content":{"rendered":"<p data-start=\"97\" data-end=\"258\"><strong data-start=\"136\" data-end=\"146\">MTN 94<\/strong> velja za enega od <strong data-start=\"167\" data-end=\"206\">najbolj vsestranski aerosoli na trgu<\/strong>, razvit za maksimalno prilagodljivost in nadzor.<\/p>\n<p data-start=\"260\" data-end=\"461\">Hvala <strong data-start=\"273\" data-end=\"290\">hitro su\u0161enje<\/strong> in <strong data-start=\"293\" data-end=\"315\">mat zaklju\u010dek<\/strong>, je idealen za dela, ki zahtevajo \u010disto\u010do in natan\u010dnost. Barva se nana\u0161a enakomerno, z mo\u017enostjo nanosa plasti in popravkov v kratkem \u010dasu.<\/p>\n<p data-start=\"463\" data-end=\"593\">Linija ponuja <strong data-start=\"475\" data-end=\"504\">izjemno \u0161iroka paleta barv<\/strong>, kar umetnikom in oblikovalcem omogo\u010da, da najdejo popoln odtenek za vsak projekt.<\/p>\n<p data-start=\"595\" data-end=\"747\"><strong data-start=\"595\" data-end=\"605\">MTN 94<\/strong> je zanesljiva izbira za <strong data-start=\"626\" data-end=\"686\">grafiti, uli\u010dna umetnost, ilustracije, oblikovanje in DIY projekti<\/strong>, ki zdru\u017euje kakovost, nadzor in profesionalni mat videz.<\/p>\n<p>Najni\u017eja cena v zadnjih 30 dneh: <strong>4,23 \u20ac<\/strong><\/p>","protected":false},"excerpt":{"rendered":"<p>MTN 94 smatra se jednim od najsvestranijih aerosola na tr\u017ei\u0161tu, razvijen za maksimalnu fleksibilnost i kontrolu. Zahvaljuju\u0107i brzom su\u0161enju i mat zavr\u0161nom sloju, idealan je za rad koji zahtijeva \u010disto\u0107u i preciznost. Boja se nanosi ravnomjerno, uz mogu\u0107nost slojevitog rada i korekcija u kratkom vremenu. Linija nudi iznimno \u0161irok raspon boja, \u0161to omogu\u0107uje umjetnicima i [&hellip;]<\/p>","protected":false},"featured_media":12302,"template":"","meta":{"_acf_changed":false},"product_brand":[104],"product_cat":[16,75],"product_tag":[],"class_list":{"0":"post-4046","1":"product","2":"type-product","3":"status-publish","4":"has-post-thumbnail","6":"product_brand-mtn","7":"product_cat-sprejevi","8":"product_cat-graffiti","10":"first","11":"outofstock","12":"shipping-taxable","13":"purchasable","14":"product-type-variable"},"acf":[],"yoast_head":"<!-- This site is optimized with the Yoast SEO plugin v26.3 - https:\/\/yoast.com\/wordpress\/plugins\/seo\/ -->\n<title>MTN 94 - Sugar Factory<\/title>\n<meta name=\"robots\" content=\"index, follow, max-snippet:-1, max-image-preview:large, max-video-preview:-1\" \/>\n<link rel=\"canonical\" href=\"https:\/\/www.sugarfactory.hr\/sl\/izdelek\/spreji\/grafiti-v-spreju-montana-94\/\" \/>\n<meta property=\"og:locale\" content=\"sl_SI\" \/>\n<meta property=\"og:type\" content=\"article\" \/>\n<meta property=\"og:title\" content=\"MTN 94 - Sugar Factory\" \/>\n<meta property=\"og:description\" content=\"MTN 94 smatra se jednim od najsvestranijih aerosola na tr\u017ei\u0161tu, razvijen za maksimalnu fleksibilnost i kontrolu. Zahvaljuju\u0107i brzom su\u0161enju i mat zavr\u0161nom sloju, idealan je za rad koji zahtijeva \u010disto\u0107u i preciznost. Boja se nanosi ravnomjerno, uz mogu\u0107nost slojevitog rada i korekcija u kratkom vremenu. Linija nudi iznimno \u0161irok raspon boja, \u0161to omogu\u0107uje umjetnicima i [&hellip;]\" \/>\n<meta property=\"og:url\" content=\"https:\/\/www.sugarfactory.hr\/sl\/izdelek\/spreji\/grafiti-v-spreju-montana-94\/\" \/>\n<meta property=\"og:site_name\" content=\"Sugar Factory\" \/>\n<meta property=\"article:modified_time\" content=\"2026-04-17T11:53:12+00:00\" \/>\n<meta property=\"og:image\" content=\"https:\/\/www.sugarfactory.hr\/wp-content\/uploads\/2022\/11\/mtn94.webp\" \/>\n\t<meta property=\"og:image:width\" content=\"896\" \/>\n\t<meta property=\"og:image:height\" content=\"1120\" \/>\n\t<meta property=\"og:image:type\" content=\"image\/webp\" \/>\n<meta name=\"twitter:card\" content=\"summary_large_image\" \/>\n<script type=\"application\/ld+json\" class=\"yoast-schema-graph\">{\"@context\":\"https:\/\/schema.org\",\"@graph\":[{\"@type\":\"WebPage\",\"@id\":\"https:\/\/www.sugarfactory.hr\/proizvod\/sprejevi\/sprej-za-grafite-montana-94\/\",\"url\":\"https:\/\/www.sugarfactory.hr\/proizvod\/sprejevi\/sprej-za-grafite-montana-94\/\",\"name\":\"MTN 94 - Sugar Factory\",\"isPartOf\":{\"@id\":\"https:\/\/www.sugarfactory.hr\/#website\"},\"primaryImageOfPage\":{\"@id\":\"https:\/\/www.sugarfactory.hr\/proizvod\/sprejevi\/sprej-za-grafite-montana-94\/#primaryimage\"},\"image\":{\"@id\":\"https:\/\/www.sugarfactory.hr\/proizvod\/sprejevi\/sprej-za-grafite-montana-94\/#primaryimage\"},\"thumbnailUrl\":\"https:\/\/www.sugarfactory.hr\/wp-content\/uploads\/2022\/11\/mtn94.webp\",\"datePublished\":\"2022-11-08T11:01:27+00:00\",\"dateModified\":\"2026-04-17T11:53:12+00:00\",\"breadcrumb\":{\"@id\":\"https:\/\/www.sugarfactory.hr\/proizvod\/sprejevi\/sprej-za-grafite-montana-94\/#breadcrumb\"},\"inLanguage\":\"sl-SI\",\"potentialAction\":[{\"@type\":\"ReadAction\",\"target\":[\"https:\/\/www.sugarfactory.hr\/proizvod\/sprejevi\/sprej-za-grafite-montana-94\/\"]}]},{\"@type\":\"ImageObject\",\"inLanguage\":\"sl-SI\",\"@id\":\"https:\/\/www.sugarfactory.hr\/proizvod\/sprejevi\/sprej-za-grafite-montana-94\/#primaryimage\",\"url\":\"https:\/\/www.sugarfactory.hr\/wp-content\/uploads\/2022\/11\/mtn94.webp\",\"contentUrl\":\"https:\/\/www.sugarfactory.hr\/wp-content\/uploads\/2022\/11\/mtn94.webp\",\"width\":896,\"height\":1120},{\"@type\":\"BreadcrumbList\",\"@id\":\"https:\/\/www.sugarfactory.hr\/proizvod\/sprejevi\/sprej-za-grafite-montana-94\/#breadcrumb\",\"itemListElement\":[{\"@type\":\"ListItem\",\"position\":1,\"name\":\"Po\u010detna stranica\",\"item\":\"https:\/\/www.sugarfactory.hr\/\"},{\"@type\":\"ListItem\",\"position\":2,\"name\":\"Proizvodi\",\"item\":\"https:\/\/www.sugarfactory.hr\/shop\/\"},{\"@type\":\"ListItem\",\"position\":3,\"name\":\"MTN 94\"}]},{\"@type\":\"WebSite\",\"@id\":\"https:\/\/www.sugarfactory.hr\/#website\",\"url\":\"https:\/\/www.sugarfactory.hr\/\",\"name\":\"Sugar Factory\",\"description\":\"Create your sweetest pieces!\",\"potentialAction\":[{\"@type\":\"SearchAction\",\"target\":{\"@type\":\"EntryPoint\",\"urlTemplate\":\"https:\/\/www.sugarfactory.hr\/?s={search_term_string}\"},\"query-input\":{\"@type\":\"PropertyValueSpecification\",\"valueRequired\":true,\"valueName\":\"search_term_string\"}}],\"inLanguage\":\"sl-SI\"}]}<\/script>\n<!-- \/ Yoast SEO plugin. -->","yoast_head_json":{"title":"MTN 94 - Tovarna sladkorja","robots":{"index":"index","follow":"follow","max-snippet":"max-snippet:-1","max-image-preview":"max-image-preview:large","max-video-preview":"max-video-preview:-1"},"canonical":"https:\/\/www.sugarfactory.hr\/sl\/izdelek\/spreji\/grafiti-v-spreju-montana-94\/","og_locale":"sl_SI","og_type":"article","og_title":"MTN 94 - Sugar Factory","og_description":"MTN 94 smatra se jednim od najsvestranijih aerosola na tr\u017ei\u0161tu, razvijen za maksimalnu fleksibilnost i kontrolu. Zahvaljuju\u0107i brzom su\u0161enju i mat zavr\u0161nom sloju, idealan je za rad koji zahtijeva \u010disto\u0107u i preciznost. Boja se nanosi ravnomjerno, uz mogu\u0107nost slojevitog rada i korekcija u kratkom vremenu. Linija nudi iznimno \u0161irok raspon boja, \u0161to omogu\u0107uje umjetnicima i [&hellip;]","og_url":"https:\/\/www.sugarfactory.hr\/sl\/izdelek\/spreji\/grafiti-v-spreju-montana-94\/","og_site_name":"Sugar Factory","article_modified_time":"2026-04-17T11:53:12+00:00","og_image":[{"width":896,"height":1120,"url":"https:\/\/www.sugarfactory.hr\/wp-content\/uploads\/2022\/11\/mtn94.webp","type":"image\/webp"}],"twitter_card":"summary_large_image","schema":{"@context":"https:\/\/schema.org","@graph":[{"@type":"WebPage","@id":"https:\/\/www.sugarfactory.hr\/proizvod\/sprejevi\/sprej-za-grafite-montana-94\/","url":"https:\/\/www.sugarfactory.hr\/proizvod\/sprejevi\/sprej-za-grafite-montana-94\/","name":"MTN 94 - Tovarna sladkorja","isPartOf":{"@id":"https:\/\/www.sugarfactory.hr\/#website"},"primaryImageOfPage":{"@id":"https:\/\/www.sugarfactory.hr\/proizvod\/sprejevi\/sprej-za-grafite-montana-94\/#primaryimage"},"image":{"@id":"https:\/\/www.sugarfactory.hr\/proizvod\/sprejevi\/sprej-za-grafite-montana-94\/#primaryimage"},"thumbnailUrl":"https:\/\/www.sugarfactory.hr\/wp-content\/uploads\/2022\/11\/mtn94.webp","datePublished":"2022-11-08T11:01:27+00:00","dateModified":"2026-04-17T11:53:12+00:00","breadcrumb":{"@id":"https:\/\/www.sugarfactory.hr\/proizvod\/sprejevi\/sprej-za-grafite-montana-94\/#breadcrumb"},"inLanguage":"sl-SI","potentialAction":[{"@type":"ReadAction","target":["https:\/\/www.sugarfactory.hr\/proizvod\/sprejevi\/sprej-za-grafite-montana-94\/"]}]},{"@type":"ImageObject","inLanguage":"sl-SI","@id":"https:\/\/www.sugarfactory.hr\/proizvod\/sprejevi\/sprej-za-grafite-montana-94\/#primaryimage","url":"https:\/\/www.sugarfactory.hr\/wp-content\/uploads\/2022\/11\/mtn94.webp","contentUrl":"https:\/\/www.sugarfactory.hr\/wp-content\/uploads\/2022\/11\/mtn94.webp","width":896,"height":1120},{"@type":"BreadcrumbList","@id":"https:\/\/www.sugarfactory.hr\/proizvod\/sprejevi\/sprej-za-grafite-montana-94\/#breadcrumb","itemListElement":[{"@type":"ListItem","position":1,"name":"Po\u010detna stranica","item":"https:\/\/www.sugarfactory.hr\/"},{"@type":"ListItem","position":2,"name":"Proizvodi","item":"https:\/\/www.sugarfactory.hr\/shop\/"},{"@type":"ListItem","position":3,"name":"MTN 94"}]},{"@type":"WebSite","@id":"https:\/\/www.sugarfactory.hr\/#website","url":"https:\/\/www.sugarfactory.hr\/","name":"Tovarna sladkorja","description":"Create your sweetest pieces!","potentialAction":[{"@type":"SearchAction","target":{"@type":"EntryPoint","urlTemplate":"https:\/\/www.sugarfactory.hr\/?s={search_term_string}"},"query-input":{"@type":"PropertyValueSpecification","valueRequired":true,"valueName":"search_term_string"}}],"inLanguage":"sl-SI"}]}},"_links":{"self":[{"href":"https:\/\/www.sugarfactory.hr\/sl\/wp-json\/wp\/v2\/product\/4046","targetHints":{"allow":["GET"]}}],"collection":[{"href":"https:\/\/www.sugarfactory.hr\/sl\/wp-json\/wp\/v2\/product"}],"about":[{"href":"https:\/\/www.sugarfactory.hr\/sl\/wp-json\/wp\/v2\/types\/product"}],"wp:featuredmedia":[{"embeddable":true,"href":"https:\/\/www.sugarfactory.hr\/sl\/wp-json\/wp\/v2\/media\/12302"}],"wp:attachment":[{"href":"https:\/\/www.sugarfactory.hr\/sl\/wp-json\/wp\/v2\/media?parent=4046"}],"wp:term":[{"taxonomy":"product_brand","embeddable":true,"href":"https:\/\/www.sugarfactory.hr\/sl\/wp-json\/wp\/v2\/product_brand?post=4046"},{"taxonomy":"product_cat","embeddable":true,"href":"https:\/\/www.sugarfactory.hr\/sl\/wp-json\/wp\/v2\/product_cat?post=4046"},{"taxonomy":"product_tag","embeddable":true,"href":"https:\/\/www.sugarfactory.hr\/sl\/wp-json\/wp\/v2\/product_tag?post=4046"}],"curies":[{"name":"wp","href":"https:\/\/api.w.org\/{rel}","templated":true}]}}