{"id":5476,"date":"2023-05-29T14:37:05","date_gmt":"2023-05-29T14:37:05","guid":{"rendered":"https:\/\/www.sugarfactory.hr\/?post_type=product&#038;p=5476"},"modified":"2026-04-28T17:07:01","modified_gmt":"2026-04-28T16:07:01","slug":"mtn-street-paint-200-ml-tinta","status":"publish","type":"product","link":"https:\/\/www.sugarfactory.hr\/sl\/izdelek\/oznacevalci\/mtn-street-paint-200-ml-tinta\/","title":{"rendered":"MTN barva za ulice 200 ml"},"content":{"rendered":"<p data-start=\"76\" data-end=\"277\"><strong data-start=\"129\" data-end=\"149\">MTN Street Paint<\/strong> je <strong data-start=\"153\" data-end=\"194\">visokokvalitetna boja na bazi otapala<\/strong>, razvijena u laboratorijima <strong data-start=\"223\" data-end=\"241\">Montana Colors<\/strong> kori\u0161tenjem najboljih komponenti.<\/p>\n<p data-start=\"279\" data-end=\"507\">Odlikuje se <strong data-start=\"291\" data-end=\"340\">izuzetnom neprozirno\u0161\u0107u i odli\u010dnom fluidno\u0161\u0107u<\/strong>, \u0161to je \u010dini savr\u0161enim izborom za <strong data-start=\"375\" data-end=\"405\">punjenje dabbera i markera<\/strong>. Zahvaljuju\u0107i svojoj svestranosti, mo\u017ee se koristiti i za druge <strong data-start=\"470\" data-end=\"504\">umjetni\u010dke i kreativne tehnike<\/strong>.<\/p>\n<ul data-start=\"509\" data-end=\"629\">\n<li data-start=\"509\" data-end=\"534\">\n<p data-start=\"511\" data-end=\"534\"><strong data-start=\"511\" data-end=\"525\">Zmogljivost:<\/strong> 200 ml<\/p>\n<\/li>\n<li data-start=\"535\" data-end=\"569\">\n<p data-start=\"537\" data-end=\"569\"><strong data-start=\"537\" data-end=\"546\">Baza:<\/strong> boja na bazi otapala<\/p>\n<\/li>\n<li data-start=\"570\" data-end=\"629\">\n<p data-start=\"572\" data-end=\"629\"><strong data-start=\"572\" data-end=\"584\">Namen:<\/strong> punjenje markera, dabbera i druge primjene<\/p>\n<\/li>\n<\/ul>\n<p data-start=\"631\" data-end=\"738\"><strong data-start=\"631\" data-end=\"658\">MTN barva za ulice 200 ml<\/strong> osigurava <strong data-start=\"669\" data-end=\"719\">trajnost, intenzitet i profesionalnu kvalitetu<\/strong> pri vsakem gibu.<\/p>","protected":false},"excerpt":{"rendered":"<p>MTN Street Paint je visokokvalitetna boja na bazi otapala, razvijena u laboratorijima Montana Colors kori\u0161tenjem najboljih komponenti. Odlikuje se izuzetnom neprozirno\u0161\u0107u i odli\u010dnom fluidno\u0161\u0107u, \u0161to je \u010dini savr\u0161enim izborom za punjenje dabbera i markera. Zahvaljuju\u0107i svojoj svestranosti, mo\u017ee se koristiti i za druge umjetni\u010dke i kreativne tehnike. Kapacitet: 200 ml Baza: boja na bazi otapala [&hellip;]<\/p>","protected":false},"featured_media":12464,"template":"","meta":{"_acf_changed":false},"product_brand":[104],"product_cat":[22,85],"product_tag":[],"class_list":{"0":"post-5476","1":"product","2":"type-product","3":"status-publish","4":"has-post-thumbnail","6":"product_brand-mtn","7":"product_cat-markeri","8":"product_cat-boje-i-tinte","10":"first","11":"instock","12":"shipping-taxable","13":"purchasable","14":"product-type-variable"},"acf":[],"yoast_head":"<!-- This site is optimized with the Yoast SEO plugin v26.3 - https:\/\/yoast.com\/wordpress\/plugins\/seo\/ -->\n<title>MTN Street Paint 200 ml - Sugar Factory<\/title>\n<meta name=\"robots\" content=\"index, follow, max-snippet:-1, max-image-preview:large, max-video-preview:-1\" \/>\n<link rel=\"canonical\" href=\"https:\/\/www.sugarfactory.hr\/sl\/izdelek\/oznacevalci\/mtn-street-paint-200-ml-tinta\/\" \/>\n<meta property=\"og:locale\" content=\"sl_SI\" \/>\n<meta property=\"og:type\" content=\"article\" \/>\n<meta property=\"og:title\" content=\"MTN Street Paint 200 ml - Sugar Factory\" \/>\n<meta property=\"og:description\" content=\"MTN Street Paint je visokokvalitetna boja na bazi otapala, razvijena u laboratorijima Montana Colors kori\u0161tenjem najboljih komponenti. Odlikuje se izuzetnom neprozirno\u0161\u0107u i odli\u010dnom fluidno\u0161\u0107u, \u0161to je \u010dini savr\u0161enim izborom za punjenje dabbera i markera. Zahvaljuju\u0107i svojoj svestranosti, mo\u017ee se koristiti i za druge umjetni\u010dke i kreativne tehnike. Kapacitet: 200 ml Baza: boja na bazi otapala [&hellip;]\" \/>\n<meta property=\"og:url\" content=\"https:\/\/www.sugarfactory.hr\/sl\/izdelek\/oznacevalci\/mtn-street-paint-200-ml-tinta\/\" \/>\n<meta property=\"og:site_name\" content=\"Sugar Factory\" \/>\n<meta property=\"article:modified_time\" content=\"2026-04-28T16:07:01+00:00\" \/>\n<meta property=\"og:image\" content=\"https:\/\/www.sugarfactory.hr\/wp-content\/uploads\/2023\/05\/mtn-street-paint-200.webp\" \/>\n\t<meta property=\"og:image:width\" content=\"896\" \/>\n\t<meta property=\"og:image:height\" content=\"1120\" \/>\n\t<meta property=\"og:image:type\" content=\"image\/webp\" \/>\n<meta name=\"twitter:card\" content=\"summary_large_image\" \/>\n<script type=\"application\/ld+json\" class=\"yoast-schema-graph\">{\"@context\":\"https:\/\/schema.org\",\"@graph\":[{\"@type\":\"WebPage\",\"@id\":\"https:\/\/www.sugarfactory.hr\/proizvod\/markeri\/mtn-street-paint-200-ml-tinta\/\",\"url\":\"https:\/\/www.sugarfactory.hr\/proizvod\/markeri\/mtn-street-paint-200-ml-tinta\/\",\"name\":\"MTN Street Paint 200 ml - Sugar Factory\",\"isPartOf\":{\"@id\":\"https:\/\/www.sugarfactory.hr\/#website\"},\"primaryImageOfPage\":{\"@id\":\"https:\/\/www.sugarfactory.hr\/proizvod\/markeri\/mtn-street-paint-200-ml-tinta\/#primaryimage\"},\"image\":{\"@id\":\"https:\/\/www.sugarfactory.hr\/proizvod\/markeri\/mtn-street-paint-200-ml-tinta\/#primaryimage\"},\"thumbnailUrl\":\"https:\/\/www.sugarfactory.hr\/wp-content\/uploads\/2023\/05\/mtn-street-paint-200.webp\",\"datePublished\":\"2023-05-29T14:37:05+00:00\",\"dateModified\":\"2026-04-28T16:07:01+00:00\",\"breadcrumb\":{\"@id\":\"https:\/\/www.sugarfactory.hr\/proizvod\/markeri\/mtn-street-paint-200-ml-tinta\/#breadcrumb\"},\"inLanguage\":\"sl-SI\",\"potentialAction\":[{\"@type\":\"ReadAction\",\"target\":[\"https:\/\/www.sugarfactory.hr\/proizvod\/markeri\/mtn-street-paint-200-ml-tinta\/\"]}]},{\"@type\":\"ImageObject\",\"inLanguage\":\"sl-SI\",\"@id\":\"https:\/\/www.sugarfactory.hr\/proizvod\/markeri\/mtn-street-paint-200-ml-tinta\/#primaryimage\",\"url\":\"https:\/\/www.sugarfactory.hr\/wp-content\/uploads\/2023\/05\/mtn-street-paint-200.webp\",\"contentUrl\":\"https:\/\/www.sugarfactory.hr\/wp-content\/uploads\/2023\/05\/mtn-street-paint-200.webp\",\"width\":896,\"height\":1120},{\"@type\":\"BreadcrumbList\",\"@id\":\"https:\/\/www.sugarfactory.hr\/proizvod\/markeri\/mtn-street-paint-200-ml-tinta\/#breadcrumb\",\"itemListElement\":[{\"@type\":\"ListItem\",\"position\":1,\"name\":\"Po\u010detna stranica\",\"item\":\"https:\/\/www.sugarfactory.hr\/\"},{\"@type\":\"ListItem\",\"position\":2,\"name\":\"Proizvodi\",\"item\":\"https:\/\/www.sugarfactory.hr\/shop\/\"},{\"@type\":\"ListItem\",\"position\":3,\"name\":\"MTN Street Paint 200 ml\"}]},{\"@type\":\"WebSite\",\"@id\":\"https:\/\/www.sugarfactory.hr\/#website\",\"url\":\"https:\/\/www.sugarfactory.hr\/\",\"name\":\"Sugar Factory\",\"description\":\"Create your sweetest pieces!\",\"potentialAction\":[{\"@type\":\"SearchAction\",\"target\":{\"@type\":\"EntryPoint\",\"urlTemplate\":\"https:\/\/www.sugarfactory.hr\/?s={search_term_string}\"},\"query-input\":{\"@type\":\"PropertyValueSpecification\",\"valueRequired\":true,\"valueName\":\"search_term_string\"}}],\"inLanguage\":\"sl-SI\"}]}<\/script>\n<!-- \/ Yoast SEO plugin. -->","yoast_head_json":{"title":"MTN Street Paint 200 ml - Sugar Factory","robots":{"index":"index","follow":"follow","max-snippet":"max-snippet:-1","max-image-preview":"max-image-preview:large","max-video-preview":"max-video-preview:-1"},"canonical":"https:\/\/www.sugarfactory.hr\/sl\/izdelek\/oznacevalci\/mtn-street-paint-200-ml-tinta\/","og_locale":"sl_SI","og_type":"article","og_title":"MTN Street Paint 200 ml - Sugar Factory","og_description":"MTN Street Paint je visokokvalitetna boja na bazi otapala, razvijena u laboratorijima Montana Colors kori\u0161tenjem najboljih komponenti. Odlikuje se izuzetnom neprozirno\u0161\u0107u i odli\u010dnom fluidno\u0161\u0107u, \u0161to je \u010dini savr\u0161enim izborom za punjenje dabbera i markera. Zahvaljuju\u0107i svojoj svestranosti, mo\u017ee se koristiti i za druge umjetni\u010dke i kreativne tehnike. Kapacitet: 200 ml Baza: boja na bazi otapala [&hellip;]","og_url":"https:\/\/www.sugarfactory.hr\/sl\/izdelek\/oznacevalci\/mtn-street-paint-200-ml-tinta\/","og_site_name":"Sugar Factory","article_modified_time":"2026-04-28T16:07:01+00:00","og_image":[{"width":896,"height":1120,"url":"https:\/\/www.sugarfactory.hr\/wp-content\/uploads\/2023\/05\/mtn-street-paint-200.webp","type":"image\/webp"}],"twitter_card":"summary_large_image","schema":{"@context":"https:\/\/schema.org","@graph":[{"@type":"WebPage","@id":"https:\/\/www.sugarfactory.hr\/proizvod\/markeri\/mtn-street-paint-200-ml-tinta\/","url":"https:\/\/www.sugarfactory.hr\/proizvod\/markeri\/mtn-street-paint-200-ml-tinta\/","name":"MTN Street Paint 200 ml - Sugar Factory","isPartOf":{"@id":"https:\/\/www.sugarfactory.hr\/#website"},"primaryImageOfPage":{"@id":"https:\/\/www.sugarfactory.hr\/proizvod\/markeri\/mtn-street-paint-200-ml-tinta\/#primaryimage"},"image":{"@id":"https:\/\/www.sugarfactory.hr\/proizvod\/markeri\/mtn-street-paint-200-ml-tinta\/#primaryimage"},"thumbnailUrl":"https:\/\/www.sugarfactory.hr\/wp-content\/uploads\/2023\/05\/mtn-street-paint-200.webp","datePublished":"2023-05-29T14:37:05+00:00","dateModified":"2026-04-28T16:07:01+00:00","breadcrumb":{"@id":"https:\/\/www.sugarfactory.hr\/proizvod\/markeri\/mtn-street-paint-200-ml-tinta\/#breadcrumb"},"inLanguage":"sl-SI","potentialAction":[{"@type":"ReadAction","target":["https:\/\/www.sugarfactory.hr\/proizvod\/markeri\/mtn-street-paint-200-ml-tinta\/"]}]},{"@type":"ImageObject","inLanguage":"sl-SI","@id":"https:\/\/www.sugarfactory.hr\/proizvod\/markeri\/mtn-street-paint-200-ml-tinta\/#primaryimage","url":"https:\/\/www.sugarfactory.hr\/wp-content\/uploads\/2023\/05\/mtn-street-paint-200.webp","contentUrl":"https:\/\/www.sugarfactory.hr\/wp-content\/uploads\/2023\/05\/mtn-street-paint-200.webp","width":896,"height":1120},{"@type":"BreadcrumbList","@id":"https:\/\/www.sugarfactory.hr\/proizvod\/markeri\/mtn-street-paint-200-ml-tinta\/#breadcrumb","itemListElement":[{"@type":"ListItem","position":1,"name":"Po\u010detna stranica","item":"https:\/\/www.sugarfactory.hr\/"},{"@type":"ListItem","position":2,"name":"Proizvodi","item":"https:\/\/www.sugarfactory.hr\/shop\/"},{"@type":"ListItem","position":3,"name":"MTN Street Paint 200 ml"}]},{"@type":"WebSite","@id":"https:\/\/www.sugarfactory.hr\/#website","url":"https:\/\/www.sugarfactory.hr\/","name":"Tovarna sladkorja","description":"Create your sweetest pieces!","potentialAction":[{"@type":"SearchAction","target":{"@type":"EntryPoint","urlTemplate":"https:\/\/www.sugarfactory.hr\/?s={search_term_string}"},"query-input":{"@type":"PropertyValueSpecification","valueRequired":true,"valueName":"search_term_string"}}],"inLanguage":"sl-SI"}]}},"_links":{"self":[{"href":"https:\/\/www.sugarfactory.hr\/sl\/wp-json\/wp\/v2\/product\/5476","targetHints":{"allow":["GET"]}}],"collection":[{"href":"https:\/\/www.sugarfactory.hr\/sl\/wp-json\/wp\/v2\/product"}],"about":[{"href":"https:\/\/www.sugarfactory.hr\/sl\/wp-json\/wp\/v2\/types\/product"}],"wp:featuredmedia":[{"embeddable":true,"href":"https:\/\/www.sugarfactory.hr\/sl\/wp-json\/wp\/v2\/media\/12464"}],"wp:attachment":[{"href":"https:\/\/www.sugarfactory.hr\/sl\/wp-json\/wp\/v2\/media?parent=5476"}],"wp:term":[{"taxonomy":"product_brand","embeddable":true,"href":"https:\/\/www.sugarfactory.hr\/sl\/wp-json\/wp\/v2\/product_brand?post=5476"},{"taxonomy":"product_cat","embeddable":true,"href":"https:\/\/www.sugarfactory.hr\/sl\/wp-json\/wp\/v2\/product_cat?post=5476"},{"taxonomy":"product_tag","embeddable":true,"href":"https:\/\/www.sugarfactory.hr\/sl\/wp-json\/wp\/v2\/product_tag?post=5476"}],"curies":[{"name":"wp","href":"https:\/\/api.w.org\/{rel}","templated":true}]}}