{"id":5488,"date":"2023-05-29T14:39:02","date_gmt":"2023-05-29T14:39:02","guid":{"rendered":"https:\/\/www.sugarfactory.hr\/?post_type=product&#038;p=5488"},"modified":"2026-01-16T08:18:36","modified_gmt":"2026-01-16T07:18:36","slug":"mtn-street-ink","status":"publish","type":"product","link":"https:\/\/www.sugarfactory.hr\/sl\/izdelek\/oznacevalci\/mtn-street-ink\/","title":{"rendered":"MTN Street Ink"},"content":{"rendered":"<p data-start=\"67\" data-end=\"344\"><strong data-start=\"117\" data-end=\"135\">MTN Street Ink<\/strong> je <strong data-start=\"139\" data-end=\"172\">vi\u0161enamjenska alkoholna tinta<\/strong> razvijena za <strong data-start=\"186\" data-end=\"216\">punjenje dabbera i markera<\/strong>. Proizvedena od vrhunskih komponenti, osigurava <strong data-start=\"265\" data-end=\"305\">visoku otpornost na vremenske uvjete<\/strong> i dugotrajan trag na svim podlogama.<\/p>\n<p data-start=\"346\" data-end=\"504\">Dizajnirana je za <strong data-start=\"364\" data-end=\"395\">intenzivan i postojan ispis<\/strong>, \u0161to je \u010dini idealnim izborom za street art, tagiranje i kreativne projekte koji zahtijevaju izdr\u017eljivost.<\/p>\n<ul data-start=\"506\" data-end=\"620\">\n<li data-start=\"506\" data-end=\"535\">\n<p data-start=\"508\" data-end=\"535\"><strong data-start=\"508\" data-end=\"517\">Baza:<\/strong> alkoholna tinta<\/p>\n<\/li>\n<li data-start=\"536\" data-end=\"579\">\n<p data-start=\"538\" data-end=\"579\"><strong data-start=\"538\" data-end=\"550\">Namen:<\/strong> punjenje markera i dabbera<\/p>\n<\/li>\n<li data-start=\"580\" data-end=\"620\">\n<p data-start=\"582\" data-end=\"620\"><strong data-start=\"582\" data-end=\"596\">Otpornost:<\/strong> UV i vremenski uvjeti<\/p>\n<\/li>\n<\/ul>\n<p data-start=\"622\" data-end=\"722\"><strong data-start=\"622\" data-end=\"640\">MTN Street Ink<\/strong> pru\u017ea sna\u017enu, profesionalnu kvalitetu tinte za sve vrste kreativnih aplikacija.<\/p>","protected":false},"excerpt":{"rendered":"<p>MTN Street Ink je vi\u0161enamjenska alkoholna tinta razvijena za punjenje dabbera i markera. Proizvedena od vrhunskih komponenti, osigurava visoku otpornost na vremenske uvjete i dugotrajan trag na svim podlogama. Dizajnirana je za intenzivan i postojan ispis, \u0161to je \u010dini idealnim izborom za street art, tagiranje i kreativne projekte koji zahtijevaju izdr\u017eljivost. Baza: alkoholna tinta Namjena: [&hellip;]<\/p>","protected":false},"featured_media":12462,"template":"","meta":{"_acf_changed":false},"product_brand":[104],"product_cat":[22,85],"product_tag":[],"class_list":{"0":"post-5488","1":"product","2":"type-product","3":"status-publish","4":"has-post-thumbnail","6":"product_brand-mtn","7":"product_cat-markeri","8":"product_cat-boje-i-tinte","10":"first","11":"instock","12":"shipping-taxable","13":"purchasable","14":"product-type-variable"},"acf":[],"yoast_head":"<!-- This site is optimized with the Yoast SEO plugin v26.3 - https:\/\/yoast.com\/wordpress\/plugins\/seo\/ -->\n<title>MTN Street Ink - Sugar Factory<\/title>\n<meta name=\"robots\" content=\"index, follow, max-snippet:-1, max-image-preview:large, max-video-preview:-1\" \/>\n<link rel=\"canonical\" href=\"https:\/\/www.sugarfactory.hr\/sl\/izdelek\/oznacevalci\/mtn-street-ink\/\" \/>\n<meta property=\"og:locale\" content=\"sl_SI\" \/>\n<meta property=\"og:type\" content=\"article\" \/>\n<meta property=\"og:title\" content=\"MTN Street Ink - Sugar Factory\" \/>\n<meta property=\"og:description\" content=\"MTN Street Ink je vi\u0161enamjenska alkoholna tinta razvijena za punjenje dabbera i markera. Proizvedena od vrhunskih komponenti, osigurava visoku otpornost na vremenske uvjete i dugotrajan trag na svim podlogama. Dizajnirana je za intenzivan i postojan ispis, \u0161to je \u010dini idealnim izborom za street art, tagiranje i kreativne projekte koji zahtijevaju izdr\u017eljivost. Baza: alkoholna tinta Namjena: [&hellip;]\" \/>\n<meta property=\"og:url\" content=\"https:\/\/www.sugarfactory.hr\/sl\/izdelek\/oznacevalci\/mtn-street-ink\/\" \/>\n<meta property=\"og:site_name\" content=\"Sugar Factory\" \/>\n<meta property=\"article:modified_time\" content=\"2026-01-16T07:18:36+00:00\" \/>\n<meta property=\"og:image\" content=\"https:\/\/www.sugarfactory.hr\/wp-content\/uploads\/2023\/05\/mtn-street-ink.webp\" \/>\n\t<meta property=\"og:image:width\" content=\"896\" \/>\n\t<meta property=\"og:image:height\" content=\"1120\" \/>\n\t<meta property=\"og:image:type\" content=\"image\/webp\" \/>\n<meta name=\"twitter:card\" content=\"summary_large_image\" \/>\n<script type=\"application\/ld+json\" class=\"yoast-schema-graph\">{\"@context\":\"https:\/\/schema.org\",\"@graph\":[{\"@type\":\"WebPage\",\"@id\":\"https:\/\/www.sugarfactory.hr\/proizvod\/markeri\/mtn-street-ink\/\",\"url\":\"https:\/\/www.sugarfactory.hr\/proizvod\/markeri\/mtn-street-ink\/\",\"name\":\"MTN Street Ink - Sugar Factory\",\"isPartOf\":{\"@id\":\"https:\/\/www.sugarfactory.hr\/#website\"},\"primaryImageOfPage\":{\"@id\":\"https:\/\/www.sugarfactory.hr\/proizvod\/markeri\/mtn-street-ink\/#primaryimage\"},\"image\":{\"@id\":\"https:\/\/www.sugarfactory.hr\/proizvod\/markeri\/mtn-street-ink\/#primaryimage\"},\"thumbnailUrl\":\"https:\/\/www.sugarfactory.hr\/wp-content\/uploads\/2023\/05\/mtn-street-ink.webp\",\"datePublished\":\"2023-05-29T14:39:02+00:00\",\"dateModified\":\"2026-01-16T07:18:36+00:00\",\"breadcrumb\":{\"@id\":\"https:\/\/www.sugarfactory.hr\/proizvod\/markeri\/mtn-street-ink\/#breadcrumb\"},\"inLanguage\":\"sl-SI\",\"potentialAction\":[{\"@type\":\"ReadAction\",\"target\":[\"https:\/\/www.sugarfactory.hr\/proizvod\/markeri\/mtn-street-ink\/\"]}]},{\"@type\":\"ImageObject\",\"inLanguage\":\"sl-SI\",\"@id\":\"https:\/\/www.sugarfactory.hr\/proizvod\/markeri\/mtn-street-ink\/#primaryimage\",\"url\":\"https:\/\/www.sugarfactory.hr\/wp-content\/uploads\/2023\/05\/mtn-street-ink.webp\",\"contentUrl\":\"https:\/\/www.sugarfactory.hr\/wp-content\/uploads\/2023\/05\/mtn-street-ink.webp\",\"width\":896,\"height\":1120},{\"@type\":\"BreadcrumbList\",\"@id\":\"https:\/\/www.sugarfactory.hr\/proizvod\/markeri\/mtn-street-ink\/#breadcrumb\",\"itemListElement\":[{\"@type\":\"ListItem\",\"position\":1,\"name\":\"Po\u010detna stranica\",\"item\":\"https:\/\/www.sugarfactory.hr\/\"},{\"@type\":\"ListItem\",\"position\":2,\"name\":\"Proizvodi\",\"item\":\"https:\/\/www.sugarfactory.hr\/shop\/\"},{\"@type\":\"ListItem\",\"position\":3,\"name\":\"MTN Street Ink\"}]},{\"@type\":\"WebSite\",\"@id\":\"https:\/\/www.sugarfactory.hr\/#website\",\"url\":\"https:\/\/www.sugarfactory.hr\/\",\"name\":\"Sugar Factory\",\"description\":\"Create your sweetest pieces!\",\"potentialAction\":[{\"@type\":\"SearchAction\",\"target\":{\"@type\":\"EntryPoint\",\"urlTemplate\":\"https:\/\/www.sugarfactory.hr\/?s={search_term_string}\"},\"query-input\":{\"@type\":\"PropertyValueSpecification\",\"valueRequired\":true,\"valueName\":\"search_term_string\"}}],\"inLanguage\":\"sl-SI\"}]}<\/script>\n<!-- \/ Yoast SEO plugin. -->","yoast_head_json":{"title":"MTN Street Ink - Sugar Factory","robots":{"index":"index","follow":"follow","max-snippet":"max-snippet:-1","max-image-preview":"max-image-preview:large","max-video-preview":"max-video-preview:-1"},"canonical":"https:\/\/www.sugarfactory.hr\/sl\/izdelek\/oznacevalci\/mtn-street-ink\/","og_locale":"sl_SI","og_type":"article","og_title":"MTN Street Ink - Sugar Factory","og_description":"MTN Street Ink je vi\u0161enamjenska alkoholna tinta razvijena za punjenje dabbera i markera. Proizvedena od vrhunskih komponenti, osigurava visoku otpornost na vremenske uvjete i dugotrajan trag na svim podlogama. Dizajnirana je za intenzivan i postojan ispis, \u0161to je \u010dini idealnim izborom za street art, tagiranje i kreativne projekte koji zahtijevaju izdr\u017eljivost. Baza: alkoholna tinta Namjena: [&hellip;]","og_url":"https:\/\/www.sugarfactory.hr\/sl\/izdelek\/oznacevalci\/mtn-street-ink\/","og_site_name":"Sugar Factory","article_modified_time":"2026-01-16T07:18:36+00:00","og_image":[{"width":896,"height":1120,"url":"https:\/\/www.sugarfactory.hr\/wp-content\/uploads\/2023\/05\/mtn-street-ink.webp","type":"image\/webp"}],"twitter_card":"summary_large_image","schema":{"@context":"https:\/\/schema.org","@graph":[{"@type":"WebPage","@id":"https:\/\/www.sugarfactory.hr\/proizvod\/markeri\/mtn-street-ink\/","url":"https:\/\/www.sugarfactory.hr\/proizvod\/markeri\/mtn-street-ink\/","name":"MTN Street Ink - Sugar Factory","isPartOf":{"@id":"https:\/\/www.sugarfactory.hr\/#website"},"primaryImageOfPage":{"@id":"https:\/\/www.sugarfactory.hr\/proizvod\/markeri\/mtn-street-ink\/#primaryimage"},"image":{"@id":"https:\/\/www.sugarfactory.hr\/proizvod\/markeri\/mtn-street-ink\/#primaryimage"},"thumbnailUrl":"https:\/\/www.sugarfactory.hr\/wp-content\/uploads\/2023\/05\/mtn-street-ink.webp","datePublished":"2023-05-29T14:39:02+00:00","dateModified":"2026-01-16T07:18:36+00:00","breadcrumb":{"@id":"https:\/\/www.sugarfactory.hr\/proizvod\/markeri\/mtn-street-ink\/#breadcrumb"},"inLanguage":"sl-SI","potentialAction":[{"@type":"ReadAction","target":["https:\/\/www.sugarfactory.hr\/proizvod\/markeri\/mtn-street-ink\/"]}]},{"@type":"ImageObject","inLanguage":"sl-SI","@id":"https:\/\/www.sugarfactory.hr\/proizvod\/markeri\/mtn-street-ink\/#primaryimage","url":"https:\/\/www.sugarfactory.hr\/wp-content\/uploads\/2023\/05\/mtn-street-ink.webp","contentUrl":"https:\/\/www.sugarfactory.hr\/wp-content\/uploads\/2023\/05\/mtn-street-ink.webp","width":896,"height":1120},{"@type":"BreadcrumbList","@id":"https:\/\/www.sugarfactory.hr\/proizvod\/markeri\/mtn-street-ink\/#breadcrumb","itemListElement":[{"@type":"ListItem","position":1,"name":"Po\u010detna stranica","item":"https:\/\/www.sugarfactory.hr\/"},{"@type":"ListItem","position":2,"name":"Proizvodi","item":"https:\/\/www.sugarfactory.hr\/shop\/"},{"@type":"ListItem","position":3,"name":"MTN Street Ink"}]},{"@type":"WebSite","@id":"https:\/\/www.sugarfactory.hr\/#website","url":"https:\/\/www.sugarfactory.hr\/","name":"Tovarna sladkorja","description":"Create your sweetest pieces!","potentialAction":[{"@type":"SearchAction","target":{"@type":"EntryPoint","urlTemplate":"https:\/\/www.sugarfactory.hr\/?s={search_term_string}"},"query-input":{"@type":"PropertyValueSpecification","valueRequired":true,"valueName":"search_term_string"}}],"inLanguage":"sl-SI"}]}},"_links":{"self":[{"href":"https:\/\/www.sugarfactory.hr\/sl\/wp-json\/wp\/v2\/product\/5488","targetHints":{"allow":["GET"]}}],"collection":[{"href":"https:\/\/www.sugarfactory.hr\/sl\/wp-json\/wp\/v2\/product"}],"about":[{"href":"https:\/\/www.sugarfactory.hr\/sl\/wp-json\/wp\/v2\/types\/product"}],"wp:featuredmedia":[{"embeddable":true,"href":"https:\/\/www.sugarfactory.hr\/sl\/wp-json\/wp\/v2\/media\/12462"}],"wp:attachment":[{"href":"https:\/\/www.sugarfactory.hr\/sl\/wp-json\/wp\/v2\/media?parent=5488"}],"wp:term":[{"taxonomy":"product_brand","embeddable":true,"href":"https:\/\/www.sugarfactory.hr\/sl\/wp-json\/wp\/v2\/product_brand?post=5488"},{"taxonomy":"product_cat","embeddable":true,"href":"https:\/\/www.sugarfactory.hr\/sl\/wp-json\/wp\/v2\/product_cat?post=5488"},{"taxonomy":"product_tag","embeddable":true,"href":"https:\/\/www.sugarfactory.hr\/sl\/wp-json\/wp\/v2\/product_tag?post=5488"}],"curies":[{"name":"wp","href":"https:\/\/api.w.org\/{rel}","templated":true}]}}