{"id":5946,"date":"2023-12-22T13:15:06","date_gmt":"2023-12-22T13:15:06","guid":{"rendered":"https:\/\/www.sugarfactory.hr\/?post_type=product&#038;p=5946"},"modified":"2026-03-30T09:08:41","modified_gmt":"2026-03-30T08:08:41","slug":"mtn-ninja-coverall","status":"publish","type":"product","link":"https:\/\/www.sugarfactory.hr\/sl\/izdelek\/dodatki\/mtn-ninja-coverall\/","title":{"rendered":"MTN Ninja kombinezon"},"content":{"rendered":"<p data-start=\"0\" data-end=\"180\"><strong data-start=\"0\" data-end=\"22\">MTN Ninja kombinezon<\/strong> je <strong data-start=\"26\" data-end=\"68\" data-is-only-node=\"\">jednokratno radno odijelo s kapulja\u010dom<\/strong>, izra\u0111eno od <strong data-start=\"82\" data-end=\"108\">lagane netkane tkanine<\/strong> koja pru\u017ea <strong data-start=\"120\" data-end=\"177\">potpunu za\u0161titu tijekom slikanja i rada sa sprejevima<\/strong>.<\/p>\n<p data-start=\"182\" data-end=\"409\" data-is-last-node=\"\" data-is-only-node=\"\">Osigurava <strong data-start=\"192\" data-end=\"222\">udobnost i slobodu pokreta<\/strong>, dok u\u010dinkovito \u0161titi od pra\u0161ine, boje i prskanja.<\/p>\n<p data-start=\"182\" data-end=\"409\" data-is-last-node=\"\" data-is-only-node=\"\">Dostupno u <strong data-start=\"287\" data-end=\"320\">tri veli\u010dine: S-M, L i XL-XXL<\/strong>, idealno za <strong data-start=\"333\" data-end=\"367\">umjetnike, slikare i tehni\u010dare<\/strong> koji tra\u017ee pouzdanu za\u0161titu tijekom rada.<\/p>","protected":false},"excerpt":{"rendered":"<p>MTN Ninja Coverall je jednokratno radno odijelo s kapulja\u010dom, izra\u0111eno od lagane netkane tkanine koja pru\u017ea potpunu za\u0161titu tijekom slikanja i rada sa sprejevima. Osigurava udobnost i slobodu pokreta, dok u\u010dinkovito \u0161titi od pra\u0161ine, boje i prskanja. Dostupno u tri veli\u010dine: S-M, L i XL-XXL, idealno za umjetnike, slikare i tehni\u010dare koji tra\u017ee pouzdanu za\u0161titu [&hellip;]<\/p>","protected":false},"featured_media":12653,"template":"","meta":{"_acf_changed":false},"product_brand":[104],"product_cat":[21,88,94],"product_tag":[],"class_list":{"0":"post-5946","1":"product","2":"type-product","3":"status-publish","4":"has-post-thumbnail","6":"product_brand-mtn","7":"product_cat-accessories","8":"product_cat-odjeca","9":"product_cat-zastitna-oprema","11":"first","12":"outofstock","13":"shipping-taxable","14":"purchasable","15":"product-type-variable"},"acf":[],"yoast_head":"<!-- This site is optimized with the Yoast SEO plugin v26.3 - https:\/\/yoast.com\/wordpress\/plugins\/seo\/ -->\n<title>MTN Ninja Coverall - Sugar Factory<\/title>\n<meta name=\"robots\" content=\"index, follow, max-snippet:-1, max-image-preview:large, max-video-preview:-1\" \/>\n<link rel=\"canonical\" href=\"https:\/\/www.sugarfactory.hr\/sl\/izdelek\/dodatki\/mtn-ninja-coverall\/\" \/>\n<meta property=\"og:locale\" content=\"sl_SI\" \/>\n<meta property=\"og:type\" content=\"article\" \/>\n<meta property=\"og:title\" content=\"MTN Ninja Coverall - Sugar Factory\" \/>\n<meta property=\"og:description\" content=\"MTN Ninja Coverall je jednokratno radno odijelo s kapulja\u010dom, izra\u0111eno od lagane netkane tkanine koja pru\u017ea potpunu za\u0161titu tijekom slikanja i rada sa sprejevima. Osigurava udobnost i slobodu pokreta, dok u\u010dinkovito \u0161titi od pra\u0161ine, boje i prskanja. Dostupno u tri veli\u010dine: S-M, L i XL-XXL, idealno za umjetnike, slikare i tehni\u010dare koji tra\u017ee pouzdanu za\u0161titu [&hellip;]\" \/>\n<meta property=\"og:url\" content=\"https:\/\/www.sugarfactory.hr\/sl\/izdelek\/dodatki\/mtn-ninja-coverall\/\" \/>\n<meta property=\"og:site_name\" content=\"Sugar Factory\" \/>\n<meta property=\"article:modified_time\" content=\"2026-03-30T08:08:41+00:00\" \/>\n<meta property=\"og:image\" content=\"https:\/\/www.sugarfactory.hr\/wp-content\/uploads\/2023\/12\/6e8f1268ac2040d8852a9be319b3f118.webp\" \/>\n\t<meta property=\"og:image:width\" content=\"896\" \/>\n\t<meta property=\"og:image:height\" content=\"1120\" \/>\n\t<meta property=\"og:image:type\" content=\"image\/webp\" \/>\n<meta name=\"twitter:card\" content=\"summary_large_image\" \/>\n<script type=\"application\/ld+json\" class=\"yoast-schema-graph\">{\"@context\":\"https:\/\/schema.org\",\"@graph\":[{\"@type\":\"WebPage\",\"@id\":\"https:\/\/www.sugarfactory.hr\/proizvod\/accessories\/mtn-ninja-coverall\/\",\"url\":\"https:\/\/www.sugarfactory.hr\/proizvod\/accessories\/mtn-ninja-coverall\/\",\"name\":\"MTN Ninja Coverall - Sugar Factory\",\"isPartOf\":{\"@id\":\"https:\/\/www.sugarfactory.hr\/#website\"},\"primaryImageOfPage\":{\"@id\":\"https:\/\/www.sugarfactory.hr\/proizvod\/accessories\/mtn-ninja-coverall\/#primaryimage\"},\"image\":{\"@id\":\"https:\/\/www.sugarfactory.hr\/proizvod\/accessories\/mtn-ninja-coverall\/#primaryimage\"},\"thumbnailUrl\":\"https:\/\/www.sugarfactory.hr\/wp-content\/uploads\/2023\/12\/6e8f1268ac2040d8852a9be319b3f118.webp\",\"datePublished\":\"2023-12-22T13:15:06+00:00\",\"dateModified\":\"2026-03-30T08:08:41+00:00\",\"breadcrumb\":{\"@id\":\"https:\/\/www.sugarfactory.hr\/proizvod\/accessories\/mtn-ninja-coverall\/#breadcrumb\"},\"inLanguage\":\"sl-SI\",\"potentialAction\":[{\"@type\":\"ReadAction\",\"target\":[\"https:\/\/www.sugarfactory.hr\/proizvod\/accessories\/mtn-ninja-coverall\/\"]}]},{\"@type\":\"ImageObject\",\"inLanguage\":\"sl-SI\",\"@id\":\"https:\/\/www.sugarfactory.hr\/proizvod\/accessories\/mtn-ninja-coverall\/#primaryimage\",\"url\":\"https:\/\/www.sugarfactory.hr\/wp-content\/uploads\/2023\/12\/6e8f1268ac2040d8852a9be319b3f118.webp\",\"contentUrl\":\"https:\/\/www.sugarfactory.hr\/wp-content\/uploads\/2023\/12\/6e8f1268ac2040d8852a9be319b3f118.webp\",\"width\":896,\"height\":1120},{\"@type\":\"BreadcrumbList\",\"@id\":\"https:\/\/www.sugarfactory.hr\/proizvod\/accessories\/mtn-ninja-coverall\/#breadcrumb\",\"itemListElement\":[{\"@type\":\"ListItem\",\"position\":1,\"name\":\"Po\u010detna stranica\",\"item\":\"https:\/\/www.sugarfactory.hr\/\"},{\"@type\":\"ListItem\",\"position\":2,\"name\":\"Proizvodi\",\"item\":\"https:\/\/www.sugarfactory.hr\/shop\/\"},{\"@type\":\"ListItem\",\"position\":3,\"name\":\"MTN Ninja Coverall\"}]},{\"@type\":\"WebSite\",\"@id\":\"https:\/\/www.sugarfactory.hr\/#website\",\"url\":\"https:\/\/www.sugarfactory.hr\/\",\"name\":\"Sugar Factory\",\"description\":\"Create your sweetest pieces!\",\"potentialAction\":[{\"@type\":\"SearchAction\",\"target\":{\"@type\":\"EntryPoint\",\"urlTemplate\":\"https:\/\/www.sugarfactory.hr\/?s={search_term_string}\"},\"query-input\":{\"@type\":\"PropertyValueSpecification\",\"valueRequired\":true,\"valueName\":\"search_term_string\"}}],\"inLanguage\":\"sl-SI\"}]}<\/script>\n<!-- \/ Yoast SEO plugin. -->","yoast_head_json":{"title":"MTN Ninja Coverall - Sugar Factory","robots":{"index":"index","follow":"follow","max-snippet":"max-snippet:-1","max-image-preview":"max-image-preview:large","max-video-preview":"max-video-preview:-1"},"canonical":"https:\/\/www.sugarfactory.hr\/sl\/izdelek\/dodatki\/mtn-ninja-coverall\/","og_locale":"sl_SI","og_type":"article","og_title":"MTN Ninja Coverall - Sugar Factory","og_description":"MTN Ninja Coverall je jednokratno radno odijelo s kapulja\u010dom, izra\u0111eno od lagane netkane tkanine koja pru\u017ea potpunu za\u0161titu tijekom slikanja i rada sa sprejevima. Osigurava udobnost i slobodu pokreta, dok u\u010dinkovito \u0161titi od pra\u0161ine, boje i prskanja. Dostupno u tri veli\u010dine: S-M, L i XL-XXL, idealno za umjetnike, slikare i tehni\u010dare koji tra\u017ee pouzdanu za\u0161titu [&hellip;]","og_url":"https:\/\/www.sugarfactory.hr\/sl\/izdelek\/dodatki\/mtn-ninja-coverall\/","og_site_name":"Sugar Factory","article_modified_time":"2026-03-30T08:08:41+00:00","og_image":[{"width":896,"height":1120,"url":"https:\/\/www.sugarfactory.hr\/wp-content\/uploads\/2023\/12\/6e8f1268ac2040d8852a9be319b3f118.webp","type":"image\/webp"}],"twitter_card":"summary_large_image","schema":{"@context":"https:\/\/schema.org","@graph":[{"@type":"WebPage","@id":"https:\/\/www.sugarfactory.hr\/proizvod\/accessories\/mtn-ninja-coverall\/","url":"https:\/\/www.sugarfactory.hr\/proizvod\/accessories\/mtn-ninja-coverall\/","name":"MTN Ninja Coverall - Sugar Factory","isPartOf":{"@id":"https:\/\/www.sugarfactory.hr\/#website"},"primaryImageOfPage":{"@id":"https:\/\/www.sugarfactory.hr\/proizvod\/accessories\/mtn-ninja-coverall\/#primaryimage"},"image":{"@id":"https:\/\/www.sugarfactory.hr\/proizvod\/accessories\/mtn-ninja-coverall\/#primaryimage"},"thumbnailUrl":"https:\/\/www.sugarfactory.hr\/wp-content\/uploads\/2023\/12\/6e8f1268ac2040d8852a9be319b3f118.webp","datePublished":"2023-12-22T13:15:06+00:00","dateModified":"2026-03-30T08:08:41+00:00","breadcrumb":{"@id":"https:\/\/www.sugarfactory.hr\/proizvod\/accessories\/mtn-ninja-coverall\/#breadcrumb"},"inLanguage":"sl-SI","potentialAction":[{"@type":"ReadAction","target":["https:\/\/www.sugarfactory.hr\/proizvod\/accessories\/mtn-ninja-coverall\/"]}]},{"@type":"ImageObject","inLanguage":"sl-SI","@id":"https:\/\/www.sugarfactory.hr\/proizvod\/accessories\/mtn-ninja-coverall\/#primaryimage","url":"https:\/\/www.sugarfactory.hr\/wp-content\/uploads\/2023\/12\/6e8f1268ac2040d8852a9be319b3f118.webp","contentUrl":"https:\/\/www.sugarfactory.hr\/wp-content\/uploads\/2023\/12\/6e8f1268ac2040d8852a9be319b3f118.webp","width":896,"height":1120},{"@type":"BreadcrumbList","@id":"https:\/\/www.sugarfactory.hr\/proizvod\/accessories\/mtn-ninja-coverall\/#breadcrumb","itemListElement":[{"@type":"ListItem","position":1,"name":"Po\u010detna stranica","item":"https:\/\/www.sugarfactory.hr\/"},{"@type":"ListItem","position":2,"name":"Proizvodi","item":"https:\/\/www.sugarfactory.hr\/shop\/"},{"@type":"ListItem","position":3,"name":"MTN Ninja Coverall"}]},{"@type":"WebSite","@id":"https:\/\/www.sugarfactory.hr\/#website","url":"https:\/\/www.sugarfactory.hr\/","name":"Tovarna sladkorja","description":"Create your sweetest pieces!","potentialAction":[{"@type":"SearchAction","target":{"@type":"EntryPoint","urlTemplate":"https:\/\/www.sugarfactory.hr\/?s={search_term_string}"},"query-input":{"@type":"PropertyValueSpecification","valueRequired":true,"valueName":"search_term_string"}}],"inLanguage":"sl-SI"}]}},"_links":{"self":[{"href":"https:\/\/www.sugarfactory.hr\/sl\/wp-json\/wp\/v2\/product\/5946","targetHints":{"allow":["GET"]}}],"collection":[{"href":"https:\/\/www.sugarfactory.hr\/sl\/wp-json\/wp\/v2\/product"}],"about":[{"href":"https:\/\/www.sugarfactory.hr\/sl\/wp-json\/wp\/v2\/types\/product"}],"wp:featuredmedia":[{"embeddable":true,"href":"https:\/\/www.sugarfactory.hr\/sl\/wp-json\/wp\/v2\/media\/12653"}],"wp:attachment":[{"href":"https:\/\/www.sugarfactory.hr\/sl\/wp-json\/wp\/v2\/media?parent=5946"}],"wp:term":[{"taxonomy":"product_brand","embeddable":true,"href":"https:\/\/www.sugarfactory.hr\/sl\/wp-json\/wp\/v2\/product_brand?post=5946"},{"taxonomy":"product_cat","embeddable":true,"href":"https:\/\/www.sugarfactory.hr\/sl\/wp-json\/wp\/v2\/product_cat?post=5946"},{"taxonomy":"product_tag","embeddable":true,"href":"https:\/\/www.sugarfactory.hr\/sl\/wp-json\/wp\/v2\/product_tag?post=5946"}],"curies":[{"name":"wp","href":"https:\/\/api.w.org\/{rel}","templated":true}]}}