{"id":5973,"date":"2023-12-22T13:39:12","date_gmt":"2023-12-22T13:39:12","guid":{"rendered":"https:\/\/www.sugarfactory.hr\/?post_type=product&#038;p=5973"},"modified":"2026-04-11T18:21:17","modified_gmt":"2026-04-11T17:21:17","slug":"dope-dripper-18-mm-ink","status":"publish","type":"product","link":"https:\/\/www.sugarfactory.hr\/sl\/izdelek\/oznacevalci\/dope-dripper-18-mm-ink\/","title":{"rendered":"DOPE kapalka 18 mm \u010cRNILO"},"content":{"rendered":"<p data-start=\"75\" data-end=\"282\"><strong data-start=\"140\" data-end=\"166\">Dope Dripper INK 18 mm<\/strong> marker isti\u010de se svojim <strong data-start=\"191\" data-end=\"234\">karakteristi\u010dnim kapima i curenjem boje<\/strong>, pru\u017eaju\u0107i izra\u017eajan i sna\u017ean vizualni efekt.<\/p>\n<p data-start=\"284\" data-end=\"444\">Je polno. <strong data-start=\"294\" data-end=\"321\">tintom na bazi alkohola<\/strong> koja se odli\u010dno pona\u0161a na svim povr\u0161inama, dok <strong data-start=\"369\" data-end=\"391\">fleksibilno tijelo<\/strong> omogu\u0107uje korisniku potpunu kontrolu protoka boje.<\/p>\n<p data-start=\"446\" data-end=\"595\">Otporan na <strong data-start=\"457\" data-end=\"479\">atmosferske uvjete<\/strong>, ovaj marker je dugotrajan i te\u017eak za uklanjanje, \u0161to ga \u010dini idealnim za vanjsku upotrebu i street art projekte.<\/p>\n<p data-start=\"597\" data-end=\"688\">Na voljo je v <strong data-start=\"611\" data-end=\"642\">dvije veli\u010dine i kapaciteta<\/strong>, prilago\u0111en razli\u010ditim potrebama umjetnika.<\/p>\n<p>Najni\u017eja cena v zadnjih 30 dneh: <strong>4,2 \u20ac<\/strong><\/p>","protected":false},"excerpt":{"rendered":"<p>Dope Dripper INK 18 mm marker isti\u010de se svojim karakteristi\u010dnim kapima i curenjem boje, pru\u017eaju\u0107i izra\u017eajan i sna\u017ean vizualni efekt. Punjen je tintom na bazi alkohola koja se odli\u010dno pona\u0161a na svim povr\u0161inama, dok fleksibilno tijelo omogu\u0107uje korisniku potpunu kontrolu protoka boje. Otporan na atmosferske uvjete, ovaj marker je dugotrajan i te\u017eak za uklanjanje, \u0161to [&hellip;]<\/p>","protected":false},"featured_media":12419,"template":"","meta":{"_acf_changed":false},"product_brand":[106],"product_cat":[22,83],"product_tag":[],"class_list":{"0":"post-5973","1":"product","2":"type-product","3":"status-publish","4":"has-post-thumbnail","6":"product_brand-dope","7":"product_cat-markeri","8":"product_cat-dripperi-squeezeri-i-dabberi","10":"first","11":"outofstock","12":"shipping-taxable","13":"purchasable","14":"product-type-variable"},"acf":[],"yoast_head":"<!-- This site is optimized with the Yoast SEO plugin v26.3 - https:\/\/yoast.com\/wordpress\/plugins\/seo\/ -->\n<title>DOPE Dripper 18 mm INK - Sugar Factory<\/title>\n<meta name=\"robots\" content=\"index, follow, max-snippet:-1, max-image-preview:large, max-video-preview:-1\" \/>\n<link rel=\"canonical\" href=\"https:\/\/www.sugarfactory.hr\/sl\/izdelek\/oznacevalci\/dope-dripper-18-mm-ink\/\" \/>\n<meta property=\"og:locale\" content=\"sl_SI\" \/>\n<meta property=\"og:type\" content=\"article\" \/>\n<meta property=\"og:title\" content=\"DOPE Dripper 18 mm INK - Sugar Factory\" \/>\n<meta property=\"og:description\" content=\"Dope Dripper INK 18 mm marker isti\u010de se svojim karakteristi\u010dnim kapima i curenjem boje, pru\u017eaju\u0107i izra\u017eajan i sna\u017ean vizualni efekt. Punjen je tintom na bazi alkohola koja se odli\u010dno pona\u0161a na svim povr\u0161inama, dok fleksibilno tijelo omogu\u0107uje korisniku potpunu kontrolu protoka boje. Otporan na atmosferske uvjete, ovaj marker je dugotrajan i te\u017eak za uklanjanje, \u0161to [&hellip;]\" \/>\n<meta property=\"og:url\" content=\"https:\/\/www.sugarfactory.hr\/sl\/izdelek\/oznacevalci\/dope-dripper-18-mm-ink\/\" \/>\n<meta property=\"og:site_name\" content=\"Sugar Factory\" \/>\n<meta property=\"article:modified_time\" content=\"2026-04-11T17:21:17+00:00\" \/>\n<meta property=\"og:image\" content=\"https:\/\/www.sugarfactory.hr\/wp-content\/uploads\/2023\/12\/dope-dripper-18mm-ink.webp\" \/>\n\t<meta property=\"og:image:width\" content=\"896\" \/>\n\t<meta property=\"og:image:height\" content=\"1120\" \/>\n\t<meta property=\"og:image:type\" content=\"image\/webp\" \/>\n<meta name=\"twitter:card\" content=\"summary_large_image\" \/>\n<script type=\"application\/ld+json\" class=\"yoast-schema-graph\">{\"@context\":\"https:\/\/schema.org\",\"@graph\":[{\"@type\":\"WebPage\",\"@id\":\"https:\/\/www.sugarfactory.hr\/proizvod\/markeri\/dope-dripper-18-mm-ink\/\",\"url\":\"https:\/\/www.sugarfactory.hr\/proizvod\/markeri\/dope-dripper-18-mm-ink\/\",\"name\":\"DOPE Dripper 18 mm INK - Sugar Factory\",\"isPartOf\":{\"@id\":\"https:\/\/www.sugarfactory.hr\/#website\"},\"primaryImageOfPage\":{\"@id\":\"https:\/\/www.sugarfactory.hr\/proizvod\/markeri\/dope-dripper-18-mm-ink\/#primaryimage\"},\"image\":{\"@id\":\"https:\/\/www.sugarfactory.hr\/proizvod\/markeri\/dope-dripper-18-mm-ink\/#primaryimage\"},\"thumbnailUrl\":\"https:\/\/www.sugarfactory.hr\/wp-content\/uploads\/2023\/12\/dope-dripper-18mm-ink.webp\",\"datePublished\":\"2023-12-22T13:39:12+00:00\",\"dateModified\":\"2026-04-11T17:21:17+00:00\",\"breadcrumb\":{\"@id\":\"https:\/\/www.sugarfactory.hr\/proizvod\/markeri\/dope-dripper-18-mm-ink\/#breadcrumb\"},\"inLanguage\":\"sl-SI\",\"potentialAction\":[{\"@type\":\"ReadAction\",\"target\":[\"https:\/\/www.sugarfactory.hr\/proizvod\/markeri\/dope-dripper-18-mm-ink\/\"]}]},{\"@type\":\"ImageObject\",\"inLanguage\":\"sl-SI\",\"@id\":\"https:\/\/www.sugarfactory.hr\/proizvod\/markeri\/dope-dripper-18-mm-ink\/#primaryimage\",\"url\":\"https:\/\/www.sugarfactory.hr\/wp-content\/uploads\/2023\/12\/dope-dripper-18mm-ink.webp\",\"contentUrl\":\"https:\/\/www.sugarfactory.hr\/wp-content\/uploads\/2023\/12\/dope-dripper-18mm-ink.webp\",\"width\":896,\"height\":1120},{\"@type\":\"BreadcrumbList\",\"@id\":\"https:\/\/www.sugarfactory.hr\/proizvod\/markeri\/dope-dripper-18-mm-ink\/#breadcrumb\",\"itemListElement\":[{\"@type\":\"ListItem\",\"position\":1,\"name\":\"Po\u010detna stranica\",\"item\":\"https:\/\/www.sugarfactory.hr\/\"},{\"@type\":\"ListItem\",\"position\":2,\"name\":\"Proizvodi\",\"item\":\"https:\/\/www.sugarfactory.hr\/shop\/\"},{\"@type\":\"ListItem\",\"position\":3,\"name\":\"DOPE Dripper 18 mm INK\"}]},{\"@type\":\"WebSite\",\"@id\":\"https:\/\/www.sugarfactory.hr\/#website\",\"url\":\"https:\/\/www.sugarfactory.hr\/\",\"name\":\"Sugar Factory\",\"description\":\"Create your sweetest pieces!\",\"potentialAction\":[{\"@type\":\"SearchAction\",\"target\":{\"@type\":\"EntryPoint\",\"urlTemplate\":\"https:\/\/www.sugarfactory.hr\/?s={search_term_string}\"},\"query-input\":{\"@type\":\"PropertyValueSpecification\",\"valueRequired\":true,\"valueName\":\"search_term_string\"}}],\"inLanguage\":\"sl-SI\"}]}<\/script>\n<!-- \/ Yoast SEO plugin. -->","yoast_head_json":{"title":"DOPE Dripper 18 mm INK - Sugar Factory","robots":{"index":"index","follow":"follow","max-snippet":"max-snippet:-1","max-image-preview":"max-image-preview:large","max-video-preview":"max-video-preview:-1"},"canonical":"https:\/\/www.sugarfactory.hr\/sl\/izdelek\/oznacevalci\/dope-dripper-18-mm-ink\/","og_locale":"sl_SI","og_type":"article","og_title":"DOPE Dripper 18 mm INK - Sugar Factory","og_description":"Dope Dripper INK 18 mm marker isti\u010de se svojim karakteristi\u010dnim kapima i curenjem boje, pru\u017eaju\u0107i izra\u017eajan i sna\u017ean vizualni efekt. Punjen je tintom na bazi alkohola koja se odli\u010dno pona\u0161a na svim povr\u0161inama, dok fleksibilno tijelo omogu\u0107uje korisniku potpunu kontrolu protoka boje. Otporan na atmosferske uvjete, ovaj marker je dugotrajan i te\u017eak za uklanjanje, \u0161to [&hellip;]","og_url":"https:\/\/www.sugarfactory.hr\/sl\/izdelek\/oznacevalci\/dope-dripper-18-mm-ink\/","og_site_name":"Sugar Factory","article_modified_time":"2026-04-11T17:21:17+00:00","og_image":[{"width":896,"height":1120,"url":"https:\/\/www.sugarfactory.hr\/wp-content\/uploads\/2023\/12\/dope-dripper-18mm-ink.webp","type":"image\/webp"}],"twitter_card":"summary_large_image","schema":{"@context":"https:\/\/schema.org","@graph":[{"@type":"WebPage","@id":"https:\/\/www.sugarfactory.hr\/proizvod\/markeri\/dope-dripper-18-mm-ink\/","url":"https:\/\/www.sugarfactory.hr\/proizvod\/markeri\/dope-dripper-18-mm-ink\/","name":"DOPE Dripper 18 mm INK - Sugar Factory","isPartOf":{"@id":"https:\/\/www.sugarfactory.hr\/#website"},"primaryImageOfPage":{"@id":"https:\/\/www.sugarfactory.hr\/proizvod\/markeri\/dope-dripper-18-mm-ink\/#primaryimage"},"image":{"@id":"https:\/\/www.sugarfactory.hr\/proizvod\/markeri\/dope-dripper-18-mm-ink\/#primaryimage"},"thumbnailUrl":"https:\/\/www.sugarfactory.hr\/wp-content\/uploads\/2023\/12\/dope-dripper-18mm-ink.webp","datePublished":"2023-12-22T13:39:12+00:00","dateModified":"2026-04-11T17:21:17+00:00","breadcrumb":{"@id":"https:\/\/www.sugarfactory.hr\/proizvod\/markeri\/dope-dripper-18-mm-ink\/#breadcrumb"},"inLanguage":"sl-SI","potentialAction":[{"@type":"ReadAction","target":["https:\/\/www.sugarfactory.hr\/proizvod\/markeri\/dope-dripper-18-mm-ink\/"]}]},{"@type":"ImageObject","inLanguage":"sl-SI","@id":"https:\/\/www.sugarfactory.hr\/proizvod\/markeri\/dope-dripper-18-mm-ink\/#primaryimage","url":"https:\/\/www.sugarfactory.hr\/wp-content\/uploads\/2023\/12\/dope-dripper-18mm-ink.webp","contentUrl":"https:\/\/www.sugarfactory.hr\/wp-content\/uploads\/2023\/12\/dope-dripper-18mm-ink.webp","width":896,"height":1120},{"@type":"BreadcrumbList","@id":"https:\/\/www.sugarfactory.hr\/proizvod\/markeri\/dope-dripper-18-mm-ink\/#breadcrumb","itemListElement":[{"@type":"ListItem","position":1,"name":"Po\u010detna stranica","item":"https:\/\/www.sugarfactory.hr\/"},{"@type":"ListItem","position":2,"name":"Proizvodi","item":"https:\/\/www.sugarfactory.hr\/shop\/"},{"@type":"ListItem","position":3,"name":"DOPE Dripper 18 mm INK"}]},{"@type":"WebSite","@id":"https:\/\/www.sugarfactory.hr\/#website","url":"https:\/\/www.sugarfactory.hr\/","name":"Tovarna sladkorja","description":"Create your sweetest pieces!","potentialAction":[{"@type":"SearchAction","target":{"@type":"EntryPoint","urlTemplate":"https:\/\/www.sugarfactory.hr\/?s={search_term_string}"},"query-input":{"@type":"PropertyValueSpecification","valueRequired":true,"valueName":"search_term_string"}}],"inLanguage":"sl-SI"}]}},"_links":{"self":[{"href":"https:\/\/www.sugarfactory.hr\/sl\/wp-json\/wp\/v2\/product\/5973","targetHints":{"allow":["GET"]}}],"collection":[{"href":"https:\/\/www.sugarfactory.hr\/sl\/wp-json\/wp\/v2\/product"}],"about":[{"href":"https:\/\/www.sugarfactory.hr\/sl\/wp-json\/wp\/v2\/types\/product"}],"wp:featuredmedia":[{"embeddable":true,"href":"https:\/\/www.sugarfactory.hr\/sl\/wp-json\/wp\/v2\/media\/12419"}],"wp:attachment":[{"href":"https:\/\/www.sugarfactory.hr\/sl\/wp-json\/wp\/v2\/media?parent=5973"}],"wp:term":[{"taxonomy":"product_brand","embeddable":true,"href":"https:\/\/www.sugarfactory.hr\/sl\/wp-json\/wp\/v2\/product_brand?post=5973"},{"taxonomy":"product_cat","embeddable":true,"href":"https:\/\/www.sugarfactory.hr\/sl\/wp-json\/wp\/v2\/product_cat?post=5973"},{"taxonomy":"product_tag","embeddable":true,"href":"https:\/\/www.sugarfactory.hr\/sl\/wp-json\/wp\/v2\/product_tag?post=5973"}],"curies":[{"name":"wp","href":"https:\/\/api.w.org\/{rel}","templated":true}]}}