{"id":6198,"date":"2024-08-07T13:01:47","date_gmt":"2024-08-07T13:01:47","guid":{"rendered":"https:\/\/www.sugarfactory.hr\/?post_type=product&#038;p=6198"},"modified":"2026-03-19T09:31:06","modified_gmt":"2026-03-19T08:31:06","slug":"uni-pak-marker-posca-pc-1m-osnovne-boje-8-1","status":"publish","type":"product","link":"https:\/\/www.sugarfactory.hr\/sl\/izdelek\/oznacevalci\/posca-markeri\/uni-pak-marker-posca-pc-1m-osnovne-boje-8-1\/","title":{"rendered":"Uni pak marker Posca pc-1m osnovne barve 8\/1"},"content":{"rendered":"<p data-start=\"100\" data-end=\"352\"><strong data-start=\"156\" data-end=\"171\">Po\u0161tni PC-1M<\/strong> markeri s izuzetno finim vrhom savr\u0161eni su za <strong data-start=\"218\" data-end=\"262\">precizno crtanje i bojanje malog formata<\/strong>. Zahvaljuju\u0107i tankoj liniji, idealni su za detaljne kreacije, ilustracije i dekoracije.<\/p>\n<p data-start=\"354\" data-end=\"504\">Ove markere podjednako vole koristiti <strong data-start=\"392\" data-end=\"411\">djeca i odrasli<\/strong>, od po\u010detnika do profesionalnih umjetnika, jer nude <strong data-start=\"464\" data-end=\"501\">visoku kontrolu i intenzivne boje<\/strong>.<\/p>\n<p data-start=\"506\" data-end=\"645\"><strong data-start=\"506\" data-end=\"537\">Set sadr\u017ei 8 osnovnih boja:<\/strong> bijelu, \u017eutu, zelenu, svijetlo plavu, roza, crvenu, crnu i plavu.<br data-start=\"603\" data-end=\"606\" \/><strong data-start=\"606\" data-end=\"620\">Pakiranje:<\/strong> 1 komplet (8 markera).<\/p>\n<p data-start=\"647\" data-end=\"755\">Pouzdani i kreativni, <strong data-start=\"669\" data-end=\"692\">Posca PC-1M markeri<\/strong> nezaobilazni su alat za svaku vrstu umjetni\u010dkog izra\u017eavanja.<\/p>","protected":false},"excerpt":{"rendered":"<p>Posca PC-1M markeri s izuzetno finim vrhom savr\u0161eni su za precizno crtanje i bojanje malog formata. Zahvaljuju\u0107i tankoj liniji, idealni su za detaljne kreacije, ilustracije i dekoracije. Ove markere podjednako vole koristiti djeca i odrasli, od po\u010detnika do profesionalnih umjetnika, jer nude visoku kontrolu i intenzivne boje. Set sadr\u017ei 8 osnovnih boja: bijelu, \u017eutu, zelenu, [&hellip;]<\/p>","protected":false},"featured_media":12412,"template":"","meta":{"_acf_changed":false},"product_brand":[110],"product_cat":[22,80],"product_tag":[],"class_list":{"0":"post-6198","1":"product","2":"type-product","3":"status-publish","4":"has-post-thumbnail","6":"product_brand-uni","7":"product_cat-markeri","8":"product_cat-posca-markeri","10":"first","11":"instock","12":"shipping-taxable","13":"purchasable","14":"product-type-simple"},"acf":[],"yoast_head":"<!-- This site is optimized with the Yoast SEO plugin v26.3 - https:\/\/yoast.com\/wordpress\/plugins\/seo\/ -->\n<title>Uni pak marker Posca pc-1m osnovne boje 8\/1 - Sugar Factory<\/title>\n<meta name=\"robots\" content=\"index, follow, max-snippet:-1, max-image-preview:large, max-video-preview:-1\" \/>\n<link rel=\"canonical\" href=\"https:\/\/www.sugarfactory.hr\/sl\/izdelek\/oznacevalci\/posca-markeri\/uni-pak-marker-posca-pc-1m-osnovne-boje-8-1\/\" \/>\n<meta property=\"og:locale\" content=\"sl_SI\" \/>\n<meta property=\"og:type\" content=\"article\" \/>\n<meta property=\"og:title\" content=\"Uni pak marker Posca pc-1m osnovne boje 8\/1 - Sugar Factory\" \/>\n<meta property=\"og:description\" content=\"Posca PC-1M markeri s izuzetno finim vrhom savr\u0161eni su za precizno crtanje i bojanje malog formata. Zahvaljuju\u0107i tankoj liniji, idealni su za detaljne kreacije, ilustracije i dekoracije. Ove markere podjednako vole koristiti djeca i odrasli, od po\u010detnika do profesionalnih umjetnika, jer nude visoku kontrolu i intenzivne boje. Set sadr\u017ei 8 osnovnih boja: bijelu, \u017eutu, zelenu, [&hellip;]\" \/>\n<meta property=\"og:url\" content=\"https:\/\/www.sugarfactory.hr\/sl\/izdelek\/oznacevalci\/posca-markeri\/uni-pak-marker-posca-pc-1m-osnovne-boje-8-1\/\" \/>\n<meta property=\"og:site_name\" content=\"Sugar Factory\" \/>\n<meta property=\"article:modified_time\" content=\"2026-03-19T08:31:06+00:00\" \/>\n<meta property=\"og:image\" content=\"https:\/\/www.sugarfactory.hr\/wp-content\/uploads\/2024\/08\/posca-uni-pak.webp\" \/>\n\t<meta property=\"og:image:width\" content=\"896\" \/>\n\t<meta property=\"og:image:height\" content=\"1120\" \/>\n\t<meta property=\"og:image:type\" content=\"image\/webp\" \/>\n<meta name=\"twitter:card\" content=\"summary_large_image\" \/>\n<script type=\"application\/ld+json\" class=\"yoast-schema-graph\">{\"@context\":\"https:\/\/schema.org\",\"@graph\":[{\"@type\":\"WebPage\",\"@id\":\"https:\/\/www.sugarfactory.hr\/proizvod\/markeri\/posca-markeri\/uni-pak-marker-posca-pc-1m-osnovne-boje-8-1\/\",\"url\":\"https:\/\/www.sugarfactory.hr\/proizvod\/markeri\/posca-markeri\/uni-pak-marker-posca-pc-1m-osnovne-boje-8-1\/\",\"name\":\"Uni pak marker Posca pc-1m osnovne boje 8\/1 - Sugar Factory\",\"isPartOf\":{\"@id\":\"https:\/\/www.sugarfactory.hr\/#website\"},\"primaryImageOfPage\":{\"@id\":\"https:\/\/www.sugarfactory.hr\/proizvod\/markeri\/posca-markeri\/uni-pak-marker-posca-pc-1m-osnovne-boje-8-1\/#primaryimage\"},\"image\":{\"@id\":\"https:\/\/www.sugarfactory.hr\/proizvod\/markeri\/posca-markeri\/uni-pak-marker-posca-pc-1m-osnovne-boje-8-1\/#primaryimage\"},\"thumbnailUrl\":\"https:\/\/www.sugarfactory.hr\/wp-content\/uploads\/2024\/08\/posca-uni-pak.webp\",\"datePublished\":\"2024-08-07T13:01:47+00:00\",\"dateModified\":\"2026-03-19T08:31:06+00:00\",\"breadcrumb\":{\"@id\":\"https:\/\/www.sugarfactory.hr\/proizvod\/markeri\/posca-markeri\/uni-pak-marker-posca-pc-1m-osnovne-boje-8-1\/#breadcrumb\"},\"inLanguage\":\"sl-SI\",\"potentialAction\":[{\"@type\":\"ReadAction\",\"target\":[\"https:\/\/www.sugarfactory.hr\/proizvod\/markeri\/posca-markeri\/uni-pak-marker-posca-pc-1m-osnovne-boje-8-1\/\"]}]},{\"@type\":\"ImageObject\",\"inLanguage\":\"sl-SI\",\"@id\":\"https:\/\/www.sugarfactory.hr\/proizvod\/markeri\/posca-markeri\/uni-pak-marker-posca-pc-1m-osnovne-boje-8-1\/#primaryimage\",\"url\":\"https:\/\/www.sugarfactory.hr\/wp-content\/uploads\/2024\/08\/posca-uni-pak.webp\",\"contentUrl\":\"https:\/\/www.sugarfactory.hr\/wp-content\/uploads\/2024\/08\/posca-uni-pak.webp\",\"width\":896,\"height\":1120},{\"@type\":\"BreadcrumbList\",\"@id\":\"https:\/\/www.sugarfactory.hr\/proizvod\/markeri\/posca-markeri\/uni-pak-marker-posca-pc-1m-osnovne-boje-8-1\/#breadcrumb\",\"itemListElement\":[{\"@type\":\"ListItem\",\"position\":1,\"name\":\"Po\u010detna stranica\",\"item\":\"https:\/\/www.sugarfactory.hr\/\"},{\"@type\":\"ListItem\",\"position\":2,\"name\":\"Proizvodi\",\"item\":\"https:\/\/www.sugarfactory.hr\/shop\/\"},{\"@type\":\"ListItem\",\"position\":3,\"name\":\"Uni pak marker Posca pc-1m osnovne boje 8\/1\"}]},{\"@type\":\"WebSite\",\"@id\":\"https:\/\/www.sugarfactory.hr\/#website\",\"url\":\"https:\/\/www.sugarfactory.hr\/\",\"name\":\"Sugar Factory\",\"description\":\"Create your sweetest pieces!\",\"potentialAction\":[{\"@type\":\"SearchAction\",\"target\":{\"@type\":\"EntryPoint\",\"urlTemplate\":\"https:\/\/www.sugarfactory.hr\/?s={search_term_string}\"},\"query-input\":{\"@type\":\"PropertyValueSpecification\",\"valueRequired\":true,\"valueName\":\"search_term_string\"}}],\"inLanguage\":\"sl-SI\"}]}<\/script>\n<!-- \/ Yoast SEO plugin. -->","yoast_head_json":{"title":"Uni pak marker Posca pc-1m osnovne boje 8\/1 - Sugar Factory","robots":{"index":"index","follow":"follow","max-snippet":"max-snippet:-1","max-image-preview":"max-image-preview:large","max-video-preview":"max-video-preview:-1"},"canonical":"https:\/\/www.sugarfactory.hr\/sl\/izdelek\/oznacevalci\/posca-markeri\/uni-pak-marker-posca-pc-1m-osnovne-boje-8-1\/","og_locale":"sl_SI","og_type":"article","og_title":"Uni pak marker Posca pc-1m osnovne boje 8\/1 - Sugar Factory","og_description":"Posca PC-1M markeri s izuzetno finim vrhom savr\u0161eni su za precizno crtanje i bojanje malog formata. Zahvaljuju\u0107i tankoj liniji, idealni su za detaljne kreacije, ilustracije i dekoracije. Ove markere podjednako vole koristiti djeca i odrasli, od po\u010detnika do profesionalnih umjetnika, jer nude visoku kontrolu i intenzivne boje. Set sadr\u017ei 8 osnovnih boja: bijelu, \u017eutu, zelenu, [&hellip;]","og_url":"https:\/\/www.sugarfactory.hr\/sl\/izdelek\/oznacevalci\/posca-markeri\/uni-pak-marker-posca-pc-1m-osnovne-boje-8-1\/","og_site_name":"Sugar Factory","article_modified_time":"2026-03-19T08:31:06+00:00","og_image":[{"width":896,"height":1120,"url":"https:\/\/www.sugarfactory.hr\/wp-content\/uploads\/2024\/08\/posca-uni-pak.webp","type":"image\/webp"}],"twitter_card":"summary_large_image","schema":{"@context":"https:\/\/schema.org","@graph":[{"@type":"WebPage","@id":"https:\/\/www.sugarfactory.hr\/proizvod\/markeri\/posca-markeri\/uni-pak-marker-posca-pc-1m-osnovne-boje-8-1\/","url":"https:\/\/www.sugarfactory.hr\/proizvod\/markeri\/posca-markeri\/uni-pak-marker-posca-pc-1m-osnovne-boje-8-1\/","name":"Uni pak marker Posca pc-1m osnovne boje 8\/1 - Sugar Factory","isPartOf":{"@id":"https:\/\/www.sugarfactory.hr\/#website"},"primaryImageOfPage":{"@id":"https:\/\/www.sugarfactory.hr\/proizvod\/markeri\/posca-markeri\/uni-pak-marker-posca-pc-1m-osnovne-boje-8-1\/#primaryimage"},"image":{"@id":"https:\/\/www.sugarfactory.hr\/proizvod\/markeri\/posca-markeri\/uni-pak-marker-posca-pc-1m-osnovne-boje-8-1\/#primaryimage"},"thumbnailUrl":"https:\/\/www.sugarfactory.hr\/wp-content\/uploads\/2024\/08\/posca-uni-pak.webp","datePublished":"2024-08-07T13:01:47+00:00","dateModified":"2026-03-19T08:31:06+00:00","breadcrumb":{"@id":"https:\/\/www.sugarfactory.hr\/proizvod\/markeri\/posca-markeri\/uni-pak-marker-posca-pc-1m-osnovne-boje-8-1\/#breadcrumb"},"inLanguage":"sl-SI","potentialAction":[{"@type":"ReadAction","target":["https:\/\/www.sugarfactory.hr\/proizvod\/markeri\/posca-markeri\/uni-pak-marker-posca-pc-1m-osnovne-boje-8-1\/"]}]},{"@type":"ImageObject","inLanguage":"sl-SI","@id":"https:\/\/www.sugarfactory.hr\/proizvod\/markeri\/posca-markeri\/uni-pak-marker-posca-pc-1m-osnovne-boje-8-1\/#primaryimage","url":"https:\/\/www.sugarfactory.hr\/wp-content\/uploads\/2024\/08\/posca-uni-pak.webp","contentUrl":"https:\/\/www.sugarfactory.hr\/wp-content\/uploads\/2024\/08\/posca-uni-pak.webp","width":896,"height":1120},{"@type":"BreadcrumbList","@id":"https:\/\/www.sugarfactory.hr\/proizvod\/markeri\/posca-markeri\/uni-pak-marker-posca-pc-1m-osnovne-boje-8-1\/#breadcrumb","itemListElement":[{"@type":"ListItem","position":1,"name":"Po\u010detna stranica","item":"https:\/\/www.sugarfactory.hr\/"},{"@type":"ListItem","position":2,"name":"Proizvodi","item":"https:\/\/www.sugarfactory.hr\/shop\/"},{"@type":"ListItem","position":3,"name":"Uni pak marker Posca pc-1m osnovne boje 8\/1"}]},{"@type":"WebSite","@id":"https:\/\/www.sugarfactory.hr\/#website","url":"https:\/\/www.sugarfactory.hr\/","name":"Tovarna sladkorja","description":"Create your sweetest pieces!","potentialAction":[{"@type":"SearchAction","target":{"@type":"EntryPoint","urlTemplate":"https:\/\/www.sugarfactory.hr\/?s={search_term_string}"},"query-input":{"@type":"PropertyValueSpecification","valueRequired":true,"valueName":"search_term_string"}}],"inLanguage":"sl-SI"}]}},"_links":{"self":[{"href":"https:\/\/www.sugarfactory.hr\/sl\/wp-json\/wp\/v2\/product\/6198","targetHints":{"allow":["GET"]}}],"collection":[{"href":"https:\/\/www.sugarfactory.hr\/sl\/wp-json\/wp\/v2\/product"}],"about":[{"href":"https:\/\/www.sugarfactory.hr\/sl\/wp-json\/wp\/v2\/types\/product"}],"wp:featuredmedia":[{"embeddable":true,"href":"https:\/\/www.sugarfactory.hr\/sl\/wp-json\/wp\/v2\/media\/12412"}],"wp:attachment":[{"href":"https:\/\/www.sugarfactory.hr\/sl\/wp-json\/wp\/v2\/media?parent=6198"}],"wp:term":[{"taxonomy":"product_brand","embeddable":true,"href":"https:\/\/www.sugarfactory.hr\/sl\/wp-json\/wp\/v2\/product_brand?post=6198"},{"taxonomy":"product_cat","embeddable":true,"href":"https:\/\/www.sugarfactory.hr\/sl\/wp-json\/wp\/v2\/product_cat?post=6198"},{"taxonomy":"product_tag","embeddable":true,"href":"https:\/\/www.sugarfactory.hr\/sl\/wp-json\/wp\/v2\/product_tag?post=6198"}],"curies":[{"name":"wp","href":"https:\/\/api.w.org\/{rel}","templated":true}]}}