{"id":7322,"date":"2024-04-11T17:29:33","date_gmt":"2024-04-11T17:29:33","guid":{"rendered":"https:\/\/www.sugarfactory.hr\/?post_type=product&#038;p=7322"},"modified":"2026-04-14T11:10:04","modified_gmt":"2026-04-14T10:10:04","slug":"zankasti-asfalt-400-ml","status":"publish","type":"product","link":"https:\/\/www.sugarfactory.hr\/sl\/izdelek\/spreji\/zankasti-asfalt-400-ml\/","title":{"rendered":"Zanka Asfalt"},"content":{"rendered":"<p data-start=\"78\" data-end=\"373\"><strong data-start=\"139\" data-end=\"161\">Asfalt Loopcolors<\/strong> je bil razvit kot popoln partner za <strong data-start=\"197\" data-end=\"218\">Loopcolors Chrome<\/strong>, s formulo, ki <strong data-start=\"236\" data-end=\"285\">pokriva vse komercialno dostopne kromirane dele<\/strong>. Ta barva v spreju zagotavlja <strong data-start=\"315\" data-end=\"347\">\u010dist in intenziven \u010drni tok<\/strong>, brez uporabe bitumna.<\/p>\n<p data-start=\"375\" data-end=\"612\">Prihaja <strong data-start=\"384\" data-end=\"411\">600 ml razpr\u0161ilne plo\u010devinke<\/strong> z <strong data-start=\"414\" data-end=\"435\">visok tlak<\/strong>, kar omogo\u010da ve\u010djo u\u010dinkovitost in hitrej\u0161o pokritost. Zaradi mo\u010dne pigmentacije Asphalt zagotavlja <strong data-start=\"538\" data-end=\"588\">izjemno mo\u010dna prekrivnost in popoln oprijem<\/strong> na razli\u010dnih podlagah.<\/p>\n<p data-start=\"614\" data-end=\"745\">Opremljen je <strong data-start=\"627\" data-end=\"662\">z preizku\u0161enim ventilom Loopcolors<\/strong> kar zagotavlja enakomeren pritisk in dosleden barvni izpis pri vsaki uporabi.<\/p>\n<p data-start=\"747\" data-end=\"919\">Iz iste serije je na voljo tudi <strong data-start=\"776\" data-end=\"804\">Loopcolors krom 600 ml<\/strong>, zaradi \u010desar je ta linija idealen komplet za umetnike, ki i\u0161\u010dejo maksimalno pokritost in profesionalne rezultate.<\/p>","protected":false},"excerpt":{"rendered":"<p>Loopcolors Asphalt razvijen je kao savr\u0161en partner za Loopcolors Chrome, s formulom koja prekriva bilo koji komercijalno dostupni krom. Ova boja u spreju osigurava jasan i intenzivan crni mlaz, bez upotrebe bitumena. Dolazi u sprej limenci od 600 ml s visokim pritiskom, \u0161to omogu\u0107uje ve\u0107u u\u010dinkovitost i br\u017ee prekrivanje. Zahvaljuju\u0107i sna\u017enoj pigmentaciji, Asphalt pru\u017ea iznimno [&hellip;]<\/p>","protected":false},"featured_media":12347,"template":"","meta":{"_acf_changed":false},"product_brand":[103],"product_cat":[16,75],"product_tag":[],"class_list":{"0":"post-7322","1":"product","2":"type-product","3":"status-publish","4":"has-post-thumbnail","6":"product_brand-loop","7":"product_cat-sprejevi","8":"product_cat-graffiti","10":"first","11":"instock","12":"shipping-taxable","13":"purchasable","14":"product-type-variable"},"acf":[],"yoast_head":"<!-- This site is optimized with the Yoast SEO plugin v26.3 - https:\/\/yoast.com\/wordpress\/plugins\/seo\/ -->\n<title>Loop Asphalt - Sugar Factory<\/title>\n<meta name=\"robots\" content=\"index, follow, max-snippet:-1, max-image-preview:large, max-video-preview:-1\" \/>\n<link rel=\"canonical\" href=\"https:\/\/www.sugarfactory.hr\/sl\/izdelek\/spreji\/zankasti-asfalt-400-ml\/\" \/>\n<meta property=\"og:locale\" content=\"sl_SI\" \/>\n<meta property=\"og:type\" content=\"article\" \/>\n<meta property=\"og:title\" content=\"Loop Asphalt - Sugar Factory\" \/>\n<meta property=\"og:description\" content=\"Loopcolors Asphalt razvijen je kao savr\u0161en partner za Loopcolors Chrome, s formulom koja prekriva bilo koji komercijalno dostupni krom. Ova boja u spreju osigurava jasan i intenzivan crni mlaz, bez upotrebe bitumena. Dolazi u sprej limenci od 600 ml s visokim pritiskom, \u0161to omogu\u0107uje ve\u0107u u\u010dinkovitost i br\u017ee prekrivanje. Zahvaljuju\u0107i sna\u017enoj pigmentaciji, Asphalt pru\u017ea iznimno [&hellip;]\" \/>\n<meta property=\"og:url\" content=\"https:\/\/www.sugarfactory.hr\/sl\/izdelek\/spreji\/zankasti-asfalt-400-ml\/\" \/>\n<meta property=\"og:site_name\" content=\"Sugar Factory\" \/>\n<meta property=\"article:modified_time\" content=\"2026-04-14T10:10:04+00:00\" \/>\n<meta property=\"og:image\" content=\"https:\/\/www.sugarfactory.hr\/wp-content\/uploads\/2024\/04\/loop-asphalt.webp\" \/>\n\t<meta property=\"og:image:width\" content=\"896\" \/>\n\t<meta property=\"og:image:height\" content=\"1120\" \/>\n\t<meta property=\"og:image:type\" content=\"image\/webp\" \/>\n<meta name=\"twitter:card\" content=\"summary_large_image\" \/>\n<meta name=\"twitter:label1\" content=\"Est. reading time\" \/>\n\t<meta name=\"twitter:data1\" content=\"1 minuta\" \/>\n<script type=\"application\/ld+json\" class=\"yoast-schema-graph\">{\"@context\":\"https:\/\/schema.org\",\"@graph\":[{\"@type\":\"WebPage\",\"@id\":\"https:\/\/www.sugarfactory.hr\/proizvod\/sprejevi\/loop-asphalt-400-ml\/\",\"url\":\"https:\/\/www.sugarfactory.hr\/proizvod\/sprejevi\/loop-asphalt-400-ml\/\",\"name\":\"Loop Asphalt - Sugar Factory\",\"isPartOf\":{\"@id\":\"https:\/\/www.sugarfactory.hr\/#website\"},\"primaryImageOfPage\":{\"@id\":\"https:\/\/www.sugarfactory.hr\/proizvod\/sprejevi\/loop-asphalt-400-ml\/#primaryimage\"},\"image\":{\"@id\":\"https:\/\/www.sugarfactory.hr\/proizvod\/sprejevi\/loop-asphalt-400-ml\/#primaryimage\"},\"thumbnailUrl\":\"https:\/\/www.sugarfactory.hr\/wp-content\/uploads\/2024\/04\/loop-asphalt.webp\",\"datePublished\":\"2024-04-11T17:29:33+00:00\",\"dateModified\":\"2026-04-14T10:10:04+00:00\",\"breadcrumb\":{\"@id\":\"https:\/\/www.sugarfactory.hr\/proizvod\/sprejevi\/loop-asphalt-400-ml\/#breadcrumb\"},\"inLanguage\":\"sl-SI\",\"potentialAction\":[{\"@type\":\"ReadAction\",\"target\":[\"https:\/\/www.sugarfactory.hr\/proizvod\/sprejevi\/loop-asphalt-400-ml\/\"]}]},{\"@type\":\"ImageObject\",\"inLanguage\":\"sl-SI\",\"@id\":\"https:\/\/www.sugarfactory.hr\/proizvod\/sprejevi\/loop-asphalt-400-ml\/#primaryimage\",\"url\":\"https:\/\/www.sugarfactory.hr\/wp-content\/uploads\/2024\/04\/loop-asphalt.webp\",\"contentUrl\":\"https:\/\/www.sugarfactory.hr\/wp-content\/uploads\/2024\/04\/loop-asphalt.webp\",\"width\":896,\"height\":1120},{\"@type\":\"BreadcrumbList\",\"@id\":\"https:\/\/www.sugarfactory.hr\/proizvod\/sprejevi\/loop-asphalt-400-ml\/#breadcrumb\",\"itemListElement\":[{\"@type\":\"ListItem\",\"position\":1,\"name\":\"Po\u010detna stranica\",\"item\":\"https:\/\/www.sugarfactory.hr\/\"},{\"@type\":\"ListItem\",\"position\":2,\"name\":\"Proizvodi\",\"item\":\"https:\/\/www.sugarfactory.hr\/shop\/\"},{\"@type\":\"ListItem\",\"position\":3,\"name\":\"Loop Asphalt\"}]},{\"@type\":\"WebSite\",\"@id\":\"https:\/\/www.sugarfactory.hr\/#website\",\"url\":\"https:\/\/www.sugarfactory.hr\/\",\"name\":\"Sugar Factory\",\"description\":\"Create your sweetest pieces!\",\"potentialAction\":[{\"@type\":\"SearchAction\",\"target\":{\"@type\":\"EntryPoint\",\"urlTemplate\":\"https:\/\/www.sugarfactory.hr\/?s={search_term_string}\"},\"query-input\":{\"@type\":\"PropertyValueSpecification\",\"valueRequired\":true,\"valueName\":\"search_term_string\"}}],\"inLanguage\":\"sl-SI\"}]}<\/script>\n<!-- \/ Yoast SEO plugin. -->","yoast_head_json":{"title":"Zanka Asfalt - Tovarna sladkorja","robots":{"index":"index","follow":"follow","max-snippet":"max-snippet:-1","max-image-preview":"max-image-preview:large","max-video-preview":"max-video-preview:-1"},"canonical":"https:\/\/www.sugarfactory.hr\/sl\/izdelek\/spreji\/zankasti-asfalt-400-ml\/","og_locale":"sl_SI","og_type":"article","og_title":"Loop Asphalt - Sugar Factory","og_description":"Loopcolors Asphalt razvijen je kao savr\u0161en partner za Loopcolors Chrome, s formulom koja prekriva bilo koji komercijalno dostupni krom. Ova boja u spreju osigurava jasan i intenzivan crni mlaz, bez upotrebe bitumena. Dolazi u sprej limenci od 600 ml s visokim pritiskom, \u0161to omogu\u0107uje ve\u0107u u\u010dinkovitost i br\u017ee prekrivanje. Zahvaljuju\u0107i sna\u017enoj pigmentaciji, Asphalt pru\u017ea iznimno [&hellip;]","og_url":"https:\/\/www.sugarfactory.hr\/sl\/izdelek\/spreji\/zankasti-asfalt-400-ml\/","og_site_name":"Sugar Factory","article_modified_time":"2026-04-14T10:10:04+00:00","og_image":[{"width":896,"height":1120,"url":"https:\/\/www.sugarfactory.hr\/wp-content\/uploads\/2024\/04\/loop-asphalt.webp","type":"image\/webp"}],"twitter_card":"summary_large_image","twitter_misc":{"Est. reading time":"1 minuta"},"schema":{"@context":"https:\/\/schema.org","@graph":[{"@type":"WebPage","@id":"https:\/\/www.sugarfactory.hr\/proizvod\/sprejevi\/loop-asphalt-400-ml\/","url":"https:\/\/www.sugarfactory.hr\/proizvod\/sprejevi\/loop-asphalt-400-ml\/","name":"Zanka Asfalt - Tovarna sladkorja","isPartOf":{"@id":"https:\/\/www.sugarfactory.hr\/#website"},"primaryImageOfPage":{"@id":"https:\/\/www.sugarfactory.hr\/proizvod\/sprejevi\/loop-asphalt-400-ml\/#primaryimage"},"image":{"@id":"https:\/\/www.sugarfactory.hr\/proizvod\/sprejevi\/loop-asphalt-400-ml\/#primaryimage"},"thumbnailUrl":"https:\/\/www.sugarfactory.hr\/wp-content\/uploads\/2024\/04\/loop-asphalt.webp","datePublished":"2024-04-11T17:29:33+00:00","dateModified":"2026-04-14T10:10:04+00:00","breadcrumb":{"@id":"https:\/\/www.sugarfactory.hr\/proizvod\/sprejevi\/loop-asphalt-400-ml\/#breadcrumb"},"inLanguage":"sl-SI","potentialAction":[{"@type":"ReadAction","target":["https:\/\/www.sugarfactory.hr\/proizvod\/sprejevi\/loop-asphalt-400-ml\/"]}]},{"@type":"ImageObject","inLanguage":"sl-SI","@id":"https:\/\/www.sugarfactory.hr\/proizvod\/sprejevi\/loop-asphalt-400-ml\/#primaryimage","url":"https:\/\/www.sugarfactory.hr\/wp-content\/uploads\/2024\/04\/loop-asphalt.webp","contentUrl":"https:\/\/www.sugarfactory.hr\/wp-content\/uploads\/2024\/04\/loop-asphalt.webp","width":896,"height":1120},{"@type":"BreadcrumbList","@id":"https:\/\/www.sugarfactory.hr\/proizvod\/sprejevi\/loop-asphalt-400-ml\/#breadcrumb","itemListElement":[{"@type":"ListItem","position":1,"name":"Po\u010detna stranica","item":"https:\/\/www.sugarfactory.hr\/"},{"@type":"ListItem","position":2,"name":"Proizvodi","item":"https:\/\/www.sugarfactory.hr\/shop\/"},{"@type":"ListItem","position":3,"name":"Loop Asphalt"}]},{"@type":"WebSite","@id":"https:\/\/www.sugarfactory.hr\/#website","url":"https:\/\/www.sugarfactory.hr\/","name":"Tovarna sladkorja","description":"Create your sweetest pieces!","potentialAction":[{"@type":"SearchAction","target":{"@type":"EntryPoint","urlTemplate":"https:\/\/www.sugarfactory.hr\/?s={search_term_string}"},"query-input":{"@type":"PropertyValueSpecification","valueRequired":true,"valueName":"search_term_string"}}],"inLanguage":"sl-SI"}]}},"_links":{"self":[{"href":"https:\/\/www.sugarfactory.hr\/sl\/wp-json\/wp\/v2\/product\/7322","targetHints":{"allow":["GET"]}}],"collection":[{"href":"https:\/\/www.sugarfactory.hr\/sl\/wp-json\/wp\/v2\/product"}],"about":[{"href":"https:\/\/www.sugarfactory.hr\/sl\/wp-json\/wp\/v2\/types\/product"}],"wp:featuredmedia":[{"embeddable":true,"href":"https:\/\/www.sugarfactory.hr\/sl\/wp-json\/wp\/v2\/media\/12347"}],"wp:attachment":[{"href":"https:\/\/www.sugarfactory.hr\/sl\/wp-json\/wp\/v2\/media?parent=7322"}],"wp:term":[{"taxonomy":"product_brand","embeddable":true,"href":"https:\/\/www.sugarfactory.hr\/sl\/wp-json\/wp\/v2\/product_brand?post=7322"},{"taxonomy":"product_cat","embeddable":true,"href":"https:\/\/www.sugarfactory.hr\/sl\/wp-json\/wp\/v2\/product_cat?post=7322"},{"taxonomy":"product_tag","embeddable":true,"href":"https:\/\/www.sugarfactory.hr\/sl\/wp-json\/wp\/v2\/product_tag?post=7322"}],"curies":[{"name":"wp","href":"https:\/\/api.w.org\/{rel}","templated":true}]}}