{"id":7337,"date":"2024-04-11T17:36:28","date_gmt":"2024-04-11T17:36:28","guid":{"rendered":"https:\/\/www.sugarfactory.hr\/?post_type=product&#038;p=7337"},"modified":"2026-04-14T11:09:54","modified_gmt":"2026-04-14T10:09:54","slug":"loop-chrome-600-ml","status":"publish","type":"product","link":"https:\/\/www.sugarfactory.hr\/sl\/izdelek\/spreji\/loop-chrome-600-ml\/","title":{"rendered":"Loop krom 600 ml"},"content":{"rendered":"<p data-start=\"71\" data-end=\"386\"><strong data-start=\"139\" data-end=\"161\">Loop krom 600 ml<\/strong> je profesionalni sprej razvijen za <strong data-start=\"197\" data-end=\"231\">graffiti i umjetni\u010dke projekte<\/strong> koji zahtijevaju <strong data-start=\"249\" data-end=\"291\">Visoka pokritost in natan\u010den nadzor<\/strong>. Zahvaljujo\u010d <strong data-start=\"306\" data-end=\"325\">z mehanskim ventilom<\/strong>, omogu\u0107uje udoban i stabilan rad uz jednostavno rukovanje.<\/p>\n<p data-start=\"388\" data-end=\"576\">Formula osigurava <strong data-start=\"406\" data-end=\"440\">intenzivnu kromiranu zavr\u0161nicu<\/strong> koja pru\u017ea sna\u017ean vizualni efekt i odli\u010dno prijanja na razli\u010dite podloge. Idealan je za brze intervencije i isticanje detalja u radu.<\/p>\n<p data-start=\"578\" data-end=\"735\"><strong data-start=\"578\" data-end=\"600\">Loop krom 600 ml<\/strong> kombinira <strong data-start=\"611\" data-end=\"669\">trajnost, lako\u0107u primjene i profesionalni sjajni efekt<\/strong>, \u010dine\u0107i ga savr\u0161enim alatom za kreativne projekte i street art.<\/p>","protected":false},"excerpt":{"rendered":"<p>Loop Chrome 600 ml je profesionalni sprej razvijen za graffiti i umjetni\u010dke projekte koji zahtijevaju visoku pokrivenost i preciznu kontrolu. Zahvaljuju\u0107i mekanom ventilu, omogu\u0107uje udoban i stabilan rad uz jednostavno rukovanje. Formula osigurava intenzivnu kromiranu zavr\u0161nicu koja pru\u017ea sna\u017ean vizualni efekt i odli\u010dno prijanja na razli\u010dite podloge. Idealan je za brze intervencije i isticanje detalja [&hellip;]<\/p>","protected":false},"featured_media":12342,"template":"","meta":{"_acf_changed":false},"product_brand":[103],"product_cat":[16,75],"product_tag":[],"class_list":{"0":"post-7337","1":"product","2":"type-product","3":"status-publish","4":"has-post-thumbnail","6":"product_brand-loop","7":"product_cat-sprejevi","8":"product_cat-graffiti","10":"first","11":"instock","12":"shipping-taxable","13":"purchasable","14":"product-type-simple"},"acf":[],"yoast_head":"<!-- This site is optimized with the Yoast SEO plugin v26.3 - https:\/\/yoast.com\/wordpress\/plugins\/seo\/ -->\n<title>Loop Chrome 600 ml - Sugar Factory<\/title>\n<meta name=\"robots\" content=\"index, follow, max-snippet:-1, max-image-preview:large, max-video-preview:-1\" \/>\n<link rel=\"canonical\" href=\"https:\/\/www.sugarfactory.hr\/sl\/izdelek\/spreji\/loop-chrome-600-ml\/\" \/>\n<meta property=\"og:locale\" content=\"sl_SI\" \/>\n<meta property=\"og:type\" content=\"article\" \/>\n<meta property=\"og:title\" content=\"Loop Chrome 600 ml - Sugar Factory\" \/>\n<meta property=\"og:description\" content=\"Loop Chrome 600 ml je profesionalni sprej razvijen za graffiti i umjetni\u010dke projekte koji zahtijevaju visoku pokrivenost i preciznu kontrolu. Zahvaljuju\u0107i mekanom ventilu, omogu\u0107uje udoban i stabilan rad uz jednostavno rukovanje. Formula osigurava intenzivnu kromiranu zavr\u0161nicu koja pru\u017ea sna\u017ean vizualni efekt i odli\u010dno prijanja na razli\u010dite podloge. Idealan je za brze intervencije i isticanje detalja [&hellip;]\" \/>\n<meta property=\"og:url\" content=\"https:\/\/www.sugarfactory.hr\/sl\/izdelek\/spreji\/loop-chrome-600-ml\/\" \/>\n<meta property=\"og:site_name\" content=\"Sugar Factory\" \/>\n<meta property=\"article:modified_time\" content=\"2026-04-14T10:09:54+00:00\" \/>\n<meta property=\"og:image\" content=\"https:\/\/www.sugarfactory.hr\/wp-content\/uploads\/2024\/04\/loop-chrome-600.webp\" \/>\n\t<meta property=\"og:image:width\" content=\"896\" \/>\n\t<meta property=\"og:image:height\" content=\"1120\" \/>\n\t<meta property=\"og:image:type\" content=\"image\/webp\" \/>\n<meta name=\"twitter:card\" content=\"summary_large_image\" \/>\n<script type=\"application\/ld+json\" class=\"yoast-schema-graph\">{\"@context\":\"https:\/\/schema.org\",\"@graph\":[{\"@type\":\"WebPage\",\"@id\":\"https:\/\/www.sugarfactory.hr\/proizvod\/sprejevi\/loop-chrome-600-ml\/\",\"url\":\"https:\/\/www.sugarfactory.hr\/proizvod\/sprejevi\/loop-chrome-600-ml\/\",\"name\":\"Loop Chrome 600 ml - Sugar Factory\",\"isPartOf\":{\"@id\":\"https:\/\/www.sugarfactory.hr\/#website\"},\"primaryImageOfPage\":{\"@id\":\"https:\/\/www.sugarfactory.hr\/proizvod\/sprejevi\/loop-chrome-600-ml\/#primaryimage\"},\"image\":{\"@id\":\"https:\/\/www.sugarfactory.hr\/proizvod\/sprejevi\/loop-chrome-600-ml\/#primaryimage\"},\"thumbnailUrl\":\"https:\/\/www.sugarfactory.hr\/wp-content\/uploads\/2024\/04\/loop-chrome-600.webp\",\"datePublished\":\"2024-04-11T17:36:28+00:00\",\"dateModified\":\"2026-04-14T10:09:54+00:00\",\"breadcrumb\":{\"@id\":\"https:\/\/www.sugarfactory.hr\/proizvod\/sprejevi\/loop-chrome-600-ml\/#breadcrumb\"},\"inLanguage\":\"sl-SI\",\"potentialAction\":[{\"@type\":\"ReadAction\",\"target\":[\"https:\/\/www.sugarfactory.hr\/proizvod\/sprejevi\/loop-chrome-600-ml\/\"]}]},{\"@type\":\"ImageObject\",\"inLanguage\":\"sl-SI\",\"@id\":\"https:\/\/www.sugarfactory.hr\/proizvod\/sprejevi\/loop-chrome-600-ml\/#primaryimage\",\"url\":\"https:\/\/www.sugarfactory.hr\/wp-content\/uploads\/2024\/04\/loop-chrome-600.webp\",\"contentUrl\":\"https:\/\/www.sugarfactory.hr\/wp-content\/uploads\/2024\/04\/loop-chrome-600.webp\",\"width\":896,\"height\":1120},{\"@type\":\"BreadcrumbList\",\"@id\":\"https:\/\/www.sugarfactory.hr\/proizvod\/sprejevi\/loop-chrome-600-ml\/#breadcrumb\",\"itemListElement\":[{\"@type\":\"ListItem\",\"position\":1,\"name\":\"Po\u010detna stranica\",\"item\":\"https:\/\/www.sugarfactory.hr\/\"},{\"@type\":\"ListItem\",\"position\":2,\"name\":\"Proizvodi\",\"item\":\"https:\/\/www.sugarfactory.hr\/shop\/\"},{\"@type\":\"ListItem\",\"position\":3,\"name\":\"Loop Chrome 600 ml\"}]},{\"@type\":\"WebSite\",\"@id\":\"https:\/\/www.sugarfactory.hr\/#website\",\"url\":\"https:\/\/www.sugarfactory.hr\/\",\"name\":\"Sugar Factory\",\"description\":\"Create your sweetest pieces!\",\"potentialAction\":[{\"@type\":\"SearchAction\",\"target\":{\"@type\":\"EntryPoint\",\"urlTemplate\":\"https:\/\/www.sugarfactory.hr\/?s={search_term_string}\"},\"query-input\":{\"@type\":\"PropertyValueSpecification\",\"valueRequired\":true,\"valueName\":\"search_term_string\"}}],\"inLanguage\":\"sl-SI\"}]}<\/script>\n<!-- \/ Yoast SEO plugin. -->","yoast_head_json":{"title":"Loop Chrome 600 ml - Sugar Factory","robots":{"index":"index","follow":"follow","max-snippet":"max-snippet:-1","max-image-preview":"max-image-preview:large","max-video-preview":"max-video-preview:-1"},"canonical":"https:\/\/www.sugarfactory.hr\/sl\/izdelek\/spreji\/loop-chrome-600-ml\/","og_locale":"sl_SI","og_type":"article","og_title":"Loop Chrome 600 ml - Sugar Factory","og_description":"Loop Chrome 600 ml je profesionalni sprej razvijen za graffiti i umjetni\u010dke projekte koji zahtijevaju visoku pokrivenost i preciznu kontrolu. Zahvaljuju\u0107i mekanom ventilu, omogu\u0107uje udoban i stabilan rad uz jednostavno rukovanje. Formula osigurava intenzivnu kromiranu zavr\u0161nicu koja pru\u017ea sna\u017ean vizualni efekt i odli\u010dno prijanja na razli\u010dite podloge. Idealan je za brze intervencije i isticanje detalja [&hellip;]","og_url":"https:\/\/www.sugarfactory.hr\/sl\/izdelek\/spreji\/loop-chrome-600-ml\/","og_site_name":"Sugar Factory","article_modified_time":"2026-04-14T10:09:54+00:00","og_image":[{"width":896,"height":1120,"url":"https:\/\/www.sugarfactory.hr\/wp-content\/uploads\/2024\/04\/loop-chrome-600.webp","type":"image\/webp"}],"twitter_card":"summary_large_image","schema":{"@context":"https:\/\/schema.org","@graph":[{"@type":"WebPage","@id":"https:\/\/www.sugarfactory.hr\/proizvod\/sprejevi\/loop-chrome-600-ml\/","url":"https:\/\/www.sugarfactory.hr\/proizvod\/sprejevi\/loop-chrome-600-ml\/","name":"Loop Chrome 600 ml - Sugar Factory","isPartOf":{"@id":"https:\/\/www.sugarfactory.hr\/#website"},"primaryImageOfPage":{"@id":"https:\/\/www.sugarfactory.hr\/proizvod\/sprejevi\/loop-chrome-600-ml\/#primaryimage"},"image":{"@id":"https:\/\/www.sugarfactory.hr\/proizvod\/sprejevi\/loop-chrome-600-ml\/#primaryimage"},"thumbnailUrl":"https:\/\/www.sugarfactory.hr\/wp-content\/uploads\/2024\/04\/loop-chrome-600.webp","datePublished":"2024-04-11T17:36:28+00:00","dateModified":"2026-04-14T10:09:54+00:00","breadcrumb":{"@id":"https:\/\/www.sugarfactory.hr\/proizvod\/sprejevi\/loop-chrome-600-ml\/#breadcrumb"},"inLanguage":"sl-SI","potentialAction":[{"@type":"ReadAction","target":["https:\/\/www.sugarfactory.hr\/proizvod\/sprejevi\/loop-chrome-600-ml\/"]}]},{"@type":"ImageObject","inLanguage":"sl-SI","@id":"https:\/\/www.sugarfactory.hr\/proizvod\/sprejevi\/loop-chrome-600-ml\/#primaryimage","url":"https:\/\/www.sugarfactory.hr\/wp-content\/uploads\/2024\/04\/loop-chrome-600.webp","contentUrl":"https:\/\/www.sugarfactory.hr\/wp-content\/uploads\/2024\/04\/loop-chrome-600.webp","width":896,"height":1120},{"@type":"BreadcrumbList","@id":"https:\/\/www.sugarfactory.hr\/proizvod\/sprejevi\/loop-chrome-600-ml\/#breadcrumb","itemListElement":[{"@type":"ListItem","position":1,"name":"Po\u010detna stranica","item":"https:\/\/www.sugarfactory.hr\/"},{"@type":"ListItem","position":2,"name":"Proizvodi","item":"https:\/\/www.sugarfactory.hr\/shop\/"},{"@type":"ListItem","position":3,"name":"Loop Chrome 600 ml"}]},{"@type":"WebSite","@id":"https:\/\/www.sugarfactory.hr\/#website","url":"https:\/\/www.sugarfactory.hr\/","name":"Tovarna sladkorja","description":"Create your sweetest pieces!","potentialAction":[{"@type":"SearchAction","target":{"@type":"EntryPoint","urlTemplate":"https:\/\/www.sugarfactory.hr\/?s={search_term_string}"},"query-input":{"@type":"PropertyValueSpecification","valueRequired":true,"valueName":"search_term_string"}}],"inLanguage":"sl-SI"}]}},"_links":{"self":[{"href":"https:\/\/www.sugarfactory.hr\/sl\/wp-json\/wp\/v2\/product\/7337","targetHints":{"allow":["GET"]}}],"collection":[{"href":"https:\/\/www.sugarfactory.hr\/sl\/wp-json\/wp\/v2\/product"}],"about":[{"href":"https:\/\/www.sugarfactory.hr\/sl\/wp-json\/wp\/v2\/types\/product"}],"wp:featuredmedia":[{"embeddable":true,"href":"https:\/\/www.sugarfactory.hr\/sl\/wp-json\/wp\/v2\/media\/12342"}],"wp:attachment":[{"href":"https:\/\/www.sugarfactory.hr\/sl\/wp-json\/wp\/v2\/media?parent=7337"}],"wp:term":[{"taxonomy":"product_brand","embeddable":true,"href":"https:\/\/www.sugarfactory.hr\/sl\/wp-json\/wp\/v2\/product_brand?post=7337"},{"taxonomy":"product_cat","embeddable":true,"href":"https:\/\/www.sugarfactory.hr\/sl\/wp-json\/wp\/v2\/product_cat?post=7337"},{"taxonomy":"product_tag","embeddable":true,"href":"https:\/\/www.sugarfactory.hr\/sl\/wp-json\/wp\/v2\/product_tag?post=7337"}],"curies":[{"name":"wp","href":"https:\/\/api.w.org\/{rel}","templated":true}]}}