{"id":7566,"date":"2024-04-25T13:19:11","date_gmt":"2024-04-25T13:19:11","guid":{"rendered":"https:\/\/www.sugarfactory.hr\/?post_type=product&#038;p=7566"},"modified":"2026-04-17T12:53:09","modified_gmt":"2026-04-17T11:53:09","slug":"akrilna-barva-maimeri-200-ml","status":"publish","type":"product","link":"https:\/\/www.sugarfactory.hr\/sl\/izdelek\/umetniski-program\/akrilna-barva-maimeri-200-ml\/","title":{"rendered":"Akrilna barva Maimeri 200 ml"},"content":{"rendered":"<p data-start=\"0\" data-end=\"146\"><strong data-start=\"0\" data-end=\"31\">Akrilna barva Maimeri 200 ml<\/strong> je <strong data-start=\"35\" data-end=\"91\">visokokvalitetna akrilna boja talijanske proizvodnje<\/strong>, pogodna za <strong data-start=\"104\" data-end=\"143\" data-is-only-node=\"\">profesionalne i amaterske umjetnike<\/strong>.<\/p>\n<p data-start=\"148\" data-end=\"409\">Nudi <strong data-start=\"153\" data-end=\"184\">intenzivne i postojane boje<\/strong>, brzo se su\u0161i i omogu\u0107uje <strong data-start=\"211\" data-end=\"237\">sloj po sloj nano\u0161enje<\/strong> bez mije\u0161anja boja na ne\u017eeljeni na\u010din. Pogodna je za <strong data-start=\"293\" data-end=\"311\">razne povr\u0161ine<\/strong> poput <strong data-start=\"318\" data-end=\"352\">platna, drva, papira i kartona<\/strong>, zagotavljanje <strong data-start=\"364\" data-end=\"406\">svestranu primjenu i kreativnu slobodu<\/strong>.<\/p>\n<p data-start=\"411\" data-end=\"543\" data-is-last-node=\"\" data-is-only-node=\"\">Ova boja je idealna za <strong data-start=\"434\" data-end=\"493\">\u017eivopisne, dugotrajne i profesionalne umjetni\u010dke radove<\/strong>, s lako\u0107om \u010di\u0161\u0107enja vodom dok je boja jo\u0161 svje\u017ea.<\/p>","protected":false},"excerpt":{"rendered":"<p>Akrilna boja Maimeri 200 ml je visokokvalitetna akrilna boja talijanske proizvodnje, pogodna za profesionalne i amaterske umjetnike. Nudi intenzivne i postojane boje, brzo se su\u0161i i omogu\u0107uje sloj po sloj nano\u0161enje bez mije\u0161anja boja na ne\u017eeljeni na\u010din. Pogodna je za razne povr\u0161ine poput platna, drva, papira i kartona, pru\u017eaju\u0107i svestranu primjenu i kreativnu slobodu. Ova [&hellip;]<\/p>","protected":false},"featured_media":12670,"template":"","meta":{"_acf_changed":false},"product_brand":[118],"product_cat":[45,64],"product_tag":[],"class_list":{"0":"post-7566","1":"product","2":"type-product","3":"status-publish","4":"has-post-thumbnail","6":"product_brand-maimeri","7":"product_cat-umjetnicki-program","8":"product_cat-akrilne-boje","10":"first","11":"outofstock","12":"shipping-taxable","13":"purchasable","14":"product-type-variable"},"acf":[],"yoast_head":"<!-- This site is optimized with the Yoast SEO plugin v26.3 - https:\/\/yoast.com\/wordpress\/plugins\/seo\/ -->\n<title>Akrilna boja Maimeri 200 ml - Sugar Factory<\/title>\n<meta name=\"robots\" content=\"index, follow, max-snippet:-1, max-image-preview:large, max-video-preview:-1\" \/>\n<link rel=\"canonical\" href=\"https:\/\/www.sugarfactory.hr\/sl\/izdelek\/umetniski-program\/akrilna-barva-maimeri-200-ml\/\" \/>\n<meta property=\"og:locale\" content=\"sl_SI\" \/>\n<meta property=\"og:type\" content=\"article\" \/>\n<meta property=\"og:title\" content=\"Akrilna boja Maimeri 200 ml - Sugar Factory\" \/>\n<meta property=\"og:description\" content=\"Akrilna boja Maimeri 200 ml je visokokvalitetna akrilna boja talijanske proizvodnje, pogodna za profesionalne i amaterske umjetnike. Nudi intenzivne i postojane boje, brzo se su\u0161i i omogu\u0107uje sloj po sloj nano\u0161enje bez mije\u0161anja boja na ne\u017eeljeni na\u010din. Pogodna je za razne povr\u0161ine poput platna, drva, papira i kartona, pru\u017eaju\u0107i svestranu primjenu i kreativnu slobodu. Ova [&hellip;]\" \/>\n<meta property=\"og:url\" content=\"https:\/\/www.sugarfactory.hr\/sl\/izdelek\/umetniski-program\/akrilna-barva-maimeri-200-ml\/\" \/>\n<meta property=\"og:site_name\" content=\"Sugar Factory\" \/>\n<meta property=\"article:modified_time\" content=\"2026-04-17T11:53:09+00:00\" \/>\n<meta property=\"og:image\" content=\"https:\/\/www.sugarfactory.hr\/wp-content\/uploads\/2024\/04\/c516533fd228419e9b471d884c789095.webp\" \/>\n\t<meta property=\"og:image:width\" content=\"896\" \/>\n\t<meta property=\"og:image:height\" content=\"1120\" \/>\n\t<meta property=\"og:image:type\" content=\"image\/webp\" \/>\n<meta name=\"twitter:card\" content=\"summary_large_image\" \/>\n<script type=\"application\/ld+json\" class=\"yoast-schema-graph\">{\"@context\":\"https:\/\/schema.org\",\"@graph\":[{\"@type\":\"WebPage\",\"@id\":\"https:\/\/www.sugarfactory.hr\/proizvod\/umjetnicki-program\/akrilna-boja-maimeri-200-ml\/\",\"url\":\"https:\/\/www.sugarfactory.hr\/proizvod\/umjetnicki-program\/akrilna-boja-maimeri-200-ml\/\",\"name\":\"Akrilna boja Maimeri 200 ml - Sugar Factory\",\"isPartOf\":{\"@id\":\"https:\/\/www.sugarfactory.hr\/#website\"},\"primaryImageOfPage\":{\"@id\":\"https:\/\/www.sugarfactory.hr\/proizvod\/umjetnicki-program\/akrilna-boja-maimeri-200-ml\/#primaryimage\"},\"image\":{\"@id\":\"https:\/\/www.sugarfactory.hr\/proizvod\/umjetnicki-program\/akrilna-boja-maimeri-200-ml\/#primaryimage\"},\"thumbnailUrl\":\"https:\/\/www.sugarfactory.hr\/wp-content\/uploads\/2024\/04\/c516533fd228419e9b471d884c789095.webp\",\"datePublished\":\"2024-04-25T13:19:11+00:00\",\"dateModified\":\"2026-04-17T11:53:09+00:00\",\"breadcrumb\":{\"@id\":\"https:\/\/www.sugarfactory.hr\/proizvod\/umjetnicki-program\/akrilna-boja-maimeri-200-ml\/#breadcrumb\"},\"inLanguage\":\"sl-SI\",\"potentialAction\":[{\"@type\":\"ReadAction\",\"target\":[\"https:\/\/www.sugarfactory.hr\/proizvod\/umjetnicki-program\/akrilna-boja-maimeri-200-ml\/\"]}]},{\"@type\":\"ImageObject\",\"inLanguage\":\"sl-SI\",\"@id\":\"https:\/\/www.sugarfactory.hr\/proizvod\/umjetnicki-program\/akrilna-boja-maimeri-200-ml\/#primaryimage\",\"url\":\"https:\/\/www.sugarfactory.hr\/wp-content\/uploads\/2024\/04\/c516533fd228419e9b471d884c789095.webp\",\"contentUrl\":\"https:\/\/www.sugarfactory.hr\/wp-content\/uploads\/2024\/04\/c516533fd228419e9b471d884c789095.webp\",\"width\":896,\"height\":1120},{\"@type\":\"BreadcrumbList\",\"@id\":\"https:\/\/www.sugarfactory.hr\/proizvod\/umjetnicki-program\/akrilna-boja-maimeri-200-ml\/#breadcrumb\",\"itemListElement\":[{\"@type\":\"ListItem\",\"position\":1,\"name\":\"Po\u010detna stranica\",\"item\":\"https:\/\/www.sugarfactory.hr\/\"},{\"@type\":\"ListItem\",\"position\":2,\"name\":\"Proizvodi\",\"item\":\"https:\/\/www.sugarfactory.hr\/shop\/\"},{\"@type\":\"ListItem\",\"position\":3,\"name\":\"Akrilna boja Maimeri 200 ml\"}]},{\"@type\":\"WebSite\",\"@id\":\"https:\/\/www.sugarfactory.hr\/#website\",\"url\":\"https:\/\/www.sugarfactory.hr\/\",\"name\":\"Sugar Factory\",\"description\":\"Create your sweetest pieces!\",\"potentialAction\":[{\"@type\":\"SearchAction\",\"target\":{\"@type\":\"EntryPoint\",\"urlTemplate\":\"https:\/\/www.sugarfactory.hr\/?s={search_term_string}\"},\"query-input\":{\"@type\":\"PropertyValueSpecification\",\"valueRequired\":true,\"valueName\":\"search_term_string\"}}],\"inLanguage\":\"sl-SI\"}]}<\/script>\n<!-- \/ Yoast SEO plugin. -->","yoast_head_json":{"title":"Akrilna barva Maimeri 200 ml - Sugar Factory","robots":{"index":"index","follow":"follow","max-snippet":"max-snippet:-1","max-image-preview":"max-image-preview:large","max-video-preview":"max-video-preview:-1"},"canonical":"https:\/\/www.sugarfactory.hr\/sl\/izdelek\/umetniski-program\/akrilna-barva-maimeri-200-ml\/","og_locale":"sl_SI","og_type":"article","og_title":"Akrilna boja Maimeri 200 ml - Sugar Factory","og_description":"Akrilna boja Maimeri 200 ml je visokokvalitetna akrilna boja talijanske proizvodnje, pogodna za profesionalne i amaterske umjetnike. Nudi intenzivne i postojane boje, brzo se su\u0161i i omogu\u0107uje sloj po sloj nano\u0161enje bez mije\u0161anja boja na ne\u017eeljeni na\u010din. Pogodna je za razne povr\u0161ine poput platna, drva, papira i kartona, pru\u017eaju\u0107i svestranu primjenu i kreativnu slobodu. Ova [&hellip;]","og_url":"https:\/\/www.sugarfactory.hr\/sl\/izdelek\/umetniski-program\/akrilna-barva-maimeri-200-ml\/","og_site_name":"Sugar Factory","article_modified_time":"2026-04-17T11:53:09+00:00","og_image":[{"width":896,"height":1120,"url":"https:\/\/www.sugarfactory.hr\/wp-content\/uploads\/2024\/04\/c516533fd228419e9b471d884c789095.webp","type":"image\/webp"}],"twitter_card":"summary_large_image","schema":{"@context":"https:\/\/schema.org","@graph":[{"@type":"WebPage","@id":"https:\/\/www.sugarfactory.hr\/proizvod\/umjetnicki-program\/akrilna-boja-maimeri-200-ml\/","url":"https:\/\/www.sugarfactory.hr\/proizvod\/umjetnicki-program\/akrilna-boja-maimeri-200-ml\/","name":"Akrilna barva Maimeri 200 ml - Sugar Factory","isPartOf":{"@id":"https:\/\/www.sugarfactory.hr\/#website"},"primaryImageOfPage":{"@id":"https:\/\/www.sugarfactory.hr\/proizvod\/umjetnicki-program\/akrilna-boja-maimeri-200-ml\/#primaryimage"},"image":{"@id":"https:\/\/www.sugarfactory.hr\/proizvod\/umjetnicki-program\/akrilna-boja-maimeri-200-ml\/#primaryimage"},"thumbnailUrl":"https:\/\/www.sugarfactory.hr\/wp-content\/uploads\/2024\/04\/c516533fd228419e9b471d884c789095.webp","datePublished":"2024-04-25T13:19:11+00:00","dateModified":"2026-04-17T11:53:09+00:00","breadcrumb":{"@id":"https:\/\/www.sugarfactory.hr\/proizvod\/umjetnicki-program\/akrilna-boja-maimeri-200-ml\/#breadcrumb"},"inLanguage":"sl-SI","potentialAction":[{"@type":"ReadAction","target":["https:\/\/www.sugarfactory.hr\/proizvod\/umjetnicki-program\/akrilna-boja-maimeri-200-ml\/"]}]},{"@type":"ImageObject","inLanguage":"sl-SI","@id":"https:\/\/www.sugarfactory.hr\/proizvod\/umjetnicki-program\/akrilna-boja-maimeri-200-ml\/#primaryimage","url":"https:\/\/www.sugarfactory.hr\/wp-content\/uploads\/2024\/04\/c516533fd228419e9b471d884c789095.webp","contentUrl":"https:\/\/www.sugarfactory.hr\/wp-content\/uploads\/2024\/04\/c516533fd228419e9b471d884c789095.webp","width":896,"height":1120},{"@type":"BreadcrumbList","@id":"https:\/\/www.sugarfactory.hr\/proizvod\/umjetnicki-program\/akrilna-boja-maimeri-200-ml\/#breadcrumb","itemListElement":[{"@type":"ListItem","position":1,"name":"Po\u010detna stranica","item":"https:\/\/www.sugarfactory.hr\/"},{"@type":"ListItem","position":2,"name":"Proizvodi","item":"https:\/\/www.sugarfactory.hr\/shop\/"},{"@type":"ListItem","position":3,"name":"Akrilna boja Maimeri 200 ml"}]},{"@type":"WebSite","@id":"https:\/\/www.sugarfactory.hr\/#website","url":"https:\/\/www.sugarfactory.hr\/","name":"Tovarna sladkorja","description":"Create your sweetest pieces!","potentialAction":[{"@type":"SearchAction","target":{"@type":"EntryPoint","urlTemplate":"https:\/\/www.sugarfactory.hr\/?s={search_term_string}"},"query-input":{"@type":"PropertyValueSpecification","valueRequired":true,"valueName":"search_term_string"}}],"inLanguage":"sl-SI"}]}},"_links":{"self":[{"href":"https:\/\/www.sugarfactory.hr\/sl\/wp-json\/wp\/v2\/product\/7566","targetHints":{"allow":["GET"]}}],"collection":[{"href":"https:\/\/www.sugarfactory.hr\/sl\/wp-json\/wp\/v2\/product"}],"about":[{"href":"https:\/\/www.sugarfactory.hr\/sl\/wp-json\/wp\/v2\/types\/product"}],"wp:featuredmedia":[{"embeddable":true,"href":"https:\/\/www.sugarfactory.hr\/sl\/wp-json\/wp\/v2\/media\/12670"}],"wp:attachment":[{"href":"https:\/\/www.sugarfactory.hr\/sl\/wp-json\/wp\/v2\/media?parent=7566"}],"wp:term":[{"taxonomy":"product_brand","embeddable":true,"href":"https:\/\/www.sugarfactory.hr\/sl\/wp-json\/wp\/v2\/product_brand?post=7566"},{"taxonomy":"product_cat","embeddable":true,"href":"https:\/\/www.sugarfactory.hr\/sl\/wp-json\/wp\/v2\/product_cat?post=7566"},{"taxonomy":"product_tag","embeddable":true,"href":"https:\/\/www.sugarfactory.hr\/sl\/wp-json\/wp\/v2\/product_tag?post=7566"}],"curies":[{"name":"wp","href":"https:\/\/api.w.org\/{rel}","templated":true}]}}