{"id":7772,"date":"2024-04-26T09:46:28","date_gmt":"2024-04-26T09:46:28","guid":{"rendered":"https:\/\/www.sugarfactory.hr\/?post_type=product&#038;p=7772"},"modified":"2026-04-17T12:53:13","modified_gmt":"2026-04-17T11:53:13","slug":"akril-polycolor-maimeri","status":"publish","type":"product","link":"https:\/\/www.sugarfactory.hr\/sl\/izdelek\/umetniski-program\/akril-polycolor-maimeri\/","title":{"rendered":"Akrilna barva Polycolor Maimeri"},"content":{"rendered":"<p data-start=\"0\" data-end=\"210\"><strong data-start=\"0\" data-end=\"36\">Akrilne boje \"Polycolor\" Maimeri<\/strong> so <strong data-start=\"40\" data-end=\"73\">visokokvalitetne akrilne boje<\/strong> s pigmentima <strong data-start=\"87\" data-end=\"121\" data-is-only-node=\"\">visoke otpornosti na svjetlost<\/strong>, raspr\u0161enim u <strong data-start=\"136\" data-end=\"157\">akrilnoj emulziji<\/strong> koja osigurava <strong data-start=\"173\" data-end=\"207\">\u010dvrst i elasti\u010dan zavr\u0161ni sloj<\/strong>.<\/p>\n<p data-start=\"212\" data-end=\"457\">Barve <strong data-start=\"217\" data-end=\"254\">prianjaju na gotovo svaku podlogu<\/strong>, mogu se <strong data-start=\"264\" data-end=\"312\">nanijeti jedna na drugu i me\u0111usobno mije\u0161ati<\/strong>, a razrje\u0111uju se vodom. Nakon su\u0161enja postaju <strong data-start=\"359\" data-end=\"400\">nerastopive, nepromo\u010dive i dugotrajne<\/strong>, z <strong data-start=\"404\" data-end=\"454\">otpornim, jednoli\u010dnim, bar\u0161unasto-mat izgledom<\/strong>.<\/p>\n<p data-start=\"459\" data-end=\"628\" data-is-last-node=\"\" data-is-only-node=\"\">Svestranost i otpornost na vanjske uvjete \u010dine <strong data-start=\"506\" data-end=\"561\">Polycolor idealnim za umjetni\u010dka djela na otvorenom<\/strong>, in <strong data-start=\"565\" data-end=\"627\">visoka pokrivnost omogu\u0107uje brzo i efikasno nano\u0161enje boje<\/strong>.<\/p>","protected":false},"excerpt":{"rendered":"<p>Akrilne boje \"Polycolor\" Maimeri su visokokvalitetne akrilne boje s pigmentima visoke otpornosti na svjetlost, raspr\u0161enim u akrilnoj emulziji koja osigurava \u010dvrst i elasti\u010dan zavr\u0161ni sloj. Boje prianjaju na gotovo svaku podlogu, mogu se nanijeti jedna na drugu i me\u0111usobno mije\u0161ati, a razrje\u0111uju se vodom. Nakon su\u0161enja postaju nerastopive, nepromo\u010dive i dugotrajne, s otpornim, jednoli\u010dnim, bar\u0161unasto-mat [&hellip;]<\/p>","protected":false},"featured_media":12673,"template":"","meta":{"_acf_changed":false},"product_brand":[118],"product_cat":[45,64],"product_tag":[],"class_list":{"0":"post-7772","1":"product","2":"type-product","3":"status-publish","4":"has-post-thumbnail","6":"product_brand-maimeri","7":"product_cat-umjetnicki-program","8":"product_cat-akrilne-boje","10":"first","11":"outofstock","12":"shipping-taxable","13":"purchasable","14":"product-type-variable"},"acf":[],"yoast_head":"<!-- This site is optimized with the Yoast SEO plugin v26.3 - https:\/\/yoast.com\/wordpress\/plugins\/seo\/ -->\n<title>Akril polycolor Maimeri - Sugar Factory<\/title>\n<meta name=\"robots\" content=\"index, follow, max-snippet:-1, max-image-preview:large, max-video-preview:-1\" \/>\n<link rel=\"canonical\" href=\"https:\/\/www.sugarfactory.hr\/sl\/izdelek\/umetniski-program\/akril-polycolor-maimeri\/\" \/>\n<meta property=\"og:locale\" content=\"sl_SI\" \/>\n<meta property=\"og:type\" content=\"article\" \/>\n<meta property=\"og:title\" content=\"Akril polycolor Maimeri - Sugar Factory\" \/>\n<meta property=\"og:description\" content=\"Akrilne boje &quot;Polycolor&quot; Maimeri su visokokvalitetne akrilne boje s pigmentima visoke otpornosti na svjetlost, raspr\u0161enim u akrilnoj emulziji koja osigurava \u010dvrst i elasti\u010dan zavr\u0161ni sloj. Boje prianjaju na gotovo svaku podlogu, mogu se nanijeti jedna na drugu i me\u0111usobno mije\u0161ati, a razrje\u0111uju se vodom. Nakon su\u0161enja postaju nerastopive, nepromo\u010dive i dugotrajne, s otpornim, jednoli\u010dnim, bar\u0161unasto-mat [&hellip;]\" \/>\n<meta property=\"og:url\" content=\"https:\/\/www.sugarfactory.hr\/sl\/izdelek\/umetniski-program\/akril-polycolor-maimeri\/\" \/>\n<meta property=\"og:site_name\" content=\"Sugar Factory\" \/>\n<meta property=\"article:modified_time\" content=\"2026-04-17T11:53:13+00:00\" \/>\n<meta property=\"og:image\" content=\"https:\/\/www.sugarfactory.hr\/wp-content\/uploads\/2024\/04\/a32a380f9cfc4aa698db7d8946c6ce13.webp\" \/>\n\t<meta property=\"og:image:width\" content=\"896\" \/>\n\t<meta property=\"og:image:height\" content=\"1120\" \/>\n\t<meta property=\"og:image:type\" content=\"image\/webp\" \/>\n<meta name=\"twitter:card\" content=\"summary_large_image\" \/>\n<script type=\"application\/ld+json\" class=\"yoast-schema-graph\">{\"@context\":\"https:\/\/schema.org\",\"@graph\":[{\"@type\":\"WebPage\",\"@id\":\"https:\/\/www.sugarfactory.hr\/proizvod\/umjetnicki-program\/akril-polycolor-maimeri\/\",\"url\":\"https:\/\/www.sugarfactory.hr\/proizvod\/umjetnicki-program\/akril-polycolor-maimeri\/\",\"name\":\"Akril polycolor Maimeri - Sugar Factory\",\"isPartOf\":{\"@id\":\"https:\/\/www.sugarfactory.hr\/#website\"},\"primaryImageOfPage\":{\"@id\":\"https:\/\/www.sugarfactory.hr\/proizvod\/umjetnicki-program\/akril-polycolor-maimeri\/#primaryimage\"},\"image\":{\"@id\":\"https:\/\/www.sugarfactory.hr\/proizvod\/umjetnicki-program\/akril-polycolor-maimeri\/#primaryimage\"},\"thumbnailUrl\":\"https:\/\/www.sugarfactory.hr\/wp-content\/uploads\/2024\/04\/a32a380f9cfc4aa698db7d8946c6ce13.webp\",\"datePublished\":\"2024-04-26T09:46:28+00:00\",\"dateModified\":\"2026-04-17T11:53:13+00:00\",\"breadcrumb\":{\"@id\":\"https:\/\/www.sugarfactory.hr\/proizvod\/umjetnicki-program\/akril-polycolor-maimeri\/#breadcrumb\"},\"inLanguage\":\"sl-SI\",\"potentialAction\":[{\"@type\":\"ReadAction\",\"target\":[\"https:\/\/www.sugarfactory.hr\/proizvod\/umjetnicki-program\/akril-polycolor-maimeri\/\"]}]},{\"@type\":\"ImageObject\",\"inLanguage\":\"sl-SI\",\"@id\":\"https:\/\/www.sugarfactory.hr\/proizvod\/umjetnicki-program\/akril-polycolor-maimeri\/#primaryimage\",\"url\":\"https:\/\/www.sugarfactory.hr\/wp-content\/uploads\/2024\/04\/a32a380f9cfc4aa698db7d8946c6ce13.webp\",\"contentUrl\":\"https:\/\/www.sugarfactory.hr\/wp-content\/uploads\/2024\/04\/a32a380f9cfc4aa698db7d8946c6ce13.webp\",\"width\":896,\"height\":1120},{\"@type\":\"BreadcrumbList\",\"@id\":\"https:\/\/www.sugarfactory.hr\/proizvod\/umjetnicki-program\/akril-polycolor-maimeri\/#breadcrumb\",\"itemListElement\":[{\"@type\":\"ListItem\",\"position\":1,\"name\":\"Po\u010detna stranica\",\"item\":\"https:\/\/www.sugarfactory.hr\/\"},{\"@type\":\"ListItem\",\"position\":2,\"name\":\"Proizvodi\",\"item\":\"https:\/\/www.sugarfactory.hr\/shop\/\"},{\"@type\":\"ListItem\",\"position\":3,\"name\":\"Akril polycolor Maimeri\"}]},{\"@type\":\"WebSite\",\"@id\":\"https:\/\/www.sugarfactory.hr\/#website\",\"url\":\"https:\/\/www.sugarfactory.hr\/\",\"name\":\"Sugar Factory\",\"description\":\"Create your sweetest pieces!\",\"potentialAction\":[{\"@type\":\"SearchAction\",\"target\":{\"@type\":\"EntryPoint\",\"urlTemplate\":\"https:\/\/www.sugarfactory.hr\/?s={search_term_string}\"},\"query-input\":{\"@type\":\"PropertyValueSpecification\",\"valueRequired\":true,\"valueName\":\"search_term_string\"}}],\"inLanguage\":\"sl-SI\"}]}<\/script>\n<!-- \/ Yoast SEO plugin. -->","yoast_head_json":{"title":"Akril polycolor Maimeri - Sugar Factory","robots":{"index":"index","follow":"follow","max-snippet":"max-snippet:-1","max-image-preview":"max-image-preview:large","max-video-preview":"max-video-preview:-1"},"canonical":"https:\/\/www.sugarfactory.hr\/sl\/izdelek\/umetniski-program\/akril-polycolor-maimeri\/","og_locale":"sl_SI","og_type":"article","og_title":"Akril polycolor Maimeri - Sugar Factory","og_description":"Akrilne boje \"Polycolor\" Maimeri su visokokvalitetne akrilne boje s pigmentima visoke otpornosti na svjetlost, raspr\u0161enim u akrilnoj emulziji koja osigurava \u010dvrst i elasti\u010dan zavr\u0161ni sloj. Boje prianjaju na gotovo svaku podlogu, mogu se nanijeti jedna na drugu i me\u0111usobno mije\u0161ati, a razrje\u0111uju se vodom. Nakon su\u0161enja postaju nerastopive, nepromo\u010dive i dugotrajne, s otpornim, jednoli\u010dnim, bar\u0161unasto-mat [&hellip;]","og_url":"https:\/\/www.sugarfactory.hr\/sl\/izdelek\/umetniski-program\/akril-polycolor-maimeri\/","og_site_name":"Sugar Factory","article_modified_time":"2026-04-17T11:53:13+00:00","og_image":[{"width":896,"height":1120,"url":"https:\/\/www.sugarfactory.hr\/wp-content\/uploads\/2024\/04\/a32a380f9cfc4aa698db7d8946c6ce13.webp","type":"image\/webp"}],"twitter_card":"summary_large_image","schema":{"@context":"https:\/\/schema.org","@graph":[{"@type":"WebPage","@id":"https:\/\/www.sugarfactory.hr\/proizvod\/umjetnicki-program\/akril-polycolor-maimeri\/","url":"https:\/\/www.sugarfactory.hr\/proizvod\/umjetnicki-program\/akril-polycolor-maimeri\/","name":"Akril polycolor Maimeri - Sugar Factory","isPartOf":{"@id":"https:\/\/www.sugarfactory.hr\/#website"},"primaryImageOfPage":{"@id":"https:\/\/www.sugarfactory.hr\/proizvod\/umjetnicki-program\/akril-polycolor-maimeri\/#primaryimage"},"image":{"@id":"https:\/\/www.sugarfactory.hr\/proizvod\/umjetnicki-program\/akril-polycolor-maimeri\/#primaryimage"},"thumbnailUrl":"https:\/\/www.sugarfactory.hr\/wp-content\/uploads\/2024\/04\/a32a380f9cfc4aa698db7d8946c6ce13.webp","datePublished":"2024-04-26T09:46:28+00:00","dateModified":"2026-04-17T11:53:13+00:00","breadcrumb":{"@id":"https:\/\/www.sugarfactory.hr\/proizvod\/umjetnicki-program\/akril-polycolor-maimeri\/#breadcrumb"},"inLanguage":"sl-SI","potentialAction":[{"@type":"ReadAction","target":["https:\/\/www.sugarfactory.hr\/proizvod\/umjetnicki-program\/akril-polycolor-maimeri\/"]}]},{"@type":"ImageObject","inLanguage":"sl-SI","@id":"https:\/\/www.sugarfactory.hr\/proizvod\/umjetnicki-program\/akril-polycolor-maimeri\/#primaryimage","url":"https:\/\/www.sugarfactory.hr\/wp-content\/uploads\/2024\/04\/a32a380f9cfc4aa698db7d8946c6ce13.webp","contentUrl":"https:\/\/www.sugarfactory.hr\/wp-content\/uploads\/2024\/04\/a32a380f9cfc4aa698db7d8946c6ce13.webp","width":896,"height":1120},{"@type":"BreadcrumbList","@id":"https:\/\/www.sugarfactory.hr\/proizvod\/umjetnicki-program\/akril-polycolor-maimeri\/#breadcrumb","itemListElement":[{"@type":"ListItem","position":1,"name":"Po\u010detna stranica","item":"https:\/\/www.sugarfactory.hr\/"},{"@type":"ListItem","position":2,"name":"Proizvodi","item":"https:\/\/www.sugarfactory.hr\/shop\/"},{"@type":"ListItem","position":3,"name":"Akril polycolor Maimeri"}]},{"@type":"WebSite","@id":"https:\/\/www.sugarfactory.hr\/#website","url":"https:\/\/www.sugarfactory.hr\/","name":"Tovarna sladkorja","description":"Create your sweetest pieces!","potentialAction":[{"@type":"SearchAction","target":{"@type":"EntryPoint","urlTemplate":"https:\/\/www.sugarfactory.hr\/?s={search_term_string}"},"query-input":{"@type":"PropertyValueSpecification","valueRequired":true,"valueName":"search_term_string"}}],"inLanguage":"sl-SI"}]}},"_links":{"self":[{"href":"https:\/\/www.sugarfactory.hr\/sl\/wp-json\/wp\/v2\/product\/7772","targetHints":{"allow":["GET"]}}],"collection":[{"href":"https:\/\/www.sugarfactory.hr\/sl\/wp-json\/wp\/v2\/product"}],"about":[{"href":"https:\/\/www.sugarfactory.hr\/sl\/wp-json\/wp\/v2\/types\/product"}],"wp:featuredmedia":[{"embeddable":true,"href":"https:\/\/www.sugarfactory.hr\/sl\/wp-json\/wp\/v2\/media\/12673"}],"wp:attachment":[{"href":"https:\/\/www.sugarfactory.hr\/sl\/wp-json\/wp\/v2\/media?parent=7772"}],"wp:term":[{"taxonomy":"product_brand","embeddable":true,"href":"https:\/\/www.sugarfactory.hr\/sl\/wp-json\/wp\/v2\/product_brand?post=7772"},{"taxonomy":"product_cat","embeddable":true,"href":"https:\/\/www.sugarfactory.hr\/sl\/wp-json\/wp\/v2\/product_cat?post=7772"},{"taxonomy":"product_tag","embeddable":true,"href":"https:\/\/www.sugarfactory.hr\/sl\/wp-json\/wp\/v2\/product_tag?post=7772"}],"curies":[{"name":"wp","href":"https:\/\/api.w.org\/{rel}","templated":true}]}}