{"id":8009,"date":"2024-06-05T12:26:52","date_gmt":"2024-06-05T12:26:52","guid":{"rendered":"https:\/\/www.sugarfactory.hr\/?post_type=product&#038;p=8009"},"modified":"2026-04-17T16:41:48","modified_gmt":"2026-04-17T15:41:48","slug":"kapalnik-za-drogo-5-mm","status":"publish","type":"product","link":"https:\/\/www.sugarfactory.hr\/sl\/izdelek\/oznacevalci\/kapalnik-za-drogo-5-mm\/","title":{"rendered":"Kapalnik za drogo 5 mm"},"content":{"rendered":"<p data-start=\"70\" data-end=\"273\"><strong data-start=\"126\" data-end=\"147\">Kapalnik za drogo 5 mm<\/strong> Oznaka je znana po svoji <strong data-start=\"173\" data-end=\"212\">z zna\u010dilnim u\u010dinkom barvnega prelivanja<\/strong>, zaradi \u010desar je priljubljeno orodje med uli\u010dnimi umetniki.<\/p>\n<p data-start=\"275\" data-end=\"420\">Je polno. <strong data-start=\"285\" data-end=\"311\">barva na osnovi alkohola<\/strong> ki se odli\u010dno prilega vsem povr\u0161inam in je izjemno <strong data-start=\"363\" data-end=\"394\">Vremensko odporen<\/strong>, zato ga je te\u017eko odstraniti.<\/p>\n<p data-start=\"422\" data-end=\"554\">Prilagodljiva embala\u017ea omogo\u010da <strong data-start=\"454\" data-end=\"487\">popoln nadzor nad pretokom barve<\/strong>, s \u010dimer umetnik sam odlo\u010da o intenzivnosti in izraznosti \u010dopi\u010devih potez.<\/p>\n<p data-start=\"556\" data-end=\"677\">Na voljo je v <strong data-start=\"570\" data-end=\"581\">20 barv<\/strong> in v <strong data-start=\"587\" data-end=\"626\">tri razli\u010dne velikosti in zmogljivosti<\/strong>, ki ponuja \u0161iroke mo\u017enosti za ustvarjalno izra\u017eanje.<\/p>\n<p>Najni\u017eja cena v zadnjih 30 dneh: <strong>2,79 \u20ac<\/strong><\/p>","protected":false},"excerpt":{"rendered":"<p>Dope Dripper 5 mm marker poznat je po svom prepoznatljivom efektu curenja boje, \u0161to ga \u010dini omiljenim alatom me\u0111u street art umjetnicima. Punjen je bojom na bazi alkohola koja odli\u010dno prianja na sve povr\u0161ine i izuzetno je otporna na vremenske uvjete, pa je te\u0161ko uklonjiva. Fleksibilno pakiranje omogu\u0107uje potpunu kontrolu protoka boje, \u010dime umjetnik sam [&hellip;]<\/p>","protected":false},"featured_media":12415,"template":"","meta":{"_acf_changed":false},"product_brand":[106],"product_cat":[22,83],"product_tag":[],"class_list":{"0":"post-8009","1":"product","2":"type-product","3":"status-publish","4":"has-post-thumbnail","6":"product_brand-dope","7":"product_cat-markeri","8":"product_cat-dripperi-squeezeri-i-dabberi","10":"first","11":"outofstock","12":"shipping-taxable","13":"purchasable","14":"product-type-variable"},"acf":[],"yoast_head":"<!-- This site is optimized with the Yoast SEO plugin v26.3 - https:\/\/yoast.com\/wordpress\/plugins\/seo\/ -->\n<title>Dope Dripper 5 mm - Sugar Factory<\/title>\n<meta name=\"robots\" content=\"index, follow, max-snippet:-1, max-image-preview:large, max-video-preview:-1\" \/>\n<link rel=\"canonical\" href=\"https:\/\/www.sugarfactory.hr\/sl\/izdelek\/oznacevalci\/kapalnik-za-drogo-5-mm\/\" \/>\n<meta property=\"og:locale\" content=\"sl_SI\" \/>\n<meta property=\"og:type\" content=\"article\" \/>\n<meta property=\"og:title\" content=\"Dope Dripper 5 mm - Sugar Factory\" \/>\n<meta property=\"og:description\" content=\"Dope Dripper 5 mm marker poznat je po svom prepoznatljivom efektu curenja boje, \u0161to ga \u010dini omiljenim alatom me\u0111u street art umjetnicima. Punjen je bojom na bazi alkohola koja odli\u010dno prianja na sve povr\u0161ine i izuzetno je otporna na vremenske uvjete, pa je te\u0161ko uklonjiva. Fleksibilno pakiranje omogu\u0107uje potpunu kontrolu protoka boje, \u010dime umjetnik sam [&hellip;]\" \/>\n<meta property=\"og:url\" content=\"https:\/\/www.sugarfactory.hr\/sl\/izdelek\/oznacevalci\/kapalnik-za-drogo-5-mm\/\" \/>\n<meta property=\"og:site_name\" content=\"Sugar Factory\" \/>\n<meta property=\"article:modified_time\" content=\"2026-04-17T15:41:48+00:00\" \/>\n<meta property=\"og:image\" content=\"https:\/\/www.sugarfactory.hr\/wp-content\/uploads\/2024\/06\/dope-dripper-5mm.webp\" \/>\n\t<meta property=\"og:image:width\" content=\"896\" \/>\n\t<meta property=\"og:image:height\" content=\"1120\" \/>\n\t<meta property=\"og:image:type\" content=\"image\/webp\" \/>\n<meta name=\"twitter:card\" content=\"summary_large_image\" \/>\n<script type=\"application\/ld+json\" class=\"yoast-schema-graph\">{\"@context\":\"https:\/\/schema.org\",\"@graph\":[{\"@type\":\"WebPage\",\"@id\":\"https:\/\/www.sugarfactory.hr\/proizvod\/markeri\/dope-dripper-5-mm\/\",\"url\":\"https:\/\/www.sugarfactory.hr\/proizvod\/markeri\/dope-dripper-5-mm\/\",\"name\":\"Dope Dripper 5 mm - Sugar Factory\",\"isPartOf\":{\"@id\":\"https:\/\/www.sugarfactory.hr\/#website\"},\"primaryImageOfPage\":{\"@id\":\"https:\/\/www.sugarfactory.hr\/proizvod\/markeri\/dope-dripper-5-mm\/#primaryimage\"},\"image\":{\"@id\":\"https:\/\/www.sugarfactory.hr\/proizvod\/markeri\/dope-dripper-5-mm\/#primaryimage\"},\"thumbnailUrl\":\"https:\/\/www.sugarfactory.hr\/wp-content\/uploads\/2024\/06\/dope-dripper-5mm.webp\",\"datePublished\":\"2024-06-05T12:26:52+00:00\",\"dateModified\":\"2026-04-17T15:41:48+00:00\",\"breadcrumb\":{\"@id\":\"https:\/\/www.sugarfactory.hr\/proizvod\/markeri\/dope-dripper-5-mm\/#breadcrumb\"},\"inLanguage\":\"sl-SI\",\"potentialAction\":[{\"@type\":\"ReadAction\",\"target\":[\"https:\/\/www.sugarfactory.hr\/proizvod\/markeri\/dope-dripper-5-mm\/\"]}]},{\"@type\":\"ImageObject\",\"inLanguage\":\"sl-SI\",\"@id\":\"https:\/\/www.sugarfactory.hr\/proizvod\/markeri\/dope-dripper-5-mm\/#primaryimage\",\"url\":\"https:\/\/www.sugarfactory.hr\/wp-content\/uploads\/2024\/06\/dope-dripper-5mm.webp\",\"contentUrl\":\"https:\/\/www.sugarfactory.hr\/wp-content\/uploads\/2024\/06\/dope-dripper-5mm.webp\",\"width\":896,\"height\":1120},{\"@type\":\"BreadcrumbList\",\"@id\":\"https:\/\/www.sugarfactory.hr\/proizvod\/markeri\/dope-dripper-5-mm\/#breadcrumb\",\"itemListElement\":[{\"@type\":\"ListItem\",\"position\":1,\"name\":\"Po\u010detna stranica\",\"item\":\"https:\/\/www.sugarfactory.hr\/\"},{\"@type\":\"ListItem\",\"position\":2,\"name\":\"Proizvodi\",\"item\":\"https:\/\/www.sugarfactory.hr\/shop\/\"},{\"@type\":\"ListItem\",\"position\":3,\"name\":\"Dope Dripper 5 mm\"}]},{\"@type\":\"WebSite\",\"@id\":\"https:\/\/www.sugarfactory.hr\/#website\",\"url\":\"https:\/\/www.sugarfactory.hr\/\",\"name\":\"Sugar Factory\",\"description\":\"Create your sweetest pieces!\",\"potentialAction\":[{\"@type\":\"SearchAction\",\"target\":{\"@type\":\"EntryPoint\",\"urlTemplate\":\"https:\/\/www.sugarfactory.hr\/?s={search_term_string}\"},\"query-input\":{\"@type\":\"PropertyValueSpecification\",\"valueRequired\":true,\"valueName\":\"search_term_string\"}}],\"inLanguage\":\"sl-SI\"}]}<\/script>\n<!-- \/ Yoast SEO plugin. -->","yoast_head_json":{"title":"Dope Dripper 5 mm - Tovarna sladkorja","robots":{"index":"index","follow":"follow","max-snippet":"max-snippet:-1","max-image-preview":"max-image-preview:large","max-video-preview":"max-video-preview:-1"},"canonical":"https:\/\/www.sugarfactory.hr\/sl\/izdelek\/oznacevalci\/kapalnik-za-drogo-5-mm\/","og_locale":"sl_SI","og_type":"article","og_title":"Dope Dripper 5 mm - Sugar Factory","og_description":"Dope Dripper 5 mm marker poznat je po svom prepoznatljivom efektu curenja boje, \u0161to ga \u010dini omiljenim alatom me\u0111u street art umjetnicima. Punjen je bojom na bazi alkohola koja odli\u010dno prianja na sve povr\u0161ine i izuzetno je otporna na vremenske uvjete, pa je te\u0161ko uklonjiva. Fleksibilno pakiranje omogu\u0107uje potpunu kontrolu protoka boje, \u010dime umjetnik sam [&hellip;]","og_url":"https:\/\/www.sugarfactory.hr\/sl\/izdelek\/oznacevalci\/kapalnik-za-drogo-5-mm\/","og_site_name":"Sugar Factory","article_modified_time":"2026-04-17T15:41:48+00:00","og_image":[{"width":896,"height":1120,"url":"https:\/\/www.sugarfactory.hr\/wp-content\/uploads\/2024\/06\/dope-dripper-5mm.webp","type":"image\/webp"}],"twitter_card":"summary_large_image","schema":{"@context":"https:\/\/schema.org","@graph":[{"@type":"WebPage","@id":"https:\/\/www.sugarfactory.hr\/proizvod\/markeri\/dope-dripper-5-mm\/","url":"https:\/\/www.sugarfactory.hr\/proizvod\/markeri\/dope-dripper-5-mm\/","name":"Dope Dripper 5 mm - Tovarna sladkorja","isPartOf":{"@id":"https:\/\/www.sugarfactory.hr\/#website"},"primaryImageOfPage":{"@id":"https:\/\/www.sugarfactory.hr\/proizvod\/markeri\/dope-dripper-5-mm\/#primaryimage"},"image":{"@id":"https:\/\/www.sugarfactory.hr\/proizvod\/markeri\/dope-dripper-5-mm\/#primaryimage"},"thumbnailUrl":"https:\/\/www.sugarfactory.hr\/wp-content\/uploads\/2024\/06\/dope-dripper-5mm.webp","datePublished":"2024-06-05T12:26:52+00:00","dateModified":"2026-04-17T15:41:48+00:00","breadcrumb":{"@id":"https:\/\/www.sugarfactory.hr\/proizvod\/markeri\/dope-dripper-5-mm\/#breadcrumb"},"inLanguage":"sl-SI","potentialAction":[{"@type":"ReadAction","target":["https:\/\/www.sugarfactory.hr\/proizvod\/markeri\/dope-dripper-5-mm\/"]}]},{"@type":"ImageObject","inLanguage":"sl-SI","@id":"https:\/\/www.sugarfactory.hr\/proizvod\/markeri\/dope-dripper-5-mm\/#primaryimage","url":"https:\/\/www.sugarfactory.hr\/wp-content\/uploads\/2024\/06\/dope-dripper-5mm.webp","contentUrl":"https:\/\/www.sugarfactory.hr\/wp-content\/uploads\/2024\/06\/dope-dripper-5mm.webp","width":896,"height":1120},{"@type":"BreadcrumbList","@id":"https:\/\/www.sugarfactory.hr\/proizvod\/markeri\/dope-dripper-5-mm\/#breadcrumb","itemListElement":[{"@type":"ListItem","position":1,"name":"Po\u010detna stranica","item":"https:\/\/www.sugarfactory.hr\/"},{"@type":"ListItem","position":2,"name":"Proizvodi","item":"https:\/\/www.sugarfactory.hr\/shop\/"},{"@type":"ListItem","position":3,"name":"Dope Dripper 5 mm"}]},{"@type":"WebSite","@id":"https:\/\/www.sugarfactory.hr\/#website","url":"https:\/\/www.sugarfactory.hr\/","name":"Tovarna sladkorja","description":"Create your sweetest pieces!","potentialAction":[{"@type":"SearchAction","target":{"@type":"EntryPoint","urlTemplate":"https:\/\/www.sugarfactory.hr\/?s={search_term_string}"},"query-input":{"@type":"PropertyValueSpecification","valueRequired":true,"valueName":"search_term_string"}}],"inLanguage":"sl-SI"}]}},"_links":{"self":[{"href":"https:\/\/www.sugarfactory.hr\/sl\/wp-json\/wp\/v2\/product\/8009","targetHints":{"allow":["GET"]}}],"collection":[{"href":"https:\/\/www.sugarfactory.hr\/sl\/wp-json\/wp\/v2\/product"}],"about":[{"href":"https:\/\/www.sugarfactory.hr\/sl\/wp-json\/wp\/v2\/types\/product"}],"wp:featuredmedia":[{"embeddable":true,"href":"https:\/\/www.sugarfactory.hr\/sl\/wp-json\/wp\/v2\/media\/12415"}],"wp:attachment":[{"href":"https:\/\/www.sugarfactory.hr\/sl\/wp-json\/wp\/v2\/media?parent=8009"}],"wp:term":[{"taxonomy":"product_brand","embeddable":true,"href":"https:\/\/www.sugarfactory.hr\/sl\/wp-json\/wp\/v2\/product_brand?post=8009"},{"taxonomy":"product_cat","embeddable":true,"href":"https:\/\/www.sugarfactory.hr\/sl\/wp-json\/wp\/v2\/product_cat?post=8009"},{"taxonomy":"product_tag","embeddable":true,"href":"https:\/\/www.sugarfactory.hr\/sl\/wp-json\/wp\/v2\/product_tag?post=8009"}],"curies":[{"name":"wp","href":"https:\/\/api.w.org\/{rel}","templated":true}]}}