{"id":8035,"date":"2024-06-05T13:49:29","date_gmt":"2024-06-05T13:49:29","guid":{"rendered":"https:\/\/www.sugarfactory.hr\/?post_type=product&#038;p=8035"},"modified":"2026-04-29T12:15:26","modified_gmt":"2026-04-29T11:15:26","slug":"talens-art-creation-oljne-barve-200-ml","status":"publish","type":"product","link":"https:\/\/www.sugarfactory.hr\/sl\/izdelek\/umetniski-program\/talens-art-creation-oljne-barve-200-ml\/","title":{"rendered":"Talens Art Creation oljne barve 200 ml"},"content":{"rendered":"<p data-start=\"0\" data-end=\"161\"><strong data-start=\"0\" data-end=\"42\">Talens Art Creation oljne barve 200 ml<\/strong> so <strong data-start=\"46\" data-end=\"71\">svestrane uljane boje<\/strong> izra\u0111ene od <strong data-start=\"84\" data-end=\"112\" data-is-only-node=\"\">pigmenata i biljnog ulja<\/strong>, pogodna za <strong data-start=\"125\" data-end=\"158\">razne tehnike uljnog slikanja<\/strong>.<\/p>\n<p data-start=\"163\" data-end=\"372\">Mogu se nanositi <strong data-start=\"180\" data-end=\"214\">u tankim ili debelim slojevima<\/strong>, idealno za <strong data-start=\"227\" data-end=\"275\">mokro na mokro, slojevito i lazurno slikanje<\/strong>. Boje <strong data-start=\"284\" data-end=\"298\">sporo su\u0161e<\/strong>, omogo\u010da <strong data-start=\"312\" data-end=\"369\">dugotrajno ispravljanje i precizno oblikovanje poteza<\/strong>.<\/p>\n<p data-start=\"374\" data-end=\"609\" data-is-last-node=\"\" data-is-only-node=\"\">Posebnost ove linije je <strong data-start=\"398\" data-end=\"458\">zadr\u017eavanje identi\u010dnog tona boje od nano\u0161enja do su\u0161enja<\/strong>, bez gubitka volumena i uz o\u010duvan trag kista. Idealna je za <strong data-start=\"521\" data-end=\"608\">po\u010detnike, studente i sve koji tra\u017ee pouzdanu kvalitetu u studijskim uljanim bojama<\/strong>.<\/p>","protected":false},"excerpt":{"rendered":"<p>Talens Art Creation uljane boje 200 ml su svestrane uljane boje izra\u0111ene od pigmenata i biljnog ulja, pogodna za razne tehnike uljnog slikanja. Mogu se nanositi u tankim ili debelim slojevima, idealne za mokro na mokro, slojevito i lazurno slikanje. Boje sporo su\u0161e, omogu\u0107uju\u0107i dugotrajno ispravljanje i precizno oblikovanje poteza. Posebnost ove linije je zadr\u017eavanje [&hellip;]<\/p>","protected":false},"featured_media":12986,"template":"","meta":{"_acf_changed":false},"product_brand":[119],"product_cat":[45,63],"product_tag":[],"class_list":{"0":"post-8035","1":"product","2":"type-product","3":"status-publish","4":"has-post-thumbnail","6":"product_brand-talens-art-creation","7":"product_cat-umjetnicki-program","8":"product_cat-uljane-boje","10":"first","11":"outofstock","12":"shipping-taxable","13":"purchasable","14":"product-type-variable"},"acf":[],"yoast_head":"<!-- This site is optimized with the Yoast SEO plugin v26.3 - https:\/\/yoast.com\/wordpress\/plugins\/seo\/ -->\n<title>Talens Art Creation uljane boje 200 ml - Sugar Factory<\/title>\n<meta name=\"robots\" content=\"index, follow, max-snippet:-1, max-image-preview:large, max-video-preview:-1\" \/>\n<link rel=\"canonical\" href=\"https:\/\/www.sugarfactory.hr\/sl\/izdelek\/umetniski-program\/talens-art-creation-oljne-barve-200-ml\/\" \/>\n<meta property=\"og:locale\" content=\"sl_SI\" \/>\n<meta property=\"og:type\" content=\"article\" \/>\n<meta property=\"og:title\" content=\"Talens Art Creation uljane boje 200 ml - Sugar Factory\" \/>\n<meta property=\"og:description\" content=\"Talens Art Creation uljane boje 200 ml su svestrane uljane boje izra\u0111ene od pigmenata i biljnog ulja, pogodna za razne tehnike uljnog slikanja. Mogu se nanositi u tankim ili debelim slojevima, idealne za mokro na mokro, slojevito i lazurno slikanje. Boje sporo su\u0161e, omogu\u0107uju\u0107i dugotrajno ispravljanje i precizno oblikovanje poteza. Posebnost ove linije je zadr\u017eavanje [&hellip;]\" \/>\n<meta property=\"og:url\" content=\"https:\/\/www.sugarfactory.hr\/sl\/izdelek\/umetniski-program\/talens-art-creation-oljne-barve-200-ml\/\" \/>\n<meta property=\"og:site_name\" content=\"Sugar Factory\" \/>\n<meta property=\"article:modified_time\" content=\"2026-04-29T11:15:26+00:00\" \/>\n<meta property=\"og:image\" content=\"https:\/\/www.sugarfactory.hr\/wp-content\/uploads\/2024\/06\/4472afd3b2c045d49fd5ded10b987187.webp\" \/>\n\t<meta property=\"og:image:width\" content=\"896\" \/>\n\t<meta property=\"og:image:height\" content=\"1120\" \/>\n\t<meta property=\"og:image:type\" content=\"image\/webp\" \/>\n<meta name=\"twitter:card\" content=\"summary_large_image\" \/>\n<script type=\"application\/ld+json\" class=\"yoast-schema-graph\">{\"@context\":\"https:\/\/schema.org\",\"@graph\":[{\"@type\":\"WebPage\",\"@id\":\"https:\/\/www.sugarfactory.hr\/proizvod\/umjetnicki-program\/talens-art-creation-uljane-boje-200-ml\/\",\"url\":\"https:\/\/www.sugarfactory.hr\/proizvod\/umjetnicki-program\/talens-art-creation-uljane-boje-200-ml\/\",\"name\":\"Talens Art Creation uljane boje 200 ml - Sugar Factory\",\"isPartOf\":{\"@id\":\"https:\/\/www.sugarfactory.hr\/#website\"},\"primaryImageOfPage\":{\"@id\":\"https:\/\/www.sugarfactory.hr\/proizvod\/umjetnicki-program\/talens-art-creation-uljane-boje-200-ml\/#primaryimage\"},\"image\":{\"@id\":\"https:\/\/www.sugarfactory.hr\/proizvod\/umjetnicki-program\/talens-art-creation-uljane-boje-200-ml\/#primaryimage\"},\"thumbnailUrl\":\"https:\/\/www.sugarfactory.hr\/wp-content\/uploads\/2024\/06\/4472afd3b2c045d49fd5ded10b987187.webp\",\"datePublished\":\"2024-06-05T13:49:29+00:00\",\"dateModified\":\"2026-04-29T11:15:26+00:00\",\"breadcrumb\":{\"@id\":\"https:\/\/www.sugarfactory.hr\/proizvod\/umjetnicki-program\/talens-art-creation-uljane-boje-200-ml\/#breadcrumb\"},\"inLanguage\":\"sl-SI\",\"potentialAction\":[{\"@type\":\"ReadAction\",\"target\":[\"https:\/\/www.sugarfactory.hr\/proizvod\/umjetnicki-program\/talens-art-creation-uljane-boje-200-ml\/\"]}]},{\"@type\":\"ImageObject\",\"inLanguage\":\"sl-SI\",\"@id\":\"https:\/\/www.sugarfactory.hr\/proizvod\/umjetnicki-program\/talens-art-creation-uljane-boje-200-ml\/#primaryimage\",\"url\":\"https:\/\/www.sugarfactory.hr\/wp-content\/uploads\/2024\/06\/4472afd3b2c045d49fd5ded10b987187.webp\",\"contentUrl\":\"https:\/\/www.sugarfactory.hr\/wp-content\/uploads\/2024\/06\/4472afd3b2c045d49fd5ded10b987187.webp\",\"width\":896,\"height\":1120},{\"@type\":\"BreadcrumbList\",\"@id\":\"https:\/\/www.sugarfactory.hr\/proizvod\/umjetnicki-program\/talens-art-creation-uljane-boje-200-ml\/#breadcrumb\",\"itemListElement\":[{\"@type\":\"ListItem\",\"position\":1,\"name\":\"Po\u010detna stranica\",\"item\":\"https:\/\/www.sugarfactory.hr\/\"},{\"@type\":\"ListItem\",\"position\":2,\"name\":\"Proizvodi\",\"item\":\"https:\/\/www.sugarfactory.hr\/shop\/\"},{\"@type\":\"ListItem\",\"position\":3,\"name\":\"Talens Art Creation uljane boje 200 ml\"}]},{\"@type\":\"WebSite\",\"@id\":\"https:\/\/www.sugarfactory.hr\/#website\",\"url\":\"https:\/\/www.sugarfactory.hr\/\",\"name\":\"Sugar Factory\",\"description\":\"Create your sweetest pieces!\",\"potentialAction\":[{\"@type\":\"SearchAction\",\"target\":{\"@type\":\"EntryPoint\",\"urlTemplate\":\"https:\/\/www.sugarfactory.hr\/?s={search_term_string}\"},\"query-input\":{\"@type\":\"PropertyValueSpecification\",\"valueRequired\":true,\"valueName\":\"search_term_string\"}}],\"inLanguage\":\"sl-SI\"}]}<\/script>\n<!-- \/ Yoast SEO plugin. -->","yoast_head_json":{"title":"Talens Art Creation oljne barve 200 ml - Sugar Factory","robots":{"index":"index","follow":"follow","max-snippet":"max-snippet:-1","max-image-preview":"max-image-preview:large","max-video-preview":"max-video-preview:-1"},"canonical":"https:\/\/www.sugarfactory.hr\/sl\/izdelek\/umetniski-program\/talens-art-creation-oljne-barve-200-ml\/","og_locale":"sl_SI","og_type":"article","og_title":"Talens Art Creation uljane boje 200 ml - Sugar Factory","og_description":"Talens Art Creation uljane boje 200 ml su svestrane uljane boje izra\u0111ene od pigmenata i biljnog ulja, pogodna za razne tehnike uljnog slikanja. Mogu se nanositi u tankim ili debelim slojevima, idealne za mokro na mokro, slojevito i lazurno slikanje. Boje sporo su\u0161e, omogu\u0107uju\u0107i dugotrajno ispravljanje i precizno oblikovanje poteza. Posebnost ove linije je zadr\u017eavanje [&hellip;]","og_url":"https:\/\/www.sugarfactory.hr\/sl\/izdelek\/umetniski-program\/talens-art-creation-oljne-barve-200-ml\/","og_site_name":"Sugar Factory","article_modified_time":"2026-04-29T11:15:26+00:00","og_image":[{"width":896,"height":1120,"url":"https:\/\/www.sugarfactory.hr\/wp-content\/uploads\/2024\/06\/4472afd3b2c045d49fd5ded10b987187.webp","type":"image\/webp"}],"twitter_card":"summary_large_image","schema":{"@context":"https:\/\/schema.org","@graph":[{"@type":"WebPage","@id":"https:\/\/www.sugarfactory.hr\/proizvod\/umjetnicki-program\/talens-art-creation-uljane-boje-200-ml\/","url":"https:\/\/www.sugarfactory.hr\/proizvod\/umjetnicki-program\/talens-art-creation-uljane-boje-200-ml\/","name":"Talens Art Creation oljne barve 200 ml - Sugar Factory","isPartOf":{"@id":"https:\/\/www.sugarfactory.hr\/#website"},"primaryImageOfPage":{"@id":"https:\/\/www.sugarfactory.hr\/proizvod\/umjetnicki-program\/talens-art-creation-uljane-boje-200-ml\/#primaryimage"},"image":{"@id":"https:\/\/www.sugarfactory.hr\/proizvod\/umjetnicki-program\/talens-art-creation-uljane-boje-200-ml\/#primaryimage"},"thumbnailUrl":"https:\/\/www.sugarfactory.hr\/wp-content\/uploads\/2024\/06\/4472afd3b2c045d49fd5ded10b987187.webp","datePublished":"2024-06-05T13:49:29+00:00","dateModified":"2026-04-29T11:15:26+00:00","breadcrumb":{"@id":"https:\/\/www.sugarfactory.hr\/proizvod\/umjetnicki-program\/talens-art-creation-uljane-boje-200-ml\/#breadcrumb"},"inLanguage":"sl-SI","potentialAction":[{"@type":"ReadAction","target":["https:\/\/www.sugarfactory.hr\/proizvod\/umjetnicki-program\/talens-art-creation-uljane-boje-200-ml\/"]}]},{"@type":"ImageObject","inLanguage":"sl-SI","@id":"https:\/\/www.sugarfactory.hr\/proizvod\/umjetnicki-program\/talens-art-creation-uljane-boje-200-ml\/#primaryimage","url":"https:\/\/www.sugarfactory.hr\/wp-content\/uploads\/2024\/06\/4472afd3b2c045d49fd5ded10b987187.webp","contentUrl":"https:\/\/www.sugarfactory.hr\/wp-content\/uploads\/2024\/06\/4472afd3b2c045d49fd5ded10b987187.webp","width":896,"height":1120},{"@type":"BreadcrumbList","@id":"https:\/\/www.sugarfactory.hr\/proizvod\/umjetnicki-program\/talens-art-creation-uljane-boje-200-ml\/#breadcrumb","itemListElement":[{"@type":"ListItem","position":1,"name":"Po\u010detna stranica","item":"https:\/\/www.sugarfactory.hr\/"},{"@type":"ListItem","position":2,"name":"Proizvodi","item":"https:\/\/www.sugarfactory.hr\/shop\/"},{"@type":"ListItem","position":3,"name":"Talens Art Creation uljane boje 200 ml"}]},{"@type":"WebSite","@id":"https:\/\/www.sugarfactory.hr\/#website","url":"https:\/\/www.sugarfactory.hr\/","name":"Tovarna sladkorja","description":"Create your sweetest pieces!","potentialAction":[{"@type":"SearchAction","target":{"@type":"EntryPoint","urlTemplate":"https:\/\/www.sugarfactory.hr\/?s={search_term_string}"},"query-input":{"@type":"PropertyValueSpecification","valueRequired":true,"valueName":"search_term_string"}}],"inLanguage":"sl-SI"}]}},"_links":{"self":[{"href":"https:\/\/www.sugarfactory.hr\/sl\/wp-json\/wp\/v2\/product\/8035","targetHints":{"allow":["GET"]}}],"collection":[{"href":"https:\/\/www.sugarfactory.hr\/sl\/wp-json\/wp\/v2\/product"}],"about":[{"href":"https:\/\/www.sugarfactory.hr\/sl\/wp-json\/wp\/v2\/types\/product"}],"wp:featuredmedia":[{"embeddable":true,"href":"https:\/\/www.sugarfactory.hr\/sl\/wp-json\/wp\/v2\/media\/12986"}],"wp:attachment":[{"href":"https:\/\/www.sugarfactory.hr\/sl\/wp-json\/wp\/v2\/media?parent=8035"}],"wp:term":[{"taxonomy":"product_brand","embeddable":true,"href":"https:\/\/www.sugarfactory.hr\/sl\/wp-json\/wp\/v2\/product_brand?post=8035"},{"taxonomy":"product_cat","embeddable":true,"href":"https:\/\/www.sugarfactory.hr\/sl\/wp-json\/wp\/v2\/product_cat?post=8035"},{"taxonomy":"product_tag","embeddable":true,"href":"https:\/\/www.sugarfactory.hr\/sl\/wp-json\/wp\/v2\/product_tag?post=8035"}],"curies":[{"name":"wp","href":"https:\/\/api.w.org\/{rel}","templated":true}]}}