{"id":8150,"date":"2024-06-06T16:21:41","date_gmt":"2024-06-06T16:21:41","guid":{"rendered":"https:\/\/www.sugarfactory.hr\/?post_type=product&#038;p=8150"},"modified":"2026-04-17T12:53:00","modified_gmt":"2026-04-17T11:53:00","slug":"grog-street-killer-ink-200-ml","status":"publish","type":"product","link":"https:\/\/www.sugarfactory.hr\/sl\/izdelek\/oznacevalci\/grog-street-killer-ink-200-ml\/","title":{"rendered":"Grog Street Killer Ink 200 ml"},"content":{"rendered":"<p data-start=\"82\" data-end=\"391\"><strong data-start=\"136\" data-end=\"162\">Grog Street Killer Ink<\/strong> je <strong data-start=\"166\" data-end=\"211\">visokopigmentirana tinta na bazi alkohola<\/strong>, razvijena za sna\u017ean, postojan i trajni trag. Idealan je izbor za punjenje <strong data-start=\"287\" data-end=\"334\">drippera, squeezer markera i refill markera<\/strong>, a mo\u017ee se koristiti i s drugim kompatibilnim alatima.<\/p>\n<p data-start=\"393\" data-end=\"641\">Ova tinta je <strong data-start=\"406\" data-end=\"459\">otporna na vremenske uvjete, blije\u0111enje i habanje<\/strong>, \u0161to je \u010dini savr\u0161enom za <strong data-start=\"486\" data-end=\"518\">Za zunanjo in notranjo uporabo<\/strong>. Zahvaljuju\u0107i svojoj fluidnosti, osigurava ravnomjeran protok i karakteristi\u010dan efekt curenja pri pisanju ili tagiranju.<\/p>\n<ul data-start=\"643\" data-end=\"750\">\n<li data-start=\"643\" data-end=\"668\">\n<p data-start=\"645\" data-end=\"668\"><strong data-start=\"645\" data-end=\"659\">Zmogljivost:<\/strong> 200 ml<\/p>\n<\/li>\n<li data-start=\"669\" data-end=\"698\">\n<p data-start=\"671\" data-end=\"698\"><strong data-start=\"671\" data-end=\"680\">Baza:<\/strong> alkoholna tinta<\/p>\n<\/li>\n<li data-start=\"699\" data-end=\"750\">\n<p data-start=\"701\" data-end=\"750\"><strong data-start=\"701\" data-end=\"713\">Namen:<\/strong> punjenje razli\u010ditih tipova markera<\/p>\n<\/li>\n<\/ul>\n<p data-start=\"752\" data-end=\"859\"><strong data-start=\"752\" data-end=\"785\">Grog Street Killer Ink 200 ml<\/strong> pravi je izbor za umjetnike koji \u017eele <strong data-start=\"824\" data-end=\"856\">intenzivan i dugotrajan trag<\/strong>.<\/p>","protected":false},"excerpt":{"rendered":"<p>Grog Street Killer Ink je visokopigmentirana tinta na bazi alkohola, razvijena za sna\u017ean, postojan i trajni trag. Idealan je izbor za punjenje drippera, squeezer markera i refill markera, a mo\u017ee se koristiti i s drugim kompatibilnim alatima. Ova tinta je otporna na vremenske uvjete, blije\u0111enje i habanje, \u0161to je \u010dini savr\u0161enom za vanjsku i unutarnju [&hellip;]<\/p>","protected":false},"featured_media":12456,"template":"","meta":{"_acf_changed":false},"product_brand":[112],"product_cat":[22,85],"product_tag":[],"class_list":{"0":"post-8150","1":"product","2":"type-product","3":"status-publish","4":"has-post-thumbnail","6":"product_brand-grog","7":"product_cat-markeri","8":"product_cat-boje-i-tinte","10":"first","11":"instock","12":"shipping-taxable","13":"purchasable","14":"product-type-simple"},"acf":[],"yoast_head":"<!-- This site is optimized with the Yoast SEO plugin v26.3 - https:\/\/yoast.com\/wordpress\/plugins\/seo\/ -->\n<title>Grog Street Killer Ink 200 ml - Sugar Factory<\/title>\n<meta name=\"robots\" content=\"index, follow, max-snippet:-1, max-image-preview:large, max-video-preview:-1\" \/>\n<link rel=\"canonical\" href=\"https:\/\/www.sugarfactory.hr\/sl\/izdelek\/oznacevalci\/grog-street-killer-ink-200-ml\/\" \/>\n<meta property=\"og:locale\" content=\"sl_SI\" \/>\n<meta property=\"og:type\" content=\"article\" \/>\n<meta property=\"og:title\" content=\"Grog Street Killer Ink 200 ml - Sugar Factory\" \/>\n<meta property=\"og:description\" content=\"Grog Street Killer Ink je visokopigmentirana tinta na bazi alkohola, razvijena za sna\u017ean, postojan i trajni trag. Idealan je izbor za punjenje drippera, squeezer markera i refill markera, a mo\u017ee se koristiti i s drugim kompatibilnim alatima. Ova tinta je otporna na vremenske uvjete, blije\u0111enje i habanje, \u0161to je \u010dini savr\u0161enom za vanjsku i unutarnju [&hellip;]\" \/>\n<meta property=\"og:url\" content=\"https:\/\/www.sugarfactory.hr\/sl\/izdelek\/oznacevalci\/grog-street-killer-ink-200-ml\/\" \/>\n<meta property=\"og:site_name\" content=\"Sugar Factory\" \/>\n<meta property=\"article:modified_time\" content=\"2026-04-17T11:53:00+00:00\" \/>\n<meta property=\"og:image\" content=\"https:\/\/www.sugarfactory.hr\/wp-content\/uploads\/2024\/06\/grog-street-killer.webp\" \/>\n\t<meta property=\"og:image:width\" content=\"896\" \/>\n\t<meta property=\"og:image:height\" content=\"1120\" \/>\n\t<meta property=\"og:image:type\" content=\"image\/webp\" \/>\n<meta name=\"twitter:card\" content=\"summary_large_image\" \/>\n<meta name=\"twitter:label1\" content=\"Est. reading time\" \/>\n\t<meta name=\"twitter:data1\" content=\"1 minuta\" \/>\n<script type=\"application\/ld+json\" class=\"yoast-schema-graph\">{\"@context\":\"https:\/\/schema.org\",\"@graph\":[{\"@type\":\"WebPage\",\"@id\":\"https:\/\/www.sugarfactory.hr\/proizvod\/markeri\/grog-street-killer-ink-200-ml\/\",\"url\":\"https:\/\/www.sugarfactory.hr\/proizvod\/markeri\/grog-street-killer-ink-200-ml\/\",\"name\":\"Grog Street Killer Ink 200 ml - Sugar Factory\",\"isPartOf\":{\"@id\":\"https:\/\/www.sugarfactory.hr\/#website\"},\"primaryImageOfPage\":{\"@id\":\"https:\/\/www.sugarfactory.hr\/proizvod\/markeri\/grog-street-killer-ink-200-ml\/#primaryimage\"},\"image\":{\"@id\":\"https:\/\/www.sugarfactory.hr\/proizvod\/markeri\/grog-street-killer-ink-200-ml\/#primaryimage\"},\"thumbnailUrl\":\"https:\/\/www.sugarfactory.hr\/wp-content\/uploads\/2024\/06\/grog-street-killer.webp\",\"datePublished\":\"2024-06-06T16:21:41+00:00\",\"dateModified\":\"2026-04-17T11:53:00+00:00\",\"breadcrumb\":{\"@id\":\"https:\/\/www.sugarfactory.hr\/proizvod\/markeri\/grog-street-killer-ink-200-ml\/#breadcrumb\"},\"inLanguage\":\"sl-SI\",\"potentialAction\":[{\"@type\":\"ReadAction\",\"target\":[\"https:\/\/www.sugarfactory.hr\/proizvod\/markeri\/grog-street-killer-ink-200-ml\/\"]}]},{\"@type\":\"ImageObject\",\"inLanguage\":\"sl-SI\",\"@id\":\"https:\/\/www.sugarfactory.hr\/proizvod\/markeri\/grog-street-killer-ink-200-ml\/#primaryimage\",\"url\":\"https:\/\/www.sugarfactory.hr\/wp-content\/uploads\/2024\/06\/grog-street-killer.webp\",\"contentUrl\":\"https:\/\/www.sugarfactory.hr\/wp-content\/uploads\/2024\/06\/grog-street-killer.webp\",\"width\":896,\"height\":1120},{\"@type\":\"BreadcrumbList\",\"@id\":\"https:\/\/www.sugarfactory.hr\/proizvod\/markeri\/grog-street-killer-ink-200-ml\/#breadcrumb\",\"itemListElement\":[{\"@type\":\"ListItem\",\"position\":1,\"name\":\"Po\u010detna stranica\",\"item\":\"https:\/\/www.sugarfactory.hr\/\"},{\"@type\":\"ListItem\",\"position\":2,\"name\":\"Proizvodi\",\"item\":\"https:\/\/www.sugarfactory.hr\/shop\/\"},{\"@type\":\"ListItem\",\"position\":3,\"name\":\"Grog Street Killer Ink 200 ml\"}]},{\"@type\":\"WebSite\",\"@id\":\"https:\/\/www.sugarfactory.hr\/#website\",\"url\":\"https:\/\/www.sugarfactory.hr\/\",\"name\":\"Sugar Factory\",\"description\":\"Create your sweetest pieces!\",\"potentialAction\":[{\"@type\":\"SearchAction\",\"target\":{\"@type\":\"EntryPoint\",\"urlTemplate\":\"https:\/\/www.sugarfactory.hr\/?s={search_term_string}\"},\"query-input\":{\"@type\":\"PropertyValueSpecification\",\"valueRequired\":true,\"valueName\":\"search_term_string\"}}],\"inLanguage\":\"sl-SI\"}]}<\/script>\n<!-- \/ Yoast SEO plugin. -->","yoast_head_json":{"title":"Grog Street Killer Ink 200 ml - Sugar Factory","robots":{"index":"index","follow":"follow","max-snippet":"max-snippet:-1","max-image-preview":"max-image-preview:large","max-video-preview":"max-video-preview:-1"},"canonical":"https:\/\/www.sugarfactory.hr\/sl\/izdelek\/oznacevalci\/grog-street-killer-ink-200-ml\/","og_locale":"sl_SI","og_type":"article","og_title":"Grog Street Killer Ink 200 ml - Sugar Factory","og_description":"Grog Street Killer Ink je visokopigmentirana tinta na bazi alkohola, razvijena za sna\u017ean, postojan i trajni trag. Idealan je izbor za punjenje drippera, squeezer markera i refill markera, a mo\u017ee se koristiti i s drugim kompatibilnim alatima. Ova tinta je otporna na vremenske uvjete, blije\u0111enje i habanje, \u0161to je \u010dini savr\u0161enom za vanjsku i unutarnju [&hellip;]","og_url":"https:\/\/www.sugarfactory.hr\/sl\/izdelek\/oznacevalci\/grog-street-killer-ink-200-ml\/","og_site_name":"Sugar Factory","article_modified_time":"2026-04-17T11:53:00+00:00","og_image":[{"width":896,"height":1120,"url":"https:\/\/www.sugarfactory.hr\/wp-content\/uploads\/2024\/06\/grog-street-killer.webp","type":"image\/webp"}],"twitter_card":"summary_large_image","twitter_misc":{"Est. reading time":"1 minuta"},"schema":{"@context":"https:\/\/schema.org","@graph":[{"@type":"WebPage","@id":"https:\/\/www.sugarfactory.hr\/proizvod\/markeri\/grog-street-killer-ink-200-ml\/","url":"https:\/\/www.sugarfactory.hr\/proizvod\/markeri\/grog-street-killer-ink-200-ml\/","name":"Grog Street Killer Ink 200 ml - Sugar Factory","isPartOf":{"@id":"https:\/\/www.sugarfactory.hr\/#website"},"primaryImageOfPage":{"@id":"https:\/\/www.sugarfactory.hr\/proizvod\/markeri\/grog-street-killer-ink-200-ml\/#primaryimage"},"image":{"@id":"https:\/\/www.sugarfactory.hr\/proizvod\/markeri\/grog-street-killer-ink-200-ml\/#primaryimage"},"thumbnailUrl":"https:\/\/www.sugarfactory.hr\/wp-content\/uploads\/2024\/06\/grog-street-killer.webp","datePublished":"2024-06-06T16:21:41+00:00","dateModified":"2026-04-17T11:53:00+00:00","breadcrumb":{"@id":"https:\/\/www.sugarfactory.hr\/proizvod\/markeri\/grog-street-killer-ink-200-ml\/#breadcrumb"},"inLanguage":"sl-SI","potentialAction":[{"@type":"ReadAction","target":["https:\/\/www.sugarfactory.hr\/proizvod\/markeri\/grog-street-killer-ink-200-ml\/"]}]},{"@type":"ImageObject","inLanguage":"sl-SI","@id":"https:\/\/www.sugarfactory.hr\/proizvod\/markeri\/grog-street-killer-ink-200-ml\/#primaryimage","url":"https:\/\/www.sugarfactory.hr\/wp-content\/uploads\/2024\/06\/grog-street-killer.webp","contentUrl":"https:\/\/www.sugarfactory.hr\/wp-content\/uploads\/2024\/06\/grog-street-killer.webp","width":896,"height":1120},{"@type":"BreadcrumbList","@id":"https:\/\/www.sugarfactory.hr\/proizvod\/markeri\/grog-street-killer-ink-200-ml\/#breadcrumb","itemListElement":[{"@type":"ListItem","position":1,"name":"Po\u010detna stranica","item":"https:\/\/www.sugarfactory.hr\/"},{"@type":"ListItem","position":2,"name":"Proizvodi","item":"https:\/\/www.sugarfactory.hr\/shop\/"},{"@type":"ListItem","position":3,"name":"Grog Street Killer Ink 200 ml"}]},{"@type":"WebSite","@id":"https:\/\/www.sugarfactory.hr\/#website","url":"https:\/\/www.sugarfactory.hr\/","name":"Tovarna sladkorja","description":"Create your sweetest pieces!","potentialAction":[{"@type":"SearchAction","target":{"@type":"EntryPoint","urlTemplate":"https:\/\/www.sugarfactory.hr\/?s={search_term_string}"},"query-input":{"@type":"PropertyValueSpecification","valueRequired":true,"valueName":"search_term_string"}}],"inLanguage":"sl-SI"}]}},"_links":{"self":[{"href":"https:\/\/www.sugarfactory.hr\/sl\/wp-json\/wp\/v2\/product\/8150","targetHints":{"allow":["GET"]}}],"collection":[{"href":"https:\/\/www.sugarfactory.hr\/sl\/wp-json\/wp\/v2\/product"}],"about":[{"href":"https:\/\/www.sugarfactory.hr\/sl\/wp-json\/wp\/v2\/types\/product"}],"wp:featuredmedia":[{"embeddable":true,"href":"https:\/\/www.sugarfactory.hr\/sl\/wp-json\/wp\/v2\/media\/12456"}],"wp:attachment":[{"href":"https:\/\/www.sugarfactory.hr\/sl\/wp-json\/wp\/v2\/media?parent=8150"}],"wp:term":[{"taxonomy":"product_brand","embeddable":true,"href":"https:\/\/www.sugarfactory.hr\/sl\/wp-json\/wp\/v2\/product_brand?post=8150"},{"taxonomy":"product_cat","embeddable":true,"href":"https:\/\/www.sugarfactory.hr\/sl\/wp-json\/wp\/v2\/product_cat?post=8150"},{"taxonomy":"product_tag","embeddable":true,"href":"https:\/\/www.sugarfactory.hr\/sl\/wp-json\/wp\/v2\/product_tag?post=8150"}],"curies":[{"name":"wp","href":"https:\/\/api.w.org\/{rel}","templated":true}]}}