{"id":8305,"date":"2024-06-26T09:44:38","date_gmt":"2024-06-26T09:44:38","guid":{"rendered":"https:\/\/www.sugarfactory.hr\/?post_type=product&#038;p=8305"},"modified":"2026-04-17T12:53:01","modified_gmt":"2026-04-17T11:53:01","slug":"night-quill-red-soft-touch","status":"publish","type":"product","link":"https:\/\/www.sugarfactory.hr\/sl\/izdelek\/kape\/night-quill-red-soft-touch\/","title":{"rendered":"No\u010dno pero - rde\u010de - mehko na dotik"},"content":{"rendered":"<p data-start=\"0\" data-end=\"108\"><strong data-start=\"0\" data-end=\"34\">No\u010dno pero - rde\u010de - mehko na dotik<\/strong> je <strong data-start=\"38\" data-end=\"88\" data-is-only-node=\"\">adapter dizajniran za modulaciju pritiska boje<\/strong> pritiskom na vrh.<\/p>\n<p data-start=\"110\" data-end=\"358\" data-is-last-node=\"\" data-is-only-node=\"\">Pri\u010dvr\u0161\u0107uje se na <strong data-start=\"128\" data-end=\"150\">gornji dio limenke<\/strong>, omogo\u010da <strong data-start=\"164\" data-end=\"198\">preciznu kontrolu protoka boje<\/strong>. Idealno za <strong data-start=\"213\" data-end=\"226\">po\u010detnike<\/strong> koji \u017eele brzo savladati tehniku kontrole boje, kao i za <strong data-start=\"284\" data-end=\"344\">umjetnike koji tra\u017ee udobnost i profesionalnu preciznost<\/strong> pri prskanju.<\/p>","protected":false},"excerpt":{"rendered":"<p>Night Quill - Red - Soft Touch je adapter dizajniran za modulaciju pritiska boje pritiskom na vrh. Pri\u010dvr\u0161\u0107uje se na gornji dio limenke, omogu\u0107uju\u0107i preciznu kontrolu protoka boje. Idealno za po\u010detnike koji \u017eele brzo savladati tehniku kontrole boje, kao i za umjetnike koji tra\u017ee udobnost i profesionalnu preciznost pri prskanju.<\/p>","protected":false},"featured_media":12648,"template":"","meta":{"_acf_changed":false},"product_brand":[],"product_cat":[19,101],"product_tag":[],"class_list":{"0":"post-8305","1":"product","2":"type-product","3":"status-publish","4":"has-post-thumbnail","6":"product_cat-kapice","7":"product_cat-night-quill","9":"first","10":"instock","11":"shipping-taxable","12":"purchasable","13":"product-type-simple"},"acf":[],"yoast_head":"<!-- This site is optimized with the Yoast SEO plugin v26.3 - https:\/\/yoast.com\/wordpress\/plugins\/seo\/ -->\n<title>Night Quill - Red - Soft Touch - Sugar Factory<\/title>\n<meta name=\"robots\" content=\"index, follow, max-snippet:-1, max-image-preview:large, max-video-preview:-1\" \/>\n<link rel=\"canonical\" href=\"https:\/\/www.sugarfactory.hr\/sl\/izdelek\/kape\/night-quill-red-soft-touch\/\" \/>\n<meta property=\"og:locale\" content=\"sl_SI\" \/>\n<meta property=\"og:type\" content=\"article\" \/>\n<meta property=\"og:title\" content=\"Night Quill - Red - Soft Touch - Sugar Factory\" \/>\n<meta property=\"og:description\" content=\"Night Quill - Red - Soft Touch je adapter dizajniran za modulaciju pritiska boje pritiskom na vrh. Pri\u010dvr\u0161\u0107uje se na gornji dio limenke, omogu\u0107uju\u0107i preciznu kontrolu protoka boje. Idealno za po\u010detnike koji \u017eele brzo savladati tehniku kontrole boje, kao i za umjetnike koji tra\u017ee udobnost i profesionalnu preciznost pri prskanju.\" \/>\n<meta property=\"og:url\" content=\"https:\/\/www.sugarfactory.hr\/sl\/izdelek\/kape\/night-quill-red-soft-touch\/\" \/>\n<meta property=\"og:site_name\" content=\"Sugar Factory\" \/>\n<meta property=\"article:modified_time\" content=\"2026-04-17T11:53:01+00:00\" \/>\n<meta property=\"og:image\" content=\"https:\/\/www.sugarfactory.hr\/wp-content\/uploads\/2024\/06\/3398b3ccaae14573803e3bc3f47b043e.png\" \/>\n\t<meta property=\"og:image:width\" content=\"896\" \/>\n\t<meta property=\"og:image:height\" content=\"1120\" \/>\n\t<meta property=\"og:image:type\" content=\"image\/png\" \/>\n<meta name=\"twitter:card\" content=\"summary_large_image\" \/>\n<script type=\"application\/ld+json\" class=\"yoast-schema-graph\">{\"@context\":\"https:\/\/schema.org\",\"@graph\":[{\"@type\":\"WebPage\",\"@id\":\"https:\/\/www.sugarfactory.hr\/proizvod\/kapice\/night-quill-red-soft-touch\/\",\"url\":\"https:\/\/www.sugarfactory.hr\/proizvod\/kapice\/night-quill-red-soft-touch\/\",\"name\":\"Night Quill - Red - Soft Touch - Sugar Factory\",\"isPartOf\":{\"@id\":\"https:\/\/www.sugarfactory.hr\/#website\"},\"primaryImageOfPage\":{\"@id\":\"https:\/\/www.sugarfactory.hr\/proizvod\/kapice\/night-quill-red-soft-touch\/#primaryimage\"},\"image\":{\"@id\":\"https:\/\/www.sugarfactory.hr\/proizvod\/kapice\/night-quill-red-soft-touch\/#primaryimage\"},\"thumbnailUrl\":\"https:\/\/www.sugarfactory.hr\/wp-content\/uploads\/2024\/06\/3398b3ccaae14573803e3bc3f47b043e.png\",\"datePublished\":\"2024-06-26T09:44:38+00:00\",\"dateModified\":\"2026-04-17T11:53:01+00:00\",\"breadcrumb\":{\"@id\":\"https:\/\/www.sugarfactory.hr\/proizvod\/kapice\/night-quill-red-soft-touch\/#breadcrumb\"},\"inLanguage\":\"sl-SI\",\"potentialAction\":[{\"@type\":\"ReadAction\",\"target\":[\"https:\/\/www.sugarfactory.hr\/proizvod\/kapice\/night-quill-red-soft-touch\/\"]}]},{\"@type\":\"ImageObject\",\"inLanguage\":\"sl-SI\",\"@id\":\"https:\/\/www.sugarfactory.hr\/proizvod\/kapice\/night-quill-red-soft-touch\/#primaryimage\",\"url\":\"https:\/\/www.sugarfactory.hr\/wp-content\/uploads\/2024\/06\/3398b3ccaae14573803e3bc3f47b043e.png\",\"contentUrl\":\"https:\/\/www.sugarfactory.hr\/wp-content\/uploads\/2024\/06\/3398b3ccaae14573803e3bc3f47b043e.png\",\"width\":896,\"height\":1120},{\"@type\":\"BreadcrumbList\",\"@id\":\"https:\/\/www.sugarfactory.hr\/proizvod\/kapice\/night-quill-red-soft-touch\/#breadcrumb\",\"itemListElement\":[{\"@type\":\"ListItem\",\"position\":1,\"name\":\"Po\u010detna stranica\",\"item\":\"https:\/\/www.sugarfactory.hr\/\"},{\"@type\":\"ListItem\",\"position\":2,\"name\":\"Proizvodi\",\"item\":\"https:\/\/www.sugarfactory.hr\/shop\/\"},{\"@type\":\"ListItem\",\"position\":3,\"name\":\"Night Quill - Red - Soft Touch\"}]},{\"@type\":\"WebSite\",\"@id\":\"https:\/\/www.sugarfactory.hr\/#website\",\"url\":\"https:\/\/www.sugarfactory.hr\/\",\"name\":\"Sugar Factory\",\"description\":\"Create your sweetest pieces!\",\"potentialAction\":[{\"@type\":\"SearchAction\",\"target\":{\"@type\":\"EntryPoint\",\"urlTemplate\":\"https:\/\/www.sugarfactory.hr\/?s={search_term_string}\"},\"query-input\":{\"@type\":\"PropertyValueSpecification\",\"valueRequired\":true,\"valueName\":\"search_term_string\"}}],\"inLanguage\":\"sl-SI\"}]}<\/script>\n<!-- \/ Yoast SEO plugin. -->","yoast_head_json":{"title":"Night Quill - Red - Soft Touch - Sugar Factory","robots":{"index":"index","follow":"follow","max-snippet":"max-snippet:-1","max-image-preview":"max-image-preview:large","max-video-preview":"max-video-preview:-1"},"canonical":"https:\/\/www.sugarfactory.hr\/sl\/izdelek\/kape\/night-quill-red-soft-touch\/","og_locale":"sl_SI","og_type":"article","og_title":"Night Quill - Red - Soft Touch - Sugar Factory","og_description":"Night Quill - Red - Soft Touch je adapter dizajniran za modulaciju pritiska boje pritiskom na vrh. Pri\u010dvr\u0161\u0107uje se na gornji dio limenke, omogu\u0107uju\u0107i preciznu kontrolu protoka boje. Idealno za po\u010detnike koji \u017eele brzo savladati tehniku kontrole boje, kao i za umjetnike koji tra\u017ee udobnost i profesionalnu preciznost pri prskanju.","og_url":"https:\/\/www.sugarfactory.hr\/sl\/izdelek\/kape\/night-quill-red-soft-touch\/","og_site_name":"Sugar Factory","article_modified_time":"2026-04-17T11:53:01+00:00","og_image":[{"width":896,"height":1120,"url":"https:\/\/www.sugarfactory.hr\/wp-content\/uploads\/2024\/06\/3398b3ccaae14573803e3bc3f47b043e.png","type":"image\/png"}],"twitter_card":"summary_large_image","schema":{"@context":"https:\/\/schema.org","@graph":[{"@type":"WebPage","@id":"https:\/\/www.sugarfactory.hr\/proizvod\/kapice\/night-quill-red-soft-touch\/","url":"https:\/\/www.sugarfactory.hr\/proizvod\/kapice\/night-quill-red-soft-touch\/","name":"Night Quill - Red - Soft Touch - Sugar Factory","isPartOf":{"@id":"https:\/\/www.sugarfactory.hr\/#website"},"primaryImageOfPage":{"@id":"https:\/\/www.sugarfactory.hr\/proizvod\/kapice\/night-quill-red-soft-touch\/#primaryimage"},"image":{"@id":"https:\/\/www.sugarfactory.hr\/proizvod\/kapice\/night-quill-red-soft-touch\/#primaryimage"},"thumbnailUrl":"https:\/\/www.sugarfactory.hr\/wp-content\/uploads\/2024\/06\/3398b3ccaae14573803e3bc3f47b043e.png","datePublished":"2024-06-26T09:44:38+00:00","dateModified":"2026-04-17T11:53:01+00:00","breadcrumb":{"@id":"https:\/\/www.sugarfactory.hr\/proizvod\/kapice\/night-quill-red-soft-touch\/#breadcrumb"},"inLanguage":"sl-SI","potentialAction":[{"@type":"ReadAction","target":["https:\/\/www.sugarfactory.hr\/proizvod\/kapice\/night-quill-red-soft-touch\/"]}]},{"@type":"ImageObject","inLanguage":"sl-SI","@id":"https:\/\/www.sugarfactory.hr\/proizvod\/kapice\/night-quill-red-soft-touch\/#primaryimage","url":"https:\/\/www.sugarfactory.hr\/wp-content\/uploads\/2024\/06\/3398b3ccaae14573803e3bc3f47b043e.png","contentUrl":"https:\/\/www.sugarfactory.hr\/wp-content\/uploads\/2024\/06\/3398b3ccaae14573803e3bc3f47b043e.png","width":896,"height":1120},{"@type":"BreadcrumbList","@id":"https:\/\/www.sugarfactory.hr\/proizvod\/kapice\/night-quill-red-soft-touch\/#breadcrumb","itemListElement":[{"@type":"ListItem","position":1,"name":"Po\u010detna stranica","item":"https:\/\/www.sugarfactory.hr\/"},{"@type":"ListItem","position":2,"name":"Proizvodi","item":"https:\/\/www.sugarfactory.hr\/shop\/"},{"@type":"ListItem","position":3,"name":"Night Quill - Red - Soft Touch"}]},{"@type":"WebSite","@id":"https:\/\/www.sugarfactory.hr\/#website","url":"https:\/\/www.sugarfactory.hr\/","name":"Tovarna sladkorja","description":"Create your sweetest pieces!","potentialAction":[{"@type":"SearchAction","target":{"@type":"EntryPoint","urlTemplate":"https:\/\/www.sugarfactory.hr\/?s={search_term_string}"},"query-input":{"@type":"PropertyValueSpecification","valueRequired":true,"valueName":"search_term_string"}}],"inLanguage":"sl-SI"}]}},"_links":{"self":[{"href":"https:\/\/www.sugarfactory.hr\/sl\/wp-json\/wp\/v2\/product\/8305","targetHints":{"allow":["GET"]}}],"collection":[{"href":"https:\/\/www.sugarfactory.hr\/sl\/wp-json\/wp\/v2\/product"}],"about":[{"href":"https:\/\/www.sugarfactory.hr\/sl\/wp-json\/wp\/v2\/types\/product"}],"wp:featuredmedia":[{"embeddable":true,"href":"https:\/\/www.sugarfactory.hr\/sl\/wp-json\/wp\/v2\/media\/12648"}],"wp:attachment":[{"href":"https:\/\/www.sugarfactory.hr\/sl\/wp-json\/wp\/v2\/media?parent=8305"}],"wp:term":[{"taxonomy":"product_brand","embeddable":true,"href":"https:\/\/www.sugarfactory.hr\/sl\/wp-json\/wp\/v2\/product_brand?post=8305"},{"taxonomy":"product_cat","embeddable":true,"href":"https:\/\/www.sugarfactory.hr\/sl\/wp-json\/wp\/v2\/product_cat?post=8305"},{"taxonomy":"product_tag","embeddable":true,"href":"https:\/\/www.sugarfactory.hr\/sl\/wp-json\/wp\/v2\/product_tag?post=8305"}],"curies":[{"name":"wp","href":"https:\/\/api.w.org\/{rel}","templated":true}]}}