{"id":9189,"date":"2025-01-29T18:27:09","date_gmt":"2025-01-29T17:27:09","guid":{"rendered":"https:\/\/www.sugarfactory.hr\/?post_type=product&#038;p=9189"},"modified":"2026-03-17T12:01:27","modified_gmt":"2026-03-17T11:01:27","slug":"komplet-za-oblaganje-sten","status":"publish","type":"product","link":"https:\/\/www.sugarfactory.hr\/sl\/izdelek\/dodatki\/komplet-za-oblaganje-sten\/","title":{"rendered":"Dope komplet za steno"},"content":{"rendered":"<p data-start=\"0\" data-end=\"268\"><strong data-start=\"0\" data-end=\"21\">Dope komplet za steno<\/strong> je komplet, namenjen za <strong data-start=\"46\" data-end=\"67\">grafitisti<\/strong> za tiste, ki \u017eelijo vse, kar je potrebno za ustvarjanje, v enem paketu. Vsebuje skrbno izbrane izdelke, ki omogo\u010dajo <strong data-start=\"171\" data-end=\"226\" data-is-only-node=\"\">najve\u010dja natan\u010dnost, nadzor in ustvarjalna svoboda<\/strong> pri delu na razli\u010dnih povr\u0161inah.<\/p>\n<p data-start=\"270\" data-end=\"580\">To <strong data-start=\"275\" data-end=\"292\">kompaktni komplet<\/strong> je idealen za <strong data-start=\"307\" data-end=\"323\">Terensko delo<\/strong> in <strong data-start=\"326\" data-end=\"341\">Hitri ukrepi<\/strong>, zagotavljanje <strong data-start=\"353\" data-end=\"381\">Prakti\u010dnost in zanesljivost<\/strong> brez potrebe po dodatni opremi.<br data-start=\"414\" data-end=\"417\" \/>Vsi izdelki v kompletu so izdelani iz <strong data-start=\"453\" data-end=\"485\">visokokakovostni materiali<\/strong>, odporen na <strong data-start=\"501\" data-end=\"531\">UV \u017earki, vremenske razmere<\/strong> in ohraniti <strong data-start=\"545\" data-end=\"564\">intenzivnost barve<\/strong> skozi \u010das.<\/p>\n<p data-start=\"582\" data-end=\"721\" data-is-last-node=\"\" data-is-only-node=\"\">Idealna izbira za <strong data-start=\"599\" data-end=\"626\">profesionalni umetniki<\/strong> in <strong data-start=\"629\" data-end=\"644\">navdu\u0161enci<\/strong> ki \u017eelijo imeti <strong data-start=\"661\" data-end=\"695\">Popoln nadzor in navdih<\/strong> z vsakim pr\u0161kom razpr\u0161ila.<\/p>","protected":false},"excerpt":{"rendered":"<p>Dope The Wall Kit je komplet osmi\u0161ljen za grafiti umjetnike koji \u017eele sve potrebno za stvaranje u jednom paketu. Sadr\u017ei pa\u017eljivo odabrane proizvode koji omogu\u0107uju maksimalnu preciznost, kontrolu i kreativnu slobodu prilikom rada na razli\u010ditim povr\u0161inama. Ovaj kompaktni set idealan je za terenski rad i brze akcije, pru\u017eaju\u0107i prakti\u010dnost i pouzdanost bez potrebe za dodatnom [&hellip;]<\/p>","protected":false},"featured_media":12546,"template":"","meta":{"_acf_changed":false},"product_brand":[106],"product_cat":[21,86],"product_tag":[],"class_list":{"0":"post-9189","1":"product","2":"type-product","3":"status-publish","4":"has-post-thumbnail","6":"product_brand-dope","7":"product_cat-accessories","8":"product_cat-alati-za-bojanje-i-struganje","10":"first","11":"instock","12":"shipping-taxable","13":"purchasable","14":"product-type-simple"},"acf":[],"yoast_head":"<!-- This site is optimized with the Yoast SEO plugin v26.3 - https:\/\/yoast.com\/wordpress\/plugins\/seo\/ -->\n<title>Dope The Wall Kit - Sugar Factory<\/title>\n<meta name=\"robots\" content=\"index, follow, max-snippet:-1, max-image-preview:large, max-video-preview:-1\" \/>\n<link rel=\"canonical\" href=\"https:\/\/www.sugarfactory.hr\/sl\/izdelek\/dodatki\/komplet-za-oblaganje-sten\/\" \/>\n<meta property=\"og:locale\" content=\"sl_SI\" \/>\n<meta property=\"og:type\" content=\"article\" \/>\n<meta property=\"og:title\" content=\"Dope The Wall Kit - Sugar Factory\" \/>\n<meta property=\"og:description\" content=\"Dope The Wall Kit je komplet osmi\u0161ljen za grafiti umjetnike koji \u017eele sve potrebno za stvaranje u jednom paketu. Sadr\u017ei pa\u017eljivo odabrane proizvode koji omogu\u0107uju maksimalnu preciznost, kontrolu i kreativnu slobodu prilikom rada na razli\u010ditim povr\u0161inama. Ovaj kompaktni set idealan je za terenski rad i brze akcije, pru\u017eaju\u0107i prakti\u010dnost i pouzdanost bez potrebe za dodatnom [&hellip;]\" \/>\n<meta property=\"og:url\" content=\"https:\/\/www.sugarfactory.hr\/sl\/izdelek\/dodatki\/komplet-za-oblaganje-sten\/\" \/>\n<meta property=\"og:site_name\" content=\"Sugar Factory\" \/>\n<meta property=\"article:modified_time\" content=\"2026-03-17T11:01:27+00:00\" \/>\n<meta property=\"og:image\" content=\"https:\/\/www.sugarfactory.hr\/wp-content\/uploads\/2025\/01\/Dope-The-Wall-Kit-1.webp\" \/>\n\t<meta property=\"og:image:width\" content=\"896\" \/>\n\t<meta property=\"og:image:height\" content=\"1120\" \/>\n\t<meta property=\"og:image:type\" content=\"image\/webp\" \/>\n<meta name=\"twitter:card\" content=\"summary_large_image\" \/>\n<meta name=\"twitter:label1\" content=\"Est. reading time\" \/>\n\t<meta name=\"twitter:data1\" content=\"1 minuta\" \/>\n<script type=\"application\/ld+json\" class=\"yoast-schema-graph\">{\"@context\":\"https:\/\/schema.org\",\"@graph\":[{\"@type\":\"WebPage\",\"@id\":\"https:\/\/www.sugarfactory.hr\/proizvod\/accessories\/dope-the-wall-kit\/\",\"url\":\"https:\/\/www.sugarfactory.hr\/proizvod\/accessories\/dope-the-wall-kit\/\",\"name\":\"Dope The Wall Kit - Sugar Factory\",\"isPartOf\":{\"@id\":\"https:\/\/www.sugarfactory.hr\/#website\"},\"primaryImageOfPage\":{\"@id\":\"https:\/\/www.sugarfactory.hr\/proizvod\/accessories\/dope-the-wall-kit\/#primaryimage\"},\"image\":{\"@id\":\"https:\/\/www.sugarfactory.hr\/proizvod\/accessories\/dope-the-wall-kit\/#primaryimage\"},\"thumbnailUrl\":\"https:\/\/www.sugarfactory.hr\/wp-content\/uploads\/2025\/01\/Dope-The-Wall-Kit-1.webp\",\"datePublished\":\"2025-01-29T17:27:09+00:00\",\"dateModified\":\"2026-03-17T11:01:27+00:00\",\"breadcrumb\":{\"@id\":\"https:\/\/www.sugarfactory.hr\/proizvod\/accessories\/dope-the-wall-kit\/#breadcrumb\"},\"inLanguage\":\"sl-SI\",\"potentialAction\":[{\"@type\":\"ReadAction\",\"target\":[\"https:\/\/www.sugarfactory.hr\/proizvod\/accessories\/dope-the-wall-kit\/\"]}]},{\"@type\":\"ImageObject\",\"inLanguage\":\"sl-SI\",\"@id\":\"https:\/\/www.sugarfactory.hr\/proizvod\/accessories\/dope-the-wall-kit\/#primaryimage\",\"url\":\"https:\/\/www.sugarfactory.hr\/wp-content\/uploads\/2025\/01\/Dope-The-Wall-Kit-1.webp\",\"contentUrl\":\"https:\/\/www.sugarfactory.hr\/wp-content\/uploads\/2025\/01\/Dope-The-Wall-Kit-1.webp\",\"width\":896,\"height\":1120},{\"@type\":\"BreadcrumbList\",\"@id\":\"https:\/\/www.sugarfactory.hr\/proizvod\/accessories\/dope-the-wall-kit\/#breadcrumb\",\"itemListElement\":[{\"@type\":\"ListItem\",\"position\":1,\"name\":\"Po\u010detna stranica\",\"item\":\"https:\/\/www.sugarfactory.hr\/\"},{\"@type\":\"ListItem\",\"position\":2,\"name\":\"Proizvodi\",\"item\":\"https:\/\/www.sugarfactory.hr\/shop\/\"},{\"@type\":\"ListItem\",\"position\":3,\"name\":\"Dope The Wall Kit\"}]},{\"@type\":\"WebSite\",\"@id\":\"https:\/\/www.sugarfactory.hr\/#website\",\"url\":\"https:\/\/www.sugarfactory.hr\/\",\"name\":\"Sugar Factory\",\"description\":\"Create your sweetest pieces!\",\"potentialAction\":[{\"@type\":\"SearchAction\",\"target\":{\"@type\":\"EntryPoint\",\"urlTemplate\":\"https:\/\/www.sugarfactory.hr\/?s={search_term_string}\"},\"query-input\":{\"@type\":\"PropertyValueSpecification\",\"valueRequired\":true,\"valueName\":\"search_term_string\"}}],\"inLanguage\":\"sl-SI\"}]}<\/script>\n<!-- \/ Yoast SEO plugin. -->","yoast_head_json":{"title":"Dope The Wall Kit - Tovarna sladkorja","robots":{"index":"index","follow":"follow","max-snippet":"max-snippet:-1","max-image-preview":"max-image-preview:large","max-video-preview":"max-video-preview:-1"},"canonical":"https:\/\/www.sugarfactory.hr\/sl\/izdelek\/dodatki\/komplet-za-oblaganje-sten\/","og_locale":"sl_SI","og_type":"article","og_title":"Dope The Wall Kit - Sugar Factory","og_description":"Dope The Wall Kit je komplet osmi\u0161ljen za grafiti umjetnike koji \u017eele sve potrebno za stvaranje u jednom paketu. Sadr\u017ei pa\u017eljivo odabrane proizvode koji omogu\u0107uju maksimalnu preciznost, kontrolu i kreativnu slobodu prilikom rada na razli\u010ditim povr\u0161inama. Ovaj kompaktni set idealan je za terenski rad i brze akcije, pru\u017eaju\u0107i prakti\u010dnost i pouzdanost bez potrebe za dodatnom [&hellip;]","og_url":"https:\/\/www.sugarfactory.hr\/sl\/izdelek\/dodatki\/komplet-za-oblaganje-sten\/","og_site_name":"Sugar Factory","article_modified_time":"2026-03-17T11:01:27+00:00","og_image":[{"width":896,"height":1120,"url":"https:\/\/www.sugarfactory.hr\/wp-content\/uploads\/2025\/01\/Dope-The-Wall-Kit-1.webp","type":"image\/webp"}],"twitter_card":"summary_large_image","twitter_misc":{"Est. reading time":"1 minuta"},"schema":{"@context":"https:\/\/schema.org","@graph":[{"@type":"WebPage","@id":"https:\/\/www.sugarfactory.hr\/proizvod\/accessories\/dope-the-wall-kit\/","url":"https:\/\/www.sugarfactory.hr\/proizvod\/accessories\/dope-the-wall-kit\/","name":"Dope The Wall Kit - Tovarna sladkorja","isPartOf":{"@id":"https:\/\/www.sugarfactory.hr\/#website"},"primaryImageOfPage":{"@id":"https:\/\/www.sugarfactory.hr\/proizvod\/accessories\/dope-the-wall-kit\/#primaryimage"},"image":{"@id":"https:\/\/www.sugarfactory.hr\/proizvod\/accessories\/dope-the-wall-kit\/#primaryimage"},"thumbnailUrl":"https:\/\/www.sugarfactory.hr\/wp-content\/uploads\/2025\/01\/Dope-The-Wall-Kit-1.webp","datePublished":"2025-01-29T17:27:09+00:00","dateModified":"2026-03-17T11:01:27+00:00","breadcrumb":{"@id":"https:\/\/www.sugarfactory.hr\/proizvod\/accessories\/dope-the-wall-kit\/#breadcrumb"},"inLanguage":"sl-SI","potentialAction":[{"@type":"ReadAction","target":["https:\/\/www.sugarfactory.hr\/proizvod\/accessories\/dope-the-wall-kit\/"]}]},{"@type":"ImageObject","inLanguage":"sl-SI","@id":"https:\/\/www.sugarfactory.hr\/proizvod\/accessories\/dope-the-wall-kit\/#primaryimage","url":"https:\/\/www.sugarfactory.hr\/wp-content\/uploads\/2025\/01\/Dope-The-Wall-Kit-1.webp","contentUrl":"https:\/\/www.sugarfactory.hr\/wp-content\/uploads\/2025\/01\/Dope-The-Wall-Kit-1.webp","width":896,"height":1120},{"@type":"BreadcrumbList","@id":"https:\/\/www.sugarfactory.hr\/proizvod\/accessories\/dope-the-wall-kit\/#breadcrumb","itemListElement":[{"@type":"ListItem","position":1,"name":"Po\u010detna stranica","item":"https:\/\/www.sugarfactory.hr\/"},{"@type":"ListItem","position":2,"name":"Proizvodi","item":"https:\/\/www.sugarfactory.hr\/shop\/"},{"@type":"ListItem","position":3,"name":"Dope The Wall Kit"}]},{"@type":"WebSite","@id":"https:\/\/www.sugarfactory.hr\/#website","url":"https:\/\/www.sugarfactory.hr\/","name":"Tovarna sladkorja","description":"Create your sweetest pieces!","potentialAction":[{"@type":"SearchAction","target":{"@type":"EntryPoint","urlTemplate":"https:\/\/www.sugarfactory.hr\/?s={search_term_string}"},"query-input":{"@type":"PropertyValueSpecification","valueRequired":true,"valueName":"search_term_string"}}],"inLanguage":"sl-SI"}]}},"_links":{"self":[{"href":"https:\/\/www.sugarfactory.hr\/sl\/wp-json\/wp\/v2\/product\/9189","targetHints":{"allow":["GET"]}}],"collection":[{"href":"https:\/\/www.sugarfactory.hr\/sl\/wp-json\/wp\/v2\/product"}],"about":[{"href":"https:\/\/www.sugarfactory.hr\/sl\/wp-json\/wp\/v2\/types\/product"}],"wp:featuredmedia":[{"embeddable":true,"href":"https:\/\/www.sugarfactory.hr\/sl\/wp-json\/wp\/v2\/media\/12546"}],"wp:attachment":[{"href":"https:\/\/www.sugarfactory.hr\/sl\/wp-json\/wp\/v2\/media?parent=9189"}],"wp:term":[{"taxonomy":"product_brand","embeddable":true,"href":"https:\/\/www.sugarfactory.hr\/sl\/wp-json\/wp\/v2\/product_brand?post=9189"},{"taxonomy":"product_cat","embeddable":true,"href":"https:\/\/www.sugarfactory.hr\/sl\/wp-json\/wp\/v2\/product_cat?post=9189"},{"taxonomy":"product_tag","embeddable":true,"href":"https:\/\/www.sugarfactory.hr\/sl\/wp-json\/wp\/v2\/product_tag?post=9189"}],"curies":[{"name":"wp","href":"https:\/\/api.w.org\/{rel}","templated":true}]}}