{"id":9196,"date":"2025-01-29T18:40:57","date_gmt":"2025-01-29T17:40:57","guid":{"rendered":"https:\/\/www.sugarfactory.hr\/?post_type=product&#038;p=9196"},"modified":"2026-02-19T14:13:51","modified_gmt":"2026-02-19T13:13:51","slug":"3m-501-pokrov-drzac-filtera","status":"publish","type":"product","link":"https:\/\/www.sugarfactory.hr\/sl\/izdelek\/dodatki\/3m-501-pokrov-drzac-filtera\/","title":{"rendered":"3m 501 pokrov\/dr\u017ea\u010d filtera"},"content":{"rendered":"<p data-start=\"0\" data-end=\"164\"><strong data-start=\"0\" data-end=\"31\">3M 501 pokrov\/dr\u017ea\u010d filtera<\/strong> zasnovan za <strong data-start=\"49\" data-end=\"83\" data-is-only-node=\"\">sigurno montiranje predfiltera<\/strong> 5911, 5925 i 5935 na <strong data-start=\"105\" data-end=\"128\">filtere serije 6000<\/strong> za za\u0161titu od <strong data-start=\"143\" data-end=\"161\">para i plinova<\/strong>.<\/p>\n<p data-start=\"166\" data-end=\"454\" data-is-last-node=\"\" data-is-only-node=\"\">Omogo\u010da <strong data-start=\"176\" data-end=\"195\">dodatnu za\u0161titu<\/strong> in <strong data-start=\"198\" data-end=\"235\">produljuje vijek trajanja filtera<\/strong>, \u010dine\u0107i sustav <strong data-start=\"251\" data-end=\"291\">prakti\u010dnim i jednostavnim za uporabu<\/strong>.<br data-start=\"292\" data-end=\"295\" \/><strong data-start=\"295\" data-end=\"305\">3M 501<\/strong> je <strong data-start=\"309\" data-end=\"353\">neophodan dodatak profesionalnim maskama<\/strong>, osiguravaju\u0107i <strong data-start=\"369\" data-end=\"428\">maksimalnu u\u010dinkovitost filtracije i dugotrajnu za\u0161titu<\/strong> u raznim radnim uvjetima.<\/p>","protected":false},"excerpt":{"rendered":"<p>3M 501 pokrov\/dr\u017ea\u010d filtera dizajniran je za sigurno montiranje predfiltera 5911, 5925 i 5935 na filtere serije 6000 za za\u0161titu od para i plinova. Omogu\u0107uje dodatnu za\u0161titu i produljuje vijek trajanja filtera, \u010dine\u0107i sustav prakti\u010dnim i jednostavnim za uporabu.3M 501 je neophodan dodatak profesionalnim maskama, osiguravaju\u0107i maksimalnu u\u010dinkovitost filtracije i dugotrajnu za\u0161titu u raznim radnim [&hellip;]<\/p>","protected":false},"featured_media":12595,"template":"","meta":{"_acf_changed":false},"product_brand":[126],"product_cat":[21,88,94],"product_tag":[],"class_list":{"0":"post-9196","1":"product","2":"type-product","3":"status-publish","4":"has-post-thumbnail","6":"product_brand-3m","7":"product_cat-accessories","8":"product_cat-odjeca","9":"product_cat-zastitna-oprema","11":"first","12":"instock","13":"shipping-taxable","14":"purchasable","15":"product-type-simple"},"acf":[],"yoast_head":"<!-- This site is optimized with the Yoast SEO plugin v26.3 - https:\/\/yoast.com\/wordpress\/plugins\/seo\/ -->\n<title>3m 501 pokrov\/dr\u017ea\u010d filtera - Sugar Factory<\/title>\n<meta name=\"robots\" content=\"index, follow, max-snippet:-1, max-image-preview:large, max-video-preview:-1\" \/>\n<link rel=\"canonical\" href=\"https:\/\/www.sugarfactory.hr\/sl\/izdelek\/dodatki\/3m-501-pokrov-drzac-filtera\/\" \/>\n<meta property=\"og:locale\" content=\"sl_SI\" \/>\n<meta property=\"og:type\" content=\"article\" \/>\n<meta property=\"og:title\" content=\"3m 501 pokrov\/dr\u017ea\u010d filtera - Sugar Factory\" \/>\n<meta property=\"og:description\" content=\"3M 501 pokrov\/dr\u017ea\u010d filtera dizajniran je za sigurno montiranje predfiltera 5911, 5925 i 5935 na filtere serije 6000 za za\u0161titu od para i plinova. Omogu\u0107uje dodatnu za\u0161titu i produljuje vijek trajanja filtera, \u010dine\u0107i sustav prakti\u010dnim i jednostavnim za uporabu.3M 501 je neophodan dodatak profesionalnim maskama, osiguravaju\u0107i maksimalnu u\u010dinkovitost filtracije i dugotrajnu za\u0161titu u raznim radnim [&hellip;]\" \/>\n<meta property=\"og:url\" content=\"https:\/\/www.sugarfactory.hr\/sl\/izdelek\/dodatki\/3m-501-pokrov-drzac-filtera\/\" \/>\n<meta property=\"og:site_name\" content=\"Sugar Factory\" \/>\n<meta property=\"article:modified_time\" content=\"2026-02-19T13:13:51+00:00\" \/>\n<meta property=\"og:image\" content=\"https:\/\/www.sugarfactory.hr\/wp-content\/uploads\/2025\/01\/3764dcb7464e44e4b4592bf2426f7a2f.webp\" \/>\n\t<meta property=\"og:image:width\" content=\"896\" \/>\n\t<meta property=\"og:image:height\" content=\"1120\" \/>\n\t<meta property=\"og:image:type\" content=\"image\/webp\" \/>\n<meta name=\"twitter:card\" content=\"summary_large_image\" \/>\n<script type=\"application\/ld+json\" class=\"yoast-schema-graph\">{\"@context\":\"https:\/\/schema.org\",\"@graph\":[{\"@type\":\"WebPage\",\"@id\":\"https:\/\/www.sugarfactory.hr\/proizvod\/accessories\/3m-501-pokrov-drzac-filtera\/\",\"url\":\"https:\/\/www.sugarfactory.hr\/proizvod\/accessories\/3m-501-pokrov-drzac-filtera\/\",\"name\":\"3m 501 pokrov\/dr\u017ea\u010d filtera - Sugar Factory\",\"isPartOf\":{\"@id\":\"https:\/\/www.sugarfactory.hr\/#website\"},\"primaryImageOfPage\":{\"@id\":\"https:\/\/www.sugarfactory.hr\/proizvod\/accessories\/3m-501-pokrov-drzac-filtera\/#primaryimage\"},\"image\":{\"@id\":\"https:\/\/www.sugarfactory.hr\/proizvod\/accessories\/3m-501-pokrov-drzac-filtera\/#primaryimage\"},\"thumbnailUrl\":\"https:\/\/www.sugarfactory.hr\/wp-content\/uploads\/2025\/01\/3764dcb7464e44e4b4592bf2426f7a2f.webp\",\"datePublished\":\"2025-01-29T17:40:57+00:00\",\"dateModified\":\"2026-02-19T13:13:51+00:00\",\"breadcrumb\":{\"@id\":\"https:\/\/www.sugarfactory.hr\/proizvod\/accessories\/3m-501-pokrov-drzac-filtera\/#breadcrumb\"},\"inLanguage\":\"sl-SI\",\"potentialAction\":[{\"@type\":\"ReadAction\",\"target\":[\"https:\/\/www.sugarfactory.hr\/proizvod\/accessories\/3m-501-pokrov-drzac-filtera\/\"]}]},{\"@type\":\"ImageObject\",\"inLanguage\":\"sl-SI\",\"@id\":\"https:\/\/www.sugarfactory.hr\/proizvod\/accessories\/3m-501-pokrov-drzac-filtera\/#primaryimage\",\"url\":\"https:\/\/www.sugarfactory.hr\/wp-content\/uploads\/2025\/01\/3764dcb7464e44e4b4592bf2426f7a2f.webp\",\"contentUrl\":\"https:\/\/www.sugarfactory.hr\/wp-content\/uploads\/2025\/01\/3764dcb7464e44e4b4592bf2426f7a2f.webp\",\"width\":896,\"height\":1120},{\"@type\":\"BreadcrumbList\",\"@id\":\"https:\/\/www.sugarfactory.hr\/proizvod\/accessories\/3m-501-pokrov-drzac-filtera\/#breadcrumb\",\"itemListElement\":[{\"@type\":\"ListItem\",\"position\":1,\"name\":\"Po\u010detna stranica\",\"item\":\"https:\/\/www.sugarfactory.hr\/\"},{\"@type\":\"ListItem\",\"position\":2,\"name\":\"Proizvodi\",\"item\":\"https:\/\/www.sugarfactory.hr\/shop\/\"},{\"@type\":\"ListItem\",\"position\":3,\"name\":\"3m 501 pokrov\/dr\u017ea\u010d filtera\"}]},{\"@type\":\"WebSite\",\"@id\":\"https:\/\/www.sugarfactory.hr\/#website\",\"url\":\"https:\/\/www.sugarfactory.hr\/\",\"name\":\"Sugar Factory\",\"description\":\"Create your sweetest pieces!\",\"potentialAction\":[{\"@type\":\"SearchAction\",\"target\":{\"@type\":\"EntryPoint\",\"urlTemplate\":\"https:\/\/www.sugarfactory.hr\/?s={search_term_string}\"},\"query-input\":{\"@type\":\"PropertyValueSpecification\",\"valueRequired\":true,\"valueName\":\"search_term_string\"}}],\"inLanguage\":\"sl-SI\"}]}<\/script>\n<!-- \/ Yoast SEO plugin. -->","yoast_head_json":{"title":"3m 501 pokrov\/dr\u017ea\u010d filtera - Sugar Factory","robots":{"index":"index","follow":"follow","max-snippet":"max-snippet:-1","max-image-preview":"max-image-preview:large","max-video-preview":"max-video-preview:-1"},"canonical":"https:\/\/www.sugarfactory.hr\/sl\/izdelek\/dodatki\/3m-501-pokrov-drzac-filtera\/","og_locale":"sl_SI","og_type":"article","og_title":"3m 501 pokrov\/dr\u017ea\u010d filtera - Sugar Factory","og_description":"3M 501 pokrov\/dr\u017ea\u010d filtera dizajniran je za sigurno montiranje predfiltera 5911, 5925 i 5935 na filtere serije 6000 za za\u0161titu od para i plinova. Omogu\u0107uje dodatnu za\u0161titu i produljuje vijek trajanja filtera, \u010dine\u0107i sustav prakti\u010dnim i jednostavnim za uporabu.3M 501 je neophodan dodatak profesionalnim maskama, osiguravaju\u0107i maksimalnu u\u010dinkovitost filtracije i dugotrajnu za\u0161titu u raznim radnim [&hellip;]","og_url":"https:\/\/www.sugarfactory.hr\/sl\/izdelek\/dodatki\/3m-501-pokrov-drzac-filtera\/","og_site_name":"Sugar Factory","article_modified_time":"2026-02-19T13:13:51+00:00","og_image":[{"width":896,"height":1120,"url":"https:\/\/www.sugarfactory.hr\/wp-content\/uploads\/2025\/01\/3764dcb7464e44e4b4592bf2426f7a2f.webp","type":"image\/webp"}],"twitter_card":"summary_large_image","schema":{"@context":"https:\/\/schema.org","@graph":[{"@type":"WebPage","@id":"https:\/\/www.sugarfactory.hr\/proizvod\/accessories\/3m-501-pokrov-drzac-filtera\/","url":"https:\/\/www.sugarfactory.hr\/proizvod\/accessories\/3m-501-pokrov-drzac-filtera\/","name":"3m 501 pokrov\/dr\u017ea\u010d filtera - Sugar Factory","isPartOf":{"@id":"https:\/\/www.sugarfactory.hr\/#website"},"primaryImageOfPage":{"@id":"https:\/\/www.sugarfactory.hr\/proizvod\/accessories\/3m-501-pokrov-drzac-filtera\/#primaryimage"},"image":{"@id":"https:\/\/www.sugarfactory.hr\/proizvod\/accessories\/3m-501-pokrov-drzac-filtera\/#primaryimage"},"thumbnailUrl":"https:\/\/www.sugarfactory.hr\/wp-content\/uploads\/2025\/01\/3764dcb7464e44e4b4592bf2426f7a2f.webp","datePublished":"2025-01-29T17:40:57+00:00","dateModified":"2026-02-19T13:13:51+00:00","breadcrumb":{"@id":"https:\/\/www.sugarfactory.hr\/proizvod\/accessories\/3m-501-pokrov-drzac-filtera\/#breadcrumb"},"inLanguage":"sl-SI","potentialAction":[{"@type":"ReadAction","target":["https:\/\/www.sugarfactory.hr\/proizvod\/accessories\/3m-501-pokrov-drzac-filtera\/"]}]},{"@type":"ImageObject","inLanguage":"sl-SI","@id":"https:\/\/www.sugarfactory.hr\/proizvod\/accessories\/3m-501-pokrov-drzac-filtera\/#primaryimage","url":"https:\/\/www.sugarfactory.hr\/wp-content\/uploads\/2025\/01\/3764dcb7464e44e4b4592bf2426f7a2f.webp","contentUrl":"https:\/\/www.sugarfactory.hr\/wp-content\/uploads\/2025\/01\/3764dcb7464e44e4b4592bf2426f7a2f.webp","width":896,"height":1120},{"@type":"BreadcrumbList","@id":"https:\/\/www.sugarfactory.hr\/proizvod\/accessories\/3m-501-pokrov-drzac-filtera\/#breadcrumb","itemListElement":[{"@type":"ListItem","position":1,"name":"Po\u010detna stranica","item":"https:\/\/www.sugarfactory.hr\/"},{"@type":"ListItem","position":2,"name":"Proizvodi","item":"https:\/\/www.sugarfactory.hr\/shop\/"},{"@type":"ListItem","position":3,"name":"3m 501 pokrov\/dr\u017ea\u010d filtera"}]},{"@type":"WebSite","@id":"https:\/\/www.sugarfactory.hr\/#website","url":"https:\/\/www.sugarfactory.hr\/","name":"Tovarna sladkorja","description":"Create your sweetest pieces!","potentialAction":[{"@type":"SearchAction","target":{"@type":"EntryPoint","urlTemplate":"https:\/\/www.sugarfactory.hr\/?s={search_term_string}"},"query-input":{"@type":"PropertyValueSpecification","valueRequired":true,"valueName":"search_term_string"}}],"inLanguage":"sl-SI"}]}},"_links":{"self":[{"href":"https:\/\/www.sugarfactory.hr\/sl\/wp-json\/wp\/v2\/product\/9196","targetHints":{"allow":["GET"]}}],"collection":[{"href":"https:\/\/www.sugarfactory.hr\/sl\/wp-json\/wp\/v2\/product"}],"about":[{"href":"https:\/\/www.sugarfactory.hr\/sl\/wp-json\/wp\/v2\/types\/product"}],"wp:featuredmedia":[{"embeddable":true,"href":"https:\/\/www.sugarfactory.hr\/sl\/wp-json\/wp\/v2\/media\/12595"}],"wp:attachment":[{"href":"https:\/\/www.sugarfactory.hr\/sl\/wp-json\/wp\/v2\/media?parent=9196"}],"wp:term":[{"taxonomy":"product_brand","embeddable":true,"href":"https:\/\/www.sugarfactory.hr\/sl\/wp-json\/wp\/v2\/product_brand?post=9196"},{"taxonomy":"product_cat","embeddable":true,"href":"https:\/\/www.sugarfactory.hr\/sl\/wp-json\/wp\/v2\/product_cat?post=9196"},{"taxonomy":"product_tag","embeddable":true,"href":"https:\/\/www.sugarfactory.hr\/sl\/wp-json\/wp\/v2\/product_tag?post=9196"}],"curies":[{"name":"wp","href":"https:\/\/api.w.org\/{rel}","templated":true}]}}