{"id":9207,"date":"2025-01-29T19:33:17","date_gmt":"2025-01-29T18:33:17","guid":{"rendered":"https:\/\/www.sugarfactory.hr\/?post_type=product&#038;p=9207"},"modified":"2026-04-27T09:30:23","modified_gmt":"2026-04-27T08:30:23","slug":"cap-montana-skinny-aerosol-art","status":"publish","type":"product","link":"https:\/\/www.sugarfactory.hr\/sl\/izdelek\/kape\/cap-montana-skinny-aerosol-art\/","title":{"rendered":"Cap Montana skinny aerosol art"},"content":{"rendered":"<p data-start=\"0\" data-end=\"129\"><strong data-start=\"0\" data-end=\"34\">Cap Montana Skinny Aerosol Art<\/strong> omogu\u0107uje <strong data-start=\"45\" data-end=\"76\" data-is-only-node=\"\">precizan i mekan nanos boje<\/strong> s prosje\u010dnom <strong data-start=\"90\" data-end=\"126\">\u0161irinom raspr\u0161ivanja od oko 1 cm<\/strong>.<\/p>\n<p data-start=\"131\" data-end=\"400\" data-is-last-node=\"\" data-is-only-node=\"\">Debljina linije mo\u017ee se lako prilagoditi \u2014 <strong data-start=\"174\" data-end=\"212\">kra\u0107a udaljenost daje tanje linije<\/strong>, medtem ko <strong data-start=\"218\" data-end=\"256\">ve\u0107a udaljenost stvara \u0161ire poteze<\/strong>.<\/p>\n<p data-start=\"131\" data-end=\"400\" data-is-last-node=\"\" data-is-only-node=\"\"><strong data-start=\"260\" data-end=\"286\">Skinny Cap Aerosol Art<\/strong> je idealen za <strong data-start=\"301\" data-end=\"343\">detaljan rad, konture i fine prijelaze<\/strong>, zagotavljanje <strong data-start=\"355\" data-end=\"399\">visoku kontrolu i profesionalan rezultat<\/strong>.<\/p>","protected":false},"excerpt":{"rendered":"<p>Cap Montana Skinny Aerosol Art omogu\u0107uje precizan i mekan nanos boje s prosje\u010dnom \u0161irinom raspr\u0161ivanja od oko 1 cm. Debljina linije mo\u017ee se lako prilagoditi \u2014 kra\u0107a udaljenost daje tanje linije, dok ve\u0107a udaljenost stvara \u0161ire poteze. Skinny Cap Aerosol Art idealan je za detaljan rad, konture i fine prijelaze, pru\u017eaju\u0107i visoku kontrolu i profesionalan [&hellip;]<\/p>","protected":false},"featured_media":12621,"template":"","meta":{"_acf_changed":false},"product_brand":[],"product_cat":[19,98],"product_tag":[],"class_list":{"0":"post-9207","1":"product","2":"type-product","3":"status-publish","4":"has-post-thumbnail","6":"product_cat-kapice","7":"product_cat-skinny-caps","9":"first","10":"instock","11":"shipping-taxable","12":"purchasable","13":"product-type-simple"},"acf":[],"yoast_head":"<!-- This site is optimized with the Yoast SEO plugin v26.3 - https:\/\/yoast.com\/wordpress\/plugins\/seo\/ -->\n<title>Cap Montana skinny aerosol art - Sugar Factory<\/title>\n<meta name=\"robots\" content=\"index, follow, max-snippet:-1, max-image-preview:large, max-video-preview:-1\" \/>\n<link rel=\"canonical\" href=\"https:\/\/www.sugarfactory.hr\/sl\/izdelek\/kape\/cap-montana-skinny-aerosol-art\/\" \/>\n<meta property=\"og:locale\" content=\"sl_SI\" \/>\n<meta property=\"og:type\" content=\"article\" \/>\n<meta property=\"og:title\" content=\"Cap Montana skinny aerosol art - Sugar Factory\" \/>\n<meta property=\"og:description\" content=\"Cap Montana Skinny Aerosol Art omogu\u0107uje precizan i mekan nanos boje s prosje\u010dnom \u0161irinom raspr\u0161ivanja od oko 1 cm. Debljina linije mo\u017ee se lako prilagoditi \u2014 kra\u0107a udaljenost daje tanje linije, dok ve\u0107a udaljenost stvara \u0161ire poteze. Skinny Cap Aerosol Art idealan je za detaljan rad, konture i fine prijelaze, pru\u017eaju\u0107i visoku kontrolu i profesionalan [&hellip;]\" \/>\n<meta property=\"og:url\" content=\"https:\/\/www.sugarfactory.hr\/sl\/izdelek\/kape\/cap-montana-skinny-aerosol-art\/\" \/>\n<meta property=\"og:site_name\" content=\"Sugar Factory\" \/>\n<meta property=\"article:modified_time\" content=\"2026-04-27T08:30:23+00:00\" \/>\n<meta property=\"og:image\" content=\"https:\/\/www.sugarfactory.hr\/wp-content\/uploads\/2025\/01\/fafb87eb164d4c86842e5ec3cb89d146.png\" \/>\n\t<meta property=\"og:image:width\" content=\"896\" \/>\n\t<meta property=\"og:image:height\" content=\"1120\" \/>\n\t<meta property=\"og:image:type\" content=\"image\/png\" \/>\n<meta name=\"twitter:card\" content=\"summary_large_image\" \/>\n<script type=\"application\/ld+json\" class=\"yoast-schema-graph\">{\"@context\":\"https:\/\/schema.org\",\"@graph\":[{\"@type\":\"WebPage\",\"@id\":\"https:\/\/www.sugarfactory.hr\/proizvod\/kapice\/cap-montana-skinny-aerosol-art\/\",\"url\":\"https:\/\/www.sugarfactory.hr\/proizvod\/kapice\/cap-montana-skinny-aerosol-art\/\",\"name\":\"Cap Montana skinny aerosol art - Sugar Factory\",\"isPartOf\":{\"@id\":\"https:\/\/www.sugarfactory.hr\/#website\"},\"primaryImageOfPage\":{\"@id\":\"https:\/\/www.sugarfactory.hr\/proizvod\/kapice\/cap-montana-skinny-aerosol-art\/#primaryimage\"},\"image\":{\"@id\":\"https:\/\/www.sugarfactory.hr\/proizvod\/kapice\/cap-montana-skinny-aerosol-art\/#primaryimage\"},\"thumbnailUrl\":\"https:\/\/www.sugarfactory.hr\/wp-content\/uploads\/2025\/01\/fafb87eb164d4c86842e5ec3cb89d146.png\",\"datePublished\":\"2025-01-29T18:33:17+00:00\",\"dateModified\":\"2026-04-27T08:30:23+00:00\",\"breadcrumb\":{\"@id\":\"https:\/\/www.sugarfactory.hr\/proizvod\/kapice\/cap-montana-skinny-aerosol-art\/#breadcrumb\"},\"inLanguage\":\"sl-SI\",\"potentialAction\":[{\"@type\":\"ReadAction\",\"target\":[\"https:\/\/www.sugarfactory.hr\/proizvod\/kapice\/cap-montana-skinny-aerosol-art\/\"]}]},{\"@type\":\"ImageObject\",\"inLanguage\":\"sl-SI\",\"@id\":\"https:\/\/www.sugarfactory.hr\/proizvod\/kapice\/cap-montana-skinny-aerosol-art\/#primaryimage\",\"url\":\"https:\/\/www.sugarfactory.hr\/wp-content\/uploads\/2025\/01\/fafb87eb164d4c86842e5ec3cb89d146.png\",\"contentUrl\":\"https:\/\/www.sugarfactory.hr\/wp-content\/uploads\/2025\/01\/fafb87eb164d4c86842e5ec3cb89d146.png\",\"width\":896,\"height\":1120},{\"@type\":\"BreadcrumbList\",\"@id\":\"https:\/\/www.sugarfactory.hr\/proizvod\/kapice\/cap-montana-skinny-aerosol-art\/#breadcrumb\",\"itemListElement\":[{\"@type\":\"ListItem\",\"position\":1,\"name\":\"Po\u010detna stranica\",\"item\":\"https:\/\/www.sugarfactory.hr\/\"},{\"@type\":\"ListItem\",\"position\":2,\"name\":\"Proizvodi\",\"item\":\"https:\/\/www.sugarfactory.hr\/shop\/\"},{\"@type\":\"ListItem\",\"position\":3,\"name\":\"Cap Montana skinny aerosol art\"}]},{\"@type\":\"WebSite\",\"@id\":\"https:\/\/www.sugarfactory.hr\/#website\",\"url\":\"https:\/\/www.sugarfactory.hr\/\",\"name\":\"Sugar Factory\",\"description\":\"Create your sweetest pieces!\",\"potentialAction\":[{\"@type\":\"SearchAction\",\"target\":{\"@type\":\"EntryPoint\",\"urlTemplate\":\"https:\/\/www.sugarfactory.hr\/?s={search_term_string}\"},\"query-input\":{\"@type\":\"PropertyValueSpecification\",\"valueRequired\":true,\"valueName\":\"search_term_string\"}}],\"inLanguage\":\"sl-SI\"}]}<\/script>\n<!-- \/ Yoast SEO plugin. -->","yoast_head_json":{"title":"Cap Montana skinny aerosol art - Sugar Factory","robots":{"index":"index","follow":"follow","max-snippet":"max-snippet:-1","max-image-preview":"max-image-preview:large","max-video-preview":"max-video-preview:-1"},"canonical":"https:\/\/www.sugarfactory.hr\/sl\/izdelek\/kape\/cap-montana-skinny-aerosol-art\/","og_locale":"sl_SI","og_type":"article","og_title":"Cap Montana skinny aerosol art - Sugar Factory","og_description":"Cap Montana Skinny Aerosol Art omogu\u0107uje precizan i mekan nanos boje s prosje\u010dnom \u0161irinom raspr\u0161ivanja od oko 1 cm. Debljina linije mo\u017ee se lako prilagoditi \u2014 kra\u0107a udaljenost daje tanje linije, dok ve\u0107a udaljenost stvara \u0161ire poteze. Skinny Cap Aerosol Art idealan je za detaljan rad, konture i fine prijelaze, pru\u017eaju\u0107i visoku kontrolu i profesionalan [&hellip;]","og_url":"https:\/\/www.sugarfactory.hr\/sl\/izdelek\/kape\/cap-montana-skinny-aerosol-art\/","og_site_name":"Sugar Factory","article_modified_time":"2026-04-27T08:30:23+00:00","og_image":[{"width":896,"height":1120,"url":"https:\/\/www.sugarfactory.hr\/wp-content\/uploads\/2025\/01\/fafb87eb164d4c86842e5ec3cb89d146.png","type":"image\/png"}],"twitter_card":"summary_large_image","schema":{"@context":"https:\/\/schema.org","@graph":[{"@type":"WebPage","@id":"https:\/\/www.sugarfactory.hr\/proizvod\/kapice\/cap-montana-skinny-aerosol-art\/","url":"https:\/\/www.sugarfactory.hr\/proizvod\/kapice\/cap-montana-skinny-aerosol-art\/","name":"Cap Montana skinny aerosol art - Sugar Factory","isPartOf":{"@id":"https:\/\/www.sugarfactory.hr\/#website"},"primaryImageOfPage":{"@id":"https:\/\/www.sugarfactory.hr\/proizvod\/kapice\/cap-montana-skinny-aerosol-art\/#primaryimage"},"image":{"@id":"https:\/\/www.sugarfactory.hr\/proizvod\/kapice\/cap-montana-skinny-aerosol-art\/#primaryimage"},"thumbnailUrl":"https:\/\/www.sugarfactory.hr\/wp-content\/uploads\/2025\/01\/fafb87eb164d4c86842e5ec3cb89d146.png","datePublished":"2025-01-29T18:33:17+00:00","dateModified":"2026-04-27T08:30:23+00:00","breadcrumb":{"@id":"https:\/\/www.sugarfactory.hr\/proizvod\/kapice\/cap-montana-skinny-aerosol-art\/#breadcrumb"},"inLanguage":"sl-SI","potentialAction":[{"@type":"ReadAction","target":["https:\/\/www.sugarfactory.hr\/proizvod\/kapice\/cap-montana-skinny-aerosol-art\/"]}]},{"@type":"ImageObject","inLanguage":"sl-SI","@id":"https:\/\/www.sugarfactory.hr\/proizvod\/kapice\/cap-montana-skinny-aerosol-art\/#primaryimage","url":"https:\/\/www.sugarfactory.hr\/wp-content\/uploads\/2025\/01\/fafb87eb164d4c86842e5ec3cb89d146.png","contentUrl":"https:\/\/www.sugarfactory.hr\/wp-content\/uploads\/2025\/01\/fafb87eb164d4c86842e5ec3cb89d146.png","width":896,"height":1120},{"@type":"BreadcrumbList","@id":"https:\/\/www.sugarfactory.hr\/proizvod\/kapice\/cap-montana-skinny-aerosol-art\/#breadcrumb","itemListElement":[{"@type":"ListItem","position":1,"name":"Po\u010detna stranica","item":"https:\/\/www.sugarfactory.hr\/"},{"@type":"ListItem","position":2,"name":"Proizvodi","item":"https:\/\/www.sugarfactory.hr\/shop\/"},{"@type":"ListItem","position":3,"name":"Cap Montana skinny aerosol art"}]},{"@type":"WebSite","@id":"https:\/\/www.sugarfactory.hr\/#website","url":"https:\/\/www.sugarfactory.hr\/","name":"Tovarna sladkorja","description":"Create your sweetest pieces!","potentialAction":[{"@type":"SearchAction","target":{"@type":"EntryPoint","urlTemplate":"https:\/\/www.sugarfactory.hr\/?s={search_term_string}"},"query-input":{"@type":"PropertyValueSpecification","valueRequired":true,"valueName":"search_term_string"}}],"inLanguage":"sl-SI"}]}},"_links":{"self":[{"href":"https:\/\/www.sugarfactory.hr\/sl\/wp-json\/wp\/v2\/product\/9207","targetHints":{"allow":["GET"]}}],"collection":[{"href":"https:\/\/www.sugarfactory.hr\/sl\/wp-json\/wp\/v2\/product"}],"about":[{"href":"https:\/\/www.sugarfactory.hr\/sl\/wp-json\/wp\/v2\/types\/product"}],"wp:featuredmedia":[{"embeddable":true,"href":"https:\/\/www.sugarfactory.hr\/sl\/wp-json\/wp\/v2\/media\/12621"}],"wp:attachment":[{"href":"https:\/\/www.sugarfactory.hr\/sl\/wp-json\/wp\/v2\/media?parent=9207"}],"wp:term":[{"taxonomy":"product_brand","embeddable":true,"href":"https:\/\/www.sugarfactory.hr\/sl\/wp-json\/wp\/v2\/product_brand?post=9207"},{"taxonomy":"product_cat","embeddable":true,"href":"https:\/\/www.sugarfactory.hr\/sl\/wp-json\/wp\/v2\/product_cat?post=9207"},{"taxonomy":"product_tag","embeddable":true,"href":"https:\/\/www.sugarfactory.hr\/sl\/wp-json\/wp\/v2\/product_tag?post=9207"}],"curies":[{"name":"wp","href":"https:\/\/api.w.org\/{rel}","templated":true}]}}