{"id":9209,"date":"2025-01-29T19:35:36","date_gmt":"2025-01-29T18:35:36","guid":{"rendered":"https:\/\/www.sugarfactory.hr\/?post_type=product&#038;p=9209"},"modified":"2026-04-12T22:44:31","modified_gmt":"2026-04-12T21:44:31","slug":"black-artist-edition-claw-money","status":"publish","type":"product","link":"https:\/\/www.sugarfactory.hr\/sl\/izdelek\/spreji\/black-artist-edition-claw-money\/","title":{"rendered":"\u010cRNA Izdaja za umetnike Claw Money"},"content":{"rendered":"<p data-start=\"95\" data-end=\"304\">Legendarna njujor\u0161ka graffiti umjetnica <strong data-start=\"183\" data-end=\"197\">Claw Money<\/strong>, \u010dlanica poznatog <strong data-start=\"216\" data-end=\"230\">PMS crew-a<\/strong>, u suradnji s Montanom predstavlja vlastitu <strong data-start=\"275\" data-end=\"293\">Artist Edition<\/strong> limenku.<\/p>\n<p data-start=\"306\" data-end=\"538\">Njezina boja <strong data-start=\"319\" data-end=\"355\">Montana BLACK 3120 Pink Cadillac<\/strong> odra\u017eava prepoznatljiv stil \u2013 <strong data-start=\"386\" data-end=\"433\">odva\u017ena, intenzivna i savr\u0161eno prekrivaju\u0107a<\/strong>. Formulirana je za maksimalnu svestranost i brzu primjenu, uz pouzdanu kontrolu i visoku pigmentaciju.<\/p>\n<p data-start=\"540\" data-end=\"694\">Ovo izdanje dio je ekskluzivne <strong data-start=\"571\" data-end=\"602\">Montana BLACK Artist serije<\/strong>, koja spaja vrhunske tehni\u010dke karakteristike s potpisima renomiranih svjetskih umjetnika.<\/p>","protected":false},"excerpt":{"rendered":"<p>Legendarna njujor\u0161ka graffiti umjetnica Claw Money, \u010dlanica poznatog PMS crew-a, u suradnji s Montanom predstavlja vlastitu Artist Edition limenku. Njezina boja Montana BLACK 3120 Pink Cadillac odra\u017eava prepoznatljiv stil \u2013 odva\u017ena, intenzivna i savr\u0161eno prekrivaju\u0107a. Formulirana je za maksimalnu svestranost i brzu primjenu, uz pouzdanu kontrolu i visoku pigmentaciju. Ovo izdanje dio je ekskluzivne Montana [&hellip;]<\/p>","protected":false},"featured_media":12315,"template":"","meta":{"_acf_changed":false},"product_brand":[105],"product_cat":[16,75],"product_tag":[],"class_list":{"0":"post-9209","1":"product","2":"type-product","3":"status-publish","4":"has-post-thumbnail","6":"product_brand-montana","7":"product_cat-sprejevi","8":"product_cat-graffiti","10":"first","11":"instock","12":"shipping-taxable","13":"purchasable","14":"product-type-simple"},"acf":[],"yoast_head":"<!-- This site is optimized with the Yoast SEO plugin v26.3 - https:\/\/yoast.com\/wordpress\/plugins\/seo\/ -->\n<title>BLACK Artist Edition Claw Money - Sugar Factory<\/title>\n<meta name=\"robots\" content=\"index, follow, max-snippet:-1, max-image-preview:large, max-video-preview:-1\" \/>\n<link rel=\"canonical\" href=\"https:\/\/www.sugarfactory.hr\/sl\/izdelek\/spreji\/black-artist-edition-claw-money\/\" \/>\n<meta property=\"og:locale\" content=\"sl_SI\" \/>\n<meta property=\"og:type\" content=\"article\" \/>\n<meta property=\"og:title\" content=\"BLACK Artist Edition Claw Money - Sugar Factory\" \/>\n<meta property=\"og:description\" content=\"Legendarna njujor\u0161ka graffiti umjetnica Claw Money, \u010dlanica poznatog PMS crew-a, u suradnji s Montanom predstavlja vlastitu Artist Edition limenku. Njezina boja Montana BLACK 3120 Pink Cadillac odra\u017eava prepoznatljiv stil \u2013 odva\u017ena, intenzivna i savr\u0161eno prekrivaju\u0107a. Formulirana je za maksimalnu svestranost i brzu primjenu, uz pouzdanu kontrolu i visoku pigmentaciju. Ovo izdanje dio je ekskluzivne Montana [&hellip;]\" \/>\n<meta property=\"og:url\" content=\"https:\/\/www.sugarfactory.hr\/sl\/izdelek\/spreji\/black-artist-edition-claw-money\/\" \/>\n<meta property=\"og:site_name\" content=\"Sugar Factory\" \/>\n<meta property=\"article:modified_time\" content=\"2026-04-12T21:44:31+00:00\" \/>\n<meta property=\"og:image\" content=\"https:\/\/www.sugarfactory.hr\/wp-content\/uploads\/2025\/01\/black-artist-edition-claw-money.webp\" \/>\n\t<meta property=\"og:image:width\" content=\"896\" \/>\n\t<meta property=\"og:image:height\" content=\"1120\" \/>\n\t<meta property=\"og:image:type\" content=\"image\/webp\" \/>\n<meta name=\"twitter:card\" content=\"summary_large_image\" \/>\n<script type=\"application\/ld+json\" class=\"yoast-schema-graph\">{\"@context\":\"https:\/\/schema.org\",\"@graph\":[{\"@type\":\"WebPage\",\"@id\":\"https:\/\/www.sugarfactory.hr\/proizvod\/sprejevi\/black-artist-edition-claw-money\/\",\"url\":\"https:\/\/www.sugarfactory.hr\/proizvod\/sprejevi\/black-artist-edition-claw-money\/\",\"name\":\"BLACK Artist Edition Claw Money - Sugar Factory\",\"isPartOf\":{\"@id\":\"https:\/\/www.sugarfactory.hr\/#website\"},\"primaryImageOfPage\":{\"@id\":\"https:\/\/www.sugarfactory.hr\/proizvod\/sprejevi\/black-artist-edition-claw-money\/#primaryimage\"},\"image\":{\"@id\":\"https:\/\/www.sugarfactory.hr\/proizvod\/sprejevi\/black-artist-edition-claw-money\/#primaryimage\"},\"thumbnailUrl\":\"https:\/\/www.sugarfactory.hr\/wp-content\/uploads\/2025\/01\/black-artist-edition-claw-money.webp\",\"datePublished\":\"2025-01-29T18:35:36+00:00\",\"dateModified\":\"2026-04-12T21:44:31+00:00\",\"breadcrumb\":{\"@id\":\"https:\/\/www.sugarfactory.hr\/proizvod\/sprejevi\/black-artist-edition-claw-money\/#breadcrumb\"},\"inLanguage\":\"sl-SI\",\"potentialAction\":[{\"@type\":\"ReadAction\",\"target\":[\"https:\/\/www.sugarfactory.hr\/proizvod\/sprejevi\/black-artist-edition-claw-money\/\"]}]},{\"@type\":\"ImageObject\",\"inLanguage\":\"sl-SI\",\"@id\":\"https:\/\/www.sugarfactory.hr\/proizvod\/sprejevi\/black-artist-edition-claw-money\/#primaryimage\",\"url\":\"https:\/\/www.sugarfactory.hr\/wp-content\/uploads\/2025\/01\/black-artist-edition-claw-money.webp\",\"contentUrl\":\"https:\/\/www.sugarfactory.hr\/wp-content\/uploads\/2025\/01\/black-artist-edition-claw-money.webp\",\"width\":896,\"height\":1120},{\"@type\":\"BreadcrumbList\",\"@id\":\"https:\/\/www.sugarfactory.hr\/proizvod\/sprejevi\/black-artist-edition-claw-money\/#breadcrumb\",\"itemListElement\":[{\"@type\":\"ListItem\",\"position\":1,\"name\":\"Po\u010detna stranica\",\"item\":\"https:\/\/www.sugarfactory.hr\/\"},{\"@type\":\"ListItem\",\"position\":2,\"name\":\"Proizvodi\",\"item\":\"https:\/\/www.sugarfactory.hr\/shop\/\"},{\"@type\":\"ListItem\",\"position\":3,\"name\":\"BLACK Artist Edition Claw Money\"}]},{\"@type\":\"WebSite\",\"@id\":\"https:\/\/www.sugarfactory.hr\/#website\",\"url\":\"https:\/\/www.sugarfactory.hr\/\",\"name\":\"Sugar Factory\",\"description\":\"Create your sweetest pieces!\",\"potentialAction\":[{\"@type\":\"SearchAction\",\"target\":{\"@type\":\"EntryPoint\",\"urlTemplate\":\"https:\/\/www.sugarfactory.hr\/?s={search_term_string}\"},\"query-input\":{\"@type\":\"PropertyValueSpecification\",\"valueRequired\":true,\"valueName\":\"search_term_string\"}}],\"inLanguage\":\"sl-SI\"}]}<\/script>\n<!-- \/ Yoast SEO plugin. -->","yoast_head_json":{"title":"BLACK Artist Edition Claw Money - Sugar Factory","robots":{"index":"index","follow":"follow","max-snippet":"max-snippet:-1","max-image-preview":"max-image-preview:large","max-video-preview":"max-video-preview:-1"},"canonical":"https:\/\/www.sugarfactory.hr\/sl\/izdelek\/spreji\/black-artist-edition-claw-money\/","og_locale":"sl_SI","og_type":"article","og_title":"BLACK Artist Edition Claw Money - Sugar Factory","og_description":"Legendarna njujor\u0161ka graffiti umjetnica Claw Money, \u010dlanica poznatog PMS crew-a, u suradnji s Montanom predstavlja vlastitu Artist Edition limenku. Njezina boja Montana BLACK 3120 Pink Cadillac odra\u017eava prepoznatljiv stil \u2013 odva\u017ena, intenzivna i savr\u0161eno prekrivaju\u0107a. Formulirana je za maksimalnu svestranost i brzu primjenu, uz pouzdanu kontrolu i visoku pigmentaciju. Ovo izdanje dio je ekskluzivne Montana [&hellip;]","og_url":"https:\/\/www.sugarfactory.hr\/sl\/izdelek\/spreji\/black-artist-edition-claw-money\/","og_site_name":"Sugar Factory","article_modified_time":"2026-04-12T21:44:31+00:00","og_image":[{"width":896,"height":1120,"url":"https:\/\/www.sugarfactory.hr\/wp-content\/uploads\/2025\/01\/black-artist-edition-claw-money.webp","type":"image\/webp"}],"twitter_card":"summary_large_image","schema":{"@context":"https:\/\/schema.org","@graph":[{"@type":"WebPage","@id":"https:\/\/www.sugarfactory.hr\/proizvod\/sprejevi\/black-artist-edition-claw-money\/","url":"https:\/\/www.sugarfactory.hr\/proizvod\/sprejevi\/black-artist-edition-claw-money\/","name":"BLACK Artist Edition Claw Money - Sugar Factory","isPartOf":{"@id":"https:\/\/www.sugarfactory.hr\/#website"},"primaryImageOfPage":{"@id":"https:\/\/www.sugarfactory.hr\/proizvod\/sprejevi\/black-artist-edition-claw-money\/#primaryimage"},"image":{"@id":"https:\/\/www.sugarfactory.hr\/proizvod\/sprejevi\/black-artist-edition-claw-money\/#primaryimage"},"thumbnailUrl":"https:\/\/www.sugarfactory.hr\/wp-content\/uploads\/2025\/01\/black-artist-edition-claw-money.webp","datePublished":"2025-01-29T18:35:36+00:00","dateModified":"2026-04-12T21:44:31+00:00","breadcrumb":{"@id":"https:\/\/www.sugarfactory.hr\/proizvod\/sprejevi\/black-artist-edition-claw-money\/#breadcrumb"},"inLanguage":"sl-SI","potentialAction":[{"@type":"ReadAction","target":["https:\/\/www.sugarfactory.hr\/proizvod\/sprejevi\/black-artist-edition-claw-money\/"]}]},{"@type":"ImageObject","inLanguage":"sl-SI","@id":"https:\/\/www.sugarfactory.hr\/proizvod\/sprejevi\/black-artist-edition-claw-money\/#primaryimage","url":"https:\/\/www.sugarfactory.hr\/wp-content\/uploads\/2025\/01\/black-artist-edition-claw-money.webp","contentUrl":"https:\/\/www.sugarfactory.hr\/wp-content\/uploads\/2025\/01\/black-artist-edition-claw-money.webp","width":896,"height":1120},{"@type":"BreadcrumbList","@id":"https:\/\/www.sugarfactory.hr\/proizvod\/sprejevi\/black-artist-edition-claw-money\/#breadcrumb","itemListElement":[{"@type":"ListItem","position":1,"name":"Po\u010detna stranica","item":"https:\/\/www.sugarfactory.hr\/"},{"@type":"ListItem","position":2,"name":"Proizvodi","item":"https:\/\/www.sugarfactory.hr\/shop\/"},{"@type":"ListItem","position":3,"name":"BLACK Artist Edition Claw Money"}]},{"@type":"WebSite","@id":"https:\/\/www.sugarfactory.hr\/#website","url":"https:\/\/www.sugarfactory.hr\/","name":"Tovarna sladkorja","description":"Create your sweetest pieces!","potentialAction":[{"@type":"SearchAction","target":{"@type":"EntryPoint","urlTemplate":"https:\/\/www.sugarfactory.hr\/?s={search_term_string}"},"query-input":{"@type":"PropertyValueSpecification","valueRequired":true,"valueName":"search_term_string"}}],"inLanguage":"sl-SI"}]}},"_links":{"self":[{"href":"https:\/\/www.sugarfactory.hr\/sl\/wp-json\/wp\/v2\/product\/9209","targetHints":{"allow":["GET"]}}],"collection":[{"href":"https:\/\/www.sugarfactory.hr\/sl\/wp-json\/wp\/v2\/product"}],"about":[{"href":"https:\/\/www.sugarfactory.hr\/sl\/wp-json\/wp\/v2\/types\/product"}],"wp:featuredmedia":[{"embeddable":true,"href":"https:\/\/www.sugarfactory.hr\/sl\/wp-json\/wp\/v2\/media\/12315"}],"wp:attachment":[{"href":"https:\/\/www.sugarfactory.hr\/sl\/wp-json\/wp\/v2\/media?parent=9209"}],"wp:term":[{"taxonomy":"product_brand","embeddable":true,"href":"https:\/\/www.sugarfactory.hr\/sl\/wp-json\/wp\/v2\/product_brand?post=9209"},{"taxonomy":"product_cat","embeddable":true,"href":"https:\/\/www.sugarfactory.hr\/sl\/wp-json\/wp\/v2\/product_cat?post=9209"},{"taxonomy":"product_tag","embeddable":true,"href":"https:\/\/www.sugarfactory.hr\/sl\/wp-json\/wp\/v2\/product_tag?post=9209"}],"curies":[{"name":"wp","href":"https:\/\/api.w.org\/{rel}","templated":true}]}}