{"id":9406,"date":"2025-03-08T07:47:38","date_gmt":"2025-03-08T06:47:38","guid":{"rendered":"https:\/\/www.sugarfactory.hr\/?post_type=product&#038;p=9406"},"modified":"2026-04-08T09:24:56","modified_gmt":"2026-04-08T08:24:56","slug":"laneno-ulje-75-ml-maimeri","status":"publish","type":"product","link":"https:\/\/www.sugarfactory.hr\/sl\/izdelek\/umetniski-program\/laneno-ulje-75-ml-maimeri\/","title":{"rendered":"Laneno olje 75 ml Maimeri"},"content":{"rendered":"<div class=\"relative\">\n<div class=\"prose text-pretty dark:prose-invert inline leading-normal break-words min-w-0 [word-break:break-word]\">\n<p data-start=\"98\" data-end=\"229\"><strong data-start=\"98\" data-end=\"119\">Laneno ulje 75 ml<\/strong> Maimeri izra\u0111eno je od <strong data-start=\"143\" data-end=\"184\">rafiniranog ekstrakta lanenog sjemena<\/strong> i slu\u017ei kao <strong data-start=\"197\" data-end=\"226\">uljno sredstvo za su\u0161enje<\/strong>.<\/p>\n<p data-start=\"231\" data-end=\"367\">Pru\u017ea <strong data-start=\"237\" data-end=\"265\">povoljno vrijeme su\u0161enja<\/strong>, <strong data-start=\"267\" data-end=\"305\">poja\u010dava svjetlinu i sjajnost boja<\/strong>, te <strong data-start=\"310\" data-end=\"336\">omek\u0161ava poteze kistom<\/strong>, smanjuju\u0107i njihove tragove.<\/p>\n<p data-start=\"369\" data-end=\"498\"><strong data-start=\"369\" data-end=\"392\">Maimeri laneno ulje<\/strong> idealno je za umjetnike koji \u017eele <strong data-start=\"427\" data-end=\"469\">kontrolu i profesionalan zavr\u0161ni efekt<\/strong> u svojim uljanim radovima.<\/p>\n<\/div>\n<\/div>","protected":false},"excerpt":{"rendered":"<p>Laneno ulje 75 ml Maimeri izra\u0111eno je od rafiniranog ekstrakta lanenog sjemena i slu\u017ei kao uljno sredstvo za su\u0161enje. Pru\u017ea povoljno vrijeme su\u0161enja, poja\u010dava svjetlinu i sjajnost boja, te omek\u0161ava poteze kistom, smanjuju\u0107i njihove tragove. Maimeri laneno ulje idealno je za umjetnike koji \u017eele kontrolu i profesionalan zavr\u0161ni efekt u svojim uljanim radovima.<\/p>","protected":false},"featured_media":12866,"template":"","meta":{"_acf_changed":false},"product_brand":[118],"product_cat":[45,59],"product_tag":[],"class_list":{"0":"post-9406","1":"product","2":"type-product","3":"status-publish","4":"has-post-thumbnail","6":"product_brand-maimeri","7":"product_cat-umjetnicki-program","8":"product_cat-ulja-mediumi-i-lakovi-za-boje","10":"first","11":"instock","12":"shipping-taxable","13":"purchasable","14":"product-type-simple"},"acf":[],"yoast_head":"<!-- This site is optimized with the Yoast SEO plugin v26.3 - https:\/\/yoast.com\/wordpress\/plugins\/seo\/ -->\n<title>Laneno ulje 75 ml Maimeri - Sugar Factory<\/title>\n<meta name=\"robots\" content=\"index, follow, max-snippet:-1, max-image-preview:large, max-video-preview:-1\" \/>\n<link rel=\"canonical\" href=\"https:\/\/www.sugarfactory.hr\/sl\/izdelek\/umetniski-program\/laneno-ulje-75-ml-maimeri\/\" \/>\n<meta property=\"og:locale\" content=\"sl_SI\" \/>\n<meta property=\"og:type\" content=\"article\" \/>\n<meta property=\"og:title\" content=\"Laneno ulje 75 ml Maimeri - Sugar Factory\" \/>\n<meta property=\"og:description\" content=\"Laneno ulje 75 ml Maimeri izra\u0111eno je od rafiniranog ekstrakta lanenog sjemena i slu\u017ei kao uljno sredstvo za su\u0161enje. Pru\u017ea povoljno vrijeme su\u0161enja, poja\u010dava svjetlinu i sjajnost boja, te omek\u0161ava poteze kistom, smanjuju\u0107i njihove tragove. Maimeri laneno ulje idealno je za umjetnike koji \u017eele kontrolu i profesionalan zavr\u0161ni efekt u svojim uljanim radovima.\" \/>\n<meta property=\"og:url\" content=\"https:\/\/www.sugarfactory.hr\/sl\/izdelek\/umetniski-program\/laneno-ulje-75-ml-maimeri\/\" \/>\n<meta property=\"og:site_name\" content=\"Sugar Factory\" \/>\n<meta property=\"article:modified_time\" content=\"2026-04-08T08:24:56+00:00\" \/>\n<meta property=\"og:image\" content=\"https:\/\/www.sugarfactory.hr\/wp-content\/uploads\/2025\/03\/e7e5bd5d59cc45ebbaed1b16e33588ba.webp\" \/>\n\t<meta property=\"og:image:width\" content=\"896\" \/>\n\t<meta property=\"og:image:height\" content=\"1120\" \/>\n\t<meta property=\"og:image:type\" content=\"image\/webp\" \/>\n<meta name=\"twitter:card\" content=\"summary_large_image\" \/>\n<script type=\"application\/ld+json\" class=\"yoast-schema-graph\">{\"@context\":\"https:\/\/schema.org\",\"@graph\":[{\"@type\":\"WebPage\",\"@id\":\"https:\/\/www.sugarfactory.hr\/proizvod\/umjetnicki-program\/laneno-ulje-75-ml-maimeri\/\",\"url\":\"https:\/\/www.sugarfactory.hr\/proizvod\/umjetnicki-program\/laneno-ulje-75-ml-maimeri\/\",\"name\":\"Laneno ulje 75 ml Maimeri - Sugar Factory\",\"isPartOf\":{\"@id\":\"https:\/\/www.sugarfactory.hr\/#website\"},\"primaryImageOfPage\":{\"@id\":\"https:\/\/www.sugarfactory.hr\/proizvod\/umjetnicki-program\/laneno-ulje-75-ml-maimeri\/#primaryimage\"},\"image\":{\"@id\":\"https:\/\/www.sugarfactory.hr\/proizvod\/umjetnicki-program\/laneno-ulje-75-ml-maimeri\/#primaryimage\"},\"thumbnailUrl\":\"https:\/\/www.sugarfactory.hr\/wp-content\/uploads\/2025\/03\/e7e5bd5d59cc45ebbaed1b16e33588ba.webp\",\"datePublished\":\"2025-03-08T06:47:38+00:00\",\"dateModified\":\"2026-04-08T08:24:56+00:00\",\"breadcrumb\":{\"@id\":\"https:\/\/www.sugarfactory.hr\/proizvod\/umjetnicki-program\/laneno-ulje-75-ml-maimeri\/#breadcrumb\"},\"inLanguage\":\"sl-SI\",\"potentialAction\":[{\"@type\":\"ReadAction\",\"target\":[\"https:\/\/www.sugarfactory.hr\/proizvod\/umjetnicki-program\/laneno-ulje-75-ml-maimeri\/\"]}]},{\"@type\":\"ImageObject\",\"inLanguage\":\"sl-SI\",\"@id\":\"https:\/\/www.sugarfactory.hr\/proizvod\/umjetnicki-program\/laneno-ulje-75-ml-maimeri\/#primaryimage\",\"url\":\"https:\/\/www.sugarfactory.hr\/wp-content\/uploads\/2025\/03\/e7e5bd5d59cc45ebbaed1b16e33588ba.webp\",\"contentUrl\":\"https:\/\/www.sugarfactory.hr\/wp-content\/uploads\/2025\/03\/e7e5bd5d59cc45ebbaed1b16e33588ba.webp\",\"width\":896,\"height\":1120},{\"@type\":\"BreadcrumbList\",\"@id\":\"https:\/\/www.sugarfactory.hr\/proizvod\/umjetnicki-program\/laneno-ulje-75-ml-maimeri\/#breadcrumb\",\"itemListElement\":[{\"@type\":\"ListItem\",\"position\":1,\"name\":\"Po\u010detna stranica\",\"item\":\"https:\/\/www.sugarfactory.hr\/\"},{\"@type\":\"ListItem\",\"position\":2,\"name\":\"Proizvodi\",\"item\":\"https:\/\/www.sugarfactory.hr\/shop\/\"},{\"@type\":\"ListItem\",\"position\":3,\"name\":\"Laneno ulje 75 ml Maimeri\"}]},{\"@type\":\"WebSite\",\"@id\":\"https:\/\/www.sugarfactory.hr\/#website\",\"url\":\"https:\/\/www.sugarfactory.hr\/\",\"name\":\"Sugar Factory\",\"description\":\"Create your sweetest pieces!\",\"potentialAction\":[{\"@type\":\"SearchAction\",\"target\":{\"@type\":\"EntryPoint\",\"urlTemplate\":\"https:\/\/www.sugarfactory.hr\/?s={search_term_string}\"},\"query-input\":{\"@type\":\"PropertyValueSpecification\",\"valueRequired\":true,\"valueName\":\"search_term_string\"}}],\"inLanguage\":\"sl-SI\"}]}<\/script>\n<!-- \/ Yoast SEO plugin. -->","yoast_head_json":{"title":"Laneno ulje 75 ml Maimeri - Sugar Factory","robots":{"index":"index","follow":"follow","max-snippet":"max-snippet:-1","max-image-preview":"max-image-preview:large","max-video-preview":"max-video-preview:-1"},"canonical":"https:\/\/www.sugarfactory.hr\/sl\/izdelek\/umetniski-program\/laneno-ulje-75-ml-maimeri\/","og_locale":"sl_SI","og_type":"article","og_title":"Laneno ulje 75 ml Maimeri - Sugar Factory","og_description":"Laneno ulje 75 ml Maimeri izra\u0111eno je od rafiniranog ekstrakta lanenog sjemena i slu\u017ei kao uljno sredstvo za su\u0161enje. Pru\u017ea povoljno vrijeme su\u0161enja, poja\u010dava svjetlinu i sjajnost boja, te omek\u0161ava poteze kistom, smanjuju\u0107i njihove tragove. Maimeri laneno ulje idealno je za umjetnike koji \u017eele kontrolu i profesionalan zavr\u0161ni efekt u svojim uljanim radovima.","og_url":"https:\/\/www.sugarfactory.hr\/sl\/izdelek\/umetniski-program\/laneno-ulje-75-ml-maimeri\/","og_site_name":"Sugar Factory","article_modified_time":"2026-04-08T08:24:56+00:00","og_image":[{"width":896,"height":1120,"url":"https:\/\/www.sugarfactory.hr\/wp-content\/uploads\/2025\/03\/e7e5bd5d59cc45ebbaed1b16e33588ba.webp","type":"image\/webp"}],"twitter_card":"summary_large_image","schema":{"@context":"https:\/\/schema.org","@graph":[{"@type":"WebPage","@id":"https:\/\/www.sugarfactory.hr\/proizvod\/umjetnicki-program\/laneno-ulje-75-ml-maimeri\/","url":"https:\/\/www.sugarfactory.hr\/proizvod\/umjetnicki-program\/laneno-ulje-75-ml-maimeri\/","name":"Laneno ulje 75 ml Maimeri - Sugar Factory","isPartOf":{"@id":"https:\/\/www.sugarfactory.hr\/#website"},"primaryImageOfPage":{"@id":"https:\/\/www.sugarfactory.hr\/proizvod\/umjetnicki-program\/laneno-ulje-75-ml-maimeri\/#primaryimage"},"image":{"@id":"https:\/\/www.sugarfactory.hr\/proizvod\/umjetnicki-program\/laneno-ulje-75-ml-maimeri\/#primaryimage"},"thumbnailUrl":"https:\/\/www.sugarfactory.hr\/wp-content\/uploads\/2025\/03\/e7e5bd5d59cc45ebbaed1b16e33588ba.webp","datePublished":"2025-03-08T06:47:38+00:00","dateModified":"2026-04-08T08:24:56+00:00","breadcrumb":{"@id":"https:\/\/www.sugarfactory.hr\/proizvod\/umjetnicki-program\/laneno-ulje-75-ml-maimeri\/#breadcrumb"},"inLanguage":"sl-SI","potentialAction":[{"@type":"ReadAction","target":["https:\/\/www.sugarfactory.hr\/proizvod\/umjetnicki-program\/laneno-ulje-75-ml-maimeri\/"]}]},{"@type":"ImageObject","inLanguage":"sl-SI","@id":"https:\/\/www.sugarfactory.hr\/proizvod\/umjetnicki-program\/laneno-ulje-75-ml-maimeri\/#primaryimage","url":"https:\/\/www.sugarfactory.hr\/wp-content\/uploads\/2025\/03\/e7e5bd5d59cc45ebbaed1b16e33588ba.webp","contentUrl":"https:\/\/www.sugarfactory.hr\/wp-content\/uploads\/2025\/03\/e7e5bd5d59cc45ebbaed1b16e33588ba.webp","width":896,"height":1120},{"@type":"BreadcrumbList","@id":"https:\/\/www.sugarfactory.hr\/proizvod\/umjetnicki-program\/laneno-ulje-75-ml-maimeri\/#breadcrumb","itemListElement":[{"@type":"ListItem","position":1,"name":"Po\u010detna stranica","item":"https:\/\/www.sugarfactory.hr\/"},{"@type":"ListItem","position":2,"name":"Proizvodi","item":"https:\/\/www.sugarfactory.hr\/shop\/"},{"@type":"ListItem","position":3,"name":"Laneno ulje 75 ml Maimeri"}]},{"@type":"WebSite","@id":"https:\/\/www.sugarfactory.hr\/#website","url":"https:\/\/www.sugarfactory.hr\/","name":"Tovarna sladkorja","description":"Create your sweetest pieces!","potentialAction":[{"@type":"SearchAction","target":{"@type":"EntryPoint","urlTemplate":"https:\/\/www.sugarfactory.hr\/?s={search_term_string}"},"query-input":{"@type":"PropertyValueSpecification","valueRequired":true,"valueName":"search_term_string"}}],"inLanguage":"sl-SI"}]}},"_links":{"self":[{"href":"https:\/\/www.sugarfactory.hr\/sl\/wp-json\/wp\/v2\/product\/9406","targetHints":{"allow":["GET"]}}],"collection":[{"href":"https:\/\/www.sugarfactory.hr\/sl\/wp-json\/wp\/v2\/product"}],"about":[{"href":"https:\/\/www.sugarfactory.hr\/sl\/wp-json\/wp\/v2\/types\/product"}],"wp:featuredmedia":[{"embeddable":true,"href":"https:\/\/www.sugarfactory.hr\/sl\/wp-json\/wp\/v2\/media\/12866"}],"wp:attachment":[{"href":"https:\/\/www.sugarfactory.hr\/sl\/wp-json\/wp\/v2\/media?parent=9406"}],"wp:term":[{"taxonomy":"product_brand","embeddable":true,"href":"https:\/\/www.sugarfactory.hr\/sl\/wp-json\/wp\/v2\/product_brand?post=9406"},{"taxonomy":"product_cat","embeddable":true,"href":"https:\/\/www.sugarfactory.hr\/sl\/wp-json\/wp\/v2\/product_cat?post=9406"},{"taxonomy":"product_tag","embeddable":true,"href":"https:\/\/www.sugarfactory.hr\/sl\/wp-json\/wp\/v2\/product_tag?post=9406"}],"curies":[{"name":"wp","href":"https:\/\/api.w.org\/{rel}","templated":true}]}}